{"id":8164,"date":"2023-02-23T22:18:35","date_gmt":"2023-02-24T04:18:35","guid":{"rendered":"https:\/\/tecsecmty.com\/index.php\/producto\/yli-ym180ws-cerradura-magnetica-para-exterior-ip68-fuerza-de-sujecion-180kg-350lb-voltaje-dual-puertas-de-madera-vidrio-metalica\/"},"modified":"2023-03-22T23:25:05","modified_gmt":"2023-03-23T05:25:05","slug":"yli-ym180ws-cerradura-magnetica-para-exterior-ip68-fuerza-de-sujecion-180kg-350lb-voltaje-dual-puertas-de-madera-vidrio-metalica","status":"publish","type":"product","link":"https:\/\/tecsecmty.com\/index.php\/producto\/yli-ym180ws-cerradura-magnetica-para-exterior-ip68-fuerza-de-sujecion-180kg-350lb-voltaje-dual-puertas-de-madera-vidrio-metalica\/","title":{"rendered":"YLI YM180WS &#8211; Cerradura Magn\u00e9tica para exterior IP68 \/ Fuerza de Sujeci\u00f3n 180Kg \/350Lb \/ Voltaje dual \/ Puertas de madera, vidrio, met\u00e1lica"},"content":{"rendered":"<div class=\"row aling-items-center padding-bottom-2x\">\n<div class=\"col-lg-12\">\n<h5 class=\"card-title text-center\">INFORMACION GENERAL<\/h5>\n<p>La cerradura magn\u00e9tica de una sola puerta\u00a0<strong>YM-180W-S<\/strong>\u00a0con montaje puerta de vidrio, puerta de madera, puerta de peque\u00f1o tama\u00f1o, f\u00e1cil de instalar.\u00a0\u00a0El magnetismo especial anti-residual dise\u00f1ado hace que la automatizaci\u00f3n de control de acceso sea m\u00e1s segura y la cerradura el\u00e9ctrica sea m\u00e1s duradera.<\/p>\n<p><img decoding=\"async\" class=\"overview-center-img-\" src=\"https:\/\/tvc.mx\/media\/15735\/ym180ws-2.jpg\" alt=\"\" \/><\/div>\n<\/div>\n<div class=\"row aling-items-center padding-bottom-2x\">\n<div class=\"col-lg-12\">\n<h5 class=\"card-title text-center\">APLICACIONES<\/h5>\n<p class=\"ql-align-justify\">Como la cerradura magn\u00e9tica tiene una estructura mec\u00e1nica simple, se puede instalar incluso en las puertas de uso de salida de emergencia y se aplica extensamente a las puertas de paso en lugares como los estadios, salas de eventos, teatros, aeropuerto,\u00a0aduana, metro, f\u00e1brica, escuela, hotel, zona residencial, gobierno, telecomunicaciones, entidad financiera, etc.<\/p>\n<p class=\"ql-align-justify\">\n<p class=\"ql-align-justify\">La Cerradura Electromagn\u00e9tica se utiliza\u00a0como medio de apertura en lugares donde la entrada debe ser limitada con alg\u00fan control de acceso. El ejemplo m\u00e1s claro es una empresa, donde la recepcionista, ante el sonido del timbre, contesta; y si la persona que se encuentra en la entrada puede recibir autorizaci\u00f3n para ingresar, entra en juego este dispositivo para la apertura de la puerta<\/p>\n<p><img decoding=\"async\" class=\"overview-center-img-\" src=\"https:\/\/tvc.mx\/media\/15736\/ym180ws.jpg\" alt=\"\" \/><\/div>\n<\/div>\n<div class=\"row align-items-center padding-bottom-2x\">\n<div class=\"col-md-5\"><img decoding=\"async\" class=\"d-block m-auto img-thumbnail\" src=\"https:\/\/tvc.mx\/media\/15737\/ym180ws-3.jpg\" alt=\" \" \/><\/div>\n<div class=\"col-md-7 text-md-left text-center\">\n<h2>VENTAJAS<\/h2>\n<p class=\"text-muted\">\n<ul>\n<li>Fuerza de sujeci\u00f3n 180 kg, 350 libras.<\/li>\n<li>Dual Voltage 12 o 24 VDC (opcional).<\/li>\n<li>El voltaje est\u00e1ndar es de 12VDC cuando finaliza.<\/li>\n<li>MOV proporciona protecci\u00f3n de corriente inversa.<\/li>\n<li>Anti-Residual Magnetism Designed.<\/li>\n<li>Material de alta resistencia, carcasa de aluminio anodizado.<\/li>\n<li>Dise\u00f1o sin falla mec\u00e1nica.<\/li>\n<li>Aumente la fuerza de sujeci\u00f3n, la vivienda aislante dual.<\/li>\n<li>Certificado CE por la Uni\u00f3n Europea, Certificado de MA por la Oficina de Seguridad P\u00fablica de China.<\/li>\n<\/ul>\n<p>&nbsp;<\/p>\n<\/div>\n<\/div>\n<hr class=\"padding-bottom-2x\" \/>\n<div class=\"row aling-items-center padding-bottom-2x\">\n<div class=\"col-lg-12\">\n<h5 class=\"card-title text-center\">PRINCIPALES CARACTERISTICAS<\/h5>\n<ul>\n<li><strong>Tama\u00f1o:\u00a0<\/strong>175Lx38Ax26P (mm).<\/li>\n<li><strong>Fuerza de sujeci\u00f3n:<\/strong>\u00a0180 kg (350 lbs).<\/li>\n<li><strong>Voltaje de entrada:\u00a0<\/strong>12 o 24VDC.<\/li>\n<li><strong>Corriente:\u00a0<\/strong>12V \/ 400mA o 24V \/ 200mA.<\/li>\n<li><strong>Salida de se\u00f1al:<\/strong>\u00a0Bloquear se\u00f1al NO \/ COM.<\/li>\n<li><strong>Adecuado para<\/strong>: puerta de madera, puerta de vidrio, puerta de metal, puerta incombustible.<\/li>\n<li><strong>Temperatura superficial:<\/strong>\u00a0\u2264 + 20 \u2103.<\/li>\n<li><strong>Temperatura de funcionamiento:<\/strong>\u00a0-10 ~ + 55 \u2103 (14-131F).<\/li>\n<li><strong>Humedad:<\/strong>\u00a00 ~ 90% (sin condensaci\u00f3n).<\/li>\n<li><strong>Cubierta final:<\/strong>\u00a0Aluminio anodizado.<\/li>\n<li><strong>Acabado de:<\/strong>\u00a0Zinc.<\/li>\n<li><strong>Nivel de agua:<\/strong>\u00a0IP-68.<\/li>\n<li><strong>Peso:<\/strong>\u00a01.2kg.<\/li>\n<\/ul>\n<p><img decoding=\"async\" class=\"overview-center-img-\" src=\"https:\/\/tvc.mx\/media\/15738\/ym180ws-1.jpg\" alt=\"\" \/><\/div>\n<\/div>\n<div class=\"row aling-items-center padding-bottom-2x\">\n<div class=\"col-lg-12\">\n<h5 class=\"card-title text-center\">VISTA DE INSTALACI\u00d3N<\/h5>\n<p>En la imagen podemos observar como se encuentra instalada la contrachapa magn\u00e9tica.<\/p>\n<p><img decoding=\"async\" class=\"overview-center-img-\" src=\"https:\/\/tvc.mx\/media\/15739\/ym180ws-4.jpg\" alt=\"\" \/><\/div>\n<\/div>\n<div class=\"row aling-items-center padding-bottom-2x\">\n<div class=\"col-lg-12\">\n<h5 class=\"card-title text-center\">DIMENSIONES<\/h5>\n<p>Las unidades de medida vienen aplicadas en mil\u00edmetros.<\/p>\n<p><img decoding=\"async\" class=\"overview-center-img-\" src=\"https:\/\/tvc.mx\/media\/15740\/ym180ws-5.jpg\" alt=\"\" \/><\/div>\n<\/div>\n<div class=\"row aling-items-center padding-bottom-2x\">\n<div class=\"col-lg-12\">\n<h5 class=\"card-title text-center\">DIAGRAMA DE CONEXI\u00d3N<\/h5>\n<p>En el diagrama observamos una una soluci\u00f3n que podemos desarrollar para el uso de los equipos de la marca YLI.<\/p>\n<p><img decoding=\"async\" class=\"overview-center-img-\" src=\"https:\/\/tvc.mx\/media\/15741\/ym180ws-6.jpg\" alt=\"\" \/><\/div>\n<\/div>\n","protected":false},"excerpt":{"rendered":"<p>INFORMACION GENERAL La cerradura magn\u00e9tica de una sola puerta\u00a0YM-180W-S\u00a0con montaje puerta de vidrio, puerta de madera, puerta de peque\u00f1o tama\u00f1o, f\u00e1cil de instalar.\u00a0\u00a0El magnetismo especial anti-residual dise\u00f1ado hace que la automatizaci\u00f3n de control de acceso sea m\u00e1s segura y la cerradura el\u00e9ctrica sea m\u00e1s duradera.&hellip;<\/p>\n","protected":false},"featured_media":8163,"comment_status":"open","ping_status":"closed","template":"","meta":{"om_disable_all_campaigns":false,"_monsterinsights_skip_tracking":false,"_monsterinsights_sitenote_active":false,"_monsterinsights_sitenote_note":"","_monsterinsights_sitenote_category":0},"product_brand":[],"product_cat":[752],"product_tag":[81,727,730,66,731,728,729],"class_list":{"0":"post-8164","1":"product","2":"type-product","3":"status-publish","4":"has-post-thumbnail","6":"product_cat-magnetica-cerraduras-yli-acceso-asistencia","7":"product_tag-acceso-y-asistencia","8":"product_tag-cerraduras","9":"product_tag-commax-wulian","10":"product_tag-dahua","11":"product_tag-wejoin","12":"product_tag-yli","13":"product_tag-zkteco","15":"first","16":"instock","17":"sale","18":"taxable","19":"shipping-taxable","20":"purchasable","21":"product-type-simple"},"aioseo_notices":[],"_links":{"self":[{"href":"https:\/\/tecsecmty.com\/index.php\/wp-json\/wp\/v2\/product\/8164","targetHints":{"allow":["GET"]}}],"collection":[{"href":"https:\/\/tecsecmty.com\/index.php\/wp-json\/wp\/v2\/product"}],"about":[{"href":"https:\/\/tecsecmty.com\/index.php\/wp-json\/wp\/v2\/types\/product"}],"replies":[{"embeddable":true,"href":"https:\/\/tecsecmty.com\/index.php\/wp-json\/wp\/v2\/comments?post=8164"}],"version-history":[{"count":0,"href":"https:\/\/tecsecmty.com\/index.php\/wp-json\/wp\/v2\/product\/8164\/revisions"}],"wp:featuredmedia":[{"embeddable":true,"href":"https:\/\/tecsecmty.com\/index.php\/wp-json\/wp\/v2\/media\/8163"}],"wp:attachment":[{"href":"https:\/\/tecsecmty.com\/index.php\/wp-json\/wp\/v2\/media?parent=8164"}],"wp:term":[{"taxonomy":"product_brand","embeddable":true,"href":"https:\/\/tecsecmty.com\/index.php\/wp-json\/wp\/v2\/product_brand?post=8164"},{"taxonomy":"product_cat","embeddable":true,"href":"https:\/\/tecsecmty.com\/index.php\/wp-json\/wp\/v2\/product_cat?post=8164"},{"taxonomy":"product_tag","embeddable":true,"href":"https:\/\/tecsecmty.com\/index.php\/wp-json\/wp\/v2\/product_tag?post=8164"}],"curies":[{"name":"wp","href":"https:\/\/api.w.org\/{rel}","templated":true}]}}