{"id":8166,"date":"2023-02-23T22:18:36","date_gmt":"2023-02-24T04:18:36","guid":{"rendered":"https:\/\/tecsecmty.com\/index.php\/producto\/yli-ym2400sl-contrachapa-magnetica-uso-rudo-hasta-1200-kg-de-sujecion-ideal-para-puertas-de-cortesia-sensor-de-puerta\/"},"modified":"2023-03-22T23:25:05","modified_gmt":"2023-03-23T05:25:05","slug":"yli-ym2400sl-contrachapa-magnetica-uso-rudo-hasta-1200-kg-de-sujecion-ideal-para-puertas-de-cortesia-sensor-de-puerta","status":"publish","type":"product","link":"https:\/\/tecsecmty.com\/index.php\/producto\/yli-ym2400sl-contrachapa-magnetica-uso-rudo-hasta-1200-kg-de-sujecion-ideal-para-puertas-de-cortesia-sensor-de-puerta\/","title":{"rendered":"YLI YM2400SL &#8211; Contrachapa magn\u00e9tica \/ Uso rudo \/ Hasta 1200 Kg de sujeci\u00f3n \/ Ideal para puertas de cortes\u00eda \/ Sensor de puerta"},"content":{"rendered":"<h5 class=\"card-title text-center\">DESCRIPCI\u00d3N<\/h5>\n<p class=\"ql-align-justify\"><strong>YM-2400SL<\/strong>\u00a0Contrachapa\u00a0de corte magnetico con doble sistema de seguridad es un tipo de chapa de bloqueo, que utiliza el principio de la fuerza electromagn\u00e9tica para atraer la placa de metal y, entonces se adhieren las dos piezas fijas dentro de los orificios de la placa del magneto. Con la combinaci\u00f3n de la potencia de la fuerza electromagn\u00e9tica y la fuerza de sujeci\u00f3n de las piezas fijas, la chapa YM2400SL puede crear una fuerza de \u00abcierre\u00bb muy grande.<\/p>\n<p><strong>ESPECIFICACIONES<\/strong><\/p>\n<ul>\n<li>Tama\u00f1o de la cerradura 182\u00a0X 30\u00a0X 25\u00a0( mm ) largo x ancho x profundidad<\/li>\n<li>Placa de armadura 182\u00a0X 30\u00a0X 23.6\u00a0( mm ) largo x ancho x profundidad<\/li>\n<li>Fuente de alimentaci\u00f3n C.D. 12V ( 24V El modelo es sobre-pedido YM2400SL, sobre anticipo )<\/li>\n<li>Operaci\u00f3n de corriente 850mA<\/li>\n<li>Consumo de corriente 400mA<\/li>\n<li>Tiempo de retardo 0 \/ 5 \/ 10 \/ 15 seg .<\/li>\n<li>Sensor de estado de la puerta NO \/ COM ( 0.1A@30VDC )<\/li>\n<li>Sensor de estado de bloqueo NC \/ NO \/ COM ( 0.1A@30VDC )<\/li>\n<li>Fuerza de retenci\u00f3n 2600Lbs ( 1200 kg ) 2,600Lbs ( 1,200 kg )<\/li>\n<li>Distancia magn\u00e9tica (m\u00e1xima) de 3 mm<\/li>\n<li>LED de bloqueo LED en rojo, esta bloqueado; LED en Verde, muestra el acceso desbloqueado<\/li>\n<li>Peso 1,2 kg<\/li>\n<\/ul>\n<p><strong>FUNCIONES<\/strong><\/p>\n<ul>\n<li>* Para puertas batientes dobles<\/li>\n<li>Adecuado para puertas de cortes\u00eda con giro de 90\u00b0 o 180\u00b0 grados.<\/li>\n<li>* La funci\u00f3n de bloqueo automatico<\/li>\n<li>Cuando es liberada la cerradura, se puede obtener un bloqueo de la puerta autom\u00e1ticamente de acuerdo a su programaci\u00f3n.<\/li>\n<li>* Materiales de metal de alta resistencia<\/li>\n<li>Con perfiles resistentes para un desempe\u00f1o de trabajo preciso, m\u00e1s fuerte y m\u00e1s duradera.<\/li>\n<li>* Dise\u00f1o durable<\/li>\n<li>Dise\u00f1o electromagn\u00e9tico duradero y profesional con m\u00e1s de 500,000 veces de prueba calificadas.<\/li>\n<li>* De tama\u00f1o peque\u00f1o<\/li>\n<li>Dise\u00f1o f\u00e1cil de instalar en cualquier tipo de marco de puerta, con base al tama\u00f1o de soporte requerido mencionado debajo en las caracter\u00edsticas.<\/li>\n<li>* Mediante el uso de la fuerza electromagn\u00e9tica y la fuerza de sujeci\u00f3n, este bloqueo de cierre puede soportar hasta los 1200kg de sujeci\u00f3n.<\/li>\n<li>* Cuenta con sensor de puerta y estado de la misma<\/li>\n<li>* Una configuraci\u00f3n de se\u00f1al, para puertas de contacto con salida NA\/COM y otra configuraci\u00f3n de se\u00f1al, para puertas de contacto de salida NC\/COM.<\/li>\n<\/ul>\n<p><img decoding=\"async\" class=\"overview-center-img-web\" src=\"https:\/\/tvc.mx\/media\/66297\/CENTRAL.png\" alt=\"\" \/><\/p>\n","protected":false},"excerpt":{"rendered":"<p>DESCRIPCI\u00d3N YM-2400SL\u00a0Contrachapa\u00a0de corte magnetico con doble sistema de seguridad es un tipo de chapa de bloqueo, que utiliza el principio de la fuerza electromagn\u00e9tica para atraer la placa de metal y, entonces se adhieren las dos piezas fijas dentro de los orificios de la placa&hellip;<\/p>\n","protected":false},"featured_media":8165,"comment_status":"open","ping_status":"closed","template":"","meta":{"om_disable_all_campaigns":false,"_monsterinsights_skip_tracking":false,"_monsterinsights_sitenote_active":false,"_monsterinsights_sitenote_note":"","_monsterinsights_sitenote_category":0},"product_brand":[],"product_cat":[752],"product_tag":[81,727,730,66,731,728,729],"class_list":{"0":"post-8166","1":"product","2":"type-product","3":"status-publish","4":"has-post-thumbnail","6":"product_cat-magnetica-cerraduras-yli-acceso-asistencia","7":"product_tag-acceso-y-asistencia","8":"product_tag-cerraduras","9":"product_tag-commax-wulian","10":"product_tag-dahua","11":"product_tag-wejoin","12":"product_tag-yli","13":"product_tag-zkteco","15":"first","16":"instock","17":"sale","18":"taxable","19":"shipping-taxable","20":"purchasable","21":"product-type-simple"},"aioseo_notices":[],"_links":{"self":[{"href":"https:\/\/tecsecmty.com\/index.php\/wp-json\/wp\/v2\/product\/8166","targetHints":{"allow":["GET"]}}],"collection":[{"href":"https:\/\/tecsecmty.com\/index.php\/wp-json\/wp\/v2\/product"}],"about":[{"href":"https:\/\/tecsecmty.com\/index.php\/wp-json\/wp\/v2\/types\/product"}],"replies":[{"embeddable":true,"href":"https:\/\/tecsecmty.com\/index.php\/wp-json\/wp\/v2\/comments?post=8166"}],"version-history":[{"count":0,"href":"https:\/\/tecsecmty.com\/index.php\/wp-json\/wp\/v2\/product\/8166\/revisions"}],"wp:featuredmedia":[{"embeddable":true,"href":"https:\/\/tecsecmty.com\/index.php\/wp-json\/wp\/v2\/media\/8165"}],"wp:attachment":[{"href":"https:\/\/tecsecmty.com\/index.php\/wp-json\/wp\/v2\/media?parent=8166"}],"wp:term":[{"taxonomy":"product_brand","embeddable":true,"href":"https:\/\/tecsecmty.com\/index.php\/wp-json\/wp\/v2\/product_brand?post=8166"},{"taxonomy":"product_cat","embeddable":true,"href":"https:\/\/tecsecmty.com\/index.php\/wp-json\/wp\/v2\/product_cat?post=8166"},{"taxonomy":"product_tag","embeddable":true,"href":"https:\/\/tecsecmty.com\/index.php\/wp-json\/wp\/v2\/product_tag?post=8166"}],"curies":[{"name":"wp","href":"https:\/\/api.w.org\/{rel}","templated":true}]}}