{"id":8170,"date":"2023-02-23T22:18:40","date_gmt":"2023-02-24T04:18:40","guid":{"rendered":"https:\/\/tecsecmty.com\/index.php\/producto\/yli-ym280nled-cerradura-magnetica-con-led-fuerza-de-sujecion-280kg-600lb-voltaje-dual-12v-24-vdc-puertas-de-madera-vidrio-metalica\/"},"modified":"2023-03-22T23:25:05","modified_gmt":"2023-03-23T05:25:05","slug":"yli-ym280nled-cerradura-magnetica-con-led-fuerza-de-sujecion-280kg-600lb-voltaje-dual-12v-24-vdc-puertas-de-madera-vidrio-metalica","status":"publish","type":"product","link":"https:\/\/tecsecmty.com\/index.php\/producto\/yli-ym280nled-cerradura-magnetica-con-led-fuerza-de-sujecion-280kg-600lb-voltaje-dual-12v-24-vdc-puertas-de-madera-vidrio-metalica\/","title":{"rendered":"YLI YM280NLED &#8211; Cerradura Magn\u00e9tica con LED \/ Fuerza de Sujeci\u00f3n 280Kg \/600Lb \/ Voltaje Dual 12v\/24 VDC \/ Puertas de madera, vidrio, met\u00e1lica"},"content":{"rendered":"<div class=\"row aling-items-center padding-bottom-2x\">\n<div class=\"col-lg-12\">\n<h5 class=\"card-title text-center\">INFORMACION GENERAL<\/h5>\n<p><strong>Cerradura magn\u00e9tica de una sola puerta (LED)<\/strong><\/p>\n<p><strong>Modelo: YM-280N (LED)<\/strong><\/p>\n<p>Cerradura magn\u00e9tica con 600 libras de fuerza de sujeci\u00f3n para puerta simple, como puerta de vidrio, puerta de madera, puerta ign\u00edfuga, puerta corredera y puerta de metal. Tambi\u00e9n es con indicador LED.<\/p>\n<p><img decoding=\"async\" class=\"overview-center-img-\" src=\"https:\/\/tvc.mx\/media\/12359\/YM-280NLED-3.jpg\" alt=\"\" \/><\/div>\n<\/div>\n<div class=\"row align-items-center padding-bottom-2x\">\n<div class=\"col-md-5\"><img decoding=\"async\" class=\"d-block m-auto img-thumbnail\" src=\"https:\/\/tvc.mx\/media\/12360\/YM-280NLED-2.jpg\" alt=\" \" \/><\/div>\n<div class=\"col-md-7 text-md-left text-center\">\n<h2>DATOS TECNICOS<\/h2>\n<p class=\"text-muted\">\n<ul>\n<li><strong>Tama\u00f1o:<\/strong>\u00a0250L x 48.8A x 27.9P (mm).<\/li>\n<li><strong>Dimensi\u00f3n de la placa de armadura:<\/strong>\u00a0180L x38.8A x13P (mm).<\/li>\n<li><strong>Fuerza de retenci\u00f3n:<\/strong>\u00a0280 kg (600 lbs).<\/li>\n<li><strong>Voltaje de entrada:<\/strong>\u00a012 o 24VDC.<\/li>\n<li><strong>Corriente :<\/strong>12V \/ 520mA o 24V \/ 260mA.<\/li>\n<li><strong>LED indicador:<\/strong>\u00a0rojo muestra bloqueado; verde muestra desbloqueado.<\/li>\n<li><strong>Se\u00f1al de bloqueo de salida:\u00a0<\/strong>(NO \/ NC \/ COM).<\/li>\n<li><strong>Para puerta:<\/strong>\u00a0de madera, vidrio o metal.<\/li>\n<li><strong>Peso:<\/strong>\u00a02.1KG.<\/li>\n<\/ul>\n<p>&nbsp;<\/p>\n<\/div>\n<\/div>\n<hr class=\"padding-bottom-2x\" \/>\n<div class=\"row align-items-center padding-bottom-2x\">\n<div class=\"col-md-5 order-md-2\"><img decoding=\"async\" class=\"d-block m-auto img-thumbnail\" src=\"https:\/\/tvc.mx\/media\/12361\/YM-280NLED.jpg\" alt=\" \" \/><\/div>\n<div class=\"col-md-7 order-md-1 text-md-left text-center\">\n<h2>VENTAJAS<\/h2>\n<p class=\"text-muted\">\n<ul>\n<li>Prueba de carga colineal 280 kg, 600 libras.<\/li>\n<li>Voltaje dual 12 o 24 VDC (opcional).<\/li>\n<li>El voltaje est\u00e1ndar es 12VDC cuando est\u00e1 terminado.<\/li>\n<li>MOV proporciona protecci\u00f3n de corriente inversa.<\/li>\n<li>Adecuado para puerta de madera, puerta de vidrio, puerta de metal, puerta incombustible.<\/li>\n<li>El LED indica el estado de la puerta.<\/li>\n<li>Sensor de estado de bloqueo (NO \/ NC \/ COM)<\/li>\n<li>Magnetismo anti-residual dise\u00f1ado.<\/li>\n<li>Material de alta resistencia, carcasa de aluminio anodizado.<\/li>\n<li>Dise\u00f1o sin falla mec\u00e1nica.<\/li>\n<li>Aumente la fuerza de sujeci\u00f3n, doble carcasa aislante.<\/li>\n<li>Certificado CE de la Uni\u00f3n Europea, certificado MA de la Oficina de Seguridad P\u00fablica de China.<\/li>\n<\/ul>\n<p>&nbsp;<\/p>\n<\/div>\n<\/div>\n<hr class=\"padding-bottom-2x\" \/>\n<div class=\"row aling-items-center padding-bottom-2x\">\n<div class=\"col-lg-12\">\n<h5 class=\"card-title text-center\">VISTA DE INSTALACION<\/h5>\n<p>En la imagen podemos observar como se encuentra la instalaci\u00f3n de la chapa magn\u00e9tica.<\/p>\n<p><img decoding=\"async\" class=\"overview-center-img-\" src=\"https:\/\/tvc.mx\/media\/12362\/YM-280NLED-4.jpg\" alt=\"\" \/><\/div>\n<\/div>\n<div class=\"row aling-items-center padding-bottom-2x\">\n<div class=\"col-lg-12\">\n<h5 class=\"card-title text-center\">DIMENSIONES<\/h5>\n<p>Podemos observar en a imagen las dimensiones de la cerradura el\u00e9ctrica.<\/p>\n<p><img decoding=\"async\" class=\"overview-center-img-\" src=\"https:\/\/tvc.mx\/media\/12363\/YM-280NLED-5.jpg\" alt=\"\" \/><\/div>\n<\/div>\n<div class=\"row aling-items-center padding-bottom-2x\">\n<div class=\"col-lg-12\">\n<h5 class=\"card-title text-center\">DIAGRAMA DE CONEXI\u00d3N<\/h5>\n<p>En la imagen observamos el diagrama de conexi\u00f3n de la chapa magn\u00e9tica.<\/p>\n<p><img decoding=\"async\" class=\"overview-center-img-\" src=\"https:\/\/tvc.mx\/media\/12364\/YM280N5.jpg\" alt=\"\" \/><\/div>\n<\/div>\n","protected":false},"excerpt":{"rendered":"<p>INFORMACION GENERAL Cerradura magn\u00e9tica de una sola puerta (LED) Modelo: YM-280N (LED) Cerradura magn\u00e9tica con 600 libras de fuerza de sujeci\u00f3n para puerta simple, como puerta de vidrio, puerta de madera, puerta ign\u00edfuga, puerta corredera y puerta de metal. Tambi\u00e9n es con indicador LED. DATOS&hellip;<\/p>\n","protected":false},"featured_media":8169,"comment_status":"open","ping_status":"closed","template":"","meta":{"om_disable_all_campaigns":false,"_monsterinsights_skip_tracking":false,"_monsterinsights_sitenote_active":false,"_monsterinsights_sitenote_note":"","_monsterinsights_sitenote_category":0},"product_brand":[],"product_cat":[752],"product_tag":[81,727,730,66,731,728,729],"class_list":{"0":"post-8170","1":"product","2":"type-product","3":"status-publish","4":"has-post-thumbnail","6":"product_cat-magnetica-cerraduras-yli-acceso-asistencia","7":"product_tag-acceso-y-asistencia","8":"product_tag-cerraduras","9":"product_tag-commax-wulian","10":"product_tag-dahua","11":"product_tag-wejoin","12":"product_tag-yli","13":"product_tag-zkteco","15":"first","16":"instock","17":"sale","18":"taxable","19":"shipping-taxable","20":"purchasable","21":"product-type-simple"},"aioseo_notices":[],"_links":{"self":[{"href":"https:\/\/tecsecmty.com\/index.php\/wp-json\/wp\/v2\/product\/8170","targetHints":{"allow":["GET"]}}],"collection":[{"href":"https:\/\/tecsecmty.com\/index.php\/wp-json\/wp\/v2\/product"}],"about":[{"href":"https:\/\/tecsecmty.com\/index.php\/wp-json\/wp\/v2\/types\/product"}],"replies":[{"embeddable":true,"href":"https:\/\/tecsecmty.com\/index.php\/wp-json\/wp\/v2\/comments?post=8170"}],"version-history":[{"count":0,"href":"https:\/\/tecsecmty.com\/index.php\/wp-json\/wp\/v2\/product\/8170\/revisions"}],"wp:featuredmedia":[{"embeddable":true,"href":"https:\/\/tecsecmty.com\/index.php\/wp-json\/wp\/v2\/media\/8169"}],"wp:attachment":[{"href":"https:\/\/tecsecmty.com\/index.php\/wp-json\/wp\/v2\/media?parent=8170"}],"wp:term":[{"taxonomy":"product_brand","embeddable":true,"href":"https:\/\/tecsecmty.com\/index.php\/wp-json\/wp\/v2\/product_brand?post=8170"},{"taxonomy":"product_cat","embeddable":true,"href":"https:\/\/tecsecmty.com\/index.php\/wp-json\/wp\/v2\/product_cat?post=8170"},{"taxonomy":"product_tag","embeddable":true,"href":"https:\/\/tecsecmty.com\/index.php\/wp-json\/wp\/v2\/product_tag?post=8170"}],"curies":[{"name":"wp","href":"https:\/\/api.w.org\/{rel}","templated":true}]}}