{"id":818,"date":"2023-02-15T23:19:09","date_gmt":"2023-02-15T23:19:09","guid":{"rendered":"https:\/\/tecsecmty.com\/index.php\/producto\/domo-turbohd-4k-8-megapixel-gran-angular-102%e2%88%ab-lente-2-8-mm-exterior-ip67-ik10-ir-exir-30-metros-tvi-ahd-cvi-cvbs-dwdr\/"},"modified":"2023-03-22T23:20:41","modified_gmt":"2023-03-23T05:20:41","slug":"domo-turbohd-4k-8-megapixel-gran-angular-102-lente-2-8-mm-exterior-ip67-ik10-ir-exir-30-metros-tvi-ahd-cvi-cvbs-dwdr","status":"publish","type":"product","link":"https:\/\/tecsecmty.com\/index.php\/producto\/domo-turbohd-4k-8-megapixel-gran-angular-102-lente-2-8-mm-exterior-ip67-ik10-ir-exir-30-metros-tvi-ahd-cvi-cvbs-dwdr\/","title":{"rendered":"Domo TURBOHD 4K (8 Megapixel) \/ Gran Angular 102 \/ Lente 2.8 mm \/ Exterior IP67 \/ IK10 \/ IR EXIR 30 metros \/ TVI-AHD-CVI-CVBS \/ dWDR"},"content":{"rendered":"<div class=\"container\">\n<div class=\"row\">\n<div class=\"col-md-12\">\n<div class=\"row\">\n<div class=\"row\">\n<div class=\"col-md-12\">\n<h4 class=\"text-primary center info-text\" style=\"text-align: center\">Informaci\u00f3n de Producto<\/h4>\n<\/div>\n<\/div>\n<div class=\"row\" style=\"text-align: center\">\n<div class=\"col-md-12\">\n<h3>Domo TURBOHD 4K (8 Megapixel) \/ Gran Angular 102\u00ba \/ Lente 2.8 mm \/ Exterior IP67 \/ IK10 \/ IR EXIR 30 metros \/ TVI-AHD-CVI-CVBS \/ dWDR<\/h3>\n<\/div>\n<\/div>\n<div id=\"producto_container\" class=\"row\" style=\"text-align: center\">\n<div class=\"col-md-4\"><img decoding=\"async\" class=\"img-responsive center-block\" src=\"https:\/\/ftp3.syscom.mx\/usuarios\/fotos\/BancoFotografiasSyscom\/HIKVISION\/DS2CE57U1TVPITF\/DS2CE57U1TVPITF-p.PNG\" alt=\"DS-2CE57U1T-VPITF\" \/><\/p>\n<div class=\"row\">\n<div id=\"galerias\" class=\"col-sm-12\"><\/div>\n<\/div>\n<\/div>\n<div class=\"col-md-4\">\n<div><img decoding=\"async\" class=\"img-responsive img-thumbnail\" src=\"https:\/\/ftp3.syscom.mx\/usuarios\/fotos\/logotipos\/hikvision.png\" \/><\/div>\n<div><img decoding=\"async\" class=\"icono_info_product\" src=\"https:\/\/ftp3.syscom.mx\/usuarios\/ftp\/syscom_mx\/5-15-45-18-antivandalico.png?v=1599087132?v=1599087844?v=1599262590\" \/><img decoding=\"async\" class=\"icono_info_product\" src=\"https:\/\/ftp3.syscom.mx\/usuarios\/fotos\/4k1.png?v=1534268246\" \/><img decoding=\"async\" class=\"icono_info_product\" src=\"https:\/\/ftp3.syscom.mx\/usuarios\/ftp\/downloads\/METALICAS.jpg\" \/><\/div>\n<div>\n<p>Modelo:\u00a0<span class=\"modelo-marca\">DS-2CE57U1T-VPITF<\/span><\/p>\n<p>Marca:\u00a0<span class=\"modelo-marca\">HIKVISION<\/span><\/p>\n<\/div>\n<div>\n<h2 class=\"no_margin_top\"><\/h2>\n<\/div>\n<\/div>\n<\/div>\n<\/div>\n<div class=\"row \" style=\"text-align: center\">\n<div class=\"col-md-12\">\n<div class=\"row\">\n<h3 class=\"text-primary\">Especificaciones:<\/h3>\n<\/div>\n<div class=\"row well\">\n<p><img decoding=\"async\" class=\"fr-fic fr-dii\" src=\"http:\/\/ftp3.syscom.mx\/usuarios\/jdelafuente\/HIKVISION\/hikvision%20logo%20complete.png\" \/><\/p>\n<p>&nbsp;<\/p>\n<p>&nbsp;<\/p>\n<div class=\"container\">\n<div class=\"row default_margin_top\">\n<div class=\"col-sm-4 default_margin_bottom\">\n<div class=\"panel_segmento_m2m\">\n<h3><strong>Caracter\u00edsticas Principales:<\/strong><\/h3>\n<ul>\n<li>Resoluci\u00f3n m\u00e1xima: 8.29 Megap\u00edxel (3840 x 2160).<\/li>\n<li>Sensor CMOS scan progresivo.<\/li>\n<li>Lente fijo: 2.8 mm (\u00e1ngulo de visi\u00f3n 102.2\u00ba).<\/li>\n<li>30 mts IR EXIR.<\/li>\n<li>Soporta 4 tecnolog\u00edas (TVI \/ AHD \/ CVI \/ CVBS).<\/li>\n<li>Permite seleccionar la resoluci\u00f3n entre 8 Megap\u00edxel \/ 5 Megap\u00edxel \/ 4 Megap\u00edxel \/ 2 Megap\u00edxel.<\/li>\n<li>Funciones: dWDR \/ BLC \/ DNR \/ Mirror.<\/li>\n<\/ul>\n<p>&nbsp;<\/p>\n<\/div>\n<\/div>\n<div class=\"col-sm-4 default_margin_bottom\">\n<div class=\"panel_segmento_m2m\">\n<h3 class=\"center\"><strong>M\u00e1xima Compatibilidad<\/strong><\/h3>\n<p><img decoding=\"async\" class=\"center img-responsive fr-fil fr-dib\" src=\"http:\/\/ftp3.syscom.mx\/usuarios\/anavarrete\/Noe\/imagen1.png\" \/><\/div>\n<\/div>\n<div class=\"col-sm-4 default_margin_bottom\">\n<div class=\"panel_segmento_m2m\">\n<h3><strong>Caracter\u00edsticas f\u00edsicas y el\u00e9ctricas:<\/strong><\/h3>\n<p>&nbsp;<\/p>\n<ul>\n<li>Temperatura de operaci\u00f3n: -40\u00baC a 60\u00baC.<\/li>\n<li>Alimentaci\u00f3n: 12 Vcc \/ 5.3 Watts.<\/li>\n<li>Protecci\u00f3n: Exterior IP67 \/ Antivandalica IK10.<\/li>\n<li>Fabricado en metal.<\/li>\n<li>Dimensiones: 111 x 82.4 mm.<\/li>\n<li>Peso: 495 grs.<\/li>\n<li>Garant\u00eda: 2 a\u00f1os.<\/li>\n<\/ul>\n<p><strong>Accesorios:<\/strong><\/p>\n<ul>\n<li><strong>Montaje de techo inclinado, modelo:\u00a0<\/strong><a href=\"https:\/\/www.syscom.mx\/producto\/DS-1259ZJ-HIKVISION-68833.html\">DS-1259ZJ<\/a><\/li>\n<li><strong>Montaje colgante, modelo:\u00a0<\/strong><a href=\"https:\/\/www.syscom.mx\/producto\/DS-1271ZJ-110-HIKVISION-137407.html\">DS-1271ZJ-110<\/a><\/li>\n<li><strong>Montaje de pared, modelo:\u00a0<\/strong><a href=\"https:\/\/www.syscom.mx\/producto\/DS-1272ZJ-110B-HIKVISION-143451.html\">DS-1272ZJ-110B\u00a0<\/a><\/li>\n<li><strong>Montaje de pared, modelo:\u00a0<\/strong><a href=\"https:\/\/www.syscom.mx\/producto\/DS-1272ZJ-110-HIKVISION-75483.html\">DS-1272ZJ-110\u00a0<\/a><\/li>\n<li><strong>Caja de conexiones, modelo:\u00a0<\/strong><a href=\"https:\/\/www.syscom.mx\/producto\/DS-1280ZJ-DM18-HIKVISION-70853.html\">DS-1280ZJ-DM18\u00a0<\/a><\/li>\n<li><strong>Montaje de pared, modelo:\u00a0<\/strong><a href=\"https:\/\/www.syscom.mx\/producto\/DS-1258ZJ-HIKVISION-68834.html\">DS-1258ZJ\u00a0<\/a><\/li>\n<li><strong>Montaje de poste vertical, modelo:\u00a0<\/strong><a href=\"https:\/\/www.syscom.mx\/producto\/DS-1275ZJ-SUS-HIKVISION-156172.html\">DS-1275ZJ-SUS<\/a><\/li>\n<\/ul>\n<\/div>\n<\/div>\n<\/div>\n<\/div>\n<div class=\"row\">\n<div class=\"col-sm-12\">\n<div><\/div>\n<\/div>\n<\/div>\n<p>&nbsp;<\/p>\n<h1><strong>Recursos<\/strong><\/h1>\n<p>&nbsp;<\/p>\n<div class=\"row default_margin_bottom\">\n<div class=\"col-sm-4\"><a href=\"https:\/\/www.hikvision.com\/es-la\/support\/download\/software\/ivms4200-series\/?q=serie%20ivms4200&amp;position=1\" target=\"_blank\" rel=\"noopener\"><img decoding=\"async\" class=\"img-responsive\" src=\"https:\/\/ftp3.syscom.mx\/usuarios\/gmagos\/HIK\/IP\/IPC\/Imagenes%20pagina\/Descargas%20IVMS4200.jpg\" \/><\/a><\/div>\n<div class=\"col-sm-4\"><a href=\"https:\/\/appstore.hikvision.com\/\" target=\"_blank\" rel=\"noopener\"><img decoding=\"async\" class=\"img-responsive\" src=\"https:\/\/ftp3.syscom.mx\/usuarios\/gmagos\/HIK\/IP\/IPC\/Imagenes%20pagina\/Descargas%20de%20app.jpg\" \/><\/a><\/div>\n<div class=\"col-sm-4\"><a href=\"https:\/\/ftp3.syscom.mx\/usuarios\/emendoza\/elesbanmch\/HIKVISON\/SPECS\/Especificaciones%20DS-2CE57U1T-VPITF.pdf\" target=\"_blank\" rel=\"noopener\"><img decoding=\"async\" class=\"img-responsive\" src=\"https:\/\/ftp3.syscom.mx\/usuarios\/gmagos\/HIK\/IP\/IPC\/Imagenes%20pagina\/Descarga%20de%20PDF.jpg\" \/><\/a><\/div>\n<\/div>\n<p>&nbsp;<\/p>\n<p>&nbsp;<\/p>\n<p>&nbsp;<\/p>\n<p><img decoding=\"async\" class=\"img-responsive fr-fil fr-dib\" src=\"https:\/\/ftp3.syscom.mx\/usuarios\/jsosa\/GIF\/4Ka.jpg\" \/><\/p>\n<div class=\"container\">\n<div class=\"row default_margin_top\"><\/div>\n<\/div>\n<\/div>\n<\/div>\n<\/div>\n<\/div>\n<\/div>\n<\/div>\n<p><img decoding=\"async\" class=\"aligncenter\" src=\"https:\/\/tracker.metricool.com\/c3po.jpg?hash=95c94f37730bb8f54dd4308f1f878f9\" \/><\/p>\n","protected":false},"excerpt":{"rendered":"<p>Informaci\u00f3n de Producto Domo TURBOHD 4K (8 Megapixel) \/ Gran Angular 102\u00ba \/ Lente 2.8 mm \/ Exterior IP67 \/ IK10 \/ IR EXIR 30 metros \/ TVI-AHD-CVI-CVBS \/ dWDR Modelo:\u00a0DS-2CE57U1T-VPITF Marca:\u00a0HIKVISION Especificaciones: &nbsp; &nbsp; Caracter\u00edsticas Principales: Resoluci\u00f3n m\u00e1xima: 8.29 Megap\u00edxel (3840 x 2160). Sensor&hellip;<\/p>\n","protected":false},"featured_media":1631,"comment_status":"open","ping_status":"closed","template":"","meta":{"om_disable_all_campaigns":false,"_monsterinsights_skip_tracking":false,"_monsterinsights_sitenote_active":false,"_monsterinsights_sitenote_note":"","_monsterinsights_sitenote_category":0},"product_brand":[],"product_cat":[45],"product_tag":[42,38,46,37],"class_list":{"0":"post-818","1":"product","2":"type-product","3":"status-publish","4":"has-post-thumbnail","6":"product_cat-domo","7":"product_tag-camaras","8":"product_tag-camaras-de-seguridad","9":"product_tag-camaras-domo","10":"product_tag-hikvision","12":"first","13":"instock","14":"taxable","15":"shipping-taxable","16":"product-type-simple"},"aioseo_notices":[],"_links":{"self":[{"href":"https:\/\/tecsecmty.com\/index.php\/wp-json\/wp\/v2\/product\/818","targetHints":{"allow":["GET"]}}],"collection":[{"href":"https:\/\/tecsecmty.com\/index.php\/wp-json\/wp\/v2\/product"}],"about":[{"href":"https:\/\/tecsecmty.com\/index.php\/wp-json\/wp\/v2\/types\/product"}],"replies":[{"embeddable":true,"href":"https:\/\/tecsecmty.com\/index.php\/wp-json\/wp\/v2\/comments?post=818"}],"version-history":[{"count":2,"href":"https:\/\/tecsecmty.com\/index.php\/wp-json\/wp\/v2\/product\/818\/revisions"}],"predecessor-version":[{"id":1632,"href":"https:\/\/tecsecmty.com\/index.php\/wp-json\/wp\/v2\/product\/818\/revisions\/1632"}],"wp:featuredmedia":[{"embeddable":true,"href":"https:\/\/tecsecmty.com\/index.php\/wp-json\/wp\/v2\/media\/1631"}],"wp:attachment":[{"href":"https:\/\/tecsecmty.com\/index.php\/wp-json\/wp\/v2\/media?parent=818"}],"wp:term":[{"taxonomy":"product_brand","embeddable":true,"href":"https:\/\/tecsecmty.com\/index.php\/wp-json\/wp\/v2\/product_brand?post=818"},{"taxonomy":"product_cat","embeddable":true,"href":"https:\/\/tecsecmty.com\/index.php\/wp-json\/wp\/v2\/product_cat?post=818"},{"taxonomy":"product_tag","embeddable":true,"href":"https:\/\/tecsecmty.com\/index.php\/wp-json\/wp\/v2\/product_tag?post=818"}],"curies":[{"name":"wp","href":"https:\/\/api.w.org\/{rel}","templated":true}]}}