{"id":8180,"date":"2023-02-23T22:18:48","date_gmt":"2023-02-24T04:18:48","guid":{"rendered":"https:\/\/tecsecmty.com\/index.php\/producto\/yli-ym350ws-cerradura-magnetica-para-control-de-acceso-fuerza-de-sujecion-de-350-kg-800-lb-para-puertas-de-madera-vidrio-y-metalicas-ip68-para-uso-exterior-e-interior\/"},"modified":"2023-03-22T23:25:05","modified_gmt":"2023-03-23T05:25:05","slug":"yli-ym350ws-cerradura-magnetica-para-control-de-acceso-fuerza-de-sujecion-de-350-kg-800-lb-para-puertas-de-madera-vidrio-y-metalicas-ip68-para-uso-exterior-e-interior","status":"publish","type":"product","link":"https:\/\/tecsecmty.com\/index.php\/producto\/yli-ym350ws-cerradura-magnetica-para-control-de-acceso-fuerza-de-sujecion-de-350-kg-800-lb-para-puertas-de-madera-vidrio-y-metalicas-ip68-para-uso-exterior-e-interior\/","title":{"rendered":"YLI YM350WS &#8211; Cerradura Magn\u00e9tica para Control de Acceso \/ Fuerza de Sujeci\u00f3n de 350 kg (800 lb) \/ Para puertas de madera, vidrio y met\u00e1licas \/ IP68 para uso exterior e interior"},"content":{"rendered":"<h5 class=\"card-title text-center\">INFORMACION GENERAL<\/h5>\n<p><strong>Cerradura magn\u00e9tica de una puerta a prueba de agua con salida de se\u00f1al<\/strong><\/p>\n<p class=\"ql-align-justify\">La cerradura magn\u00e9tica de una sola puerta impermeable YM-350W-S adopta una carcasa de acero inoxidable con tratamiento 100% impermeable. Todas las partes est\u00e1n selladas en el n\u00facleo de la cerradura. Est\u00e1 dise\u00f1ada para puertas met\u00e1licas generales y puertas pesadas con lluvia exterior. La cerradura electromagn\u00e9tica se fija al marco de la puerta. Arriba; la placa de succi\u00f3n est\u00e1 fijada en la hoja de la puerta. Los productos de la compa\u00f1\u00eda est\u00e1n totalmente equipados. Las puertas de apertura interior o las puertas de vidrio sin marco y las puertas de marco estrecho est\u00e1n equipadas con accesorios. El dise\u00f1o especial (antideslizante magn\u00e9tico) permite una protecci\u00f3n m\u00e1s segura para la automatizaci\u00f3n del control de acceso.<\/p>\n<p class=\"ql-align-justify\"><strong>Par\u00e1metros del producto:<\/strong><\/p>\n<p class=\"ql-align-justify\">Tama\u00f1o del cuerpo de la cerradura &#8211; Longitud 227.5x ancho 52x espesor 28.5 (mm)<\/p>\n<p class=\"ql-align-justify\">Tama\u00f1o de la placa de succi\u00f3n &#8211; Longitud 190x ancho 45x espesor 13.2 (mm)<\/p>\n<p class=\"ql-align-justify\">Tracci\u00f3n m\u00e1xima &#8211; Tensi\u00f3n lineal de 350 kg (800 lb)<\/p>\n<p class=\"ql-align-justify\">Voltaje de entrada &#8211; DC12V (DC24V ajustable)<\/p>\n<p class=\"ql-align-justify\">Corriente de trabajo &#8211; 12V \/ 500mA (\u00b1 10%); 24V \/ 250mA (\u00b1 10%)<\/p>\n<p class=\"ql-align-justify\">Tipo de puerta aplicable &#8211; Puerta de madera, puerta de cristal, puerta de metal, puerta cortafuego<\/p>\n<p class=\"ql-align-justify\">Salida de se\u00f1al &#8211; Se\u00f1al de estado de bloqueo contacto NO \\ COM<\/p>\n<p class=\"ql-align-justify\">Temperatura de la superficie &#8211; Menos de temperatura ambiente + 20 \u2103<\/p>\n<p class=\"ql-align-justify\">Temperatura aplicable -20 \u2103 ~ + 55 \u2103 (-4\u2014131 \u00b0 F)<\/p>\n<p class=\"ql-align-justify\">Humedad aplicable &#8211; Protecci\u00f3n del medio ambiente galvanizado 0 ~ 90% de humedad relativa<\/p>\n<p class=\"ql-align-justify\">Procesamiento de Shell &#8211; Revestimiento duro anodizado<\/p>\n<p class=\"ql-align-justify\">Procesamiento del cuerpo de la cerradura &#8211; Protecci\u00f3n del medio ambiente galvanizado<\/p>\n<p class=\"ql-align-justify\">Procesamiento de placa de succi\u00f3n &#8211; Protecci\u00f3n del medio ambiente galvanizado<\/p>\n<p class=\"ql-align-justify\">Clasificaci\u00f3n a prueba de agua &#8211; IP-68<\/p>\n<p class=\"ql-align-justify\">Peso del producto &#8211; 2.5kg<\/p>\n<p class=\"ql-align-justify\"><strong>Ventajas del producto:<\/strong><\/p>\n<ul>\n<li class=\"ql-align-justify\">La tensi\u00f3n lineal est\u00e1tica de 350 kg (800 lb) se puede configurarusted mismo12VDC o 24VDC El est\u00e1ndar de voltaje de f\u00e1brica se establece en 12VDC.<\/li>\n<li class=\"ql-align-justify\">Dispositivo de protecci\u00f3n de corriente inversa (MOV) incorporado Tratamiento 100% impermeable, todas las piezas est\u00e1n selladas en resina ign\u00edfuga.<\/li>\n<li class=\"ql-align-justify\">Tratamiento impermeable especial, interior, exterior Ambos se pueden instalar.<\/li>\n<li class=\"ql-align-justify\">El material de la carcasa est\u00e1 hecho de acero inoxidable, que es m\u00e1s duradero y duradero.<\/li>\n<li class=\"ql-align-justify\">La cerradura magn\u00e9tica no tiene fallas mec\u00e1nicas.<\/li>\n<li class=\"ql-align-justify\">Utiliza succi\u00f3n electromagn\u00e9tica para aumentar la succi\u00f3n electromagn\u00e9tica, el dise\u00f1o profesional y los productos detratamiento de aislamiento de doble cerradura del cuerpo han pasado la certificaci\u00f3n CE de la Uni\u00f3n Europea y China MA.<\/li>\n<\/ul>\n<p class=\"ql-align-justify\"><strong>Que necesito para que mi equipo funcione:<\/strong><\/p>\n<ul>\n<li class=\"ql-align-justify\">Fuente de poder 12v m\u00ednimo 3.0 amper.<\/li>\n<li class=\"ql-align-justify\">UPS 12v.<\/li>\n<\/ul>\n<p><img decoding=\"async\" class=\"overview-center-img-web\" src=\"https:\/\/tvc.mx\/media\/44658\/CENTRAL-YM350WS-.png\" alt=\"\" \/><\/p>\n","protected":false},"excerpt":{"rendered":"<p>INFORMACION GENERAL Cerradura magn\u00e9tica de una puerta a prueba de agua con salida de se\u00f1al La cerradura magn\u00e9tica de una sola puerta impermeable YM-350W-S adopta una carcasa de acero inoxidable con tratamiento 100% impermeable. Todas las partes est\u00e1n selladas en el n\u00facleo de la cerradura.&hellip;<\/p>\n","protected":false},"featured_media":8179,"comment_status":"open","ping_status":"closed","template":"","meta":{"om_disable_all_campaigns":false,"_monsterinsights_skip_tracking":false,"_monsterinsights_sitenote_active":false,"_monsterinsights_sitenote_note":"","_monsterinsights_sitenote_category":0},"product_brand":[],"product_cat":[752],"product_tag":[81,727,730,66,731,728,729],"class_list":{"0":"post-8180","1":"product","2":"type-product","3":"status-publish","4":"has-post-thumbnail","6":"product_cat-magnetica-cerraduras-yli-acceso-asistencia","7":"product_tag-acceso-y-asistencia","8":"product_tag-cerraduras","9":"product_tag-commax-wulian","10":"product_tag-dahua","11":"product_tag-wejoin","12":"product_tag-yli","13":"product_tag-zkteco","15":"first","16":"instock","17":"sale","18":"taxable","19":"shipping-taxable","20":"purchasable","21":"product-type-simple"},"aioseo_notices":[],"_links":{"self":[{"href":"https:\/\/tecsecmty.com\/index.php\/wp-json\/wp\/v2\/product\/8180","targetHints":{"allow":["GET"]}}],"collection":[{"href":"https:\/\/tecsecmty.com\/index.php\/wp-json\/wp\/v2\/product"}],"about":[{"href":"https:\/\/tecsecmty.com\/index.php\/wp-json\/wp\/v2\/types\/product"}],"replies":[{"embeddable":true,"href":"https:\/\/tecsecmty.com\/index.php\/wp-json\/wp\/v2\/comments?post=8180"}],"version-history":[{"count":0,"href":"https:\/\/tecsecmty.com\/index.php\/wp-json\/wp\/v2\/product\/8180\/revisions"}],"wp:featuredmedia":[{"embeddable":true,"href":"https:\/\/tecsecmty.com\/index.php\/wp-json\/wp\/v2\/media\/8179"}],"wp:attachment":[{"href":"https:\/\/tecsecmty.com\/index.php\/wp-json\/wp\/v2\/media?parent=8180"}],"wp:term":[{"taxonomy":"product_brand","embeddable":true,"href":"https:\/\/tecsecmty.com\/index.php\/wp-json\/wp\/v2\/product_brand?post=8180"},{"taxonomy":"product_cat","embeddable":true,"href":"https:\/\/tecsecmty.com\/index.php\/wp-json\/wp\/v2\/product_cat?post=8180"},{"taxonomy":"product_tag","embeddable":true,"href":"https:\/\/tecsecmty.com\/index.php\/wp-json\/wp\/v2\/product_tag?post=8180"}],"curies":[{"name":"wp","href":"https:\/\/api.w.org\/{rel}","templated":true}]}}