{"id":8182,"date":"2023-02-23T22:18:50","date_gmt":"2023-02-24T04:18:50","guid":{"rendered":"https:\/\/tecsecmty.com\/index.php\/producto\/yli-ym350wspak-paquete-con-chapa-de-350-kg-800-lb-para-uso-en-exteriores-o-interiores-ip68-uso-en-puertas-de-metal-vidrio-o-madera-incluye-soporte-de-fijacion-zl\/"},"modified":"2023-03-22T23:25:05","modified_gmt":"2023-03-23T05:25:05","slug":"yli-ym350wspak-paquete-con-chapa-de-350-kg-800-lb-para-uso-en-exteriores-o-interiores-ip68-uso-en-puertas-de-metal-vidrio-o-madera-incluye-soporte-de-fijacion-zl","status":"publish","type":"product","link":"https:\/\/tecsecmty.com\/index.php\/producto\/yli-ym350wspak-paquete-con-chapa-de-350-kg-800-lb-para-uso-en-exteriores-o-interiores-ip68-uso-en-puertas-de-metal-vidrio-o-madera-incluye-soporte-de-fijacion-zl\/","title":{"rendered":"YLI YM350WSPAK &#8211; Paquete con chapa de 350 kg\/800 Lb para uso en exteriores o interiores IP68 uso en puertas de metal, vidrio o madera incluye soporte de fijaci\u00f3n ZL"},"content":{"rendered":"<h5 class=\"card-title text-center\">Descripci\u00f3n<\/h5>\n<p><strong><u>YLI YM350WS &#8211; Contrachapa magnetica de 350 Kg<\/u><\/strong><\/p>\n<p>La cerradura magn\u00e9tica de una sola puerta impermeable YM-350W-S adopta una carcasa de acero inoxidable con tratamiento 100% impermeable. Todas las partes est\u00e1n selladas en el n\u00facleo de la cerradura. Est\u00e1 dise\u00f1ada para puertas met\u00e1licas generales y puertas pesadas con lluvia exterior. La cerradura electromagn\u00e9tica se fija al marco de la puerta. Arriba; la placa de succi\u00f3n est\u00e1 fijada en la hoja de la puerta. Los productos de la compa\u00f1\u00eda est\u00e1n totalmente equipados<\/p>\n<p><strong>Caracter\u00edsticas principales:<\/strong><\/p>\n<ul>\n<li>Tama\u00f1o del cuerpo de la cerradura &#8211; Longitud 227.5x ancho 52x espesor 28.5 (mm)<\/li>\n<li>Tama\u00f1o de la placa de succi\u00f3n &#8211; Longitud 190x ancho 45x espesor 13.2 (mm)<\/li>\n<li>Tracci\u00f3n m\u00e1xima &#8211; Tensi\u00f3n lineal de 350 kg (800 lb)<\/li>\n<li>Voltaje de entrada &#8211; DC12V (DC24V ajustable)<\/li>\n<li>Corriente de trabajo &#8211; 12V \/ 500mA (\u00b1 10%); 24V \/ 250mA (\u00b1 10%)<\/li>\n<li>Tipo de puerta aplicable &#8211; Puerta de madera, puerta de cristal, puerta de metal, puerta cortafuego<\/li>\n<li>Salida de se\u00f1al &#8211; Se\u00f1al de estado de bloqueo contacto NO COM<\/li>\n<li>Temperatura de la superficie &#8211; Menos de temperatura ambiente + 20 \u2103<\/li>\n<li>Temperatura aplicable -20 \u2103 ~ + 55 \u2103 (-4\u2014131 \u00b0 F)<\/li>\n<li>Humedad aplicable &#8211; Protecci\u00f3n del medio ambiente galvanizado 0 ~ 90% de humedad relativa<\/li>\n<li>Procesamiento de Shell &#8211; Revestimiento duro anodizado<\/li>\n<li>Procesamiento del cuerpo de la cerradura &#8211; Protecci\u00f3n del medio ambiente galvanizado<\/li>\n<li>Procesamiento de placa de succi\u00f3n &#8211; Protecci\u00f3n del medio ambiente galvanizado<\/li>\n<li>Clasificaci\u00f3n a prueba de agua &#8211; IP-68<\/li>\n<li>Peso del producto &#8211; 2.5kg<\/li>\n<\/ul>\n<p><strong><u>MBK350ZLW &#8211; Soporte de electroiman<\/u><\/strong><\/p>\n<p>Este accesorio puede utilizarse en situaciones donde la puerta abra hacia adentro, dando la seguridad del acceso ocultando la chapa, manteniendo sin alterar la elegancia del entorno externo de la puerta. \u00c9ste deber\u00e1 colocarse sobre puesto en la pared arriba del marco de la puerta en la esquina opuesta a las bisagras, y un soporte en \u201cZ\u201d<\/p>\n<p><strong>Caracter\u00edsticas principales:<\/strong><\/p>\n<ul>\n<li>Material aluminio.<\/li>\n<li>Adecuado para puertas con apertura interior.<\/li>\n<li>Compatible con chapa magn\u00e9tica YM350WS de 350 Kg.<\/li>\n<li>Modo de apertura: puerta de 90\u00b0.<\/li>\n<li>Peso 1.1 Kg.<\/li>\n<\/ul>\n<p><img decoding=\"async\" class=\"overview-center-img-web\" src=\"https:\/\/tvc.mx\/media\/44643\/CENTRAL-PAQYM350.png\" alt=\"\" \/><\/p>\n","protected":false},"excerpt":{"rendered":"<p>Descripci\u00f3n YLI YM350WS &#8211; Contrachapa magnetica de 350 Kg La cerradura magn\u00e9tica de una sola puerta impermeable YM-350W-S adopta una carcasa de acero inoxidable con tratamiento 100% impermeable. Todas las partes est\u00e1n selladas en el n\u00facleo de la cerradura. Est\u00e1 dise\u00f1ada para puertas met\u00e1licas generales&hellip;<\/p>\n","protected":false},"featured_media":8181,"comment_status":"open","ping_status":"closed","template":"","meta":{"om_disable_all_campaigns":false,"_monsterinsights_skip_tracking":false,"_monsterinsights_sitenote_active":false,"_monsterinsights_sitenote_note":"","_monsterinsights_sitenote_category":0},"product_brand":[],"product_cat":[752],"product_tag":[81,727,730,66,731,728,729],"class_list":{"0":"post-8182","1":"product","2":"type-product","3":"status-publish","4":"has-post-thumbnail","6":"product_cat-magnetica-cerraduras-yli-acceso-asistencia","7":"product_tag-acceso-y-asistencia","8":"product_tag-cerraduras","9":"product_tag-commax-wulian","10":"product_tag-dahua","11":"product_tag-wejoin","12":"product_tag-yli","13":"product_tag-zkteco","15":"first","16":"instock","17":"sale","18":"taxable","19":"shipping-taxable","20":"purchasable","21":"product-type-simple"},"aioseo_notices":[],"_links":{"self":[{"href":"https:\/\/tecsecmty.com\/index.php\/wp-json\/wp\/v2\/product\/8182","targetHints":{"allow":["GET"]}}],"collection":[{"href":"https:\/\/tecsecmty.com\/index.php\/wp-json\/wp\/v2\/product"}],"about":[{"href":"https:\/\/tecsecmty.com\/index.php\/wp-json\/wp\/v2\/types\/product"}],"replies":[{"embeddable":true,"href":"https:\/\/tecsecmty.com\/index.php\/wp-json\/wp\/v2\/comments?post=8182"}],"version-history":[{"count":0,"href":"https:\/\/tecsecmty.com\/index.php\/wp-json\/wp\/v2\/product\/8182\/revisions"}],"wp:featuredmedia":[{"embeddable":true,"href":"https:\/\/tecsecmty.com\/index.php\/wp-json\/wp\/v2\/media\/8181"}],"wp:attachment":[{"href":"https:\/\/tecsecmty.com\/index.php\/wp-json\/wp\/v2\/media?parent=8182"}],"wp:term":[{"taxonomy":"product_brand","embeddable":true,"href":"https:\/\/tecsecmty.com\/index.php\/wp-json\/wp\/v2\/product_brand?post=8182"},{"taxonomy":"product_cat","embeddable":true,"href":"https:\/\/tecsecmty.com\/index.php\/wp-json\/wp\/v2\/product_cat?post=8182"},{"taxonomy":"product_tag","embeddable":true,"href":"https:\/\/tecsecmty.com\/index.php\/wp-json\/wp\/v2\/product_tag?post=8182"}],"curies":[{"name":"wp","href":"https:\/\/api.w.org\/{rel}","templated":true}]}}