{"id":8184,"date":"2023-02-23T22:18:54","date_gmt":"2023-02-24T04:18:54","guid":{"rendered":"https:\/\/tecsecmty.com\/index.php\/producto\/yli-ym500n-cerradura-magnetica-para-control-de-acceso-uso-rudo-para-interior-fuerza-de-sujecion-500-kg-o-1200-lb-voltaje-dual-12-o-24-vdc\/"},"modified":"2023-03-22T23:25:05","modified_gmt":"2023-03-23T05:25:05","slug":"yli-ym500n-cerradura-magnetica-para-control-de-acceso-uso-rudo-para-interior-fuerza-de-sujecion-500-kg-o-1200-lb-voltaje-dual-12-o-24-vdc","status":"publish","type":"product","link":"https:\/\/tecsecmty.com\/index.php\/producto\/yli-ym500n-cerradura-magnetica-para-control-de-acceso-uso-rudo-para-interior-fuerza-de-sujecion-500-kg-o-1200-lb-voltaje-dual-12-o-24-vdc\/","title":{"rendered":"YLI YM500N &#8211; Cerradura Magn\u00e9tica para Control de Acceso \/ Uso rudo \/ Para Interior \/ Fuerza de Sujeci\u00f3n 500 kg o 1200 Lb \/ Voltaje Dual 12 \u00f3 24 VDC"},"content":{"rendered":"<h5 class=\"card-title text-center\">DESCRIPCI\u00d3N<\/h5>\n<p class=\"ql-align-justify\">Cerradura magn\u00e9tica\u00a0<strong>YLI YM500N<\/strong>\u00a0con fuerza de retenci\u00f3n de 1200 lb para puerta simple, como puerta de vidrio, puerta de madera, puerta a prueba de fuego, puerta corredera y puerta de metal.<\/p>\n<p><strong>CARACTER\u00cdSTICAS<\/strong><\/p>\n<ul>\n<li>Tama\u00f1o 265Lx73Wx41H (mm)<\/li>\n<li>Dimensi\u00f3n de placa de armadura 185Lx60Wx13H (mm)<\/li>\n<li>Fuerza de retenci\u00f3n 500kg (1200Lbs)<\/li>\n<li>Voltaje de entrada 12 o 24VDC<\/li>\n<li>Corriente 12V \/ 500mA o 24V \/ 250mA<\/li>\n<li>Salida de se\u00f1al Se\u00f1al de bloqueo (NO \/ NC \/ COM)<\/li>\n<li>Adecuado Puerta de madera, Puerta de vidrio, Puerta metalica, Puerta cortafuego<\/li>\n<li>Peso 4.5kg<\/li>\n<\/ul>\n<p><strong>ESPECIFICACIONES<\/strong><\/p>\n<ul>\n<li>Prueba de carga colineal 500 kg, 1200 Libras<\/li>\n<li>Voltaje dual 12 o 24 VDC<\/li>\n<li>El voltaje est\u00e1ndar es 12VDC cuando est\u00e1 terminado.<\/li>\n<li>MOV proporciona protecci\u00f3n de corriente inversa.<\/li>\n<li>Adecuado para puerta de madera, puerta de vidrio, puerta de metal, puerta incombustible.<\/li>\n<li>Sensor de estado de bloqueo (NO \/ NC \/ COM)<\/li>\n<li>Magnetismo anti-residual dise\u00f1ado.<\/li>\n<li>Material de alta resistencia, carcasa de aluminio anodizado.<\/li>\n<li>Dise\u00f1o sin falla mec\u00e1nica.<\/li>\n<li>Aumente la fuerza de sujeci\u00f3n, doble carcasa aislante.<\/li>\n<li>Certificado CE de la Uni\u00f3n Europea, certificado MA de la Oficina de Seguridad P\u00fablica de China.<\/li>\n<\/ul>\n<p><img decoding=\"async\" class=\"overview-center-img-web\" src=\"https:\/\/tvc.mx\/media\/73239\/CENTRAL.png\" alt=\"\" \/><\/p>\n","protected":false},"excerpt":{"rendered":"<p>DESCRIPCI\u00d3N Cerradura magn\u00e9tica\u00a0YLI YM500N\u00a0con fuerza de retenci\u00f3n de 1200 lb para puerta simple, como puerta de vidrio, puerta de madera, puerta a prueba de fuego, puerta corredera y puerta de metal. CARACTER\u00cdSTICAS Tama\u00f1o 265Lx73Wx41H (mm) Dimensi\u00f3n de placa de armadura 185Lx60Wx13H (mm) Fuerza de retenci\u00f3n&hellip;<\/p>\n","protected":false},"featured_media":8183,"comment_status":"open","ping_status":"closed","template":"","meta":{"om_disable_all_campaigns":false,"_monsterinsights_skip_tracking":false,"_monsterinsights_sitenote_active":false,"_monsterinsights_sitenote_note":"","_monsterinsights_sitenote_category":0},"product_brand":[],"product_cat":[752],"product_tag":[81,727,730,66,731,728,729],"class_list":{"0":"post-8184","1":"product","2":"type-product","3":"status-publish","4":"has-post-thumbnail","6":"product_cat-magnetica-cerraduras-yli-acceso-asistencia","7":"product_tag-acceso-y-asistencia","8":"product_tag-cerraduras","9":"product_tag-commax-wulian","10":"product_tag-dahua","11":"product_tag-wejoin","12":"product_tag-yli","13":"product_tag-zkteco","15":"first","16":"instock","17":"sale","18":"taxable","19":"shipping-taxable","20":"purchasable","21":"product-type-simple"},"aioseo_notices":[],"_links":{"self":[{"href":"https:\/\/tecsecmty.com\/index.php\/wp-json\/wp\/v2\/product\/8184","targetHints":{"allow":["GET"]}}],"collection":[{"href":"https:\/\/tecsecmty.com\/index.php\/wp-json\/wp\/v2\/product"}],"about":[{"href":"https:\/\/tecsecmty.com\/index.php\/wp-json\/wp\/v2\/types\/product"}],"replies":[{"embeddable":true,"href":"https:\/\/tecsecmty.com\/index.php\/wp-json\/wp\/v2\/comments?post=8184"}],"version-history":[{"count":0,"href":"https:\/\/tecsecmty.com\/index.php\/wp-json\/wp\/v2\/product\/8184\/revisions"}],"wp:featuredmedia":[{"embeddable":true,"href":"https:\/\/tecsecmty.com\/index.php\/wp-json\/wp\/v2\/media\/8183"}],"wp:attachment":[{"href":"https:\/\/tecsecmty.com\/index.php\/wp-json\/wp\/v2\/media?parent=8184"}],"wp:term":[{"taxonomy":"product_brand","embeddable":true,"href":"https:\/\/tecsecmty.com\/index.php\/wp-json\/wp\/v2\/product_brand?post=8184"},{"taxonomy":"product_cat","embeddable":true,"href":"https:\/\/tecsecmty.com\/index.php\/wp-json\/wp\/v2\/product_cat?post=8184"},{"taxonomy":"product_tag","embeddable":true,"href":"https:\/\/tecsecmty.com\/index.php\/wp-json\/wp\/v2\/product_tag?post=8184"}],"curies":[{"name":"wp","href":"https:\/\/api.w.org\/{rel}","templated":true}]}}