{"id":819,"date":"2023-02-15T23:19:10","date_gmt":"2023-02-15T23:19:10","guid":{"rendered":"https:\/\/tecsecmty.com\/index.php\/producto\/turret-flash-turbohd-led-blancos-intermitentes-pir-evita-falsas-alarmas-2-megapixel-1080p-20-mts-ir-exir-lente-2-8-mm-ip67-salida-de-alarma\/"},"modified":"2023-03-22T23:20:41","modified_gmt":"2023-03-23T05:20:41","slug":"turret-flash-turbohd-led-blancos-intermitentes-pir-evita-falsas-alarmas-2-megapixel-1080p-20-mts-ir-exir-lente-2-8-mm-ip67-salida-de-alarma","status":"publish","type":"product","link":"https:\/\/tecsecmty.com\/index.php\/producto\/turret-flash-turbohd-led-blancos-intermitentes-pir-evita-falsas-alarmas-2-megapixel-1080p-20-mts-ir-exir-lente-2-8-mm-ip67-salida-de-alarma\/","title":{"rendered":"Turret FLASH TURBOHD (LED Blancos Intermitentes) \/ PIR (EVITA Falsas Alarmas) \/ 2 Megapixel (1080p) \/ 20 mts IR EXIR \/ Lente 2.8 mm \/ IP67 \/ Salida de Alarma"},"content":{"rendered":"<div class=\"container\">\n<div class=\"row\">\n<div class=\"col-md-12\">\n<div class=\"row\">\n<div class=\"row\">\n<div class=\"col-md-12\">\n<h4 class=\"text-primary center info-text\" style=\"text-align: center\">Informaci\u00f3n de Producto<\/h4>\n<\/div>\n<\/div>\n<div class=\"row\" style=\"text-align: center\">\n<div class=\"col-md-12\">\n<h3>Turret FLASH TURBOHD (LED Blancos Intermitentes) \/ PIR (EVITA Falsas Alarmas) \/ 2 Megapixel (1080p) \/ 20 mts IR EXIR \/ Lente 2.8 mm \/ IP67 \/ Salida de Alarma<\/h3>\n<\/div>\n<\/div>\n<div id=\"producto_container\" class=\"row\" style=\"text-align: center\">\n<div class=\"col-md-4\"><img decoding=\"async\" class=\"img-responsive center-block\" src=\"https:\/\/ftp3.syscom.mx\/usuarios\/fotos\/BancoFotografiasSyscom\/HIKVISION\/DS2CE71D0TPIRLO\/DS2CE71D0TPIRLO-p.PNG\" alt=\"DS-2CE71D0T-PIRLO\" \/><\/p>\n<div class=\"row\">\n<div id=\"galerias\" class=\"col-sm-12\"><\/div>\n<\/div>\n<\/div>\n<div class=\"col-md-4\">\n<div><img decoding=\"async\" class=\"img-responsive img-thumbnail\" src=\"https:\/\/ftp3.syscom.mx\/usuarios\/fotos\/logotipos\/hikvision.png\" \/><\/div>\n<div><img decoding=\"async\" class=\"icono_info_product\" src=\"https:\/\/ftp3.syscom.mx\/usuarios\/fotos\/ultraexir.png?v=1542822132?v=1.04\" \/><img decoding=\"async\" class=\"icono_info_product\" src=\"https:\/\/ftp3.syscom.mx\/usuarios\/ftp\/syscom_mx\/1-11-34-38-pir.png\" \/><img decoding=\"async\" class=\"icono_info_product\" src=\"https:\/\/ftp3.syscom.mx\/usuarios\/ftp\/syscom_mx\/1-12-16-37-salida.png\" \/><\/div>\n<div>\n<p>Modelo:\u00a0<span class=\"modelo-marca\">DS-2CE71D0T-PIRLO<\/span><\/p>\n<p>Marca:\u00a0<span class=\"modelo-marca\">HIKVISION<\/span><\/p>\n<\/div>\n<\/div>\n<\/div>\n<\/div>\n<div class=\"row \" style=\"text-align: center\">\n<div class=\"col-md-12\">\n<div class=\"row\">\n<h3 class=\"text-primary\">Especificaciones:<\/h3>\n<\/div>\n<div class=\"row well\">\n<p><img decoding=\"async\" class=\"fr-fic fr-dii\" src=\"https:\/\/ftp3.syscom.mx\/usuarios\/jsosa\/HIKVISION\/imagenes\/logo\/hikvision%20see%20far.png\" \/><\/p>\n<p>&nbsp;<\/p>\n<p><img decoding=\"async\" class=\"fr-fic fr-dii\" src=\"https:\/\/ftp3.syscom.mx\/usuarios\/fotos\/DS2CE11D8TPIRL\/143888-banner_pir.jpg\" \/><\/p>\n<p>&nbsp;<\/p>\n<div class=\"row\">\n<div class=\"col-sm-6 \">\n<div class=\"embed-responsive embed-responsive-16by9\"><\/div>\n<\/div>\n<\/div>\n<p>&nbsp;<\/p>\n<div class=\"row\">\n<div class=\"col-sm-4\">\n<div><strong>Caracter\u00edsticas principales:<\/strong><\/p>\n<ul>\n<li>Resoluci\u00f3n m\u00e1xima: \u00a02 Megapixel (1920 x 1080).<\/li>\n<li>Iluminaci\u00f3n m\u00ednima: 0.01 Lux @ (F1.2, AGC ON, 0 Lux con IR.<\/li>\n<li>Lente fijo: 2.8 mm (angulo de visi\u00f3n 103\u00ba).<\/li>\n<li><strong>Cuenta con sensor PIR integrado para evitar falsas alarmas por movimiento.<\/strong><\/li>\n<li><strong>Rango del sensor PIR: angulo 110\u00ba, rango 11 mts.<\/strong><\/li>\n<li><strong>Cuenta con luz blanca que flashea cuando el sensor PIR detecte movimiento pueda alertar al ladr\u00f3n que esta siendo vigilado y se pueda alejar de la zona.<\/strong><\/li>\n<li>20 mts IR EXIR.<\/li>\n<li>Funciones: dWDR \/ BLC \/ HLC \/ 2D-DNR.<\/li>\n<li>Soporta salida de alarma (contacto seco).<\/li>\n<\/ul>\n<p><strong>Accesorios:<\/strong><\/p>\n<ul>\n<li><strong>Montaje de pared, modelo:<\/strong>\u00a0<a href=\"https:\/\/www.syscom.mx\/producto\/DS-1272ZJ-110-TRS-HIKVISION-139817.html\">DS-1272ZJ-110-TRS<\/a><\/li>\n<li><strong>Montaje para poste vertical, modelo:<\/strong>\u00a0<a href=\"https:\/\/ftp3.syscom.mx\/usuarios\/jsosa\/HIKVISION\/specs\/analogcam\/PIR\/DS2CE71D0TPIRLO\/DS-2CE71D0T-PIRLO%2020190710.pdf\">DS-1275ZJ-SUS<\/a><\/li>\n<li><strong>Montaje de esquina, modelo:<\/strong>\u00a0<a href=\"https:\/\/www.syscom.mx\/producto\/DS-1276ZJ-SUS-HIKVISION-156173.html\">DS-1276ZJ-SUS<\/a><\/li>\n<li><strong>Caja de conexiones, modelo:<\/strong>\u00a0<a href=\"https:\/\/www.syscom.mx\/producto\/DS-1280ZJ-S-HIKVISION-84927.html\">DS-1280ZJ-S<\/a><\/li>\n<li><strong>Montaje de techo inclinado, modelo:<\/strong>\u00a0<a href=\"https:\/\/www.syscom.mx\/producto\/DS-1281ZJ-S-HIKVISION-93443.html\">DS-1281ZJ-S<\/a><\/li>\n<li><strong>Caja de conexiones, modelo:<\/strong>\u00a0<a href=\"https:\/\/ftp3.syscom.mx\/usuarios\/jsosa\/HIKVISION\/specs\/analogcam\/PIR\/DS2CE71D0TPIRLO\/DS-2CE71D0T-PIRLO%2020190710.pdf\">DS-1280ZJ-TR13<\/a><\/li>\n<\/ul>\n<\/div>\n<\/div>\n<div class=\"col-sm-4\">\n<div><strong>Caracter\u00edsticas F\u00edsicas y El\u00e9ctricas:<\/strong><\/p>\n<ul>\n<li>Temperatura de operaci\u00f3n: -40\u00baC a 60\u00baC.<\/li>\n<li>Alimentaci\u00f3n: 12 Vcc \/ 2.9 Watts.<\/li>\n<li>Protecci\u00f3n: Interior \/ Exterior IP67.<\/li>\n<li>1 Salida de Alarma.\n<ul>\n<li>Configurable 5,10,15,30 \u00f3 60 Segundos<\/li>\n<\/ul>\n<\/li>\n<li>Fabricado en material de metal y pl\u00e1stico.<\/li>\n<li>Dimensiones: 109.8 x 89.75 mm.<\/li>\n<li>Peso: 327 grs.<\/li>\n<li>Garant\u00eda: 2 a\u00f1os.<\/li>\n<\/ul>\n<\/div>\n<\/div>\n<div class=\"col-sm-4\">\n<div><strong>Caracter\u00edsticas Destacadas:<\/strong>Las c\u00e1maras cuentan con un sensor PIR, este \u00fanicamente se activa cuando hay detecci\u00f3n de una persona u objeto grande:<\/p>\n<ul>\n<li>Evitar falsas alarmas por polvo, viento o cambios de iluminaci\u00f3n.<\/li>\n<li>Evitar falsas alarmas por movimiento de objetos como cortinas, \u00e1rboles, animales peque\u00f1os.<\/li>\n<\/ul>\n<p>Las c\u00e1maras adem\u00e1s cuentan con LEDs Blancos(adicionales de los IR), estos pueden activarse autom\u00e1ticamente al detectar una persona u objeto para alertar al intruso.<\/p>\n<p><strong>Consideraciones:<\/strong><\/p>\n<ul>\n<li>Para que la opci\u00f3n de PIR funcione se tiene que usar cualquier DVR TURBOHD que soporte H.265+.<\/li>\n<li>Se recomienda utilizar el sensor PIR para ambientes controlados ya que puede generar falsas alarmas en condiciones adversas, se recomienda usar el PIR para uso en interior.<\/li>\n<\/ul>\n<p>&nbsp;<\/p>\n<\/div>\n<\/div>\n<\/div>\n<p>&nbsp;<\/p>\n<p>&nbsp;<\/p>\n<h1><strong>Recursos<\/strong><\/h1>\n<p>&nbsp;<\/p>\n<div class=\"row default_margin_bottom\">\n<div class=\"col-sm-4\"><a href=\"https:\/\/www.hikvision.com\/es-la\/support\/download\/software\/ivms4200-series\/?q=serie%20ivms4200&amp;position=1\" target=\"_blank\" rel=\"noopener\"><img decoding=\"async\" class=\"img-responsive\" src=\"https:\/\/ftp3.syscom.mx\/usuarios\/gmagos\/HIK\/IP\/IPC\/Imagenes%20pagina\/Descargas%20IVMS4200.jpg\" \/><\/a><\/div>\n<div class=\"col-sm-4\"><a href=\"https:\/\/appstore.hikvision.com\/\" target=\"_blank\" rel=\"noopener\"><img decoding=\"async\" class=\"img-responsive\" src=\"https:\/\/ftp3.syscom.mx\/usuarios\/gmagos\/HIK\/IP\/IPC\/Imagenes%20pagina\/Descargas%20de%20app.jpg\" \/><\/a><\/div>\n<div class=\"col-sm-4\"><a href=\"https:\/\/ftp3.syscom.mx\/usuarios\/jsosa\/HIKVISION\/specs\/analogcam\/PIR\/DS2CE71D0TPIRLO\/DS-2CE71D0T-PIRLO%2020190710.pdf\" target=\"_blank\" rel=\"noopener\"><img decoding=\"async\" class=\"img-responsive\" src=\"https:\/\/ftp3.syscom.mx\/usuarios\/gmagos\/HIK\/IP\/IPC\/Imagenes%20pagina\/Descarga%20de%20PDF.jpg\" \/><\/a><\/div>\n<\/div>\n<p>&nbsp;<\/p>\n<div class=\"row\">\n<div class=\"col-sm-6 \">\n<p><img decoding=\"async\" class=\"fr-fic fr-dii\" src=\"https:\/\/1.bp.blogspot.com\/-67KzpRjX-qc\/Wl9i3aXZqpI\/AAAAAAAANiA\/Bm8FcLandRkPJ6QNuNU3Wx1qFG7l1s3lQCEwYBhgL\/s640\/flash1.gif\" \/><\/p>\n<\/div>\n<div class=\"col-sm-6\">\n<p><img decoding=\"async\" class=\"fr-fic fr-dii\" src=\"https:\/\/3.bp.blogspot.com\/-UvSka3d4qbI\/Wl9ivnDFZdI\/AAAAAAAANiI\/ZdF35zGv-YAVmwb1VzurPvFHAwhFry2XgCEwYBhgL\/s1600\/flash23.gif\" \/><\/p>\n<\/div>\n<\/div>\n<p>&nbsp;<\/p>\n<p><img decoding=\"async\" class=\"fr-fic fr-dii\" src=\"https:\/\/ftp3.syscom.mx\/usuarios\/jsosa\/HIKVISION\/imagenes\/banners\/solution%20complete.png\" \/><\/p>\n<p>&nbsp;<\/p>\n<\/div>\n<\/div>\n<\/div>\n<\/div>\n<\/div>\n<\/div>\n<p><img decoding=\"async\" class=\"aligncenter\" src=\"https:\/\/tracker.metricool.com\/c3po.jpg?hash=95c94f37730bb8f54dd4308f1f878f9\" \/><\/p>\n","protected":false},"excerpt":{"rendered":"<p>Informaci\u00f3n de Producto Turret FLASH TURBOHD (LED Blancos Intermitentes) \/ PIR (EVITA Falsas Alarmas) \/ 2 Megapixel (1080p) \/ 20 mts IR EXIR \/ Lente 2.8 mm \/ IP67 \/ Salida de Alarma Modelo:\u00a0DS-2CE71D0T-PIRLO Marca:\u00a0HIKVISION Especificaciones: &nbsp; &nbsp; &nbsp; Caracter\u00edsticas principales: Resoluci\u00f3n m\u00e1xima: \u00a02 Megapixel&hellip;<\/p>\n","protected":false},"featured_media":1634,"comment_status":"open","ping_status":"closed","template":"","meta":{"om_disable_all_campaigns":false,"_monsterinsights_skip_tracking":false,"_monsterinsights_sitenote_active":false,"_monsterinsights_sitenote_note":"","_monsterinsights_sitenote_category":0},"product_brand":[],"product_cat":[45],"product_tag":[42,38,46,37],"class_list":{"0":"post-819","1":"product","2":"type-product","3":"status-publish","4":"has-post-thumbnail","6":"product_cat-domo","7":"product_tag-camaras","8":"product_tag-camaras-de-seguridad","9":"product_tag-camaras-domo","10":"product_tag-hikvision","12":"first","13":"instock","14":"taxable","15":"shipping-taxable","16":"product-type-simple"},"aioseo_notices":[],"_links":{"self":[{"href":"https:\/\/tecsecmty.com\/index.php\/wp-json\/wp\/v2\/product\/819","targetHints":{"allow":["GET"]}}],"collection":[{"href":"https:\/\/tecsecmty.com\/index.php\/wp-json\/wp\/v2\/product"}],"about":[{"href":"https:\/\/tecsecmty.com\/index.php\/wp-json\/wp\/v2\/types\/product"}],"replies":[{"embeddable":true,"href":"https:\/\/tecsecmty.com\/index.php\/wp-json\/wp\/v2\/comments?post=819"}],"version-history":[{"count":2,"href":"https:\/\/tecsecmty.com\/index.php\/wp-json\/wp\/v2\/product\/819\/revisions"}],"predecessor-version":[{"id":1635,"href":"https:\/\/tecsecmty.com\/index.php\/wp-json\/wp\/v2\/product\/819\/revisions\/1635"}],"wp:featuredmedia":[{"embeddable":true,"href":"https:\/\/tecsecmty.com\/index.php\/wp-json\/wp\/v2\/media\/1634"}],"wp:attachment":[{"href":"https:\/\/tecsecmty.com\/index.php\/wp-json\/wp\/v2\/media?parent=819"}],"wp:term":[{"taxonomy":"product_brand","embeddable":true,"href":"https:\/\/tecsecmty.com\/index.php\/wp-json\/wp\/v2\/product_brand?post=819"},{"taxonomy":"product_cat","embeddable":true,"href":"https:\/\/tecsecmty.com\/index.php\/wp-json\/wp\/v2\/product_cat?post=819"},{"taxonomy":"product_tag","embeddable":true,"href":"https:\/\/tecsecmty.com\/index.php\/wp-json\/wp\/v2\/product_tag?post=819"}],"curies":[{"name":"wp","href":"https:\/\/api.w.org\/{rel}","templated":true}]}}