{"id":8194,"date":"2023-02-23T22:19:04","date_gmt":"2023-02-24T04:19:04","guid":{"rendered":"https:\/\/tecsecmty.com\/index.php\/producto\/yli-ym500ws-cerradura-magnetica-para-exterior-ip68-fuerza-de-sujecion-500kg-1200lb-voltaje-dual-12v-24-vdc-puertas-de-madera-vidrio-metalica\/"},"modified":"2023-03-22T23:25:06","modified_gmt":"2023-03-23T05:25:06","slug":"yli-ym500ws-cerradura-magnetica-para-exterior-ip68-fuerza-de-sujecion-500kg-1200lb-voltaje-dual-12v-24-vdc-puertas-de-madera-vidrio-metalica","status":"publish","type":"product","link":"https:\/\/tecsecmty.com\/index.php\/producto\/yli-ym500ws-cerradura-magnetica-para-exterior-ip68-fuerza-de-sujecion-500kg-1200lb-voltaje-dual-12v-24-vdc-puertas-de-madera-vidrio-metalica\/","title":{"rendered":"YLI YM500WS &#8211; Cerradura Magn\u00e9tica para exterior IP68 \/ Fuerza de Sujeci\u00f3n 500Kg \/1200Lb \/ Voltaje Dual 12v\/24 VDC \/ Puertas de madera, vidrio, met\u00e1lica"},"content":{"rendered":"<h5 class=\"card-title text-center\">DESCRIPCI\u00d3N<\/h5>\n<p class=\"ql-align-justify\">La chapa magn\u00e9tica YLI modelo\u00a0<strong>YM500WS\u00a0<\/strong>es una cerradura magn\u00e9tica o mejor conocida como \u201ccerradura electromagn\u00e9tica\u201d es una de las cerraduras m\u00e1s seguras utilizadas hoy en d\u00eda tanto en oficinas como en la industria, en la cual siempre\u00a0es necesario\u00a0contar con un tipo de control de acceso hacia su personal, clientes y empleados. grado impermeable IP-68. La caja es 100% tratamiento a prueba de agua. Que hizo de material de acero inoxidable.<\/p>\n<p class=\"ql-align-justify\"><strong>ESPECIFICACIONES<\/strong><\/p>\n<ul>\n<li class=\"ql-align-justify\">tama\u00f1o 220Lx63Wx36H (mm)<\/li>\n<li class=\"ql-align-justify\">Placa de inducido 185Lx60Wx13H (mm)<\/li>\n<li class=\"ql-align-justify\">Fuerza de sujeci\u00f3n 500 kg (1200 lb)<\/li>\n<li class=\"ql-align-justify\">voltaje 12 o 24VDC<\/li>\n<li class=\"ql-align-justify\">Consumo de corriente: 12V \/ 420mA o 24V \/ 210mA<\/li>\n<li class=\"ql-align-justify\">Adecuado para Puerta de madera, Puerta de vidrio, Puerta de metal, Puerta incombustible<\/li>\n<li class=\"ql-align-justify\">Salida de se\u00f1al Contacto seco, clasificaci\u00f3n m\u00e1xima de la corriente de contacto 3A<\/li>\n<li class=\"ql-align-justify\">Temperatura superficial \u2264 + 20 \u2103<\/li>\n<li class=\"ql-align-justify\">Temperatura de funcionamiento -10 ~ + 55 \u2103 (14-131F)<\/li>\n<li class=\"ql-align-justify\">Humedad adecuada 0 ~ 95% (sin condensaci\u00f3n)<\/li>\n<li class=\"ql-align-justify\">Acabados para Shell Aluminio anodizado<\/li>\n<li class=\"ql-align-justify\">Acabados para Magnetic Zinc<\/li>\n<li class=\"ql-align-justify\">Acabados para Armature Zinc<\/li>\n<li class=\"ql-align-justify\">Peso 4.5kg<\/li>\n<\/ul>\n<p class=\"ql-align-justify\"><strong>FUNCIONES<\/strong><\/p>\n<p class=\"ql-align-justify\">Este usa el principio del electroim\u00e1n; mediante electricidad podemos producir energ\u00eda magn\u00e9tica, a grandes rasgos; mediante la corriente el\u00e9ctrica suministrada \u00e9sta chapa se convierte en un poderoso electroim\u00e1n, adhiri\u00e9ndose fuertemente al marco de la puerta al momento en que desee cerrarse la puerta. por lo que cuando la electricidad pasa la hoja de acero de silicio, la cerradura magn\u00e9tica atraer\u00e1 la hoja de hierro tan de cerca como para bloquear la puerta. La electricidad se cortar\u00e1 y luego la cerradura se abrir\u00e1 si el sistema de control de acceso reconoce a una persona.<\/p>\n<ul>\n<li class=\"ql-align-justify\">Dual Voltage 12 o 24 VDC (opcional).<\/li>\n<li class=\"ql-align-justify\">El voltaje est\u00e1ndar es de 12VDC cuando finaliza.<\/li>\n<li class=\"ql-align-justify\">Adecuado para puerta de madera, puerta de vidrio, puerta de metal.<\/li>\n<li class=\"ql-align-justify\">La carcasa acabada en acero inoxidable, m\u00e1s resistente y duradera.<\/li>\n<li class=\"ql-align-justify\">100% resistente al agua, todas las partes presurizan en resina.<\/li>\n<li class=\"ql-align-justify\">Certificado CE por la Uni\u00f3n Europea, Certificado de MA por la Oficina de Seguridad P\u00fablica de China.<\/li>\n<\/ul>\n<p><img decoding=\"async\" class=\"overview-center-img-web\" src=\"https:\/\/tvc.mx\/media\/66507\/CENTRAL.png\" alt=\"\" \/><\/p>\n","protected":false},"excerpt":{"rendered":"<p>DESCRIPCI\u00d3N La chapa magn\u00e9tica YLI modelo\u00a0YM500WS\u00a0es una cerradura magn\u00e9tica o mejor conocida como \u201ccerradura electromagn\u00e9tica\u201d es una de las cerraduras m\u00e1s seguras utilizadas hoy en d\u00eda tanto en oficinas como en la industria, en la cual siempre\u00a0es necesario\u00a0contar con un tipo de control de acceso&hellip;<\/p>\n","protected":false},"featured_media":8193,"comment_status":"open","ping_status":"closed","template":"","meta":{"om_disable_all_campaigns":false,"_monsterinsights_skip_tracking":false,"_monsterinsights_sitenote_active":false,"_monsterinsights_sitenote_note":"","_monsterinsights_sitenote_category":0},"product_brand":[],"product_cat":[752],"product_tag":[81,727,730,66,731,728,729],"class_list":{"0":"post-8194","1":"product","2":"type-product","3":"status-publish","4":"has-post-thumbnail","6":"product_cat-magnetica-cerraduras-yli-acceso-asistencia","7":"product_tag-acceso-y-asistencia","8":"product_tag-cerraduras","9":"product_tag-commax-wulian","10":"product_tag-dahua","11":"product_tag-wejoin","12":"product_tag-yli","13":"product_tag-zkteco","15":"first","16":"instock","17":"sale","18":"taxable","19":"shipping-taxable","20":"purchasable","21":"product-type-simple"},"aioseo_notices":[],"_links":{"self":[{"href":"https:\/\/tecsecmty.com\/index.php\/wp-json\/wp\/v2\/product\/8194","targetHints":{"allow":["GET"]}}],"collection":[{"href":"https:\/\/tecsecmty.com\/index.php\/wp-json\/wp\/v2\/product"}],"about":[{"href":"https:\/\/tecsecmty.com\/index.php\/wp-json\/wp\/v2\/types\/product"}],"replies":[{"embeddable":true,"href":"https:\/\/tecsecmty.com\/index.php\/wp-json\/wp\/v2\/comments?post=8194"}],"version-history":[{"count":0,"href":"https:\/\/tecsecmty.com\/index.php\/wp-json\/wp\/v2\/product\/8194\/revisions"}],"wp:featuredmedia":[{"embeddable":true,"href":"https:\/\/tecsecmty.com\/index.php\/wp-json\/wp\/v2\/media\/8193"}],"wp:attachment":[{"href":"https:\/\/tecsecmty.com\/index.php\/wp-json\/wp\/v2\/media?parent=8194"}],"wp:term":[{"taxonomy":"product_brand","embeddable":true,"href":"https:\/\/tecsecmty.com\/index.php\/wp-json\/wp\/v2\/product_brand?post=8194"},{"taxonomy":"product_cat","embeddable":true,"href":"https:\/\/tecsecmty.com\/index.php\/wp-json\/wp\/v2\/product_cat?post=8194"},{"taxonomy":"product_tag","embeddable":true,"href":"https:\/\/tecsecmty.com\/index.php\/wp-json\/wp\/v2\/product_tag?post=8194"}],"curies":[{"name":"wp","href":"https:\/\/api.w.org\/{rel}","templated":true}]}}