{"id":8198,"date":"2023-02-23T22:19:07","date_gmt":"2023-02-24T04:19:07","guid":{"rendered":"https:\/\/tecsecmty.com\/index.php\/producto\/yli-ym60zpack-paquete-de-cerradura-magnetica-ym60-60kg-120lb-incluye-soporte-de-fijacion-tipo-z\/"},"modified":"2023-03-22T23:25:06","modified_gmt":"2023-03-23T05:25:06","slug":"yli-ym60zpack-paquete-de-cerradura-magnetica-ym60-60kg-120lb-incluye-soporte-de-fijacion-tipo-z","status":"publish","type":"product","link":"https:\/\/tecsecmty.com\/index.php\/producto\/yli-ym60zpack-paquete-de-cerradura-magnetica-ym60-60kg-120lb-incluye-soporte-de-fijacion-tipo-z\/","title":{"rendered":"YLI YM60ZPACK Paquete de Cerradura Magn\u00e9tica YM60 60Kg (120LB) incluye Soporte de Fijaci\u00f3n tipo Z"},"content":{"rendered":"<div class=\"row aling-items-center padding-bottom-2x\">\n<div class=\"col-lg-12\">\n<h5 class=\"card-title text-center\">Informaci\u00f3n General<\/h5>\n<p><strong>Cerradura Magn\u00e9tica YM-60N\u00a0<\/strong><\/p>\n<p><strong>YM-60N\u00a0<\/strong>es una mini cerradura el\u00e9ctrica de una sola puerta, est\u00e1 dise\u00f1ada para vitrinas, puertas de gabinetes y es f\u00e1cil de instalar. La fuerza de sujeci\u00f3n es de<strong>\u00a0120 libras.<\/strong><\/p>\n<p><strong>Caracter\u00edsticas<\/strong><\/p>\n<ul>\n<li>Prueba de carga colineal 60 kg, 120 libras.<\/li>\n<li>MOV proporciona protecci\u00f3n contra corriente inversa.<\/li>\n<li>Magnetismo anti-residual dise\u00f1ado.<\/li>\n<li>Material de alta resistencia, carcasa de aluminio anodizado.<\/li>\n<li>Dise\u00f1o sin perno mec\u00e1nico.<\/li>\n<li>Aumente la fuerza de sujeci\u00f3n, mangueras aislantes dobles.<\/li>\n<\/ul>\n<p><img decoding=\"async\" class=\"overview-center-img-web\" src=\"https:\/\/tvc.mx\/media\/525995\/YM60ZPACK---CERRADURA-MAGNETICA-SOPORTE-Z-YL4I.png\" alt=\"\" \/><\/div>\n<\/div>\n<div class=\"row align-items-center padding-bottom-2x\">\n<div class=\"col-md-5\"><img decoding=\"async\" class=\"d-block m-auto img-thumbnail\" src=\"https:\/\/tvc.mx\/media\/541123\/YLI-YM-60N--Cerradura-magn%C3%A9tica-60-kg-P3.png\" alt=\" \" \/><\/div>\n<div class=\"col-md-7 text-md-left text-center\">\n<h2>Especificaciones T\u00e9cnicas<\/h2>\n<p class=\"text-muted\">\n<ul>\n<li>Salida de se\u00f1al: se\u00f1al de bloqueo NO \/ COM (YM-60N-S)<\/li>\n<li>Tama\u00f1o: 80Lx36.5Wx24.1H (mm)<\/li>\n<li>Dimensi\u00f3n de la placa de armadura: 75Lx32Wx10H (mm)<\/li>\n<li>Fuerza de sujeci\u00f3n: 60 kg (120 libras)<\/li>\n<li>Voltaje de entrada: DC12V (DC24V ajustable)<\/li>\n<li>Corriente: 12V \/ 160mA (\u00b1 10%); 24V \/ 80mA (\u00b1 10%)<\/li>\n<li>Adecuado: archivador, vitrina<\/li>\n<li>Temperatura de la superficie: \u2264 + 20 \u2103<\/li>\n<li>Temperatura de funcionamiento: -20 \u2103 ~ + 55 \u2103 (-4\u2014131 \u00b0 F)<\/li>\n<li>Humedad: 0 ~ 95% (sin condensaci\u00f3n)<\/li>\n<li>Acabado de la cubierta: aluminio anodizado<\/li>\n<li>Acabado de bloqueo: zinc<\/li>\n<li>Placa de armadura: Zinc acabado<\/li>\n<li>Peso: 0.5KG<\/li>\n<\/ul>\n<p>&nbsp;<\/p>\n<\/div>\n<\/div>\n<hr class=\"padding-bottom-2x\" \/>\n<div class=\"row align-items-center padding-bottom-2x\">\n<div class=\"col-md-5 order-md-2\"><img decoding=\"async\" class=\"d-block m-auto img-thumbnail\" src=\"https:\/\/tvc.mx\/media\/541131\/YLI-MBK-70Z-Soporte-z-para-cerradura-magn%C3%A9tica-p4.png\" alt=\" \" \/><\/div>\n<div class=\"col-md-7 order-md-1 text-md-left text-center\">\n<h2>Soporte de cerradura magn\u00e9tica para puerta con apertura interior<\/h2>\n<p class=\"text-muted\">\n<p><strong>YLI MBK70Z<\/strong><\/p>\n<p><strong>Especificaciones<\/strong><\/p>\n<ul>\n<li>Dimensiones 75x38x38(mm)<\/li>\n<li>Material Aluminio de alta calidad<\/li>\n<li>Instalaci\u00f3n sobre las puertas<\/li>\n<li>Modo de operaci\u00f3n 90\u00b0<\/li>\n<li>Acabado Aluminio anodizado<\/li>\n<li>Peso 0.30kg<\/li>\n<\/ul>\n<\/div>\n<\/div>\n","protected":false},"excerpt":{"rendered":"<p>Informaci\u00f3n General Cerradura Magn\u00e9tica YM-60N\u00a0 YM-60N\u00a0es una mini cerradura el\u00e9ctrica de una sola puerta, est\u00e1 dise\u00f1ada para vitrinas, puertas de gabinetes y es f\u00e1cil de instalar. La fuerza de sujeci\u00f3n es de\u00a0120 libras. Caracter\u00edsticas Prueba de carga colineal 60 kg, 120 libras. MOV proporciona protecci\u00f3n&hellip;<\/p>\n","protected":false},"featured_media":8197,"comment_status":"open","ping_status":"closed","template":"","meta":{"om_disable_all_campaigns":false,"_monsterinsights_skip_tracking":false,"_monsterinsights_sitenote_active":false,"_monsterinsights_sitenote_note":"","_monsterinsights_sitenote_category":0},"product_brand":[],"product_cat":[752],"product_tag":[81,727,730,66,731,728,729],"class_list":{"0":"post-8198","1":"product","2":"type-product","3":"status-publish","4":"has-post-thumbnail","6":"product_cat-magnetica-cerraduras-yli-acceso-asistencia","7":"product_tag-acceso-y-asistencia","8":"product_tag-cerraduras","9":"product_tag-commax-wulian","10":"product_tag-dahua","11":"product_tag-wejoin","12":"product_tag-yli","13":"product_tag-zkteco","15":"first","16":"instock","17":"sale","18":"taxable","19":"shipping-taxable","20":"purchasable","21":"product-type-simple"},"aioseo_notices":[],"_links":{"self":[{"href":"https:\/\/tecsecmty.com\/index.php\/wp-json\/wp\/v2\/product\/8198","targetHints":{"allow":["GET"]}}],"collection":[{"href":"https:\/\/tecsecmty.com\/index.php\/wp-json\/wp\/v2\/product"}],"about":[{"href":"https:\/\/tecsecmty.com\/index.php\/wp-json\/wp\/v2\/types\/product"}],"replies":[{"embeddable":true,"href":"https:\/\/tecsecmty.com\/index.php\/wp-json\/wp\/v2\/comments?post=8198"}],"version-history":[{"count":0,"href":"https:\/\/tecsecmty.com\/index.php\/wp-json\/wp\/v2\/product\/8198\/revisions"}],"wp:featuredmedia":[{"embeddable":true,"href":"https:\/\/tecsecmty.com\/index.php\/wp-json\/wp\/v2\/media\/8197"}],"wp:attachment":[{"href":"https:\/\/tecsecmty.com\/index.php\/wp-json\/wp\/v2\/media?parent=8198"}],"wp:term":[{"taxonomy":"product_brand","embeddable":true,"href":"https:\/\/tecsecmty.com\/index.php\/wp-json\/wp\/v2\/product_brand?post=8198"},{"taxonomy":"product_cat","embeddable":true,"href":"https:\/\/tecsecmty.com\/index.php\/wp-json\/wp\/v2\/product_cat?post=8198"},{"taxonomy":"product_tag","embeddable":true,"href":"https:\/\/tecsecmty.com\/index.php\/wp-json\/wp\/v2\/product_tag?post=8198"}],"curies":[{"name":"wp","href":"https:\/\/api.w.org\/{rel}","templated":true}]}}