{"id":8200,"date":"2023-02-23T22:19:09","date_gmt":"2023-02-24T04:19:09","guid":{"rendered":"https:\/\/tecsecmty.com\/index.php\/producto\/yli-ym750tled-cerradura-magnetica-de-uso-rudo-con-led-uso-interior-fuerza-de-sujecion-750-kg-1500-lb-con-retardo-de-tiempo-0-3-6-9-seg-voltaje-dual-12v-24-vdc-compatible-con-soporte-mbk\/"},"modified":"2023-03-22T23:25:06","modified_gmt":"2023-03-23T05:25:06","slug":"yli-ym750tled-cerradura-magnetica-de-uso-rudo-con-led-uso-interior-fuerza-de-sujecion-750-kg-1500-lb-con-retardo-de-tiempo-0-3-6-9-seg-voltaje-dual-12v-24-vdc-compatible-con-soporte-mbk","status":"publish","type":"product","link":"https:\/\/tecsecmty.com\/index.php\/producto\/yli-ym750tled-cerradura-magnetica-de-uso-rudo-con-led-uso-interior-fuerza-de-sujecion-750-kg-1500-lb-con-retardo-de-tiempo-0-3-6-9-seg-voltaje-dual-12v-24-vdc-compatible-con-soporte-mbk\/","title":{"rendered":"YLI YM750TLED &#8211; Cerradura Magn\u00e9tica de uso rudo con LED \/ Uso Interior \/ Fuerza de sujeci\u00f3n 750 kg (1500 Lb) \/ Con retardo de tiempo 0\/3\/6\/9 seg. \/ Voltaje Dual 12v\/24 VDC \/ Compatible con Soporte MBK750ZL"},"content":{"rendered":"<div class=\"row aling-items-center padding-bottom-2x\">\n<div class=\"col-lg-12\">\n<h5 class=\"card-title text-center\">INFORMACI\u00d3N GENERAL<\/h5>\n<p class=\"ql-align-justify\">YLI modelo\u00a0<strong>YM750TLED\u00a0<\/strong>es una cerradura magn\u00e9tica o mejor conocida como \u201ccerradura electromagn\u00e9tica\u201d es una de las cerraduras m\u00e1s seguras utilizadas hoy en d\u00eda tanto en oficinas como en la industria, en la cual siempre\u00a0es necesario\u00a0contar con un tipo de control de acceso hacia su personal, clientes y empleados.<\/p>\n<p class=\"ql-align-justify\">Este usa el principio del electroim\u00e1n; mediante electricidad podemos producir energ\u00eda magn\u00e9tica, a grandes rasgos; mediante la corriente el\u00e9ctrica suministrada \u00e9sta chapa se convierte en un poderoso electroim\u00e1n, adhiri\u00e9ndose fuertemente al marco de la puerta al momento en que desee cerrarse la puerta. por lo que cuando la electricidad pasa la hoja de acero de silicio, la cerradura magn\u00e9tica atraer\u00e1 la hoja de hierro tan de cerca como para bloquear la puerta. La electricidad se cortar\u00e1 y luego la cerradura se abrir\u00e1 si el sistema de control de acceso reconoce a una persona.<\/p>\n<p><img decoding=\"async\" class=\"overview-center-img-web\" src=\"https:\/\/tvc.mx\/media\/463432\/YLI-76005-YM750LED-CERRADURA-MAGNETICA-CON-LED-CENTRAL.png\" alt=\"\" \/><\/div>\n<\/div>\n<div class=\"row align-items-center padding-bottom-2x\">\n<div class=\"col-md-5\"><img decoding=\"async\" class=\"d-block m-auto img-thumbnail\" src=\"https:\/\/tvc.mx\/media\/463446\/YLI-76005-YM750LED-CERRADURA-MAGNETICA-CON-LED-IZQ.png\" alt=\" \" \/><\/div>\n<div class=\"col-md-7 text-md-left text-center\">\n<h2>Caracter\u00edsticas Principales<\/h2>\n<p class=\"text-muted\">\n<ul>\n<li>Aumentar seguridad en accesos o puertas controladas<\/li>\n<li>Soporta hasta 750Kg<\/li>\n<li>Conexi\u00f3n Normalmente Cerrado<\/li>\n<li>Uso Rudo<\/li>\n<li>Cuenta con LED de estado<\/li>\n<\/ul>\n<p>&nbsp;<\/p>\n<\/div>\n<\/div>\n<hr class=\"padding-bottom-2x\" \/>\n<div class=\"row align-items-center padding-bottom-2x\">\n<div class=\"col-md-5 order-md-2\"><img decoding=\"async\" class=\"d-block m-auto img-thumbnail\" src=\"https:\/\/tvc.mx\/media\/463462\/YLI-76005-YM750LED-CERRADURA-MAGNETICA-CON-LED-DER.png\" alt=\" \" \/><\/div>\n<div class=\"col-md-7 order-md-1 text-md-left text-center\">\n<h2>Especificaciones T\u00e9cnicas<\/h2>\n<p class=\"text-muted\">\n<ul>\n<li>Tama\u00f1o: 280Lx81.6Wx46H (mm).Placa del inducido: 190Lx70Wx13H (mm).<\/li>\n<li>Soporta: 750kg (1500Lbs).<\/li>\n<li>Voltaje: 12 o 24VDC.<\/li>\n<li>Alimentaci\u00f3n: 12V \/ 420mA o 24V \/ 210mA<\/li>\n<li>Contacto seco de salida de se\u00f1al: corriente de contacto 3A.<\/li>\n<li>Tiempo: 0\/3\/6\/9 seg.<\/li>\n<li>LED: rojo indica que la puerta est\u00e1 desbloqueada, verde indica que la puerta est\u00e1 bloqueada.<\/li>\n<li>Escenarios de instalaci\u00f3n: puerta de madera, puerta de cristal, puerta del metal, puerta incombustible.<\/li>\n<li>Temperatura superficial: \u2264 + 20\u00b0C.<\/li>\n<li>Temperatura de funcionamiento:-10 ~ +55\u00b0C.<\/li>\n<li>Humedad adecuada: 0 ~ 95% (sin condensaci\u00f3n).<\/li>\n<li>Peso: 5.9kg.<\/li>\n<li><\/li>\n<\/ul>\n<p>&nbsp;<\/p>\n<\/div>\n<\/div>\n<hr class=\"padding-bottom-2x\" \/>\n<div class=\"row align-items-center padding-bottom-2x\">\n<div class=\"col-md-5\"><img decoding=\"async\" class=\"d-block m-auto img-thumbnail\" src=\"https:\/\/tvc.mx\/media\/463466\/YLI-76005-YM750LED-CERRADURA-MAGNETICA-CON-LED-INCLUYE.png\" alt=\" \" \/><\/div>\n<div class=\"col-md-7 text-md-left text-center\">\n<h2>Incluye<\/h2>\n<p class=\"text-muted\">\n<ul>\n<li>Cerradura magn\u00e9tica<\/li>\n<li>Contra chapa<\/li>\n<\/ul>\n<\/div>\n<\/div>\n","protected":false},"excerpt":{"rendered":"<p>INFORMACI\u00d3N GENERAL YLI modelo\u00a0YM750TLED\u00a0es una cerradura magn\u00e9tica o mejor conocida como \u201ccerradura electromagn\u00e9tica\u201d es una de las cerraduras m\u00e1s seguras utilizadas hoy en d\u00eda tanto en oficinas como en la industria, en la cual siempre\u00a0es necesario\u00a0contar con un tipo de control de acceso hacia su&hellip;<\/p>\n","protected":false},"featured_media":8199,"comment_status":"open","ping_status":"closed","template":"","meta":{"om_disable_all_campaigns":false,"_monsterinsights_skip_tracking":false,"_monsterinsights_sitenote_active":false,"_monsterinsights_sitenote_note":"","_monsterinsights_sitenote_category":0},"product_brand":[],"product_cat":[752],"product_tag":[81,727,730,66,731,728,729],"class_list":{"0":"post-8200","1":"product","2":"type-product","3":"status-publish","4":"has-post-thumbnail","6":"product_cat-magnetica-cerraduras-yli-acceso-asistencia","7":"product_tag-acceso-y-asistencia","8":"product_tag-cerraduras","9":"product_tag-commax-wulian","10":"product_tag-dahua","11":"product_tag-wejoin","12":"product_tag-yli","13":"product_tag-zkteco","15":"first","16":"instock","17":"sale","18":"taxable","19":"shipping-taxable","20":"purchasable","21":"product-type-simple"},"aioseo_notices":[],"_links":{"self":[{"href":"https:\/\/tecsecmty.com\/index.php\/wp-json\/wp\/v2\/product\/8200","targetHints":{"allow":["GET"]}}],"collection":[{"href":"https:\/\/tecsecmty.com\/index.php\/wp-json\/wp\/v2\/product"}],"about":[{"href":"https:\/\/tecsecmty.com\/index.php\/wp-json\/wp\/v2\/types\/product"}],"replies":[{"embeddable":true,"href":"https:\/\/tecsecmty.com\/index.php\/wp-json\/wp\/v2\/comments?post=8200"}],"version-history":[{"count":0,"href":"https:\/\/tecsecmty.com\/index.php\/wp-json\/wp\/v2\/product\/8200\/revisions"}],"wp:featuredmedia":[{"embeddable":true,"href":"https:\/\/tecsecmty.com\/index.php\/wp-json\/wp\/v2\/media\/8199"}],"wp:attachment":[{"href":"https:\/\/tecsecmty.com\/index.php\/wp-json\/wp\/v2\/media?parent=8200"}],"wp:term":[{"taxonomy":"product_brand","embeddable":true,"href":"https:\/\/tecsecmty.com\/index.php\/wp-json\/wp\/v2\/product_brand?post=8200"},{"taxonomy":"product_cat","embeddable":true,"href":"https:\/\/tecsecmty.com\/index.php\/wp-json\/wp\/v2\/product_cat?post=8200"},{"taxonomy":"product_tag","embeddable":true,"href":"https:\/\/tecsecmty.com\/index.php\/wp-json\/wp\/v2\/product_tag?post=8200"}],"curies":[{"name":"wp","href":"https:\/\/api.w.org\/{rel}","templated":true}]}}