{"id":8204,"date":"2023-02-23T22:19:13","date_gmt":"2023-02-24T04:19:13","guid":{"rendered":"https:\/\/tecsecmty.com\/index.php\/producto\/zkteco-lm120-contrachapa-magnetica-de-120-kg-para-puertas-de-madera-vidrio-o-metal-requiere-alimentacion-a-12vdc-y-conexion-nc-desde-su-sistema-de-control-de-acceso\/"},"modified":"2023-03-22T23:25:25","modified_gmt":"2023-03-23T05:25:25","slug":"zkteco-lm120-contrachapa-magnetica-de-120-kg-para-puertas-de-madera-vidrio-o-metal-requiere-alimentacion-a-12vdc-y-conexion-nc-desde-su-sistema-de-control-de-acceso","status":"publish","type":"product","link":"https:\/\/tecsecmty.com\/index.php\/producto\/zkteco-lm120-contrachapa-magnetica-de-120-kg-para-puertas-de-madera-vidrio-o-metal-requiere-alimentacion-a-12vdc-y-conexion-nc-desde-su-sistema-de-control-de-acceso\/","title":{"rendered":"ZKTECO LM120 &#8211; Contrachapa magn\u00e9tica de 120 Kg, para puertas de madera, vidrio o metal, requiere alimentaci\u00f3n a 12VDC y conexi\u00f3n NC desde su sistema de control de Acceso"},"content":{"rendered":"<div class=\"row aling-items-center padding-bottom-2x\">\n<div class=\"col-lg-12\">\n<h5 class=\"card-title text-center\">Informaci\u00f3n general<\/h5>\n<p>La cerradura electromagn\u00e9tica ZKTeco LM120 est\u00e1 dise\u00f1ada para instalaci\u00f3n en superficie en puertas internas de metal, pl\u00e1stico, metal-pl\u00e1stico o madera. Fuerza de sujeci\u00f3n de hasta 120 kg.<\/p>\n<p>Cerradura electromagn\u00e9tica ZKTeco LM120 y sensor de control de puerta 120 Kg.<\/p>\n<p><img decoding=\"async\" class=\"overview-center-img-web\" src=\"https:\/\/tvc.mx\/media\/360095\/Cerradura-magn%C3%A9tica-con-indicador-LED-con-fuerza-de-sujeci%C3%B3n-de-200-Kg-para-utilizar-en-sistemas-de-control-de-acceso-para-puertas-de-madera-metal-o-vidrio-ZKTECO-LM2805-ZKTECO-LM2805-OV1.png\" alt=\"\" \/><\/div>\n<\/div>\n<div class=\"row align-items-center padding-bottom-2x\">\n<div class=\"col-md-5 order-md-2\"><img decoding=\"async\" class=\"d-block m-auto img-thumbnail\" src=\"https:\/\/tvc.mx\/media\/360111\/Cerradura-magn%C3%A9tica-con-fuerza-de-sujeci%C3%B3n-de-120-Kg-para-utilizar-en-puertas-de-madera-vidrio-y-metal-alimentaci%C3%B3n-a-12VDC-puede-usarse-en-sistemas-de-control-de-Acceso-ZKTECO.png\" alt=\" \" \/><\/div>\n<div class=\"col-md-7 order-md-1 text-md-left text-center\">\n<h2>Especificaciones<\/h2>\n<p class=\"text-muted\">\n<ul>\n<li>Cuando la alimentaci\u00f3n es interrumpida (<strong>Fail Safe<\/strong>), el dispositivo de bloqueo electr\u00f3nico es liberado (unlocked = desbloqueado).<\/li>\n<li>Fuerza de retenci\u00f3n 120Kg (264Lbs).<\/li>\n<li>Voltaje 12V \/ 500mA.<\/li>\n<li>Tama\u00f1o 170L * 38.5A * 21D (mm); Tama\u00f1o de la placa met\u00e1lica: 130L * 33A * 11D (mm)<\/li>\n<li>Instalaci\u00f3n para todo tipo de puertas de madera, metal, puertas de vidrio.<\/li>\n<li>Rel\u00e9s de 500mA \/ 24VDC; el peso es de aproximadamente 2,5 kg<\/li>\n<li>05 cables de se\u00f1al: 1 par de cable de alimentaci\u00f3n (+\/-); Estado de la puerta de tres cables (NO \/ NC \/ COM)<\/li>\n<\/ul>\n<p>&nbsp;<\/p>\n<\/div>\n<\/div>\n<hr class=\"padding-bottom-2x\" \/>\n<div class=\"row align-items-center padding-bottom-2x\">\n<div class=\"col-md-5 order-md-2\"><img decoding=\"async\" class=\"d-block m-auto img-thumbnail\" src=\"https:\/\/tvc.mx\/media\/360115\/Cerradura-magn%C3%A9tica-con-fuerza-de-sujeci%C3%B3n-de-120-Kg-para-utilizar-en-puertas-de-madera-vidrio-y-metal-alimentaci%C3%B3n-a-12VDC-puede-usarse-en-sistemas-de-control-de-Acceso-ZKTECO-L---copia.png\" alt=\" \" \/><\/div>\n<div class=\"col-md-7 order-md-1 text-md-left text-center\">\n<h2>Funciones<\/h2>\n<p class=\"text-muted\">\n<p>El principio de funcionamiento del dispositivo se basa en la atracci\u00f3n magn\u00e9tica. La cerradura consiste en un bloque con un electroim\u00e1n y un percutor, una unidad con un electroim\u00e1n est\u00e1 instalada en el marco de la puerta y un percutor est\u00e1 instalado en la puerta. Cuando se aplica energ\u00eda, la cerradura magnetiza y sujeta la placa de la cerradura, bloqueando la puerta. En ausencia de energ\u00eda, la cerradura se abre, lo que cumple con los requisitos de seguridad contra incendios. Para compensar el algod\u00f3n al cerrar la puerta, se proporciona una junta de goma en el percutor<\/p>\n<p>&nbsp;<\/p>\n<\/div>\n<\/div>\n<hr class=\"padding-bottom-2x\" \/>\n<div class=\"row align-items-center padding-bottom-2x\">\n<div class=\"col-md-5\"><img decoding=\"async\" class=\"d-block m-auto img-thumbnail\" src=\"https:\/\/tvc.mx\/media\/360119\/Cerradura-magn%C3%A9tica-con-fuerza-de-sujeci%C3%B3n-de-120-Kg-para-utilizar-en-puertas-de-madera-vidrio-y-metal-alimentaci%C3%B3n-a-12VDC-puede-usarse-en-sistemas-de-control-de-Acceso-ZKTECO-L---7.png\" alt=\" \" \/><\/div>\n<div class=\"col-md-7 text-md-left text-center\">\n<h2>Caracter\u00edsticas<\/h2>\n<p class=\"text-muted\">\n<ul>\n<li>Fuerza de sujeci\u00f3n a la rotura 120 kg;<\/li>\n<li>Fuente de alimentaci\u00f3n 12 V \/ 500 mA.;<\/li>\n<li>Instalaci\u00f3n montada en superficie.<\/li>\n<\/ul>\n<p>&nbsp;<\/p>\n<\/div>\n<\/div>\n<hr class=\"padding-bottom-2x\" \/>\n<div class=\"row align-items-center padding-bottom-2x\">\n<div class=\"col-md-5\"><img decoding=\"async\" class=\"d-block m-auto img-thumbnail\" src=\"https:\/\/tvc.mx\/media\/568431\/Soporte-de-fijaci%C3%B3n-en-ZL-para-contrachapa-magn%C3%A9tica-LM120ZL-ZKTeco-TVC-O4.png\" alt=\" \" \/><\/div>\n<div class=\"col-md-7 text-md-left text-center\">\n<h2>Incluye<\/h2>\n<p class=\"text-muted\">\n<ul>\n<li>Contrachapa magn\u00e9tica de 120 Kg.<\/li>\n<li>Accesorios de fijaci\u00f3n.<\/li>\n<li>Manual.<\/li>\n<\/ul>\n<\/div>\n<\/div>\n","protected":false},"excerpt":{"rendered":"<p>Informaci\u00f3n general La cerradura electromagn\u00e9tica ZKTeco LM120 est\u00e1 dise\u00f1ada para instalaci\u00f3n en superficie en puertas internas de metal, pl\u00e1stico, metal-pl\u00e1stico o madera. Fuerza de sujeci\u00f3n de hasta 120 kg. Cerradura electromagn\u00e9tica ZKTeco LM120 y sensor de control de puerta 120 Kg. Especificaciones Cuando la alimentaci\u00f3n&hellip;<\/p>\n","protected":false},"featured_media":8203,"comment_status":"open","ping_status":"closed","template":"","meta":{"om_disable_all_campaigns":false,"_monsterinsights_skip_tracking":false,"_monsterinsights_sitenote_active":false,"_monsterinsights_sitenote_note":"","_monsterinsights_sitenote_category":0},"product_brand":[],"product_cat":[753],"product_tag":[81,727,730,66,731,728,729],"class_list":{"0":"post-8204","1":"product","2":"type-product","3":"status-publish","4":"has-post-thumbnail","6":"product_cat-magnetica-cerraduras-zkteco-acceso-asistencia","7":"product_tag-acceso-y-asistencia","8":"product_tag-cerraduras","9":"product_tag-commax-wulian","10":"product_tag-dahua","11":"product_tag-wejoin","12":"product_tag-yli","13":"product_tag-zkteco","15":"first","16":"instock","17":"sale","18":"taxable","19":"shipping-taxable","20":"purchasable","21":"product-type-simple"},"aioseo_notices":[],"_links":{"self":[{"href":"https:\/\/tecsecmty.com\/index.php\/wp-json\/wp\/v2\/product\/8204","targetHints":{"allow":["GET"]}}],"collection":[{"href":"https:\/\/tecsecmty.com\/index.php\/wp-json\/wp\/v2\/product"}],"about":[{"href":"https:\/\/tecsecmty.com\/index.php\/wp-json\/wp\/v2\/types\/product"}],"replies":[{"embeddable":true,"href":"https:\/\/tecsecmty.com\/index.php\/wp-json\/wp\/v2\/comments?post=8204"}],"version-history":[{"count":0,"href":"https:\/\/tecsecmty.com\/index.php\/wp-json\/wp\/v2\/product\/8204\/revisions"}],"wp:featuredmedia":[{"embeddable":true,"href":"https:\/\/tecsecmty.com\/index.php\/wp-json\/wp\/v2\/media\/8203"}],"wp:attachment":[{"href":"https:\/\/tecsecmty.com\/index.php\/wp-json\/wp\/v2\/media?parent=8204"}],"wp:term":[{"taxonomy":"product_brand","embeddable":true,"href":"https:\/\/tecsecmty.com\/index.php\/wp-json\/wp\/v2\/product_brand?post=8204"},{"taxonomy":"product_cat","embeddable":true,"href":"https:\/\/tecsecmty.com\/index.php\/wp-json\/wp\/v2\/product_cat?post=8204"},{"taxonomy":"product_tag","embeddable":true,"href":"https:\/\/tecsecmty.com\/index.php\/wp-json\/wp\/v2\/product_tag?post=8204"}],"curies":[{"name":"wp","href":"https:\/\/api.w.org\/{rel}","templated":true}]}}