{"id":8206,"date":"2023-02-23T22:19:17","date_gmt":"2023-02-24T04:19:17","guid":{"rendered":"https:\/\/tecsecmty.com\/index.php\/producto\/zkteco-lm120pak-paquete-de-contrachapa-magnetica-de-120-kg-voltaje-de-12vdc-incluye-soporte-zl-para-su-instalacion-compatible-para-puertas-de-madera-y-metal\/"},"modified":"2023-03-22T23:25:25","modified_gmt":"2023-03-23T05:25:25","slug":"zkteco-lm120pak-paquete-de-contrachapa-magnetica-de-120-kg-voltaje-de-12vdc-incluye-soporte-zl-para-su-instalacion-compatible-para-puertas-de-madera-y-metal","status":"publish","type":"product","link":"https:\/\/tecsecmty.com\/index.php\/producto\/zkteco-lm120pak-paquete-de-contrachapa-magnetica-de-120-kg-voltaje-de-12vdc-incluye-soporte-zl-para-su-instalacion-compatible-para-puertas-de-madera-y-metal\/","title":{"rendered":"ZKTECO LM120PAK &#8211; Paquete de contrachapa magn\u00e9tica de 120 kg, voltaje de 12VDC incluye soporte ZL para su instalaci\u00f3n, compatible para puertas de madera y metal"},"content":{"rendered":"<div class=\"row aling-items-center padding-bottom-2x\">\n<div class=\"col-lg-12\">\n<h5 class=\"card-title text-center\">Informaci\u00f3n general<\/h5>\n<p>Les damos a conocer nuestro nuevo paquete de cerradura magn\u00e9tica de\u00a0<strong>120 kg<\/strong>\u00a0o\u00a0<strong>264 lbs<\/strong>\u00a0modelo\u00a0<strong>LM120\u00a0<\/strong>y nuestro soporte\u00a0<strong>LMB120ZL<\/strong>, la cerradura magn\u00e9tica cuenta con entradas para conexi\u00f3n de sensor de puerta, el voltaje que maneja de\u00a0<strong>12VDC<\/strong>, nuestro soporte de\u00a0<strong>ZL\u00a0<\/strong>incluye sus accesorios para su instalaci\u00f3n.<\/p>\n<p>El paquete incluye lo siguiente:<\/p>\n<ul>\n<li>1 cerradura magn\u00e9tica de la marca ZKTeco modelo\u00a0<strong>LM120<\/strong><\/li>\n<li>1 Soporte en ZL de la marca ZKTeco modelo\u00a0<strong>LMB120ZL<\/strong><\/li>\n<\/ul>\n<p><img decoding=\"async\" class=\"overview-center-img-web\" src=\"https:\/\/tvc.mx\/media\/108013\/ZKT0850004.jpg\" alt=\"\" \/><\/div>\n<\/div>\n<div class=\"row align-items-center padding-bottom-2x\">\n<div class=\"col-md-5\"><img decoding=\"async\" class=\"d-block m-auto img-thumbnail\" src=\"https:\/\/tvc.mx\/media\/108129\/ZKT0850005.jpg\" alt=\" \" \/><\/div>\n<div class=\"col-md-7 text-md-left text-center\">\n<h2>Cerradura magn\u00e9tica<\/h2>\n<p class=\"text-muted\">\n<p>La cerradura electromagn\u00e9tica ZKTeco LM120 est\u00e1 dise\u00f1ada para instalaci\u00f3n en superficie en puertas internas de metal, pl\u00e1stico, metal-pl\u00e1stico o madera. Fuerza de sujeci\u00f3n de hasta 120 kg.<\/p>\n<p>&nbsp;<\/p>\n<\/div>\n<\/div>\n<hr class=\"padding-bottom-2x\" \/>\n<div class=\"row align-items-center padding-bottom-2x\">\n<div class=\"col-md-5 order-md-2\"><img decoding=\"async\" class=\"d-block m-auto img-thumbnail\" src=\"https:\/\/tvc.mx\/media\/108133\/ZKT0850001-2.jpg\" alt=\" \" \/><\/div>\n<div class=\"col-md-7 order-md-1 text-md-left text-center\">\n<h2>Especificaciones<\/h2>\n<p class=\"text-muted\">\n<ul>\n<li>Cuando la alimentaci\u00f3n es interrumpida (Fail Safe), el dispositivo de bloqueo electr\u00f3nico es liberado (unlocked = desbloqueado).<\/li>\n<li>Fuerza de retenci\u00f3n 120Kg (264 Lbs).<\/li>\n<li>Voltaje 12V \/ 500mA.<\/li>\n<li>Tama\u00f1o 170L * 38.5A * 21D (mm); Tama\u00f1o de la placa met\u00e1lica: 130L * 33A * 11D (mm)<\/li>\n<li>Instalaci\u00f3n para todo tipo de puertas de madera, metal, puertas de vidrio.<\/li>\n<li>Rel\u00e9s de 500mA \/ 24VDC; el peso es de aproximadamente 2,5 kg<\/li>\n<li>05 cables de se\u00f1al: 1 par de cable de alimentaci\u00f3n (+\/-); Estado de la puerta de tres cables (NO \/ NC \/ COM)<\/li>\n<\/ul>\n<p>&nbsp;<\/p>\n<\/div>\n<\/div>\n<hr class=\"padding-bottom-2x\" \/>\n<div class=\"row align-items-center padding-bottom-2x\">\n<div class=\"col-md-5\"><img decoding=\"async\" class=\"d-block m-auto img-thumbnail\" src=\"https:\/\/tvc.mx\/media\/108137\/ZKT0850002-3.jpg\" alt=\" \" \/><\/div>\n<div class=\"col-md-7 text-md-left text-center\">\n<h2>Funciones<\/h2>\n<p class=\"text-muted\">\n<p>El principio de funcionamiento del dispositivo se basa en la atracci\u00f3n magn\u00e9tica. La cerradura consiste en un bloque con un electro-im\u00e1n y un percutor, una unidad con un electro-im\u00e1n est\u00e1 instalada en el marco de la puerta y un percutor est\u00e1 instalado en la puerta. Cuando se aplica energ\u00eda, la cerradura magnetiza y sujeta la placa de la cerradura, bloqueando la puerta. En ausencia de energ\u00eda, la cerradura se abre, lo que cumple con los requisitos de seguridad contra incendios. Para compensar el algod\u00f3n al cerrar la puerta, se proporciona una junta de goma en el percutor<\/p>\n<p>&nbsp;<\/p>\n<\/div>\n<\/div>\n<hr class=\"padding-bottom-2x\" \/>\n<div class=\"row align-items-center padding-bottom-2x\">\n<div class=\"col-md-5 order-md-2\"><img decoding=\"async\" class=\"d-block m-auto img-thumbnail\" src=\"https:\/\/tvc.mx\/media\/108141\/ZKT0850005-1.jpg\" alt=\" \" \/><\/div>\n<div class=\"col-md-7 order-md-1 text-md-left text-center\">\n<h2>Caracter\u00edsticas<\/h2>\n<p class=\"text-muted\">\n<ul>\n<li>Fuerza de sujeci\u00f3n a la rotura 120 kg;<\/li>\n<li>Equipado con un sensor de estado de la puerta;<\/li>\n<li>Fuente de alimentaci\u00f3n 12 V \/ 500 mA.;<\/li>\n<li>Instalaci\u00f3n montada en superficie.<\/li>\n<\/ul>\n<p>&nbsp;<\/p>\n<\/div>\n<\/div>\n<hr class=\"padding-bottom-2x\" \/>\n<div class=\"row align-items-center padding-bottom-2x\">\n<div class=\"col-md-5\"><img decoding=\"async\" class=\"d-block m-auto img-thumbnail\" src=\"https:\/\/tvc.mx\/media\/108145\/ZKT0850004--2.jpg\" alt=\" \" \/><\/div>\n<div class=\"col-md-7 text-md-left text-center\">\n<h2>Informaci\u00f3n general del soporte<\/h2>\n<p class=\"text-muted\">\n<p>El soporte en Z. \u00a1Son fuertes, confiables y de buen precio! Se requieren soportes L y Z para aplicaciones de puertas con apertura de 90\u00b0.<\/p>\n<p>El soporte \u00abL\u00bb se usa para montar la cerradura magn\u00e9tica sobre la puerta y el soporte \u00abZ\u00bb se une a la puerta para alinear la placa de armadura con el im\u00e1n.<\/p>\n<p>Se utilizan para la conversi\u00f3n de cerraduras de oscilaci\u00f3n est\u00e1ndar para adaptarse a las aplicaciones de oscilaci\u00f3n. Nuestros soportes aseguran que el im\u00e1n permanezca en el lado protegido de las puertas.<\/p>\n<p>El soporte en L se usa para fijar el im\u00e1n a la jamba para adaptarse a las aplicaciones t\u00edpicas de puertas de apertura hacia afuera.<\/p>\n<p>Los soportes deben combinarse con nuestras cerraduras magn\u00e9ticas para aplicaciones en puertas batientes. Nuestras cerraduras magn\u00e9ticas son excelentes para \u00e1reas de tr\u00e1fico bajo, medio y alto, como oficinas, tiendas de conveniencia, entradas y salidas de edificios.<\/p>\n<p>&nbsp;<\/p>\n<\/div>\n<\/div>\n<hr class=\"padding-bottom-2x\" \/>\n<div class=\"row align-items-center padding-bottom-2x\">\n<div class=\"col-md-5 order-md-2\"><img decoding=\"async\" class=\"d-block m-auto img-thumbnail\" src=\"https:\/\/tvc.mx\/media\/108149\/ZKT0850004-1.jpg\" alt=\" \" \/><\/div>\n<div class=\"col-md-7 order-md-1 text-md-left text-center\">\n<h2>Caracter\u00edsticas<\/h2>\n<p class=\"text-muted\">\n<ul>\n<li>Adecuado para: puerta de madera o aluminio<\/li>\n<li>Modo abierto: puerta 90 grados.<\/li>\n<li>Completo para carcasa: Aluminio anodizado.<\/li>\n<\/ul>\n<p>&nbsp;<\/p>\n<\/div>\n<\/div>\n<hr class=\"padding-bottom-2x\" \/>\n<div class=\"row align-items-center padding-bottom-2x\">\n<div class=\"col-md-5\"><img decoding=\"async\" class=\"d-block m-auto img-thumbnail\" src=\"https:\/\/tvc.mx\/media\/108153\/ZKT0850005-2.jpg\" alt=\" \" \/><\/div>\n<div class=\"col-md-7 text-md-left text-center\">\n<h2>Funciones<\/h2>\n<p class=\"text-muted\">\n<ul>\n<li>Adecuado para:\u00a0LM120<\/li>\n<li>Modo de apertura : Puerta de 90\u00b0<\/li>\n<li>Material: Aluminio anodizado<\/li>\n<\/ul>\n<\/div>\n<\/div>\n","protected":false},"excerpt":{"rendered":"<p>Informaci\u00f3n general Les damos a conocer nuestro nuevo paquete de cerradura magn\u00e9tica de\u00a0120 kg\u00a0o\u00a0264 lbs\u00a0modelo\u00a0LM120\u00a0y nuestro soporte\u00a0LMB120ZL, la cerradura magn\u00e9tica cuenta con entradas para conexi\u00f3n de sensor de puerta, el voltaje que maneja de\u00a012VDC, nuestro soporte de\u00a0ZL\u00a0incluye sus accesorios para su instalaci\u00f3n. El paquete incluye&hellip;<\/p>\n","protected":false},"featured_media":8205,"comment_status":"open","ping_status":"closed","template":"","meta":{"om_disable_all_campaigns":false,"_monsterinsights_skip_tracking":false,"_monsterinsights_sitenote_active":false,"_monsterinsights_sitenote_note":"","_monsterinsights_sitenote_category":0},"product_brand":[],"product_cat":[753],"product_tag":[81,727,730,66,731,728,729],"class_list":{"0":"post-8206","1":"product","2":"type-product","3":"status-publish","4":"has-post-thumbnail","6":"product_cat-magnetica-cerraduras-zkteco-acceso-asistencia","7":"product_tag-acceso-y-asistencia","8":"product_tag-cerraduras","9":"product_tag-commax-wulian","10":"product_tag-dahua","11":"product_tag-wejoin","12":"product_tag-yli","13":"product_tag-zkteco","15":"first","16":"instock","17":"sale","18":"taxable","19":"shipping-taxable","20":"purchasable","21":"product-type-simple"},"aioseo_notices":[],"_links":{"self":[{"href":"https:\/\/tecsecmty.com\/index.php\/wp-json\/wp\/v2\/product\/8206","targetHints":{"allow":["GET"]}}],"collection":[{"href":"https:\/\/tecsecmty.com\/index.php\/wp-json\/wp\/v2\/product"}],"about":[{"href":"https:\/\/tecsecmty.com\/index.php\/wp-json\/wp\/v2\/types\/product"}],"replies":[{"embeddable":true,"href":"https:\/\/tecsecmty.com\/index.php\/wp-json\/wp\/v2\/comments?post=8206"}],"version-history":[{"count":0,"href":"https:\/\/tecsecmty.com\/index.php\/wp-json\/wp\/v2\/product\/8206\/revisions"}],"wp:featuredmedia":[{"embeddable":true,"href":"https:\/\/tecsecmty.com\/index.php\/wp-json\/wp\/v2\/media\/8205"}],"wp:attachment":[{"href":"https:\/\/tecsecmty.com\/index.php\/wp-json\/wp\/v2\/media?parent=8206"}],"wp:term":[{"taxonomy":"product_brand","embeddable":true,"href":"https:\/\/tecsecmty.com\/index.php\/wp-json\/wp\/v2\/product_brand?post=8206"},{"taxonomy":"product_cat","embeddable":true,"href":"https:\/\/tecsecmty.com\/index.php\/wp-json\/wp\/v2\/product_cat?post=8206"},{"taxonomy":"product_tag","embeddable":true,"href":"https:\/\/tecsecmty.com\/index.php\/wp-json\/wp\/v2\/product_tag?post=8206"}],"curies":[{"name":"wp","href":"https:\/\/api.w.org\/{rel}","templated":true}]}}