{"id":8214,"date":"2023-02-23T22:19:25","date_gmt":"2023-02-24T04:19:25","guid":{"rendered":"https:\/\/tecsecmty.com\/index.php\/producto\/zkteco-lm200ledsu-paquete-de-contrachapa-magnetica-de-200-kg-a-12-vdc-con-senal-nc-que-incluye-soporte-en-u-para-colocacion-en-puertas-de-vidrio\/"},"modified":"2023-03-22T23:25:25","modified_gmt":"2023-03-23T05:25:25","slug":"zkteco-lm200ledsu-paquete-de-contrachapa-magnetica-de-200-kg-a-12-vdc-con-senal-nc-que-incluye-soporte-en-u-para-colocacion-en-puertas-de-vidrio","status":"publish","type":"product","link":"https:\/\/tecsecmty.com\/index.php\/producto\/zkteco-lm200ledsu-paquete-de-contrachapa-magnetica-de-200-kg-a-12-vdc-con-senal-nc-que-incluye-soporte-en-u-para-colocacion-en-puertas-de-vidrio\/","title":{"rendered":"ZKTECO LM200LEDSU &#8211; Paquete de contrachapa magn\u00e9tica de 200 Kg a 12 VDC con se\u00f1al NC que incluye soporte en U para colocaci\u00f3n en puertas de vidrio"},"content":{"rendered":"<div class=\"row aling-items-center padding-bottom-2x\">\n<div class=\"col-lg-12\">\n<h5 class=\"card-title text-center\">Descripci\u00f3n<\/h5>\n<p>La cerradura magn\u00e9tica\u00a0<strong>LM200LED<\/strong>\u00a0de 200 Kg es una cerradura dise\u00f1ada para ser colocada en puertas sin marco, ideales para utilizar en puertas con marco de cristal.<\/p>\n<p><strong>Caracter\u00edsticas principales:<\/strong><\/p>\n<ul>\n<li>Cerradura magn\u00e9tica<\/li>\n<li>Voltaje de entrada: DC12V<\/li>\n<li>Rango de fuerza de tracci\u00f3n: 200Kg<\/li>\n<li>Tama\u00f1o del cuerpo de la cerradura: 250 \u00d7 47 \u00d7 25.5 mm Tama\u00f1o de<\/li>\n<li>la placa de hierro: 180L \u00d7 38A \u00d7 11D mm<\/li>\n<li>Salida de se\u00f1al de retro-alimentaci\u00f3n Con detector LED de potencia<\/li>\n<li>Adecuado para: Vidrio de puerta<\/li>\n<\/ul>\n<p><strong>Especificaciones T\u00e9cnicas:<\/strong><\/p>\n<ul>\n<li>Fuerza de retenci\u00f3n 200Kg (440Lbs).<\/li>\n<li>Indicadores LED que indican el estado de la puerta.<\/li>\n<li>Voltaje 420mA @ 12V<\/li>\n<li>Tama\u00f1o 250L * 47W * 25.5H (mm); Tama\u00f1o magn\u00e9tico de la mejilla: 180L * 38W * 11H (mm)<\/li>\n<li>Instalaci\u00f3n para todo tipo de puertas de madera, metal, puertas de vidrio, puertas ign\u00edfugas.<\/li>\n<li>02 cables de se\u00f1al: 1 par de cable de alimentaci\u00f3n (+\/-)<\/li>\n<li>Peso 1.9kg.<\/li>\n<li>Marca ZKTeco<\/li>\n<\/ul>\n<p><img decoding=\"async\" class=\"overview-center-img-web\" src=\"https:\/\/tvc.mx\/media\/260831\/Cerradura-magn%C3%A9tica-con-indicador-LED-200KG-LM2805-ZKT-TVC-Overviews1.png\" alt=\"\" \/><\/div>\n<\/div>\n<div class=\"row aling-items-center padding-bottom-2x\">\n<div class=\"col-lg-12\">\n<h5 class=\"card-title text-center\">Descripci\u00f3n<\/h5>\n<p>El soporte\u00a0<strong>LMB200U\u00a0<\/strong>compatible con las chapas de 200 Kg ideal para ser complementado cerradura magn\u00e9tica en puertas con marco de cristal.<\/p>\n<p><strong>Caracter\u00edsticas principales:<\/strong><\/p>\n<ul>\n<li>Adecuado para puerta: puerta<\/li>\n<li>Modo abierto: puerta 90 grados.<\/li>\n<li>Completo para carcasa: Aluminio anodizado.<\/li>\n<li>Adecuado para bloqueo magn\u00e9tico de 200 KG.<\/li>\n<\/ul>\n<p><strong>Especificaciones T\u00e9cnicas:<\/strong><\/p>\n<ul>\n<li>Dimensiones de Cerradura: 250L * 47A * 25.5D mm<\/li>\n<li>Dimensiones de la placa: 180L * 38A * 11D mm<\/li>\n<li>Fuerza de retenci\u00f3n: 280 kg (600 lb)<\/li>\n<li>Consumo de corriente: 420 mA a 12 V<\/li>\n<li>Peso: 1.9 KG<\/li>\n<li>Acabado del electro-im\u00e1n: Zinc,<\/li>\n<li>Acabado del plato: Zinc.<\/li>\n<\/ul>\n<p><img decoding=\"async\" class=\"overview-center-img-web\" src=\"https:\/\/tvc.mx\/media\/260835\/Soporte-U-para-puertas-sin-marco-para-cerradura-magn%C3%A9tica-LMB280U-ZKT-TVC-Overviews1.1.png\" alt=\"\" \/><\/div>\n<\/div>\n","protected":false},"excerpt":{"rendered":"<p>Descripci\u00f3n La cerradura magn\u00e9tica\u00a0LM200LED\u00a0de 200 Kg es una cerradura dise\u00f1ada para ser colocada en puertas sin marco, ideales para utilizar en puertas con marco de cristal. Caracter\u00edsticas principales: Cerradura magn\u00e9tica Voltaje de entrada: DC12V Rango de fuerza de tracci\u00f3n: 200Kg Tama\u00f1o del cuerpo de la&hellip;<\/p>\n","protected":false},"featured_media":8213,"comment_status":"open","ping_status":"closed","template":"","meta":{"om_disable_all_campaigns":false,"_monsterinsights_skip_tracking":false,"_monsterinsights_sitenote_active":false,"_monsterinsights_sitenote_note":"","_monsterinsights_sitenote_category":0},"product_brand":[],"product_cat":[753],"product_tag":[81,727,730,66,731,728,729],"class_list":{"0":"post-8214","1":"product","2":"type-product","3":"status-publish","4":"has-post-thumbnail","6":"product_cat-magnetica-cerraduras-zkteco-acceso-asistencia","7":"product_tag-acceso-y-asistencia","8":"product_tag-cerraduras","9":"product_tag-commax-wulian","10":"product_tag-dahua","11":"product_tag-wejoin","12":"product_tag-yli","13":"product_tag-zkteco","15":"first","16":"instock","17":"sale","18":"taxable","19":"shipping-taxable","20":"purchasable","21":"product-type-simple"},"aioseo_notices":[],"_links":{"self":[{"href":"https:\/\/tecsecmty.com\/index.php\/wp-json\/wp\/v2\/product\/8214","targetHints":{"allow":["GET"]}}],"collection":[{"href":"https:\/\/tecsecmty.com\/index.php\/wp-json\/wp\/v2\/product"}],"about":[{"href":"https:\/\/tecsecmty.com\/index.php\/wp-json\/wp\/v2\/types\/product"}],"replies":[{"embeddable":true,"href":"https:\/\/tecsecmty.com\/index.php\/wp-json\/wp\/v2\/comments?post=8214"}],"version-history":[{"count":0,"href":"https:\/\/tecsecmty.com\/index.php\/wp-json\/wp\/v2\/product\/8214\/revisions"}],"wp:featuredmedia":[{"embeddable":true,"href":"https:\/\/tecsecmty.com\/index.php\/wp-json\/wp\/v2\/media\/8213"}],"wp:attachment":[{"href":"https:\/\/tecsecmty.com\/index.php\/wp-json\/wp\/v2\/media?parent=8214"}],"wp:term":[{"taxonomy":"product_brand","embeddable":true,"href":"https:\/\/tecsecmty.com\/index.php\/wp-json\/wp\/v2\/product_brand?post=8214"},{"taxonomy":"product_cat","embeddable":true,"href":"https:\/\/tecsecmty.com\/index.php\/wp-json\/wp\/v2\/product_cat?post=8214"},{"taxonomy":"product_tag","embeddable":true,"href":"https:\/\/tecsecmty.com\/index.php\/wp-json\/wp\/v2\/product_tag?post=8214"}],"curies":[{"name":"wp","href":"https:\/\/api.w.org\/{rel}","templated":true}]}}