{"id":822,"date":"2023-02-15T23:19:10","date_gmt":"2023-02-15T23:19:10","guid":{"rendered":"https:\/\/tecsecmty.com\/index.php\/producto\/domo-turbohd-4k-8-megapixel-lente-mot-2-7-a-13-5-mm-40-mts-ir-exir-ip67-12-vcc-24-vca-tvi-ahd-cvi-cvbs-9-a-15-vcc\/"},"modified":"2023-03-22T23:20:41","modified_gmt":"2023-03-23T05:20:41","slug":"domo-turbohd-4k-8-megapixel-lente-mot-2-7-a-13-5-mm-40-mts-ir-exir-ip67-12-vcc-24-vca-tvi-ahd-cvi-cvbs-9-a-15-vcc","status":"publish","type":"product","link":"https:\/\/tecsecmty.com\/index.php\/producto\/domo-turbohd-4k-8-megapixel-lente-mot-2-7-a-13-5-mm-40-mts-ir-exir-ip67-12-vcc-24-vca-tvi-ahd-cvi-cvbs-9-a-15-vcc\/","title":{"rendered":"Domo TURBOHD 4K (8 Megapixel) \/ Lente Mot. 2.7 a 13.5 mm \/ 40 mts IR EXIR \/ IP67 \/ 12 Vcc \/ 24 VCA \/ TVI-AHD-CVI-CVBS \/ 9 a 15 Vcc"},"content":{"rendered":"<div class=\"container\">\n<div class=\"row\">\n<div class=\"col-md-12\">\n<div class=\"row\">\n<div class=\"row\">\n<div class=\"col-md-12\">\n<h4 class=\"text-primary center info-text\" style=\"text-align: center\">Informaci\u00f3n de Producto<\/h4>\n<\/div>\n<\/div>\n<div class=\"row\" style=\"text-align: center\">\n<div class=\"col-md-12\">\n<h3>Domo TURBOHD 4K (8 Megapixel) \/ Lente Mot. 2.7 a 13.5 mm \/ 40 mts IR EXIR \/ IP67 \/ 12 Vcc \/ 24 VCA \/ TVI-AHD-CVI-CVBS \/ 9 a 15 Vcc<\/h3>\n<\/div>\n<\/div>\n<div id=\"producto_container\" class=\"row\" style=\"text-align: center\">\n<div class=\"col-md-4\"><img decoding=\"async\" class=\"img-responsive center-block\" src=\"https:\/\/ftp3.syscom.mx\/usuarios\/fotos\/BancoFotografiasSyscom\/HIKVISION\/DS2CE5AU1TAVPIT3ZF\/DS2CE5AU1TAVPIT3ZF-p.PNG\" alt=\"DS-2CE5AU1T-AVPIT3ZF\" \/><\/p>\n<div class=\"row\">\n<div id=\"galerias\" class=\"col-sm-12\"><\/div>\n<\/div>\n<\/div>\n<div class=\"col-md-4\">\n<div><img decoding=\"async\" class=\"img-responsive img-thumbnail\" src=\"https:\/\/ftp3.syscom.mx\/usuarios\/fotos\/logotipos\/hikvision.png\" \/><\/div>\n<div><img decoding=\"async\" class=\"icono_info_product\" src=\"https:\/\/ftp3.syscom.mx\/usuarios\/ftp\/syscom_mx\/LENTE-MOTORIZADO.png?v=1523385171?v=1.05\" \/><\/div>\n<div>\n<p>Modelo:\u00a0<span class=\"modelo-marca\">DS-2CE5AU1T-AVPIT3ZF<\/span><\/p>\n<p>Marca:\u00a0<span class=\"modelo-marca\">HIKVISION<\/span><\/p>\n<\/div>\n<\/div>\n<\/div>\n<\/div>\n<div class=\"row \" style=\"text-align: center\">\n<div class=\"col-md-12\">\n<div class=\"row\">\n<h3 class=\"text-primary\">Especificaciones:<\/h3>\n<\/div>\n<div class=\"row well\">\n<p><img decoding=\"async\" class=\"fr-fic fr-dii\" src=\"http:\/\/ftp3.syscom.mx\/usuarios\/jdelafuente\/HIKVISION\/hikvision%20logo%20complete.png\" \/><\/p>\n<p><strong>Caracter\u00edsticas principales:<\/strong><\/p>\n<ul>\n<li>Resoluci\u00f3n m\u00e1xima: 8.29 Megapixel (3840 x 2160).<\/li>\n<li>Sensor CMOS scan progresivo.<\/li>\n<li>Lente motorizado: 2.7\u00a0a 13.5 mm (angulo de vision 108.1 a 45.6\u00ba).<\/li>\n<li>40 mts IR EXIR.<\/li>\n<li>Soporta 4 tecnolog\u00edas (TVI \/ AHD \/ CVI \/ CVBS).<\/li>\n<li>Permite seleccionar la resolucion entre 8 Megapixel \/ 5 Megapixel \/ 4 Megapixel \/ 2 Megapixel.<\/li>\n<li>Funciones: dWDR \/ BLC \/ DNR \/ Mirror.<\/li>\n<\/ul>\n<p><strong>Caracter\u00edsticas f\u00edsicas y el\u00e9ctricas:<\/strong><\/p>\n<p><strong>NOTA:Para la aplicacion de mas de una camara se recomienda el uso de fuente en corriente alterna en conjunto con PLAD100I y el conector JR52.<\/strong><\/p>\n<ul>\n<li>Temperatura de operaci\u00f3n: -40\u00baC a 60\u00baC.<\/li>\n<li>Alimentaci\u00f3n: 9.6 a 14.4\u00a0Vcc \/ 19.2 a 28.8 vca \/ 8.2\u00a0Watts.<\/li>\n<li>Protecci\u00f3n: IP67.<\/li>\n<li>Fabricado en metal.<\/li>\n<li>Dimensiones: 145\u00a0x 111.3\u00a0mm.<\/li>\n<li>Peso: 860\u00a0grs.<\/li>\n<li>Garant\u00eda: 2 a\u00f1os.<\/li>\n<\/ul>\n<p><strong>Accesorios:<\/strong><\/p>\n<ul>\n<li><strong>Montaje de pared, modelo:<a href=\"https:\/\/www.syscom.mx\/producto\/DS-1273ZJ-140-DM45-HIKVISION-162828.html\">\u00a0<\/a><\/strong><a href=\"https:\/\/www.syscom.mx\/producto\/DS-1273ZJ-140-DM45-HIKVISION-162828.html\">DS-1273ZJ-140-DM45<\/a><\/li>\n<li><strong>Montaje de poste verical, modelo:\u00a0<\/strong><a href=\"https:\/\/www.syscom.mx\/producto\/DS-1275ZJ-SUS-HIKVISION-156172.html\">DS-1275ZJ-SUS<\/a><\/li>\n<li><strong>Montaje de esquina, modelo:\u00a0<\/strong><a href=\"https:\/\/www.syscom.mx\/producto\/DS-1276ZJ-SUS-HIKVISION-156173.html\">DS-1276ZJ-SUS<\/a><\/li>\n<li><strong>Caja de conexiones, modelo:\u00a0<\/strong><a href=\"https:\/\/www.syscom.mx\/producto\/DS-1280ZJ-DM45-HIKVISION-162831.html\">DS-1280ZJ-DM45\u00a0<\/a><\/li>\n<li><strong>Montaje de techo inclinado, modelo:\u00a0<\/strong><a href=\"https:\/\/www.syscom.mx\/producto\/DS-1281ZJ-DM45-HIKVISION-162832.html\">DS-1281ZJ-DM45<\/a><\/li>\n<li><strong>Montaje colgante, modelo:\u00a0<\/strong><a href=\"https:\/\/ftp3.syscom.mx\/usuarios\/emendoza\/elesbanmch\/HIKVISON\/SPECS\/Especificaciones%20DS-2CE5AU1T-%28A%29VPIT3ZF.pdf\">DS-1271ZJ-140-DM45\u00a0<\/a><\/li>\n<\/ul>\n<p>&nbsp;<\/p>\n<p>&nbsp;<\/p>\n<h1><strong>Recursos<\/strong><\/h1>\n<p>&nbsp;<\/p>\n<div class=\"row default_margin_bottom\">\n<div class=\"col-sm-4\"><a href=\"https:\/\/www.hikvision.com\/es-la\/support\/download\/software\/ivms4200-series\/?q=serie%20ivms4200&amp;position=1\" target=\"_blank\" rel=\"noopener\"><img decoding=\"async\" class=\"img-responsive\" src=\"https:\/\/ftp3.syscom.mx\/usuarios\/gmagos\/HIK\/IP\/IPC\/Imagenes%20pagina\/Descargas%20IVMS4200.jpg\" \/><\/a><\/div>\n<div class=\"col-sm-4\"><a href=\"https:\/\/appstore.hikvision.com\/\" target=\"_blank\" rel=\"noopener\"><img decoding=\"async\" class=\"img-responsive\" src=\"https:\/\/ftp3.syscom.mx\/usuarios\/gmagos\/HIK\/IP\/IPC\/Imagenes%20pagina\/Descargas%20de%20app.jpg\" \/><\/a><\/div>\n<div class=\"col-sm-4\"><a href=\"https:\/\/ftp3.syscom.mx\/usuarios\/emendoza\/elesbanmch\/HIKVISON\/SPECS\/Especificaciones%20DS-2CE5AU1T-%28A%29VPIT3ZF.pdf\" target=\"_blank\" rel=\"noopener\"><img decoding=\"async\" class=\"img-responsive\" src=\"https:\/\/ftp3.syscom.mx\/usuarios\/gmagos\/HIK\/IP\/IPC\/Imagenes%20pagina\/Descarga%20de%20PDF.jpg\" \/><\/a><\/div>\n<\/div>\n<p>&nbsp;<\/p>\n<\/div>\n<\/div>\n<\/div>\n<\/div>\n<\/div>\n<\/div>\n<p><img decoding=\"async\" class=\"aligncenter\" src=\"https:\/\/tracker.metricool.com\/c3po.jpg?hash=95c94f37730bb8f54dd4308f1f878f9\" \/><\/p>\n","protected":false},"excerpt":{"rendered":"<p>Informaci\u00f3n de Producto Domo TURBOHD 4K (8 Megapixel) \/ Lente Mot. 2.7 a 13.5 mm \/ 40 mts IR EXIR \/ IP67 \/ 12 Vcc \/ 24 VCA \/ TVI-AHD-CVI-CVBS \/ 9 a 15 Vcc Modelo:\u00a0DS-2CE5AU1T-AVPIT3ZF Marca:\u00a0HIKVISION Especificaciones: Caracter\u00edsticas principales: Resoluci\u00f3n m\u00e1xima: 8.29 Megapixel (3840&hellip;<\/p>\n","protected":false},"featured_media":1644,"comment_status":"open","ping_status":"closed","template":"","meta":{"om_disable_all_campaigns":false,"_monsterinsights_skip_tracking":false,"_monsterinsights_sitenote_active":false,"_monsterinsights_sitenote_note":"","_monsterinsights_sitenote_category":0},"product_brand":[],"product_cat":[45],"product_tag":[42,38,46,37],"class_list":{"0":"post-822","1":"product","2":"type-product","3":"status-publish","4":"has-post-thumbnail","6":"product_cat-domo","7":"product_tag-camaras","8":"product_tag-camaras-de-seguridad","9":"product_tag-camaras-domo","10":"product_tag-hikvision","12":"first","13":"instock","14":"taxable","15":"shipping-taxable","16":"product-type-simple"},"aioseo_notices":[],"_links":{"self":[{"href":"https:\/\/tecsecmty.com\/index.php\/wp-json\/wp\/v2\/product\/822","targetHints":{"allow":["GET"]}}],"collection":[{"href":"https:\/\/tecsecmty.com\/index.php\/wp-json\/wp\/v2\/product"}],"about":[{"href":"https:\/\/tecsecmty.com\/index.php\/wp-json\/wp\/v2\/types\/product"}],"replies":[{"embeddable":true,"href":"https:\/\/tecsecmty.com\/index.php\/wp-json\/wp\/v2\/comments?post=822"}],"version-history":[{"count":2,"href":"https:\/\/tecsecmty.com\/index.php\/wp-json\/wp\/v2\/product\/822\/revisions"}],"predecessor-version":[{"id":1645,"href":"https:\/\/tecsecmty.com\/index.php\/wp-json\/wp\/v2\/product\/822\/revisions\/1645"}],"wp:featuredmedia":[{"embeddable":true,"href":"https:\/\/tecsecmty.com\/index.php\/wp-json\/wp\/v2\/media\/1644"}],"wp:attachment":[{"href":"https:\/\/tecsecmty.com\/index.php\/wp-json\/wp\/v2\/media?parent=822"}],"wp:term":[{"taxonomy":"product_brand","embeddable":true,"href":"https:\/\/tecsecmty.com\/index.php\/wp-json\/wp\/v2\/product_brand?post=822"},{"taxonomy":"product_cat","embeddable":true,"href":"https:\/\/tecsecmty.com\/index.php\/wp-json\/wp\/v2\/product_cat?post=822"},{"taxonomy":"product_tag","embeddable":true,"href":"https:\/\/tecsecmty.com\/index.php\/wp-json\/wp\/v2\/product_tag?post=822"}],"curies":[{"name":"wp","href":"https:\/\/api.w.org\/{rel}","templated":true}]}}