{"id":8222,"date":"2023-02-23T22:19:35","date_gmt":"2023-02-24T04:19:35","guid":{"rendered":"https:\/\/tecsecmty.com\/index.php\/producto\/zkteco-mars-f1200-barrera-peatonal-tipo-flap-bidireccional-acero-inoxidable-sus304-proteccion-ip34-110v-30-x-min-40-cm-x-carril-exterior-protegido-3-millones-de-ciclos-aleta-de-acril\/"},"modified":"2023-03-22T23:25:27","modified_gmt":"2023-03-23T05:25:27","slug":"zkteco-mars-f1200-barrera-peatonal-tipo-flap-bidireccional-acero-inoxidable-sus304-proteccion-ip34-110v-30-x-min-40-cm-x-carril-exterior-protegido-3-millones-de-ciclos-aleta-de-acril","status":"publish","type":"product","link":"https:\/\/tecsecmty.com\/index.php\/producto\/zkteco-mars-f1200-barrera-peatonal-tipo-flap-bidireccional-acero-inoxidable-sus304-proteccion-ip34-110v-30-x-min-40-cm-x-carril-exterior-protegido-3-millones-de-ciclos-aleta-de-acril\/","title":{"rendered":"ZKTECO MARS-F1200 &#8211; Barrera Peatonal Tipo Flap Bidireccional \/ Acero inoxidable SUS304 \/ Protecci\u00f3n IP34 \/ 110V \/ 30 x min \/ 40 cm x carril \/ Exterior Protegido \/ 3 millones de ciclos \/ Aleta de Acr\u00edlico \/ No cuenta con Lectores y Panel"},"content":{"rendered":"<div class=\"row aling-items-center padding-bottom-2x\">\n<div class=\"col-lg-12\">\n<h5 class=\"card-title text-center\">Informaci\u00f3n General<\/h5>\n<h4><strong>Descripci\u00f3n<\/strong><\/h4>\n<p>La serie Mars est\u00e1 dise\u00f1ada para permitir un acceso seguro sin contacto y un paso agradable en zonas con gran volumen de tr\u00e1fico, reduciendo los cuellos de botella a la entrada y salida de los edificios. Todos los negocios, peque\u00f1os o grandes, requieren soluciones que equilibren el dise\u00f1o y la seguridad. Mars es una soluci\u00f3n de control de entrada ideal gracias a su estructura modular, sus opciones de lectores intercambiables (RFID, reconocimiento de huellas dactilares, c\u00f3digo QR, tarjeta) y su construcci\u00f3n duradera. Se adapta perfectamente a la mayor\u00eda de los estilos y requisitos de dise\u00f1o de interiores, garantizando una experiencia de usuario sin fisuras. La serie incluye modelos con movimiento de puerta de forma batiente y retr\u00e1ctil junto con accesorios dise\u00f1ados para integrar la los sistemas de reconocimiento facial y de \u201cDeep Learning\u201d de ZKTeco (ProFace X y SpeedFace V5L) que proporcionan capacidades de gesti\u00f3n de control de entrada inteligente. La elegancia y la sofisticaci\u00f3n representan distinciones esenciales para los entornos corporativos actuales. Ahora puedes disfrutar del mejor dise\u00f1o y tecnolog\u00eda de ZKTeco, garantizando alta seguridad y capacidad en una soluci\u00f3n \u00fanica que impide eficazmente el paso no autorizado.<\/p>\n<h5>Personaliza la Soluci\u00f3n de Control de Acceso Peatonal con Equipos de Verificaci\u00f3n Facial, Palma, C\u00f3digo QR y\/o Tarjetas de Proximidad, Soluciones Sin Contacto.<\/h5>\n<p><img decoding=\"async\" class=\"overview-center-img-web\" src=\"https:\/\/tvc.mx\/media\/561935\/Barrera-Peatonal-Tipo-Flap-Bidireccional-3millones-ciclos-Aleta-Acr%C3%ADlico-Descripci%C3%B3n-MARS-F1200-ZKTECO.png\" alt=\"\" \/><\/div>\n<\/div>\n<div class=\"row aling-items-center padding-bottom-2x\">\n<div class=\"col-lg-12\">\n<h5 class=\"card-title text-center\">Caracter\u00edsticas principales<\/h5>\n<h5>Caja de montaje integrada con m\u00faltiples opciones (\u00a0<strong>no incluye lectores de verificaci\u00f3n<\/strong>)<\/h5>\n<ul>\n<li>Elija la tecnolog\u00eda de identificaci\u00f3n que mejor se adapte a sus necesidades<\/li>\n<li>Reducci\u00f3n del tiempo y los gastos de instalaci\u00f3n<\/li>\n<li>6 paneles disponibles con distintas tecnolog\u00edas de identificaci\u00f3n:<\/li>\n<\/ul>\n<p><img decoding=\"async\" class=\"overview-center-img-web\" src=\"https:\/\/tvc.mx\/media\/561795\/Barrera-Peatonal-Tipo-Flap-Bidireccional-3millones-ciclos-Aleta-Acr%C3%ADlico-Caracter%C3%ADsticas-MARS-F1200-ZKTECO.png\" alt=\"\" \/><\/div>\n<\/div>\n<div class=\"row aling-items-center padding-bottom-2x\">\n<div class=\"col-lg-12\">\n<h5 class=\"card-title text-center\">Caracter\u00edsticas principales<\/h5>\n<h5><strong>Indicador LED<\/strong><\/h5>\n<ul data-checked=\"false\">\n<li>Indicaciones visuales para la direcci\u00f3n correcta de la marcha.<\/li>\n<li>Pictograma con ilustraci\u00f3n verde y roja.<\/li>\n<\/ul>\n<p><img decoding=\"async\" class=\"overview-center-img-web\" src=\"https:\/\/tvc.mx\/media\/561803\/Barrera-Peatonal-Tipo-Flap-Bidireccional-3millones-ciclos-Aleta-Acr%C3%ADlico-Indicador-LED-MARS-F1200-ZKTECO.png\" alt=\"\" \/><\/div>\n<\/div>\n<div class=\"row aling-items-center padding-bottom-2x\">\n<div class=\"col-lg-12\">\n<h5 class=\"card-title text-center\">Caracter\u00edsticas principales<\/h5>\n<h5>Alta durabilidad y bajos costos de mantenimiento<\/h5>\n<ul data-checked=\"false\">\n<li>Dise\u00f1o de estructura modular.<\/li>\n<li>Agujeros de montaje expuestos para una f\u00e1cil instalaci\u00f3n.<\/li>\n<li>Fabricado principalmente en SPCC (opci\u00f3n: acero inoxidable SUS 316).<\/li>\n<\/ul>\n<p><img decoding=\"async\" class=\"overview-center-img-web\" src=\"https:\/\/tvc.mx\/media\/561807\/Barrera-Peatonal-Tipo-Flap-Bidireccional-3millones-ciclos-Aleta-Acr%C3%ADlico-Mantenimiento-MARS-F1200-ZKTECO.png\" alt=\"\" \/><\/div>\n<\/div>\n<div class=\"row aling-items-center padding-bottom-2x\">\n<div class=\"col-lg-12\">\n<h5 class=\"card-title text-center\">Caracter\u00edsticas principales<\/h5>\n<h5>Preparado para incorporar elementos auxiliares<\/h5>\n<ul>\n<li>Di\u00e1metro: 34mm.<\/li>\n<li>Soluci\u00f3n perfecta para integrar terminales de reconocimiento facial, temperatura y detecci\u00f3n de mascarilla a la altura adecuada.<\/li>\n<\/ul>\n<p><img decoding=\"async\" class=\"overview-center-img-web\" src=\"https:\/\/tvc.mx\/media\/561811\/Barrera-Peatonal-Tipo-Flap-Bidireccional-3millones-ciclos-Aleta-Acr%C3%ADlico-Elementos-Auxiliares-MARS-F1200-ZKTECO.png\" alt=\"\" \/><\/div>\n<\/div>\n<div class=\"row aling-items-center padding-bottom-2x\">\n<div class=\"col-lg-12\">\n<h5 class=\"card-title text-center\">Caracter\u00edsticas principales<\/h5>\n<h5>Sensores IR<\/h5>\n<ul data-checked=\"false\">\n<li>5 pares de sensores infrarrojos para una mayor detecci\u00f3n de objetos y personas.<\/li>\n<li>Adecuado para altos requerimientos de seguridad, evitando el acceso simult\u00e1neo de m\u00e1s de una persona y las entradas en direcci\u00f3n falsa.<\/li>\n<\/ul>\n<p><img decoding=\"async\" class=\"overview-center-img-web\" src=\"https:\/\/tvc.mx\/media\/561819\/Barrera-Peatonal-Tipo-Flap-Bidireccional-3millones-ciclos-Aleta-Acr%C3%ADlico-Sensores-IR-MARS-F1200-ZKTECO.png\" alt=\"\" \/><\/div>\n<\/div>\n<div class=\"row align-items-center padding-bottom-2x\">\n<div class=\"col-md-5 order-md-2\"><img decoding=\"async\" class=\"d-block m-auto img-thumbnail\" src=\"https:\/\/tvc.mx\/media\/561823\/Barrera-Peatonal-Tipo-Flap-Bidireccional-3millones-ciclos-Aleta-Acr%C3%ADlico-Especificaciones-MARS-F1200-ZKTECO.png\" alt=\" \" \/><\/div>\n<div class=\"col-md-7 order-md-1 text-md-left text-center\">\n<h2>Especificaciones T\u00e9cnicas<\/h2>\n<p class=\"text-muted\">\n<ul>\n<li>Modelo: Mars-F1200<\/li>\n<li>Alimentaci\u00f3n:\u00a0AC100V a 120V a 60Hz<\/li>\n<li>Potencia de trabajo:\u00a050W; 22W (en reposo)<\/li>\n<li>Unidad de accionamiento:\u00a0Motor Brushless<\/li>\n<li>Vida \u00fatil:\u00a03 millones<\/li>\n<li>Frecuencia de paso:\u00a030 personas por minuto<\/li>\n<li>Movimiento de la barrera:\u00a0Retractil<\/li>\n<li>Ruido:\u00a0&lt;60dB<\/li>\n<li>Sensor de infrarrojos: 5\u00a0pares<\/li>\n<li>Indicador LED:\u00a0Incorporado<\/li>\n<li>Temperatura de funcionamiento:\u00a0-25\u00b0C a 65\u00b0C<\/li>\n<li>Humedad (funcionamiento):\u00a025% a 65% (sin condensaci\u00f3n)<\/li>\n<li>Entorno de trabajo:\u00a0Interior \/ Exterior (si est\u00e1 protegido)<\/li>\n<li>Ancho de paso:600 mm<\/li>\n<li>Dimensiones:\u00a0(L*A*A) 1360 * 180 * 11010 (mm) (\u00b15mm)<\/li>\n<li>Dimensiones con embalaje:\u00a0(L*A*A) 1510 * 365 * 1216 (mm) (2 cajas)<\/li>\n<li>Material del equipo:\u00a0SPCC (opci\u00f3n: acero inoxidable SUS316)<\/li>\n<li>Material de la tapa:\u00a0Acero inoxidable (opci\u00f3n: acero inoxidable SUS316)<\/li>\n<li>Material de la barrera:\u00a0Acr\u00edlico<\/li>\n<li>Material de embalaje:\u00a0Caja de madera<\/li>\n<li>Nivel de protecci\u00f3n:\u00a0IP34<\/li>\n<\/ul>\n<\/div>\n<\/div>\n","protected":false},"excerpt":{"rendered":"<p>Informaci\u00f3n General Descripci\u00f3n La serie Mars est\u00e1 dise\u00f1ada para permitir un acceso seguro sin contacto y un paso agradable en zonas con gran volumen de tr\u00e1fico, reduciendo los cuellos de botella a la entrada y salida de los edificios. Todos los negocios, peque\u00f1os o grandes,&hellip;<\/p>\n","protected":false},"featured_media":8221,"comment_status":"open","ping_status":"closed","template":"","meta":{"om_disable_all_campaigns":false,"_monsterinsights_skip_tracking":false,"_monsterinsights_sitenote_active":false,"_monsterinsights_sitenote_note":"","_monsterinsights_sitenote_category":0},"product_brand":[],"product_cat":[755],"product_tag":[81,727,730,66,731,728,729],"class_list":{"0":"post-8222","1":"product","2":"type-product","3":"status-publish","4":"has-post-thumbnail","6":"product_cat-flap-barriers","7":"product_tag-acceso-y-asistencia","8":"product_tag-cerraduras","9":"product_tag-commax-wulian","10":"product_tag-dahua","11":"product_tag-wejoin","12":"product_tag-yli","13":"product_tag-zkteco","15":"first","16":"instock","17":"sale","18":"taxable","19":"shipping-taxable","20":"purchasable","21":"product-type-simple"},"aioseo_notices":[],"_links":{"self":[{"href":"https:\/\/tecsecmty.com\/index.php\/wp-json\/wp\/v2\/product\/8222","targetHints":{"allow":["GET"]}}],"collection":[{"href":"https:\/\/tecsecmty.com\/index.php\/wp-json\/wp\/v2\/product"}],"about":[{"href":"https:\/\/tecsecmty.com\/index.php\/wp-json\/wp\/v2\/types\/product"}],"replies":[{"embeddable":true,"href":"https:\/\/tecsecmty.com\/index.php\/wp-json\/wp\/v2\/comments?post=8222"}],"version-history":[{"count":0,"href":"https:\/\/tecsecmty.com\/index.php\/wp-json\/wp\/v2\/product\/8222\/revisions"}],"wp:featuredmedia":[{"embeddable":true,"href":"https:\/\/tecsecmty.com\/index.php\/wp-json\/wp\/v2\/media\/8221"}],"wp:attachment":[{"href":"https:\/\/tecsecmty.com\/index.php\/wp-json\/wp\/v2\/media?parent=8222"}],"wp:term":[{"taxonomy":"product_brand","embeddable":true,"href":"https:\/\/tecsecmty.com\/index.php\/wp-json\/wp\/v2\/product_brand?post=8222"},{"taxonomy":"product_cat","embeddable":true,"href":"https:\/\/tecsecmty.com\/index.php\/wp-json\/wp\/v2\/product_cat?post=8222"},{"taxonomy":"product_tag","embeddable":true,"href":"https:\/\/tecsecmty.com\/index.php\/wp-json\/wp\/v2\/product_tag?post=8222"}],"curies":[{"name":"wp","href":"https:\/\/api.w.org\/{rel}","templated":true}]}}