{"id":8224,"date":"2023-02-23T22:19:37","date_gmt":"2023-02-24T04:19:37","guid":{"rendered":"https:\/\/tecsecmty.com\/index.php\/producto\/zkteco-fbl1022-barrera-peatonal-de-aleta-un-carril-acero-sus304-aleta-de-acrilico-110v-2-millones-de-ciclos-carril-60-cm-20-a-30-personas-x-min-lectores-de-huella-tarjeta-y-panel-inbi\/"},"modified":"2023-03-22T23:25:18","modified_gmt":"2023-03-23T05:25:18","slug":"zkteco-fbl1022-barrera-peatonal-de-aleta-un-carril-acero-sus304-aleta-de-acrilico-110v-2-millones-de-ciclos-carril-60-cm-20-a-30-personas-x-min-lectores-de-huella-tarjeta-y-panel-inbi","status":"publish","type":"product","link":"https:\/\/tecsecmty.com\/index.php\/producto\/zkteco-fbl1022-barrera-peatonal-de-aleta-un-carril-acero-sus304-aleta-de-acrilico-110v-2-millones-de-ciclos-carril-60-cm-20-a-30-personas-x-min-lectores-de-huella-tarjeta-y-panel-inbi\/","title":{"rendered":"ZKTECO FBL1022 &#8211; Barrera Peatonal de Aleta un Carril \/ Acero SUS304 \/ Aleta de Acr\u00edlico \/ 110V \/ 2 millones de Ciclos \/ Carril 60 cm \/ 20 a 30 Personas x Min. \/ Lectores de Huella\/Tarjeta y Panel InBio260 incluidos"},"content":{"rendered":"<h5 class=\"card-title text-center\">Descripci\u00f3n<\/h5>\n<p class=\"ql-align-justify\">La\u00a0<strong>FB1022\u00a0<\/strong>es una barrera de aleta para un solo canal de acceso. Precisa de un dispositivo maestro y uno esclavo para formar una entrada.<\/p>\n<p>Las barreras de aleta est\u00e1n bien adoptadas en las entradas y salidas de edificios o sitios de construcci\u00f3n, para ayudar a rastrear al personal y a los visitantes.\u00a0Solo los usuarios autorizados pueden acceder a \u00e1reas espec\u00edficas a trav\u00e9s de las barreras de aleta.\u00a0Las luces en las barreras son para indicar el estado de las barreras de aleta.\u00a0Las luces verdes fijas indican barreras bloqueadas.\u00a0Las luces verdes parpadeantes indican barreras accesibles.<\/p>\n<p class=\"ql-align-justify\">El sistema de control de acceso ensamblado de ZKTeco reduce significativamente los costos para los socios comerciales.\u00a0Las tecnolog\u00edas RFID, verificaci\u00f3n de huellas dactilares, reconocimiento facial y verificaci\u00f3n de venas est\u00e1n disponibles para opciones de sistema de control de acceso flexible.<\/p>\n<p class=\"ql-align-justify\"><strong>FBL1022 cuenta con panel de control Inbio260PRO y lectores FR1200.<\/strong><\/p>\n<p class=\"ql-align-justify\">Estas barreras de control de acceso poseen opciones \ufb02exibles de velicaci\u00f3n; se puede implementar tecnolog\u00eda de reconocimiento para RFID, huella digital, rostro o venas de los dedos.<\/p>\n<p><strong>CARACTER\u00cdSTICAS<\/strong>:<\/p>\n<ul>\n<li>FUNCI\u00d3N ANTI-APRISIONAMIENTO: LAS PUERTAS SE RETRAEN SI SE DETECTA LA PRESENCIA DE ALGUIEN DENTRO DEL CANAL DE ACCESO.<\/li>\n<li>OPERACI\u00d3N CONTINUA: BAJA TASA DE FALLOS. ESTABILIDAD Y CONFIABLILIDAD GARANTIZADA.<\/li>\n<li>ALARMA: FUNCI\u00d3N AUTOM\u00c1TICA QUE SE ACTIVA CUANDO ALGUIEN SE ENCUENTRA DENTRO DEL CANAL DE ACCESO SIN HABER DESLIZADO LA TARJETA.<\/li>\n<li>OPERACI\u00d3N ACTUAL DIRECTA: BAJA TASA DE FRACASO PARA ASEGURAR LA ESTABILIDAD Y LA FIABILIDAD<\/li>\n<\/ul>\n<p><strong>ESPECIFICACIONES<\/strong>:<\/p>\n<ul>\n<li>Ancho del pasaje 600mm<\/li>\n<li>Capacidad 25 ~ 30 \/ minuto<\/li>\n<li>Tiempo de apertura \/ cierre de la aleta 1S<\/li>\n<li>Ancho promedio 1200mm<\/li>\n<li>Altura de la barrera 785mm<\/li>\n<li>Fuente de alimentaci\u00f3n AC110-220V, 50Hz \/ 60Hz<\/li>\n<li>Consumo de energ\u00eda operativa 80W<\/li>\n<li>Consumo de energ\u00eda estacionario 30W<\/li>\n<li>Temperatura -28 a 60 \u00b0 C<\/li>\n<li>Peso neto 143 Kg (FB1000) 86 Kg (FB1200)<\/li>\n<li>Peso bruto 212 Kg (FB1000) 121 Kg (FB1200)<\/li>\n<li>Tr\u00e1fico en ambas direcciones S\u00ed<\/li>\n<li>Operaci\u00f3n autom\u00e1tica S\u00ed<\/li>\n<li>Sistema de sensor avanzado S\u00ed<\/li>\n<li>Alarma audible S\u00ed<\/li>\n<li>Iluminaci\u00f3n LED S\u00ed<\/li>\n<li>Luces indicadoras de tr\u00e1fico S\u00ed<\/li>\n<li>A prueba de fallos S\u00ed<\/li>\n<\/ul>\n<p><img decoding=\"async\" class=\"overview-center-img-web\" src=\"https:\/\/tvc.mx\/media\/270927\/Barrera-Peatonal-de-Aleta-Un-Carril-Incluye-Panel-Lectores-Descripci%C3%B3n-FB1022-ZKTECO.png\" alt=\"\" \/><\/p>\n","protected":false},"excerpt":{"rendered":"<p>Descripci\u00f3n La\u00a0FB1022\u00a0es una barrera de aleta para un solo canal de acceso. Precisa de un dispositivo maestro y uno esclavo para formar una entrada. Las barreras de aleta est\u00e1n bien adoptadas en las entradas y salidas de edificios o sitios de construcci\u00f3n, para ayudar a&hellip;<\/p>\n","protected":false},"featured_media":8223,"comment_status":"open","ping_status":"closed","template":"","meta":{"om_disable_all_campaigns":false,"_monsterinsights_skip_tracking":false,"_monsterinsights_sitenote_active":false,"_monsterinsights_sitenote_note":"","_monsterinsights_sitenote_category":0},"product_brand":[],"product_cat":[755],"product_tag":[81,727,730,66,731,728,729],"class_list":{"0":"post-8224","1":"product","2":"type-product","3":"status-publish","4":"has-post-thumbnail","6":"product_cat-flap-barriers","7":"product_tag-acceso-y-asistencia","8":"product_tag-cerraduras","9":"product_tag-commax-wulian","10":"product_tag-dahua","11":"product_tag-wejoin","12":"product_tag-yli","13":"product_tag-zkteco","15":"first","16":"instock","17":"sale","18":"taxable","19":"shipping-taxable","20":"purchasable","21":"product-type-simple"},"aioseo_notices":[],"_links":{"self":[{"href":"https:\/\/tecsecmty.com\/index.php\/wp-json\/wp\/v2\/product\/8224","targetHints":{"allow":["GET"]}}],"collection":[{"href":"https:\/\/tecsecmty.com\/index.php\/wp-json\/wp\/v2\/product"}],"about":[{"href":"https:\/\/tecsecmty.com\/index.php\/wp-json\/wp\/v2\/types\/product"}],"replies":[{"embeddable":true,"href":"https:\/\/tecsecmty.com\/index.php\/wp-json\/wp\/v2\/comments?post=8224"}],"version-history":[{"count":0,"href":"https:\/\/tecsecmty.com\/index.php\/wp-json\/wp\/v2\/product\/8224\/revisions"}],"wp:featuredmedia":[{"embeddable":true,"href":"https:\/\/tecsecmty.com\/index.php\/wp-json\/wp\/v2\/media\/8223"}],"wp:attachment":[{"href":"https:\/\/tecsecmty.com\/index.php\/wp-json\/wp\/v2\/media?parent=8224"}],"wp:term":[{"taxonomy":"product_brand","embeddable":true,"href":"https:\/\/tecsecmty.com\/index.php\/wp-json\/wp\/v2\/product_brand?post=8224"},{"taxonomy":"product_cat","embeddable":true,"href":"https:\/\/tecsecmty.com\/index.php\/wp-json\/wp\/v2\/product_cat?post=8224"},{"taxonomy":"product_tag","embeddable":true,"href":"https:\/\/tecsecmty.com\/index.php\/wp-json\/wp\/v2\/product_tag?post=8224"}],"curies":[{"name":"wp","href":"https:\/\/api.w.org\/{rel}","templated":true}]}}