{"id":8226,"date":"2023-02-23T22:19:40","date_gmt":"2023-02-24T04:19:40","guid":{"rendered":"https:\/\/tecsecmty.com\/index.php\/producto\/zkteco-fbl1022paq-paquete-de-barrera-peatonal-de-4-carriles-de-aleta-2-millones-de-ciclos-carril-60-cm-20-a-30-personas-x-min-lectores-de-huella-tarjeta-y-panel-inbio260-incluidos-zkt0660\/"},"modified":"2023-03-22T23:25:18","modified_gmt":"2023-03-23T05:25:18","slug":"zkteco-fbl1022paq-paquete-de-barrera-peatonal-de-4-carriles-de-aleta-2-millones-de-ciclos-carril-60-cm-20-a-30-personas-x-min-lectores-de-huella-tarjeta-y-panel-inbio260-incluidos-zkt0660","status":"publish","type":"product","link":"https:\/\/tecsecmty.com\/index.php\/producto\/zkteco-fbl1022paq-paquete-de-barrera-peatonal-de-4-carriles-de-aleta-2-millones-de-ciclos-carril-60-cm-20-a-30-personas-x-min-lectores-de-huella-tarjeta-y-panel-inbio260-incluidos-zkt0660\/","title":{"rendered":"ZKTECO FBL1022PAQ &#8211; Paquete de Barrera Peatonal de 4 carriles de Aleta \/ 2 millones de Ciclos \/ Carril 60 cm \/ 20 a 30 Personas x Min. \/ Lectores de Huella\/Tarjeta y Panel InBio260 incluidos + ZKT066010 &#8211; ZKTECO FBL1222 &#8211; Barrera Peatonal Central de Aleta"},"content":{"rendered":"<div class=\"row aling-items-center padding-bottom-2x\">\n<div class=\"col-lg-12\">\n<h5 class=\"card-title text-center\">Informaci\u00f3n General<\/h5>\n<h4><strong>Descripci\u00f3n<\/strong><\/h4>\n<p><strong>FBL1022PAQ es un Paquete de Barreras Peatonales de Aleta para 4 carriles, 2 millones de Ciclos con un Carril 60 cm, incluye Lectores de Huella\/Tarjeta y Panel InBio260.<\/strong><\/p>\n<p class=\"ql-align-justify\">Las barreras de aleta est\u00e1n bien adoptadas en las entradas y salidas de edificios o sitios de construcci\u00f3n, para ayudar a rastrear al personal y a los visitantes.\u00a0Solo los usuarios autorizados pueden acceder a \u00e1reas espec\u00edficas a trav\u00e9s de las barreras de aleta.\u00a0Las luces en las barreras son para indicar el estado de las barreras de aleta.\u00a0Las luces verdes fijas indican barreras bloqueadas.\u00a0Las luces verdes parpadeantes indican barreras accesibles.<\/p>\n<p class=\"ql-align-justify\">El sistema de control de acceso ensamblado de ZKTeco reduce significativamente los costos para los socios comerciales.\u00a0Las tecnolog\u00edas RFID, verificaci\u00f3n de huellas dactilares, reconocimiento facial y verificaci\u00f3n de venas est\u00e1n disponibles para opciones de sistema de control de acceso flexible.<\/p>\n<p class=\"ql-align-justify\">Las barreras se mantienen normalmente en una posici\u00f3n bloqueada, negando as\u00ed el acceso a personas no autorizadas. Cuando el lector (RFID y \/ o biom\u00e9trico) reconoce positivamente la tarjeta de acceso o huella digital y v\u00e1lida el acceso del usuario, las barreras se retraen permitiendo el paso.<\/p>\n<p class=\"ql-align-justify\">Ante una emergencia las barreras se retraen autom\u00e1ticamente, garantizando la salida de los usuarios sin obst\u00e1culos. Se puede instalar una bater\u00eda adicional para las situaciones en las que se registra p\u00e9rdida de energ\u00eda.<\/p>\n<p><img decoding=\"async\" class=\"overview-center-img-web\" src=\"https:\/\/tvc.mx\/media\/597651\/Paquete-de-Barrera-Peatonal-4-Carriles-Incluye-Panel-Lectores-Descripci%C3%B3n-FBL1022PAG-ZKTECO.png\" alt=\"\" \/><\/div>\n<\/div>\n<div class=\"row align-items-center padding-bottom-2x\">\n<div class=\"col-md-5 order-md-2\"><img decoding=\"async\" class=\"d-block m-auto img-thumbnail\" src=\"https:\/\/tvc.mx\/media\/597807\/Paquete-de-Barrera-Peatonal-4-Carriles-Incluye-Panel-Lectores-Caracter%C3%ADsticas-FBL1022PAG-ZKTECO.png\" alt=\" \" \/><\/div>\n<div class=\"col-md-7 order-md-1 text-md-left text-center\">\n<h2>Caracter\u00edsticas principales<\/h2>\n<p class=\"text-muted\">\n<ul>\n<li>Funci\u00f3n de anti-aprisionamiento: las puertas se retraen si se detecta la presencia de alguien dentro del canal de acceso.<\/li>\n<li>Operaci\u00f3n continua: baja tasa de fallos, estabilidad y confiabilidad garantizada.<\/li>\n<li>Alarma: funci\u00f3n autom\u00e1tica que se activa cuando alguien se encuentra dentro del canal de acceso son haber deslizado la tarjeta.<\/li>\n<li>Operaci\u00f3n actual directa: baja tasa de fracaso para asegurar la estabilidad y la fiabilidad.<\/li>\n<\/ul>\n<p>&nbsp;<\/p>\n<\/div>\n<\/div>\n<hr class=\"padding-bottom-2x\" \/>\n<div class=\"row aling-items-center padding-bottom-2x\">\n<div class=\"col-lg-12\">\n<h5 class=\"card-title text-center\">Especificaciones T\u00e9cnicas<\/h5>\n<ul>\n<li>Ancho del pasaje 600mm<\/li>\n<li>Capacidad 25 ~ 30 \/ minuto<\/li>\n<li>Tiempo de apertura \/ cierre de la aleta 1S<\/li>\n<li>Ancho promedio 1200mm<\/li>\n<li>Altura de la barrera 785mm<\/li>\n<li>Fuente de alimentaci\u00f3n AC110-220V, 50Hz \/ 60Hz<\/li>\n<li>Consumo de energ\u00eda operativa 80W<\/li>\n<li>Consumo de energ\u00eda estacionario 30W<\/li>\n<li>Temperatura -28 a 60 \u00b0 C<\/li>\n<li>Peso neto 143 Kg (FB1000) 86 Kg (FB1200)<\/li>\n<li>Peso bruto 212 Kg (FB1000) 121 Kg (FB1200)<\/li>\n<li>Tr\u00e1fico en ambas direcciones S\u00ed<\/li>\n<li>Operaci\u00f3n autom\u00e1tica S\u00ed<\/li>\n<li>Sistema de sensor avanzado S\u00ed<\/li>\n<li>Alarma audible S\u00ed<\/li>\n<li>Iluminaci\u00f3n LED S\u00ed<\/li>\n<li>Luces indicadoras de tr\u00e1fico S\u00ed<\/li>\n<li>A prueba de fallos S\u00ed<\/li>\n<\/ul>\n<p><img decoding=\"async\" class=\"overview-center-img-web\" src=\"https:\/\/tvc.mx\/media\/597811\/Paquete-de-Barrera-Peatonal-4-Carriles-Incluye-Panel-Lectores-Especificaciones-FBL1022PAG-ZKTECO.png\" alt=\"\" \/><\/div>\n<\/div>\n","protected":false},"excerpt":{"rendered":"<p>Informaci\u00f3n General Descripci\u00f3n FBL1022PAQ es un Paquete de Barreras Peatonales de Aleta para 4 carriles, 2 millones de Ciclos con un Carril 60 cm, incluye Lectores de Huella\/Tarjeta y Panel InBio260. Las barreras de aleta est\u00e1n bien adoptadas en las entradas y salidas de edificios&hellip;<\/p>\n","protected":false},"featured_media":8225,"comment_status":"open","ping_status":"closed","template":"","meta":{"om_disable_all_campaigns":false,"_monsterinsights_skip_tracking":false,"_monsterinsights_sitenote_active":false,"_monsterinsights_sitenote_note":"","_monsterinsights_sitenote_category":0},"product_brand":[],"product_cat":[755],"product_tag":[81,727,730,66,731,728,729],"class_list":{"0":"post-8226","1":"product","2":"type-product","3":"status-publish","4":"has-post-thumbnail","6":"product_cat-flap-barriers","7":"product_tag-acceso-y-asistencia","8":"product_tag-cerraduras","9":"product_tag-commax-wulian","10":"product_tag-dahua","11":"product_tag-wejoin","12":"product_tag-yli","13":"product_tag-zkteco","15":"first","16":"instock","17":"sale","18":"taxable","19":"shipping-taxable","20":"purchasable","21":"product-type-simple"},"aioseo_notices":[],"_links":{"self":[{"href":"https:\/\/tecsecmty.com\/index.php\/wp-json\/wp\/v2\/product\/8226","targetHints":{"allow":["GET"]}}],"collection":[{"href":"https:\/\/tecsecmty.com\/index.php\/wp-json\/wp\/v2\/product"}],"about":[{"href":"https:\/\/tecsecmty.com\/index.php\/wp-json\/wp\/v2\/types\/product"}],"replies":[{"embeddable":true,"href":"https:\/\/tecsecmty.com\/index.php\/wp-json\/wp\/v2\/comments?post=8226"}],"version-history":[{"count":0,"href":"https:\/\/tecsecmty.com\/index.php\/wp-json\/wp\/v2\/product\/8226\/revisions"}],"wp:featuredmedia":[{"embeddable":true,"href":"https:\/\/tecsecmty.com\/index.php\/wp-json\/wp\/v2\/media\/8225"}],"wp:attachment":[{"href":"https:\/\/tecsecmty.com\/index.php\/wp-json\/wp\/v2\/media?parent=8226"}],"wp:term":[{"taxonomy":"product_brand","embeddable":true,"href":"https:\/\/tecsecmty.com\/index.php\/wp-json\/wp\/v2\/product_brand?post=8226"},{"taxonomy":"product_cat","embeddable":true,"href":"https:\/\/tecsecmty.com\/index.php\/wp-json\/wp\/v2\/product_cat?post=8226"},{"taxonomy":"product_tag","embeddable":true,"href":"https:\/\/tecsecmty.com\/index.php\/wp-json\/wp\/v2\/product_tag?post=8226"}],"curies":[{"name":"wp","href":"https:\/\/api.w.org\/{rel}","templated":true}]}}