{"id":8228,"date":"2023-02-23T22:19:42","date_gmt":"2023-02-24T04:19:42","guid":{"rendered":"https:\/\/tecsecmty.com\/index.php\/producto\/zkteco-fbl1222-barrera-peatonal-central-de-aleta-acero-sus304-aleta-de-acrilico-110v-2-millones-de-ciclos-carril-60-cm-20-a-30-personas-x-min-exterior-protegido-lectores-y-panel-inb\/"},"modified":"2023-03-22T23:25:18","modified_gmt":"2023-03-23T05:25:18","slug":"zkteco-fbl1222-barrera-peatonal-central-de-aleta-acero-sus304-aleta-de-acrilico-110v-2-millones-de-ciclos-carril-60-cm-20-a-30-personas-x-min-exterior-protegido-lectores-y-panel-inb","status":"publish","type":"product","link":"https:\/\/tecsecmty.com\/index.php\/producto\/zkteco-fbl1222-barrera-peatonal-central-de-aleta-acero-sus304-aleta-de-acrilico-110v-2-millones-de-ciclos-carril-60-cm-20-a-30-personas-x-min-exterior-protegido-lectores-y-panel-inb\/","title":{"rendered":"ZKTECO FBL1222 &#8211; Barrera Peatonal Central de Aleta \/ Acero SUS304 \/ Aleta de Acr\u00edlico \/ 110V \/ 2 millones de Ciclos \/ Carril 60 cm \/ 20 a 30 Personas x Min. \/ Exterior Protegido \/ Lectores y Panel InBio260 incluidos"},"content":{"rendered":"<div class=\"row aling-items-center padding-bottom-2x\">\n<div class=\"col-lg-12\">\n<h5 class=\"card-title text-center\">Informaci\u00f3n General<\/h5>\n<p>FB1222 \u00a0es una barrera de aleta con un atractivo dise\u00f1o y sistema de control de ingresos de bajo costo dise\u00f1ada para un alto volumen de tr\u00e1\ufb01co. La barrera con doble aleta FB1222 trabaja junto con la FBL1022 para incorporar m\u00faltiples carriles.<\/p>\n<p class=\"ql-align-justify\">Las Flap Barrier son instaladas en entradas y salidas de edificios o sitios en construcci\u00f3n, para ayudar al personal y visitantes en el control de flujo y acceso controlado. S\u00f3lo personal autorizado puede acceder a las \u00e1reas espec\u00edficas a trav\u00e9s de las flap barrier. Las luces en las barreras son para indicar el estado de las flap barrier.<\/p>\n<p class=\"ql-align-justify\">\n<p class=\"ql-align-justify\">Estas barreras de control de acceso poseen opciones flexibles de verificaci\u00f3n; se puede implementar\u00a0tecnolog\u00eda de reconocimiento para RFID, huella digital, rostro o venas de los dedos.<\/p>\n<p><img decoding=\"async\" class=\"overview-center-img-web\" src=\"https:\/\/tvc.mx\/media\/428031\/Barrera-Peatonal-Central-de-Aleta-Incluye-Lectores-Panel-Descripci%C3%B3n-FBL1222-ZKTECO.png\" alt=\"\" \/><\/div>\n<\/div>\n<div class=\"row align-items-center padding-bottom-2x\">\n<div class=\"col-md-5 order-md-2\"><img decoding=\"async\" class=\"d-block m-auto img-thumbnail\" src=\"https:\/\/tvc.mx\/media\/428699\/Barrera-Peatonal-Central-de-Aleta-Incluye-Lectores-Panel-Especificaciones-FBL1222-ZKTECO.png\" alt=\" \" \/><\/div>\n<div class=\"col-md-7 order-md-1 text-md-left text-center\">\n<h2>Especificaciones<\/h2>\n<p class=\"text-muted\">\n<p style=\"text-align: left\"><strong>Fuente de Alimentaci\u00f3n<\/strong>\u00a0AC 110 60Htz<\/p>\n<p style=\"text-align: left\"><strong>Temperatura de Operaci\u00f3n<\/strong>\u00a0-28\u00b0C hasta 60\u00b0C<\/p>\n<p style=\"text-align: left\"><strong>Humedad de Operaci\u00f3n<\/strong>\u00a05% hasta 8%<\/p>\n<p style=\"text-align: left\"><strong>Ambiente de Operaci\u00f3n<\/strong>\u00a0Interior \/ Exterior (Si est\u00e1 protegido)<\/p>\n<p style=\"text-align: left\"><strong>Velocidad de Veri\ufb01caci\u00f3n<\/strong>\u00a0RFID M\u00e1ximo 42\/min , Huella Digital M\u00e1ximo 35\/minuto, Rostro11\/min, vena M\u00e1ximo 23 \/min<\/p>\n<p style=\"text-align: left\"><strong>Ancho del Carril\u00a0<\/strong>600 mm<\/p>\n<p style=\"text-align: left\"><strong>Espacio Necesario de Instalaci\u00f3n<\/strong>\u00a01200 x 870 mm840 x 870 mm<\/p>\n<p style=\"text-align: left\"><strong>Dimensiones<\/strong>\u00a0870 x 300 x 1000 mm<\/p>\n<p style=\"text-align: left\"><strong>Dimensiones con Empaque\u00a0<\/strong>1000 x 840 x 1090 mm<\/p>\n<p style=\"text-align: left\"><strong>Peso Neto<\/strong>\u00a097 Kg<\/p>\n<p style=\"text-align: left\"><strong>Peso con Empaque<\/strong>\u00a0153 Kg<\/p>\n<p style=\"text-align: left\"><strong>Indicador LED<\/strong>\u00a0S\u00ed<\/p>\n<p style=\"text-align: left\"><strong>Material del Gabinete<\/strong>\u00a0Acero Inoxidable SUS304<\/p>\n<p style=\"text-align: left\"><strong>Material de la Cubierta\u00a0<\/strong>Acero Inoxidable SUS304<\/p>\n<p style=\"text-align: left\"><strong>Material de la Aleta<\/strong>\u00a0Acr\u00edlico<\/p>\n<p style=\"text-align: left\"><strong>Movimiento de la Aleta\u00a0<\/strong>Retr\u00e1ctil<\/p>\n<p style=\"text-align: left\"><strong>Modo de Emergencia<\/strong>\u00a0S\u00ed<\/p>\n<p style=\"text-align: left\"><strong>Nivel de Seguridad<\/strong>\u00a0Medio<\/p>\n<p style=\"text-align: left\"><strong>N\u00famero de Ciclos Antes de Falla\u00a0<\/strong>2 millones<\/p>\n<p>&nbsp;<\/p>\n<\/div>\n<\/div>\n<hr class=\"padding-bottom-2x\" \/>\n<div class=\"row align-items-center padding-bottom-2x\">\n<div class=\"col-md-5\"><img decoding=\"async\" class=\"d-block m-auto img-thumbnail\" src=\"https:\/\/tvc.mx\/media\/428703\/Barrera-Peatonal-Central-de-Aleta-Incluye-Lectores-Panel-Funcionamiento-FBL1222-ZKTECO.png\" alt=\" \" \/><\/div>\n<div class=\"col-md-7 text-md-left text-center\">\n<h2>Funcionamiento<\/h2>\n<p class=\"text-muted\">\n<p><strong>1) Funci\u00f3n de indicaci\u00f3n de la direcci\u00f3n del paso<\/strong>: La luz del LED indica si el paso est\u00e1 permitido o no.<\/p>\n<p><strong>2) Funci\u00f3n anti-seguimiento:<\/strong>\u00a0Despu\u00e9s de cada paso, la duraci\u00f3n del pasaje se cancela autom\u00e1ticamente para evitar que dos personas ingresen al mismo tiempo.<\/p>\n<p><strong>3) M\u00faltiples modos de funcionamiento:\u00a0<\/strong>Los modos de trabajo, tales como paso unidireccional, paso bidireccional, apertura de la barrera por infrarrojos o control de paso mediante el env\u00edo de se\u00f1ales de apertura a la placa principal, se pueden configurar utilizando el men\u00fa de la placa principal.<\/p>\n<p><strong>4) Funci\u00f3n de reinicio autom\u00e1tico:<\/strong>\u00a0Si ninguna persona pasa a trav\u00e9s de la barrera dentro del per\u00edodo de tiempo especificado despu\u00e9s de recibir la se\u00f1al de apertura, el sistema cerrar\u00e1 autom\u00e1ticamente. El per\u00edodo de tiempo especificado se puede ajustar utilizando el men\u00fa de la placa principal.<\/p>\n<p><strong>5) Funci\u00f3n Normalmente abierta:<\/strong>\u00a0Esta opci\u00f3n es provista para cumplir con requerimientos especiales del usuario.<\/p>\n<p><strong>6) Pantalla LCD:<\/strong>\u00a0El producto incorpora una pantalla LCD donde muestra la descripci\u00f3n del estatus de operaci\u00f3n de la barrera.<\/p>\n<p><strong>7) Funci\u00f3n Punto-cero auto-prueba:<\/strong>\u00a0Esta funci\u00f3n es provista para facilitar el mantenimiento y uso.<\/p>\n<p><strong>8) Funci\u00f3n anti-aplastamiento:\u00a0<\/strong>Esta funci\u00f3n protege al peat\u00f3n de ser golpeado por las barreras una vez que el tiempo de apertura finaliz\u00f3.<\/p>\n<p><strong>9) Puerto de comunicaci\u00f3n RS232:<\/strong>\u00a0Este Puerto puede ser usado para controlar la apertura la barrera.<\/p>\n<p>&nbsp;<\/p>\n<\/div>\n<\/div>\n<hr class=\"padding-bottom-2x\" \/>\n<div class=\"row align-items-center padding-bottom-2x\">\n<div class=\"col-md-5 order-md-2\"><img decoding=\"async\" class=\"d-block m-auto img-thumbnail\" src=\"https:\/\/tvc.mx\/media\/428707\/Barrera-Peatonal-Central-de-Aleta-Incluye-Lectores-Panel-Contenido-FBL1222-ZKTECO.png\" alt=\" \" \/><\/div>\n<div class=\"col-md-7 order-md-1 text-md-left text-center\">\n<h2>Contenido<\/h2>\n<p class=\"text-muted\">\n<ul data-checked=\"false\">\n<li>1 Panel de Control de Acceso InBio260<\/li>\n<li>2 Lectores FR1200<\/li>\n<\/ul>\n<\/div>\n<\/div>\n","protected":false},"excerpt":{"rendered":"<p>Informaci\u00f3n General FB1222 \u00a0es una barrera de aleta con un atractivo dise\u00f1o y sistema de control de ingresos de bajo costo dise\u00f1ada para un alto volumen de tr\u00e1\ufb01co. La barrera con doble aleta FB1222 trabaja junto con la FBL1022 para incorporar m\u00faltiples carriles. Las Flap&hellip;<\/p>\n","protected":false},"featured_media":8227,"comment_status":"open","ping_status":"closed","template":"","meta":{"om_disable_all_campaigns":false,"_monsterinsights_skip_tracking":false,"_monsterinsights_sitenote_active":false,"_monsterinsights_sitenote_note":"","_monsterinsights_sitenote_category":0},"product_brand":[],"product_cat":[755],"product_tag":[81,727,730,66,731,728,729],"class_list":{"0":"post-8228","1":"product","2":"type-product","3":"status-publish","4":"has-post-thumbnail","6":"product_cat-flap-barriers","7":"product_tag-acceso-y-asistencia","8":"product_tag-cerraduras","9":"product_tag-commax-wulian","10":"product_tag-dahua","11":"product_tag-wejoin","12":"product_tag-yli","13":"product_tag-zkteco","15":"first","16":"instock","17":"sale","18":"taxable","19":"shipping-taxable","20":"purchasable","21":"product-type-simple"},"aioseo_notices":[],"_links":{"self":[{"href":"https:\/\/tecsecmty.com\/index.php\/wp-json\/wp\/v2\/product\/8228","targetHints":{"allow":["GET"]}}],"collection":[{"href":"https:\/\/tecsecmty.com\/index.php\/wp-json\/wp\/v2\/product"}],"about":[{"href":"https:\/\/tecsecmty.com\/index.php\/wp-json\/wp\/v2\/types\/product"}],"replies":[{"embeddable":true,"href":"https:\/\/tecsecmty.com\/index.php\/wp-json\/wp\/v2\/comments?post=8228"}],"version-history":[{"count":0,"href":"https:\/\/tecsecmty.com\/index.php\/wp-json\/wp\/v2\/product\/8228\/revisions"}],"wp:featuredmedia":[{"embeddable":true,"href":"https:\/\/tecsecmty.com\/index.php\/wp-json\/wp\/v2\/media\/8227"}],"wp:attachment":[{"href":"https:\/\/tecsecmty.com\/index.php\/wp-json\/wp\/v2\/media?parent=8228"}],"wp:term":[{"taxonomy":"product_brand","embeddable":true,"href":"https:\/\/tecsecmty.com\/index.php\/wp-json\/wp\/v2\/product_brand?post=8228"},{"taxonomy":"product_cat","embeddable":true,"href":"https:\/\/tecsecmty.com\/index.php\/wp-json\/wp\/v2\/product_cat?post=8228"},{"taxonomy":"product_tag","embeddable":true,"href":"https:\/\/tecsecmty.com\/index.php\/wp-json\/wp\/v2\/product_tag?post=8228"}],"curies":[{"name":"wp","href":"https:\/\/api.w.org\/{rel}","templated":true}]}}