{"id":8232,"date":"2023-02-23T22:19:45","date_gmt":"2023-02-24T04:19:45","guid":{"rendered":"https:\/\/tecsecmty.com\/index.php\/producto\/zkteco-fbl220-barrera-peatonal-de-aleta-bidireccional-acero-sus304-aleta-de-acrilico-personalizable-infrarrojo-de-seguridad-110v-5-millones-de-ciclos-30-personas-x-min-carril-58-cm\/"},"modified":"2023-03-22T23:25:18","modified_gmt":"2023-03-23T05:25:18","slug":"zkteco-fbl220-barrera-peatonal-de-aleta-bidireccional-acero-sus304-aleta-de-acrilico-personalizable-infrarrojo-de-seguridad-110v-5-millones-de-ciclos-30-personas-x-min-carril-58-cm","status":"publish","type":"product","link":"https:\/\/tecsecmty.com\/index.php\/producto\/zkteco-fbl220-barrera-peatonal-de-aleta-bidireccional-acero-sus304-aleta-de-acrilico-personalizable-infrarrojo-de-seguridad-110v-5-millones-de-ciclos-30-personas-x-min-carril-58-cm\/","title":{"rendered":"ZKTECO FBL220 &#8211; Barrera Peatonal de Aleta Bidireccional \/ Acero SUS304 \/ Aleta de Acr\u00edlico Personalizable \/ Infrarrojo de Seguridad \/ 110V \/ 5 millones de Ciclos \/ 30 Personas x Min. \/ Carril 58 cm \/ No cuenta con Lectores y Panel \/"},"content":{"rendered":"<div class=\"row aling-items-center padding-bottom-2x\">\n<div class=\"col-lg-12\">\n<h5 class=\"card-title text-center\">Informaci\u00f3n General<\/h5>\n<h4><strong>Descripci\u00f3n<\/strong><\/h4>\n<p>El torniquete de barrera de aleta de un solo carril\u00a0<strong>ZKTECO FBL220<\/strong>\u00a0es un sistema de control de entrada elegante y rentable dise\u00f1ado para un volumen de tr\u00e1fico alto.<\/p>\n<p>La serie FBL deber\u00e1 funcionar junto con la misma serie para construir m\u00faltiples carriles. La serie FBL est\u00e1 dise\u00f1ada para un funcionamiento suave y silencioso.<\/p>\n<p>Las barreras FBL220 normalmente se mantienen en una posici\u00f3n bloqueada, lo que impide el acceso al lado asegurado. Cuando el lector del FBL200 reconoce positivamente el acceso del usuario ya sea por medio de verificaci\u00f3n facial, palma, huella o tarjeta sus barreras se retraen hacia arriba autom\u00e1ticamente, lo que permite a los usuarios pasar al lado seguro.<\/p>\n<p>Durante las emergencias, las barreras se retraen autom\u00e1ticamente hacia arriba, lo que garantiza a los usuarios una salida r\u00e1pida y sin obst\u00e1culos hacia la seguridad.<\/p>\n<p>FBL220 proporciona seguridad y espacio conveniente, todo en un dise\u00f1o compacto muy duradero y elegante.<\/p>\n<h5><\/h5>\n<h5><strong>Personaliza la Soluci\u00f3n de Control de Acceso Peatonal con Equipos de Verificaci\u00f3n Facial, Palma, C\u00f3digo QR y\/o Tarjetas de Proximidad, Soluciones Sin Contacto.<\/strong><\/h5>\n<p><img decoding=\"async\" class=\"overview-center-img-web\" src=\"https:\/\/tvc.mx\/media\/575011\/Barrera-Peatonal-de-Aleta-Bidireccional-Aleta-de-Acr%C3%ADlico-Personalizable-Descripci%C3%B3n-FBL220-ZKTECO.png\" alt=\"\" \/><\/div>\n<\/div>\n<div class=\"row aling-items-center padding-bottom-2x\">\n<div class=\"col-lg-12\">\n<h5 class=\"card-title text-center\">Caracter\u00edsticas<\/h5>\n<p>Confiabilidad<\/p>\n<ul data-checked=\"false\">\n<li>Gabinete de acero inoxidable SUS304 para asegurar la m\u00e1xima durabilidad.<\/li>\n<li>Componentes el\u00e9ctricos de alta calidad<\/li>\n<\/ul>\n<p>Caracter\u00edsticas de Seguridad<\/p>\n<ul data-checked=\"false\">\n<li>Las barreras se retraen autom\u00e1ticamente durante las emergencias.<\/li>\n<li>Las barreras se retraen autom\u00e1ticamente durante un corte de energ\u00eda con la bater\u00eda instalada.<\/li>\n<li>Todo acabado liso. Sin tornillos expuestos.<\/li>\n<li>El dise\u00f1o ergon\u00f3mico hace tarjetas y huellas dactilares, autenticaci\u00f3n r\u00e1pida y sencilla para los usuarios.<\/li>\n<li>La serie FBL200 se prueban en f\u00e1brica antes de su env\u00edo.<\/li>\n<li>ZKTeco proporciona verdaderos torniquetes plug &amp; play con el costo de propiedad m\u00e1s bajo posible en la industria.<\/li>\n<\/ul>\n<p>Simplificaci\u00f3n<\/p>\n<ul data-checked=\"false\">\n<li>LCD en el tablero de control de la barrera de aleta, f\u00e1cil operaci\u00f3n.<\/li>\n<\/ul>\n<p><img decoding=\"async\" class=\"overview-center-img-web\" src=\"https:\/\/tvc.mx\/media\/575051\/Barrera-Peatonal-de-Aleta-Bidireccional-Aleta-de-Acr%C3%ADlico-Personalizable-Caracter%C3%ADsticas-FBL220-ZKTECO.png\" alt=\"\" \/><\/div>\n<\/div>\n<div class=\"row aling-items-center padding-bottom-2x\">\n<div class=\"col-lg-12\">\n<h5 class=\"card-title text-center\">Especificaciones T\u00e9cnicas<\/h5>\n<ul>\n<li><strong>Requerimientos de Energ\u00eda:<\/strong>\u00a0AC100 ~ 120V \/ 200 ~ 240V, 50 \/ 60Hz<\/li>\n<li><strong>Temperatura de Trabajo:\u00a0<\/strong>&#8211; 28 \u00b0 C ~ 60 \u00b0 C<\/li>\n<li><strong>Humedad de Trabajo:<\/strong>\u00a05% ~ 80%<\/li>\n<li><strong>Ambiente de Trabajo:<\/strong>\u00a0Interior \/ Exterior (si est\u00e1 protegido)<\/li>\n<li><strong>Max. Velocidad de Rendimiento:<\/strong>\u00a030 personas por minuto<\/li>\n<li><strong>Ancho de Carril (mm):<\/strong>\u00a0580<\/li>\n<li><strong>Dimensi\u00f3n (L * W * H):<\/strong>\u00a01200 * 300 * 980 (mil\u00edmetro)<\/li>\n<li><strong>Indicador LED:<\/strong>\u00a0De apoyo<\/li>\n<li><strong>Material de Gabinete:<\/strong>\u00a0SUS304 acero inoxidable<\/li>\n<li><strong>Material de la Tapa:<\/strong>\u00a0SUS304 acero inoxidable<\/li>\n<li><strong>Material de Aletas:<\/strong>\u00a0Acr\u00edlico<\/li>\n<li><strong>Movimiento de la Barrera:<\/strong>\u00a0Retr\u00e1ctil<\/li>\n<li><strong>Modo de Seguridad:<\/strong>\u00a0De apoyo<\/li>\n<li><strong>Nivel de Seguridad:<\/strong>\u00a0Medio<\/li>\n<li><strong>MCBF:<\/strong>\u00a05 millones<\/li>\n<li><strong>Tiempo de Apertura:<\/strong>\u00a00.8s<\/li>\n<li><strong>Ruido de Apertura:<\/strong>\u00a0\u226430dB<\/li>\n<\/ul>\n<p><img decoding=\"async\" class=\"overview-center-img-web\" src=\"https:\/\/tvc.mx\/media\/575059\/Barrera-Peatonal-de-Aleta-Bidireccional-Aleta-de-Acr%C3%ADlico-Personalizable-Especificaciones-FBL220-ZKTECO.png\" alt=\"\" \/><\/div>\n<\/div>\n<div class=\"row align-items-center padding-bottom-2x\">\n<div class=\"col-md-5 order-md-2\"><img decoding=\"async\" class=\"d-block m-auto img-thumbnail\" src=\"https:\/\/tvc.mx\/media\/576155\/Barrera-Peatonal-de-Aleta-Bidireccional-Aleta-de-Acr%C3%ADlico-Personalizable-ContenidoFBL220-ZKTECO.png\" alt=\" \" \/><\/div>\n<div class=\"col-md-7 order-md-1 text-md-left text-center\">\n<h2>Contenido<\/h2>\n<p class=\"text-muted\">\n<ul data-checked=\"false\">\n<li>1 par de aletas Transparentes<\/li>\n<li>4 Tornillos expansores<\/li>\n<li>1 Llave Allen<\/li>\n<li>4 Barras de anclaje<\/li>\n<li>1 rollo de Cable preconectado<\/li>\n<li>1 Cable 110Vac<\/li>\n<\/ul>\n<\/div>\n<\/div>\n","protected":false},"excerpt":{"rendered":"<p>Informaci\u00f3n General Descripci\u00f3n El torniquete de barrera de aleta de un solo carril\u00a0ZKTECO FBL220\u00a0es un sistema de control de entrada elegante y rentable dise\u00f1ado para un volumen de tr\u00e1fico alto. La serie FBL deber\u00e1 funcionar junto con la misma serie para construir m\u00faltiples carriles. La&hellip;<\/p>\n","protected":false},"featured_media":8231,"comment_status":"open","ping_status":"closed","template":"","meta":{"om_disable_all_campaigns":false,"_monsterinsights_skip_tracking":false,"_monsterinsights_sitenote_active":false,"_monsterinsights_sitenote_note":"","_monsterinsights_sitenote_category":0},"product_brand":[],"product_cat":[755],"product_tag":[81,727,730,66,731,728,729],"class_list":{"0":"post-8232","1":"product","2":"type-product","3":"status-publish","4":"has-post-thumbnail","6":"product_cat-flap-barriers","7":"product_tag-acceso-y-asistencia","8":"product_tag-cerraduras","9":"product_tag-commax-wulian","10":"product_tag-dahua","11":"product_tag-wejoin","12":"product_tag-yli","13":"product_tag-zkteco","15":"first","16":"instock","17":"sale","18":"taxable","19":"shipping-taxable","20":"purchasable","21":"product-type-simple"},"aioseo_notices":[],"_links":{"self":[{"href":"https:\/\/tecsecmty.com\/index.php\/wp-json\/wp\/v2\/product\/8232","targetHints":{"allow":["GET"]}}],"collection":[{"href":"https:\/\/tecsecmty.com\/index.php\/wp-json\/wp\/v2\/product"}],"about":[{"href":"https:\/\/tecsecmty.com\/index.php\/wp-json\/wp\/v2\/types\/product"}],"replies":[{"embeddable":true,"href":"https:\/\/tecsecmty.com\/index.php\/wp-json\/wp\/v2\/comments?post=8232"}],"version-history":[{"count":0,"href":"https:\/\/tecsecmty.com\/index.php\/wp-json\/wp\/v2\/product\/8232\/revisions"}],"wp:featuredmedia":[{"embeddable":true,"href":"https:\/\/tecsecmty.com\/index.php\/wp-json\/wp\/v2\/media\/8231"}],"wp:attachment":[{"href":"https:\/\/tecsecmty.com\/index.php\/wp-json\/wp\/v2\/media?parent=8232"}],"wp:term":[{"taxonomy":"product_brand","embeddable":true,"href":"https:\/\/tecsecmty.com\/index.php\/wp-json\/wp\/v2\/product_brand?post=8232"},{"taxonomy":"product_cat","embeddable":true,"href":"https:\/\/tecsecmty.com\/index.php\/wp-json\/wp\/v2\/product_cat?post=8232"},{"taxonomy":"product_tag","embeddable":true,"href":"https:\/\/tecsecmty.com\/index.php\/wp-json\/wp\/v2\/product_tag?post=8232"}],"curies":[{"name":"wp","href":"https:\/\/api.w.org\/{rel}","templated":true}]}}