{"id":8234,"date":"2023-02-23T22:19:47","date_gmt":"2023-02-24T04:19:47","guid":{"rendered":"https:\/\/tecsecmty.com\/index.php\/producto\/zkteco-fbl320-barrera-peatonal-central-retraible-acero-sus304-aleta-de-acrilico-110v-35-personas-x-min-carril-60-cm-exterior-protegido-2-millones-de-ciclos-infrarrojos-de-seguridad\/"},"modified":"2023-03-22T23:25:18","modified_gmt":"2023-03-23T05:25:18","slug":"zkteco-fbl320-barrera-peatonal-central-retraible-acero-sus304-aleta-de-acrilico-110v-35-personas-x-min-carril-60-cm-exterior-protegido-2-millones-de-ciclos-infrarrojos-de-seguridad","status":"publish","type":"product","link":"https:\/\/tecsecmty.com\/index.php\/producto\/zkteco-fbl320-barrera-peatonal-central-retraible-acero-sus304-aleta-de-acrilico-110v-35-personas-x-min-carril-60-cm-exterior-protegido-2-millones-de-ciclos-infrarrojos-de-seguridad\/","title":{"rendered":"ZKTECO FBL320 &#8211; Barrera Peatonal Central Retraible \/ Acero SUS304 \/ Aleta de Acr\u00edlico \/ 110V \/ 35 Personas x Min \/ Carril 60 cm \/ Exterior Protegido \/ 2 millones de Ciclos \/ Infrarrojos de Seguridad \/ No cuenta con Lectores y Panel"},"content":{"rendered":"<div class=\"row aling-items-center padding-bottom-2x\">\n<div class=\"col-lg-12\">\n<h5 class=\"card-title text-center\">Informaci\u00f3n General<\/h5>\n<h3><strong>Descripci\u00f3n<\/strong><\/h3>\n<p>El torniquete de barrera de aleta de doble carril ZKTeco FBL320 es un sistema de control de entrada elegante y rentable dise\u00f1ado para un volumen de tr\u00e1fico elevado. La serie FBL320 deber\u00eda funcionar junto con la serie FBL300 para construir m\u00faltiples carriles. El FBL320 es un torniquete de barrera de solapa para series de carriles adicionales dise\u00f1ado para un funcionamiento suave y silencioso y consume muy poca energ\u00eda. Est\u00e1 hecho de acero inoxidable, lo que hace que FBL320 sea muy duradero.<\/p>\n<p>Las barreras FBL320 normalmente se mantienen en una posici\u00f3n bloqueada, lo que impide el acceso al lado asegurado. Cuando el lector del FBL320 (RFID y \/ o huella digital) reconoce positivamente la tarjeta de acceso v\u00e1lida o la huella digital de un usuario, sus barreras se retraen hacia arriba autom\u00e1ticamente, lo que permite a los usuarios pasar al lado seguro.<\/p>\n<p>FBL320 proporciona seguridad y espacio conveniente, todo en un dise\u00f1o compacto muy duradero y elegante.<\/p>\n<p><img decoding=\"async\" class=\"overview-center-img-web\" src=\"https:\/\/tvc.mx\/media\/156818\/ZKTECO-FBL320-FLAP-BARRIER-CARRIL-ADICIONAL-DESCRIPCI%C3%93N.png\" alt=\"\" \/><\/div>\n<\/div>\n<div class=\"row align-items-center padding-bottom-2x\">\n<div class=\"col-md-5 order-md-2\"><img decoding=\"async\" class=\"d-block m-auto img-thumbnail\" src=\"https:\/\/tvc.mx\/media\/156822\/ZKTECO-FBL320-FLAP-BARRIER-CARRIL-ADICIONAL-CARACTER%C3%8DSTICAS.png\" alt=\" \" \/><\/div>\n<div class=\"col-md-7 order-md-1 text-md-left text-center\">\n<h2>Caracter\u00edsticas<\/h2>\n<p class=\"text-muted\">\n<p><strong>Fiabilidad<\/strong><\/p>\n<p>\u2022 La carcasa de acero inoxidable SUS304 garantiza una durabilidad duradera.<\/p>\n<p>\u2022 Componentes el\u00e9ctricos de alta calidad.<\/p>\n<p><strong>Caracter\u00edsticas de seguridad<\/strong><\/p>\n<p>\u2022 Las barreras se retraen autom\u00e1ticamente durante un corte de energ\u00eda con la bater\u00eda instalada.<\/p>\n<p>\u2022 Todo acabado liso. Sin tornillos expuestos.<\/p>\n<p>\u2022 El dise\u00f1o ergon\u00f3mico hace que la autenticaci\u00f3n de tarjetas y huellas digitales sea r\u00e1pida y sencilla para los usuarios.<\/p>\n<p><strong>Simplificaci\u00f3n<\/strong><\/p>\n<p>\u2022 LCD en el tablero de control de la barrera de solapa, f\u00e1cil operaci\u00f3n.<\/p>\n<p>\u2022 La serie FBL320 se prueban en f\u00e1brica antes de su env\u00edo.<\/p>\n<p>\u2022 ZKTeco proporciona verdaderos torniquetes plug &amp; play con el costo total de propiedad m\u00e1s bajo posible en la industria<\/p>\n<p>&nbsp;<\/p>\n<\/div>\n<\/div>\n<hr class=\"padding-bottom-2x\" \/>\n<div class=\"row align-items-center padding-bottom-2x\">\n<div class=\"col-md-5\"><img decoding=\"async\" class=\"d-block m-auto img-thumbnail\" src=\"https:\/\/tvc.mx\/media\/156930\/ZKTECO-FBL320-FLAB-BARRIE-CARRIL-ADICIONAL-ESPECIFICACIONES.png\" alt=\" \" \/><\/div>\n<div class=\"col-md-7 text-md-left text-center\">\n<h2>Especificaciones<\/h2>\n<p class=\"text-muted\">\n<p style=\"text-align: left\"><strong>Requerimientos de Energ\u00eda<\/strong>\u00a0&#8212;&#8212;&#8212;&#8212;&#8212;&#8212;&#8212;&#8212;&#8212;&#8212;&#8212;&#8212;&#8212;&#8211; AC100 ~ 120V\/200 ~ 240V, 50\/60Hz<\/p>\n<p style=\"text-align: left\"><strong>Temperatura de Trabajo<\/strong>\u00a0&#8212;&#8212;&#8212;&#8212;&#8212;&#8212;&#8212;&#8212;&#8212;&#8212;&#8212;&#8212;&#8212;&#8212;&#8212;&#8211; -20\u00b0C ~ 70\u00b0C<\/p>\n<p style=\"text-align: left\"><strong>Humedad de trabajo<\/strong>\u00a0&#8212;&#8212;&#8212;&#8212;&#8212;&#8212;&#8212;&#8212;&#8212;&#8212;&#8212;&#8212;&#8212;&#8212;&#8212;&#8212;&#8212;-5% ~ 95% (sin condensaci\u00f3n)<\/p>\n<p style=\"text-align: left\"><strong>Ambiente de Trabajo<\/strong>\u00a0&#8212;&#8212;&#8212;&#8212;&#8212;&#8212;&#8212;&#8212;&#8212;&#8212;&#8212;&#8212;&#8212;&#8212;&#8212;&#8212;&#8212; Interior \/ exterior (si est\u00e1 protegido)<\/p>\n<p style=\"text-align: left\"><strong>Max. Velocidad de Rendimiento<\/strong>\u00a0&#8212;&#8212;&#8212;&#8212;&#8212;&#8212;&#8212;&#8212;&#8212;&#8212;&#8212;&#8212;-35 personas por minuto<\/p>\n<p style=\"text-align: left\"><strong>Ancho de Carril (mm)<\/strong>\u00a0&#8212;&#8212;&#8212;&#8212;&#8212;&#8212;&#8212;&#8212;&#8212;&#8212;&#8212;&#8212;&#8212;&#8212;&#8212;&#8212;&#8212;- 600<\/p>\n<p style=\"text-align: left\"><strong>Dimensi\u00f3n (L*W*H)\u00a0<\/strong>&#8212;&#8212;&#8212;&#8212;&#8212;&#8212;&#8212;&#8212;&#8212;&#8212;&#8212;&#8212;&#8212;&#8212;&#8212;&#8212;&#8212;&#8212;- 1400 * 300 * 980 (mm)<\/p>\n<p style=\"text-align: left\"><strong>LED Indicador<\/strong>\u00a0&#8212;&#8212;&#8212;&#8212;&#8212;&#8212;&#8212;&#8212;&#8212;&#8212;&#8212;&#8212;&#8212;&#8212;&#8212;&#8212;&#8212;&#8212;&#8212;&#8212; de apoyo<\/p>\n<p style=\"text-align: left\"><strong>Material de Gabinete<\/strong>\u00a0&#8212;&#8212;&#8212;&#8212;&#8212;&#8212;&#8212;&#8212;&#8212;&#8212;&#8212;&#8212;&#8212;&#8212;&#8212;&#8212;&#8212;-Acero Inoxidable SUS304<\/p>\n<p style=\"text-align: left\"><strong>Material de la Tapa<\/strong>\u00a0&#8212;&#8212;&#8212;&#8212;&#8212;&#8212;&#8212;&#8212;&#8212;&#8212;&#8212;&#8212;&#8212;&#8212;&#8212;&#8212;&#8212;&#8212;- Acero<\/p>\n<p style=\"text-align: left\"><strong>Material de la Barrera (aleta)<\/strong>\u00a0&#8212;&#8212;&#8212;&#8212;&#8212;&#8212;&#8212;&#8212;&#8212;&#8212;&#8212;&#8212;&#8212;&#8212; Acr\u00edlico<\/p>\n<p style=\"text-align: left\"><strong>Movimiento de la Barrera<\/strong>\u00a0&#8212;&#8212;&#8212;&#8212;&#8212;&#8212;&#8212;&#8212;&#8212;&#8212;&#8212;&#8212;&#8212;&#8212;&#8212;&#8211; Retr\u00e1ctil<\/p>\n<p style=\"text-align: left\"><strong>Modo de Emergencia<\/strong>\u00a0&#8212;&#8212;&#8212;&#8212;&#8212;&#8212;&#8212;&#8212;&#8212;&#8212;&#8212;&#8212;&#8212;&#8212;&#8212;&#8212;&#8212;&#8211; De Apoyo<\/p>\n<p style=\"text-align: left\"><strong>Nivel de Seguridad<\/strong>\u00a0&#8212;&#8212;&#8212;&#8212;&#8212;&#8212;&#8212;&#8212;&#8212;&#8212;&#8212;&#8212;&#8212;&#8212;&#8212;&#8212;&#8212;&#8212;&#8211; Medio<\/p>\n<p style=\"text-align: left\"><strong>MCBF<\/strong>\u00a0&#8212;&#8212;&#8212;&#8212;&#8212;&#8212;&#8212;&#8212;&#8212;&#8212;&#8212;&#8212;&#8212;&#8212;&#8212;&#8212;&#8212;&#8212;&#8212;&#8212;&#8212;&#8212;&#8212;&#8212; 2 Millones<\/p>\n<p style=\"text-align: left\"><strong>Sensor de Infrarrojos<\/strong>\u00a0&#8212;&#8212;&#8212;&#8212;&#8212;&#8212;&#8212;&#8212;&#8212;&#8212;&#8212;&#8212;&#8212;&#8212;&#8212;&#8212;&#8212; 5 pares<\/p>\n<\/div>\n<\/div>\n","protected":false},"excerpt":{"rendered":"<p>Informaci\u00f3n General Descripci\u00f3n El torniquete de barrera de aleta de doble carril ZKTeco FBL320 es un sistema de control de entrada elegante y rentable dise\u00f1ado para un volumen de tr\u00e1fico elevado. La serie FBL320 deber\u00eda funcionar junto con la serie FBL300 para construir m\u00faltiples carriles.&hellip;<\/p>\n","protected":false},"featured_media":8233,"comment_status":"open","ping_status":"closed","template":"","meta":{"om_disable_all_campaigns":false,"_monsterinsights_skip_tracking":false,"_monsterinsights_sitenote_active":false,"_monsterinsights_sitenote_note":"","_monsterinsights_sitenote_category":0},"product_brand":[],"product_cat":[755],"product_tag":[81,727,730,66,731,728,729],"class_list":{"0":"post-8234","1":"product","2":"type-product","3":"status-publish","4":"has-post-thumbnail","6":"product_cat-flap-barriers","7":"product_tag-acceso-y-asistencia","8":"product_tag-cerraduras","9":"product_tag-commax-wulian","10":"product_tag-dahua","11":"product_tag-wejoin","12":"product_tag-yli","13":"product_tag-zkteco","15":"first","16":"instock","17":"sale","18":"taxable","19":"shipping-taxable","20":"purchasable","21":"product-type-simple"},"aioseo_notices":[],"_links":{"self":[{"href":"https:\/\/tecsecmty.com\/index.php\/wp-json\/wp\/v2\/product\/8234","targetHints":{"allow":["GET"]}}],"collection":[{"href":"https:\/\/tecsecmty.com\/index.php\/wp-json\/wp\/v2\/product"}],"about":[{"href":"https:\/\/tecsecmty.com\/index.php\/wp-json\/wp\/v2\/types\/product"}],"replies":[{"embeddable":true,"href":"https:\/\/tecsecmty.com\/index.php\/wp-json\/wp\/v2\/comments?post=8234"}],"version-history":[{"count":0,"href":"https:\/\/tecsecmty.com\/index.php\/wp-json\/wp\/v2\/product\/8234\/revisions"}],"wp:featuredmedia":[{"embeddable":true,"href":"https:\/\/tecsecmty.com\/index.php\/wp-json\/wp\/v2\/media\/8233"}],"wp:attachment":[{"href":"https:\/\/tecsecmty.com\/index.php\/wp-json\/wp\/v2\/media?parent=8234"}],"wp:term":[{"taxonomy":"product_brand","embeddable":true,"href":"https:\/\/tecsecmty.com\/index.php\/wp-json\/wp\/v2\/product_brand?post=8234"},{"taxonomy":"product_cat","embeddable":true,"href":"https:\/\/tecsecmty.com\/index.php\/wp-json\/wp\/v2\/product_cat?post=8234"},{"taxonomy":"product_tag","embeddable":true,"href":"https:\/\/tecsecmty.com\/index.php\/wp-json\/wp\/v2\/product_tag?post=8234"}],"curies":[{"name":"wp","href":"https:\/\/api.w.org\/{rel}","templated":true}]}}