{"id":8236,"date":"2023-02-23T22:19:50","date_gmt":"2023-02-24T04:19:50","guid":{"rendered":"https:\/\/tecsecmty.com\/index.php\/producto\/zkteco-fbl5222-barrera-peatonal-central-acero-sus304-y-cristal-templado-aleta-de-acrilico-carril-60-cm-exterior-protegido-30-a-40-personas-x-min-2-millones-de-ciclos-incluye-panel-inbi\/"},"modified":"2023-03-22T23:25:18","modified_gmt":"2023-03-23T05:25:18","slug":"zkteco-fbl5222-barrera-peatonal-central-acero-sus304-y-cristal-templado-aleta-de-acrilico-carril-60-cm-exterior-protegido-30-a-40-personas-x-min-2-millones-de-ciclos-incluye-panel-inbi","status":"publish","type":"product","link":"https:\/\/tecsecmty.com\/index.php\/producto\/zkteco-fbl5222-barrera-peatonal-central-acero-sus304-y-cristal-templado-aleta-de-acrilico-carril-60-cm-exterior-protegido-30-a-40-personas-x-min-2-millones-de-ciclos-incluye-panel-inbi\/","title":{"rendered":"ZKTECO FBL5222 &#8211; Barrera Peatonal Central \/ Acero SUS304 y Cristal Templado \/ Aleta de Acr\u00edlico \/ Carril 60 cm \/ Exterior Protegido \/ 30 a 40 Personas X Min \/ 2 Millones de Ciclos \/ Incluye Panel INBIO260 PULL y FR1200 ID"},"content":{"rendered":"<div class=\"row aling-items-center padding-bottom-2x\">\n<div class=\"col-lg-12\">\n<h5 class=\"card-title text-center\">Informaci\u00f3n General<\/h5>\n<h1><strong>Descripci\u00f3n<\/strong><\/h1>\n<p>El torniquete de barrera de aleta de doble carril ZKTeco FBL5222 Pro es un elegante y rentable<\/p>\n<p>sistema de control de entrada dise\u00f1ado para grandes vol\u00famenes de tr\u00e1fico.<\/p>\n<p>La barrera con doble aleta FBL5200 trabaja junto con la FBL5000 para incorporar m\u00faltiples carriles.<\/p>\n<p>Las barreras est\u00e1n dise\u00f1adas para un funcionamiento suave y silencioso sin necesidad de un gran consumo energ\u00e9tico, est\u00e1n fabricadas de acero inoxidable lo que las hace altamente durables.<\/p>\n<p>Las barreras se mantienen normalmente en una posici\u00f3n bloqueada, negando as\u00ed el acceso a personas no autorizadas. Cuando el lector (RFID y \/ o biom\u00e9trico) reconoce positivamente la tarjeta de acceso o huella digital y v\u00e1lida el acceso del usuario, las barreras se retraen permitiendo el paso.<\/p>\n<p>Ante una emergencia las barreras se retraen autom\u00e1ticamente, garantizando la salida de los usuarios sin obst\u00e1culos. Se puede instalar una bater\u00eda adicional para las situaciones en las que se registra p\u00e9rdida de energ\u00eda. La serie FBL5000 proporciona seguridad, bajo un dise\u00f1o compacto, durable y elegante.<\/p>\n<p><img decoding=\"async\" class=\"overview-center-img-web\" src=\"https:\/\/tvc.mx\/media\/48054\/vannner-ZKTECO-FBL5222.jpg\" alt=\"\" \/><\/div>\n<\/div>\n<div class=\"row align-items-center padding-bottom-2x\">\n<div class=\"col-md-5 order-md-2\"><img decoding=\"async\" class=\"d-block m-auto img-thumbnail\" src=\"https:\/\/tvc.mx\/media\/48069\/Caracter%C3%ADsticas.jpg\" alt=\" \" \/><\/div>\n<div class=\"col-md-7 order-md-1 text-md-left text-center\">\n<h2>Caracter\u00edsticas<\/h2>\n<p class=\"text-muted\">\n<h2><strong>Confiabilidad<\/strong><\/h2>\n<ul data-checked=\"false\">\n<li>Fabricada con acero inoxidable SUS304 para una mayor duraci\u00f3n.<\/li>\n<li>Componentes el\u00e9ctricos de alta calidad.<\/li>\n<\/ul>\n<h2><strong>Caracter\u00edsticas de Seguridad<\/strong><\/h2>\n<ul data-checked=\"false\">\n<li>Las barreras se retraen autom\u00e1ticamente durante las emergencias.<\/li>\n<li>Las barreras se retraen autom\u00e1ticamente durante el corte de energ\u00eda con la bater\u00eda instalada.<\/li>\n<li>Sin tornillos expuestos.<\/li>\n<li>Su dise\u00f1o ergon\u00f3mico hace que las verificaciones sean m\u00e1s r\u00e1pidas y sencillas para los usuarios.<\/li>\n<\/ul>\n<h2><strong>Lector integrado<\/strong><\/h2>\n<ul data-checked=\"false\">\n<li>Las barreras pueden integrar seg\u00fan la preferencia de los clientes el lector de tarjetas o lector de huellas digitales. Esto reducir\u00e1 enormemente el tiempo y los gastos de instalaci\u00f3n.<\/li>\n<li>La serie FBL5000\/5200 y los lectores de control de acceso asociados est\u00e1n probados en f\u00e1brica antes del env\u00edo.<\/li>\n<li>ZKTeco proporciona barreras verdaderamente plug&amp;play con el costo total m\u00e1s bajo en la industria. Simplificaci\u00f3n Pantalla LCD en la tarjeta controladora, para una sencilla configuraci\u00f3n y operaci\u00f3n.<\/li>\n<\/ul>\n<p>&nbsp;<\/p>\n<\/div>\n<\/div>\n<hr class=\"padding-bottom-2x\" \/>\n<div class=\"row aling-items-center padding-bottom-2x\">\n<div class=\"col-lg-12\">\n<h5 class=\"card-title text-center\">Especificaciones<\/h5>\n<p><strong>Fuente de Alimentaci\u00f3n\u00a0<\/strong>AC 100 ~ 120V\/200 ~ 240V, 50\/60Hz<\/p>\n<p><strong>Temperatura de Operaci\u00f3n\u00a0<\/strong>-28\u2103 hasta 60\u2103<\/p>\n<p><strong>Humedad de Operaci\u00f3n\u00a0<\/strong>5% hasta 80%<\/p>\n<p><strong>Ambiente de Operaci\u00f3n\u00a0<\/strong>Interior \/ Exterior (Si est\u00e1 protegido)<\/p>\n<p><strong>RFID Huella Digital\u00a0<\/strong>M\u00e1ximo 42 \/ minuto\u00a0\/\u00a0M\u00e1ximo 35 \/ minuto<\/p>\n<p><strong>Ancho del Carril\u00a0<\/strong>600 mm<\/p>\n<p><strong>Espacio Necesario para Instalaci\u00f3n\u00a0<\/strong>1200 x 840 mm<\/p>\n<p><strong>Dimensiones\u00a0<\/strong>1200 x 300 x 1010 mm<\/p>\n<p><strong>Dimensiones con Empaque\u00a0<\/strong>1400 x 400 x 1100 mm<\/p>\n<p><strong>Peso Neto\u00a0<\/strong>81 Kg<\/p>\n<p><strong>Peso con Empaque\u00a0<\/strong>116 Kg<\/p>\n<p><strong>Indicador LED\u00a0<\/strong>S\u00ed<\/p>\n<p><strong>Material del Gabinete\u00a0<\/strong>Acero Inoxidable SUS304<\/p>\n<p><strong>Material de la Cubierta\u00a0<\/strong>Acero Inoxidable SUS304\u00a0\/vidrio templado<\/p>\n<p><strong>Material de la Aleta\u00a0<\/strong>Acr\u00edlico<\/p>\n<p><strong>Movimiento de la Aleta\u00a0<\/strong>Retr\u00e1ctil<\/p>\n<p><strong>Modo de Emergencia\u00a0<\/strong>S\u00ed<\/p>\n<p><strong>Nivel de Seguridad\u00a0<\/strong>Medio<\/p>\n<p><strong>N\u00famero de Ciclos Antes de Falla\u00a0<\/strong>2 millones<\/p>\n<p><img decoding=\"async\" class=\"overview-center-img-web\" src=\"https:\/\/tvc.mx\/media\/48087\/Especificaciones.jpg\" alt=\"\" \/><\/div>\n<\/div>\n<div class=\"row align-items-center padding-bottom-2x\">\n<div class=\"col-md-5 order-md-2\"><img decoding=\"async\" class=\"d-block m-auto img-thumbnail\" src=\"https:\/\/tvc.mx\/media\/48090\/funci%C3%B3n.jpg\" alt=\" \" \/><\/div>\n<div class=\"col-md-7 order-md-1 text-md-left text-center\">\n<h2>Funci\u00f3n<\/h2>\n<p class=\"text-muted\">\n<ol>\n<li><strong>Funci\u00f3n de indicaci\u00f3n de la direcci\u00f3n de paso<\/strong>. Las luces LED indican si se permite o no el paso en una direcci\u00f3n.<\/li>\n<li><strong>Funci\u00f3n anti-seguimiento:\u00a0<\/strong>Despu\u00e9s de cada entrada\/salida, la barrera se cierra autom\u00e1ticamente para prevenir el paso de una persona no autorizada.<\/li>\n<li><strong>M\u00faltiples modos de operaci\u00f3n:<\/strong>\u00a0Los modos de operaci\u00f3n, como Paso en una direcci\u00f3n, Paso en 2 direcciones, Apertura con infrarrojo, o Control de Paso enviando la se\u00f1al de apertura a la tarjeta principal, pueden configurarse usando el men\u00fa de la tarjeta principal. 4)<\/li>\n<li><strong>Funci\u00f3n de cerrado autom\u00e1tico:<\/strong>\u00a0Si ninguna persona pasa a trav\u00e9s de la barrera dentro de un periodo de tiempo espec\u00edfico despu\u00e9s de recibir la se\u00f1al de apertura, el sistema cierra autom\u00e1ticamente la barrera. El tiempo espec\u00edfico puede ajustarse en el men\u00fa de la tarjeta principal.<\/li>\n<li><strong>Funci\u00f3n de apertura con barrera apagada:<\/strong>\u00a0Esta funci\u00f3n se incluye para cumplir con requisitos especiales de los usuarios.<\/li>\n<li><strong>Pantalla LCD:\u00a0<\/strong>El producto incluye una pantalla LCD para mostrar directamente la descripci\u00f3n con texto de las operaciones de la barrera.<\/li>\n<li><strong>Funci\u00f3n de Auto-Pruebas iniciales:<\/strong>\u00a0Esta funci\u00f3n se incluye para facilitar el uso y mantenimiento.<\/li>\n<li><strong>Funci\u00f3n Anti-Aprisionamiento:<\/strong>\u00a0Esta funci\u00f3n evita que las personas queden atrapadas entre las aletas debido al cierre de la barrera al finalizar el tiempo de apertura establecido.<\/li>\n<li><strong>Puerto de Comunicaci\u00f3n Serial RS232:<\/strong>\u00a0Este puerto se puede usar para controlar la apertura de la barrera.<\/li>\n<\/ol>\n<\/div>\n<\/div>\n","protected":false},"excerpt":{"rendered":"<p>Informaci\u00f3n General Descripci\u00f3n El torniquete de barrera de aleta de doble carril ZKTeco FBL5222 Pro es un elegante y rentable sistema de control de entrada dise\u00f1ado para grandes vol\u00famenes de tr\u00e1fico. La barrera con doble aleta FBL5200 trabaja junto con la FBL5000 para incorporar m\u00faltiples&hellip;<\/p>\n","protected":false},"featured_media":8235,"comment_status":"open","ping_status":"closed","template":"","meta":{"om_disable_all_campaigns":false,"_monsterinsights_skip_tracking":false,"_monsterinsights_sitenote_active":false,"_monsterinsights_sitenote_note":"","_monsterinsights_sitenote_category":0},"product_brand":[],"product_cat":[755],"product_tag":[81,727,730,66,731,728,729],"class_list":{"0":"post-8236","1":"product","2":"type-product","3":"status-publish","4":"has-post-thumbnail","6":"product_cat-flap-barriers","7":"product_tag-acceso-y-asistencia","8":"product_tag-cerraduras","9":"product_tag-commax-wulian","10":"product_tag-dahua","11":"product_tag-wejoin","12":"product_tag-yli","13":"product_tag-zkteco","15":"first","16":"instock","17":"sale","18":"taxable","19":"shipping-taxable","20":"purchasable","21":"product-type-simple"},"aioseo_notices":[],"_links":{"self":[{"href":"https:\/\/tecsecmty.com\/index.php\/wp-json\/wp\/v2\/product\/8236","targetHints":{"allow":["GET"]}}],"collection":[{"href":"https:\/\/tecsecmty.com\/index.php\/wp-json\/wp\/v2\/product"}],"about":[{"href":"https:\/\/tecsecmty.com\/index.php\/wp-json\/wp\/v2\/types\/product"}],"replies":[{"embeddable":true,"href":"https:\/\/tecsecmty.com\/index.php\/wp-json\/wp\/v2\/comments?post=8236"}],"version-history":[{"count":0,"href":"https:\/\/tecsecmty.com\/index.php\/wp-json\/wp\/v2\/product\/8236\/revisions"}],"wp:featuredmedia":[{"embeddable":true,"href":"https:\/\/tecsecmty.com\/index.php\/wp-json\/wp\/v2\/media\/8235"}],"wp:attachment":[{"href":"https:\/\/tecsecmty.com\/index.php\/wp-json\/wp\/v2\/media?parent=8236"}],"wp:term":[{"taxonomy":"product_brand","embeddable":true,"href":"https:\/\/tecsecmty.com\/index.php\/wp-json\/wp\/v2\/product_brand?post=8236"},{"taxonomy":"product_cat","embeddable":true,"href":"https:\/\/tecsecmty.com\/index.php\/wp-json\/wp\/v2\/product_cat?post=8236"},{"taxonomy":"product_tag","embeddable":true,"href":"https:\/\/tecsecmty.com\/index.php\/wp-json\/wp\/v2\/product_tag?post=8236"}],"curies":[{"name":"wp","href":"https:\/\/api.w.org\/{rel}","templated":true}]}}