{"id":8238,"date":"2023-02-23T22:19:52","date_gmt":"2023-02-24T04:19:52","guid":{"rendered":"https:\/\/tecsecmty.com\/index.php\/producto\/zkteco-fbl6000pro-barrera-peatonal-bidireccional-acero-sus304-aletas-de-acrilico-infrarrojos-carril-60-cm-110v-30-personas-x-min-5-millones-de-ciclos-exterior-protegido-no-cuenta-c\/"},"modified":"2023-03-22T23:25:18","modified_gmt":"2023-03-23T05:25:18","slug":"zkteco-fbl6000pro-barrera-peatonal-bidireccional-acero-sus304-aletas-de-acrilico-infrarrojos-carril-60-cm-110v-30-personas-x-min-5-millones-de-ciclos-exterior-protegido-no-cuenta-c","status":"publish","type":"product","link":"https:\/\/tecsecmty.com\/index.php\/producto\/zkteco-fbl6000pro-barrera-peatonal-bidireccional-acero-sus304-aletas-de-acrilico-infrarrojos-carril-60-cm-110v-30-personas-x-min-5-millones-de-ciclos-exterior-protegido-no-cuenta-c\/","title":{"rendered":"ZKTECO FBL6000PRO &#8211; Barrera Peatonal Bidireccional \/ Acero SUS304 \/ Aletas de Acr\u00edlico \/ Infrarrojos \/ Carril 60 cm \/ 110V \/ 30 Personas x Min \/ 5 millones de Ciclos \/ Exterior Protegido \/ No cuenta con Lectores y Panel"},"content":{"rendered":"<div class=\"row aling-items-center padding-bottom-2x\">\n<div class=\"col-lg-12\">\n<h5 class=\"card-title text-center\">Informaci\u00f3n General<\/h5>\n<h1 class=\"ql-align-justify\"><strong>Descripci\u00f3n<\/strong><\/h1>\n<p class=\"ql-align-justify\">La puerta de cortesia FBL6000PRO de ZKTeco es una elegante barrera peatonal que ayuda a llevar un mejor control de acceso, mientras su robusto dise\u00f1o permite gestionar grandes vol\u00famenes de tr\u00e1fico peatonal. Su innovador dise\u00f1o ha sido equipado con un sistema de m\u00faltiples adaptadores para permitir al integrador la instalaci\u00f3n de diferentes sistemas de control de acceso con simplemente cambiar el m\u00f3dulo de acr\u00edlico en la parte superior del gabinete.<\/p>\n<p class=\"ql-align-justify\">Su dise\u00f1o no solo ha sido mejorado por fuera, internamente, el FBL6000 Pro ha sido optimizado para un funcionamiento suave y silencioso durante grandes periodos de tiempo, extendiendo la vida util del equipo y adem\u00e1s agregando una facilidad excepcional al proceso de instalaci\u00f3n y mantenimientos tanto preventivos como correctivos.<\/p>\n<p class=\"ql-align-justify\">En ZKTeco sabemos que la seguridad de las personas es primero, por eso, durante situaciones de emergencia, el FBL6000PRO puede configurarse para que se abra de manera autom\u00e1tica con el fin de evitar bloqueos a los peatones durante una evacuaci\u00f3n. Adem\u00e1s, para casos de emergencia donde exista corte de energ\u00eda el\u00e9ctrica, se puede agregar un accesorio que permite al equipo realizar la apertura autom\u00e1tica a\u00fan y cuando no tenga energ\u00eda electrica.<\/p>\n<p class=\"ql-align-justify\">Las barreras se adaptan sin problema a las entradas o salidas de los edificios o sitios de\u00a0construcci\u00f3n y son eficaces en el control de entrada de empleados y visitantes.<\/p>\n<p class=\"ql-align-justify\">Con la implementaci\u00f3n de estas barreras, s\u00f3lo los usuarios autorizados pueden acceder a las instalaciones.<\/p>\n<ul>\n<li class=\"ql-align-justify\">Usted elije el control de acceso que desea instalar. ZKTeco provee adaptadores (se venden por separado) para distintos tipos de lectores (Tarjeta, huella, reconocimiento facial, palma, c\u00f3digos QR)<\/li>\n<li class=\"ql-align-justify\">F\u00e1cil de instalar<\/li>\n<li class=\"ql-align-justify\">F\u00e1cil de personalizar<\/li>\n<li class=\"ql-align-justify\">F\u00e1cil de configurar<\/li>\n<li class=\"ql-align-justify\">F\u00e1cil de utilizar<\/li>\n<\/ul>\n<h5><strong>Personaliza la Soluci\u00f3n de Control de Acceso Peatonal con Equipos de Verificaci\u00f3n Facial, Palma, C\u00f3digo QR y\/o Tarjetas de Proximidad, Soluciones Sin Contacto.<\/strong><\/h5>\n<h1><strong>Caracter\u00edsticas<\/strong><\/h1>\n<p><strong>Confiabilidad<\/strong><\/p>\n<ul data-checked=\"false\">\n<li>Gabinete de acero inoxidable SUS304 para asegurar la m\u00e1xima durabilidad.<\/li>\n<li>Componentes el\u00e9ctricos de alta calidad<\/li>\n<\/ul>\n<p><strong>Caracter\u00edsticas de seguridad<\/strong><\/p>\n<ul data-checked=\"false\">\n<li>Las barreras se retraen autom\u00e1ticamente durante un corte de energ\u00eda (requiere accesorio opcional)<\/li>\n<li>El acabado es liso sin tornillos expuestos.<\/li>\n<li>Su dise\u00f1o innovador hace que la verificaci\u00f3n con tarjeta, huella o facial sea r\u00e1pida y simple para los usuarios.<\/li>\n<li>ZKTeco proporciona verdaderos torniquetes plug &amp; play con el costo total de propiedad m\u00e1s bajo posible en la industria.<\/li>\n<\/ul>\n<p><strong>Simplificaci\u00f3n<\/strong><\/p>\n<ul data-checked=\"false\">\n<li>F\u00e1cil operaci\u00f3n con el LCD en el panel de control de barrera.<\/li>\n<\/ul>\n<h1><\/h1>\n<p><img decoding=\"async\" class=\"overview-center-img-web\" src=\"https:\/\/tvc.mx\/media\/120070\/ZKTECO-FBL6000PRO-Barrera-Peatonal-Tipo-Flap-Descripci%C3%B3n.png\" alt=\"\" \/><\/div>\n<\/div>\n<div class=\"row aling-items-center padding-bottom-2x\">\n<div class=\"col-lg-12\">\n<h5 class=\"card-title text-center\">Integraciones<\/h5>\n<p>FBL6000 es una barrera abatible con un dise\u00f1o modular que permite un cambio r\u00e1pido entre diferentes lectores. La instalaci\u00f3n del lector se puede completar simplemente extray\u00e9ndolo y enchuf\u00e1ndolo. Despu\u00e9s de instalar los lectores correspondientes, FBL6000 puede admitir m\u00faltiples m\u00e9todos de verificaci\u00f3n, incluidos RFID, huella, c\u00f3digo QR, verificaci\u00f3n de la palma y reconocimiento facial Visible Light.<\/p>\n<p>Especialmente, la verificaci\u00f3n de la palma y el reconocimiento facial Visible Light pueden realizar un control de entrada sin contacto que evita la exposici\u00f3n de las manos a las bacterias y aumenta la seguridad higi\u00e9nica p\u00fablica.<\/p>\n<p><img decoding=\"async\" class=\"overview-center-img-web\" src=\"https:\/\/tvc.mx\/media\/120066\/ZKTECO-FBL6000PRO-Barrera-Peatonal-Tipo-Flap-integraciones.png\" alt=\"\" \/><\/div>\n<\/div>\n","protected":false},"excerpt":{"rendered":"<p>Informaci\u00f3n General Descripci\u00f3n La puerta de cortesia FBL6000PRO de ZKTeco es una elegante barrera peatonal que ayuda a llevar un mejor control de acceso, mientras su robusto dise\u00f1o permite gestionar grandes vol\u00famenes de tr\u00e1fico peatonal. Su innovador dise\u00f1o ha sido equipado con un sistema de&hellip;<\/p>\n","protected":false},"featured_media":8237,"comment_status":"open","ping_status":"closed","template":"","meta":{"om_disable_all_campaigns":false,"_monsterinsights_skip_tracking":false,"_monsterinsights_sitenote_active":false,"_monsterinsights_sitenote_note":"","_monsterinsights_sitenote_category":0},"product_brand":[],"product_cat":[755],"product_tag":[81,727,730,66,731,728,729],"class_list":{"0":"post-8238","1":"product","2":"type-product","3":"status-publish","4":"has-post-thumbnail","6":"product_cat-flap-barriers","7":"product_tag-acceso-y-asistencia","8":"product_tag-cerraduras","9":"product_tag-commax-wulian","10":"product_tag-dahua","11":"product_tag-wejoin","12":"product_tag-yli","13":"product_tag-zkteco","15":"first","16":"instock","17":"sale","18":"taxable","19":"shipping-taxable","20":"purchasable","21":"product-type-simple"},"aioseo_notices":[],"_links":{"self":[{"href":"https:\/\/tecsecmty.com\/index.php\/wp-json\/wp\/v2\/product\/8238","targetHints":{"allow":["GET"]}}],"collection":[{"href":"https:\/\/tecsecmty.com\/index.php\/wp-json\/wp\/v2\/product"}],"about":[{"href":"https:\/\/tecsecmty.com\/index.php\/wp-json\/wp\/v2\/types\/product"}],"replies":[{"embeddable":true,"href":"https:\/\/tecsecmty.com\/index.php\/wp-json\/wp\/v2\/comments?post=8238"}],"version-history":[{"count":0,"href":"https:\/\/tecsecmty.com\/index.php\/wp-json\/wp\/v2\/product\/8238\/revisions"}],"wp:featuredmedia":[{"embeddable":true,"href":"https:\/\/tecsecmty.com\/index.php\/wp-json\/wp\/v2\/media\/8237"}],"wp:attachment":[{"href":"https:\/\/tecsecmty.com\/index.php\/wp-json\/wp\/v2\/media?parent=8238"}],"wp:term":[{"taxonomy":"product_brand","embeddable":true,"href":"https:\/\/tecsecmty.com\/index.php\/wp-json\/wp\/v2\/product_brand?post=8238"},{"taxonomy":"product_cat","embeddable":true,"href":"https:\/\/tecsecmty.com\/index.php\/wp-json\/wp\/v2\/product_cat?post=8238"},{"taxonomy":"product_tag","embeddable":true,"href":"https:\/\/tecsecmty.com\/index.php\/wp-json\/wp\/v2\/product_tag?post=8238"}],"curies":[{"name":"wp","href":"https:\/\/api.w.org\/{rel}","templated":true}]}}