{"id":8242,"date":"2023-02-23T22:19:56","date_gmt":"2023-02-24T04:19:56","guid":{"rendered":"https:\/\/tecsecmty.com\/index.php\/producto\/zkteco-proentrance-fb01fp-barrera-peatonal-de-acero-inoxidable-un-carril-de-alto-flujo-30-personas-x-minuto-carril-60-cm-incluye-2-lectores-de-huella-fr1500-y-panel-inbio206pro-requiere-lice\/"},"modified":"2023-03-22T23:25:29","modified_gmt":"2023-03-23T05:25:29","slug":"zkteco-proentrance-fb01fp-barrera-peatonal-de-acero-inoxidable-un-carril-de-alto-flujo-30-personas-x-minuto-carril-60-cm-incluye-2-lectores-de-huella-fr1500-y-panel-inbio206pro-requiere-lice","status":"publish","type":"product","link":"https:\/\/tecsecmty.com\/index.php\/producto\/zkteco-proentrance-fb01fp-barrera-peatonal-de-acero-inoxidable-un-carril-de-alto-flujo-30-personas-x-minuto-carril-60-cm-incluye-2-lectores-de-huella-fr1500-y-panel-inbio206pro-requiere-lice\/","title":{"rendered":"ZKTECO PROENTRANCE FB01FP &#8211; Barrera Peatonal de Acero Inoxidable un Carril de Alto Flujo \/ 30 personas x minuto \/ Carril 60 cm \/ Incluye 2 lectores de Huella FR1500 y Panel inBio206Pro \/ Requiere Licencia"},"content":{"rendered":"<div class=\"row aling-items-center padding-bottom-2x\">\n<div class=\"col-lg-12\">\n<h5 class=\"card-title text-center\">Informaci\u00f3n General<\/h5>\n<h1><strong>Descripci\u00f3n<\/strong><\/h1>\n<p><strong>PROENTRANCE FB01FP &#8211; Flap Barrier de Acero Inoxidable \/ 30 personas por minuto\/RFID + FP \/Viene con 2 lectores de Huella FR1500 y un panel inBio206 Pro \/ Una Linea<\/strong><\/p>\n<p>Torniquete deslizante de pedestal RF ProEntrance ZKTeco FB 01 con controlador INBIO260 Pro y 2 lectores RFID (con lamas).<\/p>\n<p>El torniquete deslizante es una soluci\u00f3n de entrada compacta y econ\u00f3mica. El dise\u00f1o implica un funcionamiento ininterrumpido y silencioso, consumo reducido de energ\u00eda, desgaste. Es adecuado para zonas de alto tr\u00e1fico.<\/p>\n<p>FB 01 RF proporciona una alta confiabilidad operativa, ideal para lugares donde necesita ahorrar espacio. Al recibir una se\u00f1al de un sistema de control de acceso o con solo presionar un bot\u00f3n desde un panel de control de seguridad, pasa a una persona a la vez. El control electr\u00f3nico se lleva a cabo en diferentes direcciones. El modo predeterminado es bloquear ambos lados del mecanismo hasta que se reciba una se\u00f1al de paso. Desea establecer un lado constantemente libre para pasar, siempre puede configurar el mecanismo. En caso de emergencia, la hoja se abre autom\u00e1ticamente.<\/p>\n<p><img decoding=\"async\" class=\"overview-center-img-web\" src=\"https:\/\/tvc.mx\/media\/121222\/ZKTECO-PROENTRANCE-FB01FP-Flap-Barrier-Descripci%C3%B3n.png\" alt=\"\" \/><\/div>\n<\/div>\n<div class=\"row align-items-center padding-bottom-2x\">\n<div class=\"col-md-5 order-md-2\"><img decoding=\"async\" class=\"d-block m-auto img-thumbnail\" src=\"https:\/\/tvc.mx\/media\/121225\/ZKTECO-PROENTRANCE-FB01FP-Flap-Barrier-Caracter%C3%ADstica.png\" alt=\" \" \/><\/div>\n<div class=\"col-md-7 order-md-1 text-md-left text-center\">\n<h2>Caracter\u00edsticas<\/h2>\n<p class=\"text-muted\">\n<p>Tipo de torniquete Torniquete con controlador integrado<\/p>\n<p>Tipo de torniquete con fajas deslizantes<\/p>\n<p>Antip\u00e1nico autom\u00e1tico<\/p>\n<p>Lector de tarjetas incorporado No<\/p>\n<p>Lectores integrados sin contacto<\/p>\n<p>Producci\u00f3n 30 personas \/ min.<\/p>\n<p>N\u00famero de eventos 100,000<\/p>\n<p>N\u00famero de usuarios \/ tarjetas 30,000<\/p>\n<p>Control remoto comprado por separado<\/p>\n<p>Tensi\u00f3n de alimentaci\u00f3n 110 &#8230; 220 V<\/p>\n<p>Ancho del paso bloqueado 760 mm<\/p>\n<p>Ancho de paso 600 mm<\/p>\n<p>Temperatura de funcionamiento -28 \u00b0 C a + 60 \u00b0 C<\/p>\n<p>Humedad de funcionamiento no superior al 80% sin condensaci\u00f3n<\/p>\n<p>MTBF (al menos)<\/p>\n<p>&nbsp;<\/p>\n<\/div>\n<\/div>\n<hr class=\"padding-bottom-2x\" \/>\n<div class=\"row align-items-center padding-bottom-2x\">\n<div class=\"col-md-5\"><img decoding=\"async\" class=\"d-block m-auto img-thumbnail\" src=\"https:\/\/tvc.mx\/media\/121228\/ZKTECO-PROENTRANCE-FP01fp-Flap-Barrier-Dimensiones.png\" alt=\" \" \/><\/div>\n<div class=\"col-md-7 text-md-left text-center\">\n<h2>Especificaciones<\/h2>\n<p class=\"text-muted\">\n<p>\u2022 Fuente de alimentaci\u00f3n: CA 100 ~ 120V \/ 200 ~ 240V, 50 \/ 60Hz<\/p>\n<p>\u2022 Temperatura de funcionamiento: -28 \u00b0 C ~ 60 \u00b0 C<\/p>\n<p>\u2022 Humedad de trabajo: 5% ~ 80%<\/p>\n<p>\u2022 Ambiente de trabajo: interior \/ exterior (debajo de un dosel)<\/p>\n<p>\u2022 Banda ancha:<\/p>\n<p>&#8211; RFID m\u00e1x. 30 personas \/ min.<\/p>\n<p>&#8211; huella digital m\u00e1x. 25 personas \/ min<\/p>\n<p>\u2022 Ancho de paso: 600 mm.<\/p>\n<p>\u2022 Material de la caja: acero inoxidable SUS304<\/p>\n<p>\u2022 Material del marco: acr\u00edlico<\/p>\n<p>\u2022 Indicaci\u00f3n LED: s\u00ed<\/p>\n<p>\u2022 Modo de emergencia: s\u00ed<\/p>\n<p>\u2022 Nivel de seguridad: medio<\/p>\n<p>\u2022 MTBF: 2 millones de ciclos.<\/p>\n<p>\u2022 Dimensiones: 1150 * 570 * 1000 (L * W * H)<\/p>\n<p>\u2022 Opciones: contador de pases, carcasa y cubierta SUS316, control remoto<\/p>\n<\/div>\n<\/div>\n","protected":false},"excerpt":{"rendered":"<p>Informaci\u00f3n General Descripci\u00f3n PROENTRANCE FB01FP &#8211; Flap Barrier de Acero Inoxidable \/ 30 personas por minuto\/RFID + FP \/Viene con 2 lectores de Huella FR1500 y un panel inBio206 Pro \/ Una Linea Torniquete deslizante de pedestal RF ProEntrance ZKTeco FB 01 con controlador INBIO260&hellip;<\/p>\n","protected":false},"featured_media":8241,"comment_status":"open","ping_status":"closed","template":"","meta":{"om_disable_all_campaigns":false,"_monsterinsights_skip_tracking":false,"_monsterinsights_sitenote_active":false,"_monsterinsights_sitenote_note":"","_monsterinsights_sitenote_category":0},"product_brand":[],"product_cat":[755],"product_tag":[81,727,730,66,731,728,729],"class_list":{"0":"post-8242","1":"product","2":"type-product","3":"status-publish","4":"has-post-thumbnail","6":"product_cat-flap-barriers","7":"product_tag-acceso-y-asistencia","8":"product_tag-cerraduras","9":"product_tag-commax-wulian","10":"product_tag-dahua","11":"product_tag-wejoin","12":"product_tag-yli","13":"product_tag-zkteco","15":"first","16":"instock","17":"sale","18":"taxable","19":"shipping-taxable","20":"purchasable","21":"product-type-simple"},"aioseo_notices":[],"_links":{"self":[{"href":"https:\/\/tecsecmty.com\/index.php\/wp-json\/wp\/v2\/product\/8242","targetHints":{"allow":["GET"]}}],"collection":[{"href":"https:\/\/tecsecmty.com\/index.php\/wp-json\/wp\/v2\/product"}],"about":[{"href":"https:\/\/tecsecmty.com\/index.php\/wp-json\/wp\/v2\/types\/product"}],"replies":[{"embeddable":true,"href":"https:\/\/tecsecmty.com\/index.php\/wp-json\/wp\/v2\/comments?post=8242"}],"version-history":[{"count":0,"href":"https:\/\/tecsecmty.com\/index.php\/wp-json\/wp\/v2\/product\/8242\/revisions"}],"wp:featuredmedia":[{"embeddable":true,"href":"https:\/\/tecsecmty.com\/index.php\/wp-json\/wp\/v2\/media\/8241"}],"wp:attachment":[{"href":"https:\/\/tecsecmty.com\/index.php\/wp-json\/wp\/v2\/media?parent=8242"}],"wp:term":[{"taxonomy":"product_brand","embeddable":true,"href":"https:\/\/tecsecmty.com\/index.php\/wp-json\/wp\/v2\/product_brand?post=8242"},{"taxonomy":"product_cat","embeddable":true,"href":"https:\/\/tecsecmty.com\/index.php\/wp-json\/wp\/v2\/product_cat?post=8242"},{"taxonomy":"product_tag","embeddable":true,"href":"https:\/\/tecsecmty.com\/index.php\/wp-json\/wp\/v2\/product_tag?post=8242"}],"curies":[{"name":"wp","href":"https:\/\/api.w.org\/{rel}","templated":true}]}}