{"id":8246,"date":"2023-02-23T22:19:59","date_gmt":"2023-02-24T04:19:59","guid":{"rendered":"https:\/\/tecsecmty.com\/index.php\/producto\/bosch-a_araser10ip65-casquillo-para-lectus-secure-1000\/"},"modified":"2023-03-22T23:20:59","modified_gmt":"2023-03-23T05:20:59","slug":"bosch-a_araser10ip65-casquillo-para-lectus-secure-1000","status":"publish","type":"product","link":"https:\/\/tecsecmty.com\/index.php\/producto\/bosch-a_araser10ip65-casquillo-para-lectus-secure-1000\/","title":{"rendered":"BOSCH A_ARASER10IP65 &#8211; Casquillo para LECTUS SECURE 1000"},"content":{"rendered":"<p class=\"ql-align-justify\"><strong>Casquillo IP65 para LECTUS secure 1000<\/strong><\/p>\n<p class=\"ql-align-justify\"><strong>Casquillo para protecci\u00f3n de clase IP65, hecho de goma de cloropreno, dimensiones 4,625 x 10 x 0,2 cm, 10 unidades\/cada uno. N\u00famero de pedido: ARA-SER10-IP65.<\/strong><\/p>\n<p class=\"ql-align-justify\"><strong>Resumen del sistema<\/strong><\/p>\n<p class=\"ql-align-justify\">Las lectoras seguras LECTUS son id\u00f3neas para instalaciones nuevas y existentes y proporcionan a los clientes la garant\u00eda de poder aprovechar sus inversiones existentes con el fin de mejorar sus sistemas a medida que las necesidades de sus negocios cambian. Las lectoras, independientes de las tecnolog\u00edas, admiten el est\u00e1ndar iCLASS, MIFARE classic y MIFARE DESFire EV1. Las lectoras seguras LECTUS est\u00e1n disponibles en cuatro factores de forma distintos que se ajustan a pr\u00e1cticamente todos los requisitos de instalaci\u00f3n para el uso en interiores y exteriores.<\/p>\n<p class=\"ql-align-justify\"><strong>Planificaci\u00f3n<\/strong><\/p>\n<p class=\"ql-align-justify\">La longitud m\u00e1xima del cable para el sistema de bus OSDP\/RS485 es de 1200 m con pares de cables trenzados. Es posible conectar ocho lectoras como m\u00e1ximo por interfaz. Se asignan direcciones a las lectoras utilizando las tarjetas de configuraci\u00f3n opcionales. Con el fin de evitar problemas al leer tarjetas en lectoras de tarjetas sin contacto, siga las instrucciones al planificar e instalar las lectoras sin contacto. Evite instalar lectoras de tarjetas sin contacto detr\u00e1s de cajas met\u00e1licas (es decir, conductoras) o sobre superficies met\u00e1licas.<\/p>\n<p class=\"ql-align-justify\">En la lista siguiente se indican las distancias que se deben dejar libres:<\/p>\n<p class=\"ql-align-justify\">\u2022 Distancia entre la lectora y superficies met\u00e1licas montadas a los lados: m\u00ednimo 30 mm.<\/p>\n<p class=\"ql-align-justify\">\u2022 Distancia entre la lectora y cables de tensi\u00f3n a 230 V~ y paquetes de bater\u00edas: m\u00ednimo 500 mm.<\/p>\n<p class=\"ql-align-justify\">\u2022 Distancia entre la lectora y cables de alta frecuencia: m\u00ednimo 500 mm.<\/p>\n<p><img decoding=\"async\" class=\"overview-center-img- aligncenter\" src=\"https:\/\/tvc.mx\/media\/6120\/Logoopaginas-oficial.png\" alt=\"\" \/><\/p>\n","protected":false},"excerpt":{"rendered":"<p>Casquillo IP65 para LECTUS secure 1000 Casquillo para protecci\u00f3n de clase IP65, hecho de goma de cloropreno, dimensiones 4,625 x 10 x 0,2 cm, 10 unidades\/cada uno. N\u00famero de pedido: ARA-SER10-IP65. Resumen del sistema Las lectoras seguras LECTUS son id\u00f3neas para instalaciones nuevas y existentes&hellip;<\/p>\n","protected":false},"featured_media":8245,"comment_status":"open","ping_status":"closed","template":"","meta":{"om_disable_all_campaigns":false,"_monsterinsights_skip_tracking":false,"_monsterinsights_sitenote_active":false,"_monsterinsights_sitenote_note":"","_monsterinsights_sitenote_category":0},"product_brand":[],"product_cat":[758],"product_tag":[81,727,730,66,731,728,729],"class_list":{"0":"post-8246","1":"product","2":"type-product","3":"status-publish","4":"has-post-thumbnail","6":"product_cat-refacciones-control-acceso-peatonal","7":"product_tag-acceso-y-asistencia","8":"product_tag-cerraduras","9":"product_tag-commax-wulian","10":"product_tag-dahua","11":"product_tag-wejoin","12":"product_tag-yli","13":"product_tag-zkteco","15":"first","16":"instock","17":"sale","18":"taxable","19":"shipping-taxable","20":"purchasable","21":"product-type-simple"},"aioseo_notices":[],"_links":{"self":[{"href":"https:\/\/tecsecmty.com\/index.php\/wp-json\/wp\/v2\/product\/8246","targetHints":{"allow":["GET"]}}],"collection":[{"href":"https:\/\/tecsecmty.com\/index.php\/wp-json\/wp\/v2\/product"}],"about":[{"href":"https:\/\/tecsecmty.com\/index.php\/wp-json\/wp\/v2\/types\/product"}],"replies":[{"embeddable":true,"href":"https:\/\/tecsecmty.com\/index.php\/wp-json\/wp\/v2\/comments?post=8246"}],"version-history":[{"count":0,"href":"https:\/\/tecsecmty.com\/index.php\/wp-json\/wp\/v2\/product\/8246\/revisions"}],"wp:featuredmedia":[{"embeddable":true,"href":"https:\/\/tecsecmty.com\/index.php\/wp-json\/wp\/v2\/media\/8245"}],"wp:attachment":[{"href":"https:\/\/tecsecmty.com\/index.php\/wp-json\/wp\/v2\/media?parent=8246"}],"wp:term":[{"taxonomy":"product_brand","embeddable":true,"href":"https:\/\/tecsecmty.com\/index.php\/wp-json\/wp\/v2\/product_brand?post=8246"},{"taxonomy":"product_cat","embeddable":true,"href":"https:\/\/tecsecmty.com\/index.php\/wp-json\/wp\/v2\/product_cat?post=8246"},{"taxonomy":"product_tag","embeddable":true,"href":"https:\/\/tecsecmty.com\/index.php\/wp-json\/wp\/v2\/product_tag?post=8246"}],"curies":[{"name":"wp","href":"https:\/\/api.w.org\/{rel}","templated":true}]}}