{"id":8252,"date":"2023-02-23T22:20:08","date_gmt":"2023-02-24T04:20:08","guid":{"rendered":"https:\/\/tecsecmty.com\/index.php\/producto\/merik-lm823-control-de-iluminacion-de-sistema-myq\/"},"modified":"2023-03-22T23:23:42","modified_gmt":"2023-03-23T05:23:42","slug":"merik-lm823-control-de-iluminacion-de-sistema-myq","status":"publish","type":"product","link":"https:\/\/tecsecmty.com\/index.php\/producto\/merik-lm823-control-de-iluminacion-de-sistema-myq\/","title":{"rendered":"MERIK LM823 &#8211; Control de iluminacion de sistema MYQ"},"content":{"rendered":"<div class=\"row aling-items-center padding-bottom-2x\">\n<div class=\"col-lg-12\">\n<h5 class=\"card-title text-center\">Informaci\u00f3n General<\/h5>\n<h1><strong>Descripci\u00f3n<\/strong><\/h1>\n<p><strong>LM823 &#8211; Control de iluminacion de sistema MYQ<\/strong><\/p>\n<p class=\"ql-align-justify\">El interruptor remoto de luz ofrece una manera conveniente de controlar las luces en su casa. El interruptor remoto es compatible con equipos Security +2.0 y MyQ. El interruptor de luz remoto es compatible hasta con 8 controles remoto con Seguridad +2.0 y en combinaci\u00f3n hasta con 8 abrepuertas de garage habilitados para MyQ o equipos Liftmaster. Este producto no se recomienda para el control de electrodom\u00e9sticos o ventiladores. No es para uso con combinaciones de o 4 v\u00edas.<\/p>\n<p class=\"ql-align-justify\"><strong>\u00a0<\/strong><\/p>\n<p><img decoding=\"async\" class=\"overview-center-img-web\" src=\"https:\/\/tvc.mx\/media\/213771\/Control-de-Iluminaci%C3%B3n-de-Sistema-MYQ-Descripci%C3%B3n-LM823-Merik.png\" alt=\"\" \/><\/div>\n<\/div>\n<div class=\"row align-items-center padding-bottom-2x\">\n<div class=\"col-md-5 order-md-2\"><img decoding=\"async\" class=\"d-block m-auto img-thumbnail\" src=\"https:\/\/tvc.mx\/media\/213775\/Control-de-Iluminaci%C3%B3n-de-Sistema-MYQ-Caracter%C3%ADsticas-LM823-Merik.png\" alt=\" \" \/><\/div>\n<div class=\"col-md-7 order-md-1 text-md-left text-center\">\n<h2>Caracter\u00edsticas<\/h2>\n<p class=\"text-muted\">\n<ul>\n<li>Sustituye a una luz interruptor de luz que le permite a su vez en su casa con su mando a distancia.<\/li>\n<li>Se puede utilizar con la pasarela de Internet para control desde tu Smart tel\u00e9fono o computadora.<\/li>\n<li>Compatible con los operadores de seguridad + 2.0\u00a0Liftmaster.<\/li>\n<li>R\u00e1pida y f\u00e1cil instalaci\u00f3n a trav\u00e9s de su router.<\/li>\n<\/ul>\n<p>&nbsp;<\/p>\n<\/div>\n<\/div>\n<hr class=\"padding-bottom-2x\" \/>\n<div class=\"row align-items-center padding-bottom-2x\">\n<div class=\"col-md-5 order-md-2\"><img decoding=\"async\" class=\"d-block m-auto img-thumbnail\" src=\"https:\/\/tvc.mx\/media\/213779\/Control-de-Iluminaci%C3%B3n-de-Sistema-MYQ-Especificaciones-LM823-Merik.png\" alt=\" \" \/><\/div>\n<div class=\"col-md-7 order-md-1 text-md-left text-center\">\n<h2>Especificaciones<\/h2>\n<p class=\"text-muted\">\n<p class=\"ql-align-justify\">Tipo bulbo &#8211; &#8211; &#8211; &#8211; &#8211; &#8211; &#8211; &#8211; &#8211; &#8211; &#8211; &#8211; Fluorescentes compactos, incandescentes o led<\/p>\n<p class=\"ql-align-justify\">Capacidad de carga m\u00e1xima &#8211; &#8211; &#8211; &#8211; &#8211; &#8211; &#8211; &#8211; &#8211; &#8211; &#8211; &#8211; &#8211; &#8211; &#8211; &#8211; &#8211; &#8211; &#8211; &#8211; &#8211; &#8211; &#8211; &#8211; &#8211; &#8211; &#8211; &#8211;\u00a0300W<\/p>\n<p class=\"ql-align-justify\">L\u00e1mparas incandescentes &#8211; &#8211; &#8211; &#8211; &#8211; &#8211; &#8211; &#8211; &#8211; &#8211; &#8211; &#8211; &#8211; &#8211; &#8211; &#8211; &#8211; &#8211; &#8211; &#8211; &#8211; &#8211; &#8211; &#8211; &#8211; &#8211; &#8211; &#8211; &#8211; &#8211; 300W<\/p>\n<p class=\"ql-align-justify\">L\u00e1mparas fluorescentes compactas (CFL) &#8211; &#8211; &#8211; &#8211; &#8211; &#8211; &#8211; &#8211; &#8211; &#8211; &#8211; &#8211; &#8211; &#8211; &#8211; &#8211; &#8211; &#8211; &#8211; &#8211; 2.5A<\/p>\n<p class=\"ql-align-justify\">Voltaje &#8211; &#8211; &#8211; &#8211; &#8211; &#8211; &#8211; &#8211; &#8211; &#8211; &#8211; &#8211; &#8211; &#8211; &#8211; &#8211; &#8211; &#8211; &#8211; &#8211; &#8211; &#8211; &#8211; &#8211; &#8211; &#8211; &#8211; &#8211; &#8211; &#8211; &#8211; &#8211; &#8211; &#8211; &#8211; &#8211; &#8211; &#8211; &#8211; &#8211; &#8211; &#8211; 120Vac<\/p>\n<\/div>\n<\/div>\n","protected":false},"excerpt":{"rendered":"<p>Informaci\u00f3n General Descripci\u00f3n LM823 &#8211; Control de iluminacion de sistema MYQ El interruptor remoto de luz ofrece una manera conveniente de controlar las luces en su casa. El interruptor remoto es compatible con equipos Security +2.0 y MyQ. El interruptor de luz remoto es compatible&hellip;<\/p>\n","protected":false},"featured_media":8251,"comment_status":"open","ping_status":"closed","template":"","meta":{"om_disable_all_campaigns":false,"_monsterinsights_skip_tracking":false,"_monsterinsights_sitenote_active":false,"_monsterinsights_sitenote_note":"","_monsterinsights_sitenote_category":0},"product_brand":[],"product_cat":[761],"product_tag":[81,727,730,66,731,728,729],"class_list":{"0":"post-8252","1":"product","2":"type-product","3":"status-publish","4":"has-post-thumbnail","6":"product_cat-refacciones-control-acceso-peatonal-control-acceso-peatonal-merik","7":"product_tag-acceso-y-asistencia","8":"product_tag-cerraduras","9":"product_tag-commax-wulian","10":"product_tag-dahua","11":"product_tag-wejoin","12":"product_tag-yli","13":"product_tag-zkteco","15":"first","16":"instock","17":"sale","18":"taxable","19":"shipping-taxable","20":"purchasable","21":"product-type-simple"},"aioseo_notices":[],"_links":{"self":[{"href":"https:\/\/tecsecmty.com\/index.php\/wp-json\/wp\/v2\/product\/8252","targetHints":{"allow":["GET"]}}],"collection":[{"href":"https:\/\/tecsecmty.com\/index.php\/wp-json\/wp\/v2\/product"}],"about":[{"href":"https:\/\/tecsecmty.com\/index.php\/wp-json\/wp\/v2\/types\/product"}],"replies":[{"embeddable":true,"href":"https:\/\/tecsecmty.com\/index.php\/wp-json\/wp\/v2\/comments?post=8252"}],"version-history":[{"count":0,"href":"https:\/\/tecsecmty.com\/index.php\/wp-json\/wp\/v2\/product\/8252\/revisions"}],"wp:featuredmedia":[{"embeddable":true,"href":"https:\/\/tecsecmty.com\/index.php\/wp-json\/wp\/v2\/media\/8251"}],"wp:attachment":[{"href":"https:\/\/tecsecmty.com\/index.php\/wp-json\/wp\/v2\/media?parent=8252"}],"wp:term":[{"taxonomy":"product_brand","embeddable":true,"href":"https:\/\/tecsecmty.com\/index.php\/wp-json\/wp\/v2\/product_brand?post=8252"},{"taxonomy":"product_cat","embeddable":true,"href":"https:\/\/tecsecmty.com\/index.php\/wp-json\/wp\/v2\/product_cat?post=8252"},{"taxonomy":"product_tag","embeddable":true,"href":"https:\/\/tecsecmty.com\/index.php\/wp-json\/wp\/v2\/product_tag?post=8252"}],"curies":[{"name":"wp","href":"https:\/\/api.w.org\/{rel}","templated":true}]}}