{"id":8254,"date":"2023-02-23T22:20:11","date_gmt":"2023-02-24T04:20:11","guid":{"rendered":"https:\/\/tecsecmty.com\/index.php\/producto\/merik-lm825-control-para-cochera-para-adaptarse-en-pared-controle-su-cochera-desde-un-punto-fijo-en-su-domicilio\/"},"modified":"2023-03-22T23:23:42","modified_gmt":"2023-03-23T05:23:42","slug":"merik-lm825-control-para-cochera-para-adaptarse-en-pared-controle-su-cochera-desde-un-punto-fijo-en-su-domicilio","status":"publish","type":"product","link":"https:\/\/tecsecmty.com\/index.php\/producto\/merik-lm825-control-para-cochera-para-adaptarse-en-pared-controle-su-cochera-desde-un-punto-fijo-en-su-domicilio\/","title":{"rendered":"MERIK LM825 &#8211; Control para cochera para ADAPTARSE en pared controle su cochera desde un punto fijo en su domicilio"},"content":{"rendered":"<div class=\"row aling-items-center padding-bottom-2x\">\n<div class=\"col-lg-12\">\n<h5 class=\"card-title text-center\">Informaci\u00f3n General<\/h5>\n<h1><strong>Descripci\u00f3n<\/strong><\/h1>\n<p><strong>LM825 &#8211; Control para cochera para ADAPTARSE en pared controle su cochera desde un punto fijo en su domicilio<\/strong><\/p>\n<p>El m\u00f3dulo de control de luz remota ofrece una forma r\u00e1pida y c\u00f3moda de controlar las luces de su hogar.\u00a0El m\u00f3dulo se puede programar por medio de un control remoto, un abrepuertas de garaje o un accesorio MyQ Internet Gateway.\u00a0<strong>El m\u00f3dulo es compatible con hasta 8 controles remotos de Seguridad +2.0, o combinado con hasta o 8 abrepuertas de garage habilitados para MyQ, o accesorios MyQ Internet Gateway.<\/strong>\u00a0Este producto no se debe de usar para electrodom\u00e9sticos.<\/p>\n<p>Permite controlar las luces del hogar con el control remoto del abrepuertas de garaje o desde tu\u00a0<em>smartphone<\/em>, por medio de Internet.<\/p>\n<p><img decoding=\"async\" class=\"overview-center-img-web\" src=\"https:\/\/tvc.mx\/media\/213735\/Control-para-Cochera-Punto-Fijo-Descripci%C3%B3n-LM825-Merik.png\" alt=\"\" \/><\/div>\n<\/div>\n<div class=\"row align-items-center padding-bottom-2x\">\n<div class=\"col-md-5 order-md-2\"><img decoding=\"async\" class=\"d-block m-auto img-thumbnail\" src=\"https:\/\/tvc.mx\/media\/213739\/Control-para-Cochera-Punto-Fijo-Caracter%C3%ADsticas-LM825-Merik.png\" alt=\" \" \/><\/div>\n<div class=\"col-md-7 order-md-1 text-md-left text-center\">\n<h2>Caracter\u00edsticas<\/h2>\n<p class=\"text-muted\">\n<p><strong>Conectividad del hogar con MyQ<\/strong><\/p>\n<p>Control desde el tel\u00e9fono celular para mis productos myQ<\/p>\n<p>Verifique el estado y controle la puerta del garaje y las luces myQ con la aplicaci\u00f3n myQ.<\/p>\n<p><strong>Cronogramas diarios<\/strong><\/p>\n<p>Preestablezca horarios para que la puerta de su garaje se cierre, o para que se enciendan o se apaguen las luces de su MyQ todos los d\u00edas.<\/p>\n<p><strong>DESCARGUE LA APLICACI\u00d3N myQ GRATUITA<\/strong><\/p>\n<p>&nbsp;<\/p>\n<\/div>\n<\/div>\n<hr class=\"padding-bottom-2x\" \/>\n<div class=\"row align-items-center padding-bottom-2x\">\n<div class=\"col-md-5\"><img decoding=\"async\" class=\"d-block m-auto img-thumbnail\" src=\"https:\/\/tvc.mx\/media\/213743\/Control-para-Cochera-Punto-Fijo-Compatibilidad-LM825-Merik.png\" alt=\" \" \/><\/div>\n<div class=\"col-md-7 text-md-left text-center\">\n<h2>Compatibilidad<\/h2>\n<p class=\"text-muted\">\n<ul>\n<li>Se puede programar para que funcione con un control remoto\/panel de control de puerta de garaje Security+ 2.0\u00ae o un tel\u00e9fono inteligente.<\/li>\n<li>El control por tel\u00e9fono inteligente mediante la aplicaci\u00f3n de MyQ requiere un abre-puerta de garaje conectado por MyQ (se conecta mediante un abridor con wi-fi o un accesorio MyQ que permite el control del tel\u00e9fono inteligente).<\/li>\n<li>Puede usarse con l\u00e1mparas que utilicen bombillas incandescentes, fluorescentes o LED de hasta 600\u00a0vatios.<\/li>\n<\/ul>\n<p>&nbsp;<\/p>\n<\/div>\n<\/div>\n<hr class=\"padding-bottom-2x\" \/>\n<div class=\"row align-items-center padding-bottom-2x\">\n<div class=\"col-md-5 order-md-2\"><img decoding=\"async\" class=\"d-block m-auto img-thumbnail\" src=\"https:\/\/tvc.mx\/media\/213747\/Control-para-Cochera-Punto-Fijo-Especificaciones-LM825-Merik.png\" alt=\" \" \/><\/div>\n<div class=\"col-md-7 order-md-1 text-md-left text-center\">\n<h2>Especificaciones<\/h2>\n<p class=\"text-muted\">\n<p>L\u00e1mparas fluorescentes &#8211; &#8211; &#8211; &#8211; &#8211; &#8211; &#8211; &#8211; &#8211; &#8211; &#8211; &#8211; &#8211; &#8211; &#8211; &#8211; &#8211; &#8211; &#8211; &#8211; &#8211; &#8211; &#8211; &#8211; &#8211; &#8211; &#8211; &#8211; 600W \/ 5A<\/p>\n<p>L\u00e1mparas de tugsteno &#8211; &#8211; &#8211; &#8211; &#8211; &#8211; &#8211; &#8211; &#8211; &#8211; &#8211; &#8211; &#8211; &#8211; &#8211; &#8211; &#8211; &#8211; &#8211; &#8211; &#8211; &#8211; &#8211; &#8211; &#8211; &#8211; &#8211; &#8211; &#8211; 600W \/ 5A<\/p>\n<p>L\u00e1mparas Led\u00a0&#8211; &#8211; &#8211; &#8211; &#8211; &#8211; &#8211; &#8211; &#8211; &#8211; &#8211; &#8211; &#8211; &#8211; &#8211; &#8211; &#8211; &#8211; &#8211; &#8211; &#8211; &#8211; &#8211; &#8211; &#8211; &#8211; &#8211; &#8211; &#8211; &#8211; &#8211; &#8211; &#8211; &#8211; 600W \/ 5A<\/p>\n<p>Balastras (L\u00e1mparas fluorescentes)- &#8211; &#8211; &#8211; &#8211; &#8211; &#8211; &#8211; &#8211; &#8211; &#8211; &#8211; &#8211; &#8211; &#8211; &#8211; &#8211; &#8211; 599W \/ 4.99A<\/p>\n<\/div>\n<\/div>\n","protected":false},"excerpt":{"rendered":"<p>Informaci\u00f3n General Descripci\u00f3n LM825 &#8211; Control para cochera para ADAPTARSE en pared controle su cochera desde un punto fijo en su domicilio El m\u00f3dulo de control de luz remota ofrece una forma r\u00e1pida y c\u00f3moda de controlar las luces de su hogar.\u00a0El m\u00f3dulo se puede&hellip;<\/p>\n","protected":false},"featured_media":8253,"comment_status":"open","ping_status":"closed","template":"","meta":{"om_disable_all_campaigns":false,"_monsterinsights_skip_tracking":false,"_monsterinsights_sitenote_active":false,"_monsterinsights_sitenote_note":"","_monsterinsights_sitenote_category":0},"product_brand":[],"product_cat":[761],"product_tag":[81,727,730,66,731,728,729],"class_list":{"0":"post-8254","1":"product","2":"type-product","3":"status-publish","4":"has-post-thumbnail","6":"product_cat-refacciones-control-acceso-peatonal-control-acceso-peatonal-merik","7":"product_tag-acceso-y-asistencia","8":"product_tag-cerraduras","9":"product_tag-commax-wulian","10":"product_tag-dahua","11":"product_tag-wejoin","12":"product_tag-yli","13":"product_tag-zkteco","15":"first","16":"instock","17":"sale","18":"taxable","19":"shipping-taxable","20":"purchasable","21":"product-type-simple"},"aioseo_notices":[],"_links":{"self":[{"href":"https:\/\/tecsecmty.com\/index.php\/wp-json\/wp\/v2\/product\/8254","targetHints":{"allow":["GET"]}}],"collection":[{"href":"https:\/\/tecsecmty.com\/index.php\/wp-json\/wp\/v2\/product"}],"about":[{"href":"https:\/\/tecsecmty.com\/index.php\/wp-json\/wp\/v2\/types\/product"}],"replies":[{"embeddable":true,"href":"https:\/\/tecsecmty.com\/index.php\/wp-json\/wp\/v2\/comments?post=8254"}],"version-history":[{"count":0,"href":"https:\/\/tecsecmty.com\/index.php\/wp-json\/wp\/v2\/product\/8254\/revisions"}],"wp:featuredmedia":[{"embeddable":true,"href":"https:\/\/tecsecmty.com\/index.php\/wp-json\/wp\/v2\/media\/8253"}],"wp:attachment":[{"href":"https:\/\/tecsecmty.com\/index.php\/wp-json\/wp\/v2\/media?parent=8254"}],"wp:term":[{"taxonomy":"product_brand","embeddable":true,"href":"https:\/\/tecsecmty.com\/index.php\/wp-json\/wp\/v2\/product_brand?post=8254"},{"taxonomy":"product_cat","embeddable":true,"href":"https:\/\/tecsecmty.com\/index.php\/wp-json\/wp\/v2\/product_cat?post=8254"},{"taxonomy":"product_tag","embeddable":true,"href":"https:\/\/tecsecmty.com\/index.php\/wp-json\/wp\/v2\/product_tag?post=8254"}],"curies":[{"name":"wp","href":"https:\/\/api.w.org\/{rel}","templated":true}]}}