{"id":826,"date":"2023-02-15T23:19:13","date_gmt":"2023-02-15T23:19:13","guid":{"rendered":"https:\/\/tecsecmty.com\/index.php\/producto\/domo-turbohd-2-megapixel-1080p-lente-var-2-8-12-mm-40-mts-ir-exir-ip66-ik10-4-tecnologias-tvi-ahd-cvi-cvbs-dwdr\/"},"modified":"2023-03-22T23:20:41","modified_gmt":"2023-03-23T05:20:41","slug":"domo-turbohd-2-megapixel-1080p-lente-var-2-8-12-mm-40-mts-ir-exir-ip66-ik10-4-tecnologias-tvi-ahd-cvi-cvbs-dwdr","status":"publish","type":"product","link":"https:\/\/tecsecmty.com\/index.php\/producto\/domo-turbohd-2-megapixel-1080p-lente-var-2-8-12-mm-40-mts-ir-exir-ip66-ik10-4-tecnologias-tvi-ahd-cvi-cvbs-dwdr\/","title":{"rendered":"Domo TURBOHD 2 Megapixel (1080p) \/ Lente Var. 2.8 &#8211; 12 mm \/ 40 mts IR EXIR \/ IP66 \/ IK10 \/ 4 Tecnologias (TVI \/ AHD \/ CVI \/ CVBS) \/ dWDR"},"content":{"rendered":"<div class=\"container\">\n<div class=\"row\">\n<div class=\"col-md-12\">\n<div class=\"row\">\n<div class=\"row\">\n<div class=\"col-md-12\">\n<h4 class=\"text-primary center info-text\" style=\"text-align: center\">Informaci\u00f3n de Producto<\/h4>\n<\/div>\n<\/div>\n<div class=\"row\" style=\"text-align: center\">\n<div class=\"col-md-12\">\n<h3>Domo TURBOHD 2 Megapixel (1080p) \/ Lente Var. 2.8 &#8211; 12 mm \/ 40 mts IR EXIR \/ IP66 \/ IK10 \/ 4 Tecnolog\u00edas (TVI \/ AHD \/ CVI \/ CVBS) \/ dWDR<\/h3>\n<\/div>\n<\/div>\n<div id=\"producto_container\" class=\"row\" style=\"text-align: center\">\n<div class=\"col-md-4\">\n<p><img decoding=\"async\" class=\"img-responsive center-block\" src=\"https:\/\/ftp3.syscom.mx\/usuarios\/fotos\/BancoFotografiasSyscom\/HILOOKBYHIKVISION\/THCD320VF\/THCD320VF-p.PNG\" alt=\"THC-D320-VF\" \/><\/p>\n<div class=\"row\">\n<div id=\"galerias\" class=\"col-sm-12\"><\/div>\n<\/div>\n<\/div>\n<div class=\"col-md-4\">\n<div><img decoding=\"async\" class=\"img-responsive img-thumbnail\" src=\"https:\/\/ftp3.syscom.mx\/usuarios\/fotos\/logotipos\/hilook_by_hikvision.png\" \/><\/div>\n<div><img decoding=\"async\" class=\"icono_info_product\" src=\"https:\/\/ftp3.syscom.mx\/usuarios\/ftp\/syscom_mx\/5-15-45-18-antivandalico.png?v=1599087132?v=1599087844?v=1599088095?v=1609808164?v=1610210916\" \/><img decoding=\"async\" class=\"icono_info_product\" src=\"https:\/\/ftp3.syscom.mx\/usuarios\/ftp\/downloads\/METALICAS.jpg\" \/><img decoding=\"async\" class=\"icono_info_product\" src=\"https:\/\/ftp3.syscom.mx\/usuarios\/fotos\/2a-g.png\" \/><\/div>\n<div>\n<p>Modelo:\u00a0<span class=\"modelo-marca\">THC-D320-VF<\/span><\/p>\n<p>Marca:\u00a0<span class=\"modelo-marca\">HiLook by HIKVISION<\/span><\/p>\n<\/div>\n<\/div>\n<\/div>\n<\/div>\n<div class=\"row \" style=\"text-align: center\">\n<div class=\"col-md-12\">\n<div class=\"row\">\n<h3 class=\"text-primary\">Especificaciones:<\/h3>\n<\/div>\n<div class=\"row well\">\n<p><img decoding=\"async\" class=\"fr-fic fr-dii\" src=\"https:\/\/ftp3.syscom.mx\/usuarios\/fotos\/IPCB120\/143291-hilook.png\" \/><\/p>\n<p>&nbsp;<\/p>\n<div class=\"row\">\n<div class=\"col-sm-4\">\n<div>\n<p><strong>Caracter\u00edsticas principales:<\/strong><\/p>\n<ul>\n<li>Resoluci\u00f3n m\u00e1xima: 1920 x 1080 (2 Megapixel)<\/li>\n<li>Iluminaci\u00f3n m\u00ednima: 0.01 Lux @ (F1.2, AGC ON), 0 Lux con IR.<\/li>\n<li>Lente varifocal: 2.8 &#8211; 12 mm (angulo de apertura 33.4\u00ba &#8211; 111.5\u00ba).<\/li>\n<li>40 mts IR EXIR (visi\u00f3n nocturna).<\/li>\n<li>Soporta 4 tecnolog\u00edas (TVI \/ AHD \/ CVI \/ CVBS).<\/li>\n<li>Funciones: dWDR \/ BLC \/ AGC.<\/li>\n<\/ul>\n<\/div>\n<\/div>\n<div class=\"col-sm-4\">\n<div>\n<p><strong>Caracter\u00edsticas F\u00edsicas y El\u00e9ctricas:<\/strong><\/p>\n<ul>\n<li>Temperatura de operaci\u00f3n: -40\u00baC a 60\u00baC.<\/li>\n<li>Alimentaci\u00f3n: 12 Vcc \/ 3.9 Watts.<\/li>\n<li>Protecci\u00f3n: Interior \/ Exterior IP66.<\/li>\n<li>Antivandalica IK10.<\/li>\n<li>Fabricado en material de metal.<\/li>\n<li>Dimensiones: 130 x 143 mm.<\/li>\n<li>Peso: 630 grs.<\/li>\n<li><strong>Garant\u00eda: 2 a\u00f1os.<\/strong><\/li>\n<\/ul>\n<\/div>\n<\/div>\n<\/div>\n<h2>Hi-Look<\/h2>\n<p>&nbsp;<\/p>\n<p>Es una marca desarrollada y manufacturada por Hikvision, enfocada en otorgar productos de alta calidad. Cuenta con los dispositivos ideales para ofrecer una soluci\u00f3n integral en tecnolog\u00eda anal\u00f3gica (TurboHD) e IP.<\/p>\n<div class=\"row default_padding_bottom\">\n<div class=\"col-sm-6\">\n<h2>Infrarrojo EXIR<\/h2>\n<p>&nbsp;<\/p>\n<p>Las c\u00e1maras HiLook, comparten la patente de la marca Hikvision \u00abEXIR\u00bb, el cual le otorga una visi\u00f3n nocturna mas efectiva por su dise\u00f1o, composici\u00f3n y efecto umbral de luz. Esto le permitir\u00e1 tener mucho mejor detalle en la noche, y una visi\u00f3n nocturna uniforme.<\/p>\n<p>&nbsp;<\/p>\n<p>&nbsp;<\/p>\n<\/div>\n<div class=\"col-sm-6\"><img decoding=\"async\" class=\"fr-fic fr-dii\" src=\"https:\/\/ftp3.syscom.mx\/usuarios\/jsosa\/HIKVISION\/imagenes\/exirir.png\" \/><\/div>\n<div class=\"col-xs-12\"><img decoding=\"async\" class=\"img-responsive fr-fil fr-dib\" src=\"https:\/\/ftp3.syscom.mx\/usuarios\/jsosa\/HIKVISION\/imagenes\/irvsir.png\" \/><\/div>\n<\/div>\n<p><img decoding=\"async\" class=\"fr-fic fr-dii\" src=\"https:\/\/ftp3.syscom.mx\/usuarios\/jsosa\/GIF\/bannerepcom.jpg\" \/><\/p>\n<p>&nbsp;<\/p>\n<p>&nbsp;<\/p>\n<\/div>\n<\/div>\n<\/div>\n<\/div>\n<\/div>\n<\/div>\n<p><img decoding=\"async\" class=\"aligncenter\" src=\"https:\/\/tracker.metricool.com\/c3po.jpg?hash=95c94f37730bb8f54dd4308f1f878f9\" \/><\/p>\n","protected":false},"excerpt":{"rendered":"<p>Informaci\u00f3n de Producto Domo TURBOHD 2 Megapixel (1080p) \/ Lente Var. 2.8 &#8211; 12 mm \/ 40 mts IR EXIR \/ IP66 \/ IK10 \/ 4 Tecnolog\u00edas (TVI \/ AHD \/ CVI \/ CVBS) \/ dWDR Modelo:\u00a0THC-D320-VF Marca:\u00a0HiLook by HIKVISION Especificaciones: &nbsp; Caracter\u00edsticas principales: Resoluci\u00f3n&hellip;<\/p>\n","protected":false},"featured_media":1658,"comment_status":"open","ping_status":"closed","template":"","meta":{"om_disable_all_campaigns":false,"_monsterinsights_skip_tracking":false,"_monsterinsights_sitenote_active":false,"_monsterinsights_sitenote_note":"","_monsterinsights_sitenote_category":0},"product_brand":[],"product_cat":[45],"product_tag":[42,38,46,37],"class_list":{"0":"post-826","1":"product","2":"type-product","3":"status-publish","4":"has-post-thumbnail","6":"product_cat-domo","7":"product_tag-camaras","8":"product_tag-camaras-de-seguridad","9":"product_tag-camaras-domo","10":"product_tag-hikvision","12":"first","13":"instock","14":"taxable","15":"shipping-taxable","16":"product-type-simple"},"aioseo_notices":[],"_links":{"self":[{"href":"https:\/\/tecsecmty.com\/index.php\/wp-json\/wp\/v2\/product\/826","targetHints":{"allow":["GET"]}}],"collection":[{"href":"https:\/\/tecsecmty.com\/index.php\/wp-json\/wp\/v2\/product"}],"about":[{"href":"https:\/\/tecsecmty.com\/index.php\/wp-json\/wp\/v2\/types\/product"}],"replies":[{"embeddable":true,"href":"https:\/\/tecsecmty.com\/index.php\/wp-json\/wp\/v2\/comments?post=826"}],"version-history":[{"count":3,"href":"https:\/\/tecsecmty.com\/index.php\/wp-json\/wp\/v2\/product\/826\/revisions"}],"predecessor-version":[{"id":1660,"href":"https:\/\/tecsecmty.com\/index.php\/wp-json\/wp\/v2\/product\/826\/revisions\/1660"}],"wp:featuredmedia":[{"embeddable":true,"href":"https:\/\/tecsecmty.com\/index.php\/wp-json\/wp\/v2\/media\/1658"}],"wp:attachment":[{"href":"https:\/\/tecsecmty.com\/index.php\/wp-json\/wp\/v2\/media?parent=826"}],"wp:term":[{"taxonomy":"product_brand","embeddable":true,"href":"https:\/\/tecsecmty.com\/index.php\/wp-json\/wp\/v2\/product_brand?post=826"},{"taxonomy":"product_cat","embeddable":true,"href":"https:\/\/tecsecmty.com\/index.php\/wp-json\/wp\/v2\/product_cat?post=826"},{"taxonomy":"product_tag","embeddable":true,"href":"https:\/\/tecsecmty.com\/index.php\/wp-json\/wp\/v2\/product_tag?post=826"}],"curies":[{"name":"wp","href":"https:\/\/api.w.org\/{rel}","templated":true}]}}