{"id":8260,"date":"2023-02-23T22:20:17","date_gmt":"2023-02-24T04:20:17","guid":{"rendered":"https:\/\/tecsecmty.com\/index.php\/producto\/wejoin-wjtsb02-panel-de-control-para-torniquete-con-servo-motor-modelos-compatibles-wjts212-wjts213\/"},"modified":"2023-03-22T23:24:55","modified_gmt":"2023-03-23T05:24:55","slug":"wejoin-wjtsb02-panel-de-control-para-torniquete-con-servo-motor-modelos-compatibles-wjts212-wjts213","status":"publish","type":"product","link":"https:\/\/tecsecmty.com\/index.php\/producto\/wejoin-wjtsb02-panel-de-control-para-torniquete-con-servo-motor-modelos-compatibles-wjts212-wjts213\/","title":{"rendered":"WEJOIN WJTSB02 &#8211; Panel de Control para Torniquete con Servo Motor modelos compatibles WJTS212 &amp; WJTS213"},"content":{"rendered":"<div class=\"row aling-items-center padding-bottom-2x\">\n<div class=\"col-lg-12\">\n<h5 class=\"card-title text-center\">Informaci\u00f3n General<\/h5>\n<h4><strong>Descripci\u00f3n<\/strong><\/h4>\n<p class=\"ql-align-justify\">WEJOIN WJTSB02 &#8211; Tablero de control para torniquete WJTS112 &amp; WJTA122 WEJOIN<\/p>\n<p class=\"ql-align-justify\">La tarjeta l\u00f3gica tiene guardada la informaci\u00f3n del funcionamiento del torniquete y trabaja de manera electr\u00f3nica, para poder realizar\u00a0los movimientos en\u00a0el\u00a0equipo, dependiendo de la orden que nosotros indicamos.<\/p>\n<p class=\"ql-align-justify\">\u00a0La placa principal, es una tarjeta de circuito impreso a la que se conectan los componentes que constituyen la barrera de acceso peatonal. Tiene instalados una serie de circuitos integrados que hacen la funci\u00f3n necesaria para mandar se\u00f1ales de apertura y cierre de los equipos, para que realice su funcionamiento<\/p>\n<p class=\"ql-align-justify\">\u00a0La\u00a0tarjeta de control\u00a0para torniquete de medio cuerpo es un accesorio del tr\u00edpode que se\u00a0alimenta por medio de corriente el\u00e9ctrica su\u00a0control electr\u00f3nico: solo necesitan un peque\u00f1o empuje del usuario para iniciar el movimiento y a partir de ah\u00ed su motor proporciona el giro suave y preciso de los brazos.<\/p>\n<p class=\"ql-align-justify\">\u00a0El torniquete ya\u00a0instalado con su tarjeta electr\u00f3nica\u00a0se le pueden realizar diferentes configuraciones con respecto a las necesidades que el cliente solicite para poder\u00a0dar acceso\u00a0de diferentes formas, puede ser manual, de forma visual o mediante el circuito electr\u00f3nico incorporado niega o permite el paso de solo una persona cada vez, para acceder a un lugar determinado.<\/p>\n<p><img decoding=\"async\" class=\"overview-center-img-web\" src=\"https:\/\/tvc.mx\/media\/584235\/Panel-de-Control-para-Torniquete-con-Servo-Motor-Descripci%C3%B3n-WJTSB02-WEJOIN.png\" alt=\"\" \/><\/div>\n<\/div>\n<div class=\"row align-items-center padding-bottom-2x\">\n<div class=\"col-md-5 order-md-2\"><img decoding=\"async\" class=\"d-block m-auto img-thumbnail\" src=\"https:\/\/tvc.mx\/media\/484840\/Panel-de-Control-para-Torniquete-con-Servo-Motor-Especificaciones-WJTSB02-WEJOIN.png\" alt=\" \" \/><\/div>\n<div class=\"col-md-7 order-md-1 text-md-left text-center\">\n<h2>Especificaciones<\/h2>\n<p class=\"text-muted\">\n<ul>\n<li><strong>Voltaje de entrada:\u00a0<\/strong>12V cc<\/li>\n<li><strong>Corriente:\u00a0<\/strong>2A<\/li>\n<li><strong>Potencia:\u00a0<\/strong>24W<\/li>\n<\/ul>\n<\/div>\n<\/div>\n","protected":false},"excerpt":{"rendered":"<p>Informaci\u00f3n General Descripci\u00f3n WEJOIN WJTSB02 &#8211; Tablero de control para torniquete WJTS112 &amp; WJTA122 WEJOIN La tarjeta l\u00f3gica tiene guardada la informaci\u00f3n del funcionamiento del torniquete y trabaja de manera electr\u00f3nica, para poder realizar\u00a0los movimientos en\u00a0el\u00a0equipo, dependiendo de la orden que nosotros indicamos. \u00a0La placa&hellip;<\/p>\n","protected":false},"featured_media":8259,"comment_status":"open","ping_status":"closed","template":"","meta":{"om_disable_all_campaigns":false,"_monsterinsights_skip_tracking":false,"_monsterinsights_sitenote_active":false,"_monsterinsights_sitenote_note":"","_monsterinsights_sitenote_category":0},"product_brand":[],"product_cat":[767],"product_tag":[81,727,730,66,731,728,729],"class_list":{"0":"post-8260","1":"product","2":"type-product","3":"status-publish","4":"has-post-thumbnail","6":"product_cat-refacciones-control-acceso-peatonal-control-acceso-peatonal-wejoin","7":"product_tag-acceso-y-asistencia","8":"product_tag-cerraduras","9":"product_tag-commax-wulian","10":"product_tag-dahua","11":"product_tag-wejoin","12":"product_tag-yli","13":"product_tag-zkteco","15":"first","16":"instock","17":"sale","18":"taxable","19":"shipping-taxable","20":"purchasable","21":"product-type-simple"},"aioseo_notices":[],"_links":{"self":[{"href":"https:\/\/tecsecmty.com\/index.php\/wp-json\/wp\/v2\/product\/8260","targetHints":{"allow":["GET"]}}],"collection":[{"href":"https:\/\/tecsecmty.com\/index.php\/wp-json\/wp\/v2\/product"}],"about":[{"href":"https:\/\/tecsecmty.com\/index.php\/wp-json\/wp\/v2\/types\/product"}],"replies":[{"embeddable":true,"href":"https:\/\/tecsecmty.com\/index.php\/wp-json\/wp\/v2\/comments?post=8260"}],"version-history":[{"count":0,"href":"https:\/\/tecsecmty.com\/index.php\/wp-json\/wp\/v2\/product\/8260\/revisions"}],"wp:featuredmedia":[{"embeddable":true,"href":"https:\/\/tecsecmty.com\/index.php\/wp-json\/wp\/v2\/media\/8259"}],"wp:attachment":[{"href":"https:\/\/tecsecmty.com\/index.php\/wp-json\/wp\/v2\/media?parent=8260"}],"wp:term":[{"taxonomy":"product_brand","embeddable":true,"href":"https:\/\/tecsecmty.com\/index.php\/wp-json\/wp\/v2\/product_brand?post=8260"},{"taxonomy":"product_cat","embeddable":true,"href":"https:\/\/tecsecmty.com\/index.php\/wp-json\/wp\/v2\/product_cat?post=8260"},{"taxonomy":"product_tag","embeddable":true,"href":"https:\/\/tecsecmty.com\/index.php\/wp-json\/wp\/v2\/product_tag?post=8260"}],"curies":[{"name":"wp","href":"https:\/\/api.w.org\/{rel}","templated":true}]}}