{"id":8268,"date":"2023-02-23T22:20:26","date_gmt":"2023-02-24T04:20:26","guid":{"rendered":"https:\/\/tecsecmty.com\/index.php\/producto\/zkteco-tsa20c-brazo-para-torniquete-automatico-zkteco-acero-inoxidable-304\/"},"modified":"2023-03-22T23:25:34","modified_gmt":"2023-03-23T05:25:34","slug":"zkteco-tsa20c-brazo-para-torniquete-automatico-zkteco-acero-inoxidable-304","status":"publish","type":"product","link":"https:\/\/tecsecmty.com\/index.php\/producto\/zkteco-tsa20c-brazo-para-torniquete-automatico-zkteco-acero-inoxidable-304\/","title":{"rendered":"ZKTECO TSA20C &#8211; Brazo para Torniquete Autom\u00e1tico ZKTECO \/ Acero Inoxidable 304"},"content":{"rendered":"<div class=\"row aling-items-center padding-bottom-2x\">\n<div class=\"col-lg-12\">\n<h5 class=\"card-title text-center\">Informaci\u00f3n General<\/h5>\n<p>Descripci\u00f3n<\/p>\n<p>TSA20C es un brazo para torniquetes autom\u00e1ticos ZKteco, dise\u00f1ados de acero inoxidable SUS304.<\/p>\n<p><img decoding=\"async\" class=\"overview-center-img-web\" src=\"https:\/\/tvc.mx\/media\/49299\/vanner-ZKTECO-TSA20C.jpg\" alt=\"\" \/><\/div>\n<\/div>\n<div class=\"row aling-items-center padding-bottom-2x\">\n<div class=\"col-lg-12\">\n<h5 class=\"card-title text-center\">Instalaci\u00f3n de brazos<\/h5>\n<p>1. Abra el pegamento y apl\u00edquelo en las aberturas cuadradas de los brazos, as\u00ed como los cuatro tornillos, como se muestra en la figura. (Esto previene que los tornillos se aflojen debido a la vibraci\u00f3n por el tiempo de uso.)<\/p>\n<p>2. Inserte los brazos en los puntos de conexi\u00f3n y use la llave hexagonal para fijar los 4 tornillos de cada brazo justo como se muestra en la figura<\/p>\n<p><img decoding=\"async\" class=\"overview-center-img-web\" src=\"https:\/\/tvc.mx\/media\/49302\/instalaci%C3%B3n-de-brazos.jpg\" alt=\"\" \/><\/div>\n<\/div>\n","protected":false},"excerpt":{"rendered":"<p>Informaci\u00f3n General Descripci\u00f3n TSA20C es un brazo para torniquetes autom\u00e1ticos ZKteco, dise\u00f1ados de acero inoxidable SUS304. Instalaci\u00f3n de brazos 1. Abra el pegamento y apl\u00edquelo en las aberturas cuadradas de los brazos, as\u00ed como los cuatro tornillos, como se muestra en la figura. (Esto previene&hellip;<\/p>\n","protected":false},"featured_media":8267,"comment_status":"open","ping_status":"closed","template":"","meta":{"om_disable_all_campaigns":false,"_monsterinsights_skip_tracking":false,"_monsterinsights_sitenote_active":false,"_monsterinsights_sitenote_note":"","_monsterinsights_sitenote_category":0},"product_brand":[],"product_cat":[768],"product_tag":[81,727,730,66,731,728,729],"class_list":{"0":"post-8268","1":"product","2":"type-product","3":"status-publish","4":"has-post-thumbnail","6":"product_cat-refacciones-control-acceso-peatonal-control-acceso-peatonal-zkteco-acceso-asistencia","7":"product_tag-acceso-y-asistencia","8":"product_tag-cerraduras","9":"product_tag-commax-wulian","10":"product_tag-dahua","11":"product_tag-wejoin","12":"product_tag-yli","13":"product_tag-zkteco","15":"first","16":"instock","17":"sale","18":"taxable","19":"shipping-taxable","20":"purchasable","21":"product-type-simple"},"aioseo_notices":[],"_links":{"self":[{"href":"https:\/\/tecsecmty.com\/index.php\/wp-json\/wp\/v2\/product\/8268","targetHints":{"allow":["GET"]}}],"collection":[{"href":"https:\/\/tecsecmty.com\/index.php\/wp-json\/wp\/v2\/product"}],"about":[{"href":"https:\/\/tecsecmty.com\/index.php\/wp-json\/wp\/v2\/types\/product"}],"replies":[{"embeddable":true,"href":"https:\/\/tecsecmty.com\/index.php\/wp-json\/wp\/v2\/comments?post=8268"}],"version-history":[{"count":0,"href":"https:\/\/tecsecmty.com\/index.php\/wp-json\/wp\/v2\/product\/8268\/revisions"}],"wp:featuredmedia":[{"embeddable":true,"href":"https:\/\/tecsecmty.com\/index.php\/wp-json\/wp\/v2\/media\/8267"}],"wp:attachment":[{"href":"https:\/\/tecsecmty.com\/index.php\/wp-json\/wp\/v2\/media?parent=8268"}],"wp:term":[{"taxonomy":"product_brand","embeddable":true,"href":"https:\/\/tecsecmty.com\/index.php\/wp-json\/wp\/v2\/product_brand?post=8268"},{"taxonomy":"product_cat","embeddable":true,"href":"https:\/\/tecsecmty.com\/index.php\/wp-json\/wp\/v2\/product_cat?post=8268"},{"taxonomy":"product_tag","embeddable":true,"href":"https:\/\/tecsecmty.com\/index.php\/wp-json\/wp\/v2\/product_tag?post=8268"}],"curies":[{"name":"wp","href":"https:\/\/api.w.org\/{rel}","templated":true}]}}