{"id":8270,"date":"2023-02-23T22:20:28","date_gmt":"2023-02-24T04:20:28","guid":{"rendered":"https:\/\/tecsecmty.com\/index.php\/producto\/zkteco-tsa21-sensor-de-posicion-para-torniquete-automatico-modelos-tsxxxx\/"},"modified":"2023-03-22T23:25:34","modified_gmt":"2023-03-23T05:25:34","slug":"zkteco-tsa21-sensor-de-posicion-para-torniquete-automatico-modelos-tsxxxx","status":"publish","type":"product","link":"https:\/\/tecsecmty.com\/index.php\/producto\/zkteco-tsa21-sensor-de-posicion-para-torniquete-automatico-modelos-tsxxxx\/","title":{"rendered":"ZKTECO TSA21 &#8211; Sensor de Posici\u00f3n para Torniquete Autom\u00e1tico \/ Modelos TSXXXX"},"content":{"rendered":"<h5 class=\"card-title text-center\">Informaci\u00f3n General<\/h5>\n<h1>Descripci\u00f3n<\/h1>\n<p>El sensor de posici\u00f3n modelo TSA21, es un final de carrera \/sensor de velocidad \u00f3ptico ranurado,<\/p>\n<p>actua como un switch final final de carrera para barrera peatonales Torniquetes.<\/p>\n<p>Tipo de emisor: LED con ranura para m\u00e1xima precisi\u00f3n.<\/p>\n<h1>Caracter\u00edsticas<\/h1>\n<p>* Voltaje de Operacion: 3.3V &#8211; 5V DC<\/p>\n<p>* Salidas: Analogica y Digital<\/p>\n<p>* Sensor: MOCH22A<\/p>\n<p>* Tipo de emisor: Fotodiodo IR<\/p>\n<p>* Tipo de detector: fototransistor<\/p>\n<p><img decoding=\"async\" class=\"overview-center-img-web\" src=\"https:\/\/tvc.mx\/media\/228199\/Sensor-de-Posici%C3%B3n-Torniquetes-Descripci%C3%B3n-TSA21-ZKTeco.png\" alt=\"\" \/><\/p>\n","protected":false},"excerpt":{"rendered":"<p>Informaci\u00f3n General Descripci\u00f3n El sensor de posici\u00f3n modelo TSA21, es un final de carrera \/sensor de velocidad \u00f3ptico ranurado, actua como un switch final final de carrera para barrera peatonales Torniquetes. Tipo de emisor: LED con ranura para m\u00e1xima precisi\u00f3n. Caracter\u00edsticas * Voltaje de Operacion:&hellip;<\/p>\n","protected":false},"featured_media":8269,"comment_status":"open","ping_status":"closed","template":"","meta":{"om_disable_all_campaigns":false,"_monsterinsights_skip_tracking":false,"_monsterinsights_sitenote_active":false,"_monsterinsights_sitenote_note":"","_monsterinsights_sitenote_category":0},"product_brand":[],"product_cat":[768],"product_tag":[81,727,730,66,731,728,729],"class_list":{"0":"post-8270","1":"product","2":"type-product","3":"status-publish","4":"has-post-thumbnail","6":"product_cat-refacciones-control-acceso-peatonal-control-acceso-peatonal-zkteco-acceso-asistencia","7":"product_tag-acceso-y-asistencia","8":"product_tag-cerraduras","9":"product_tag-commax-wulian","10":"product_tag-dahua","11":"product_tag-wejoin","12":"product_tag-yli","13":"product_tag-zkteco","15":"first","16":"instock","17":"sale","18":"taxable","19":"shipping-taxable","20":"purchasable","21":"product-type-simple"},"aioseo_notices":[],"_links":{"self":[{"href":"https:\/\/tecsecmty.com\/index.php\/wp-json\/wp\/v2\/product\/8270","targetHints":{"allow":["GET"]}}],"collection":[{"href":"https:\/\/tecsecmty.com\/index.php\/wp-json\/wp\/v2\/product"}],"about":[{"href":"https:\/\/tecsecmty.com\/index.php\/wp-json\/wp\/v2\/types\/product"}],"replies":[{"embeddable":true,"href":"https:\/\/tecsecmty.com\/index.php\/wp-json\/wp\/v2\/comments?post=8270"}],"version-history":[{"count":0,"href":"https:\/\/tecsecmty.com\/index.php\/wp-json\/wp\/v2\/product\/8270\/revisions"}],"wp:featuredmedia":[{"embeddable":true,"href":"https:\/\/tecsecmty.com\/index.php\/wp-json\/wp\/v2\/media\/8269"}],"wp:attachment":[{"href":"https:\/\/tecsecmty.com\/index.php\/wp-json\/wp\/v2\/media?parent=8270"}],"wp:term":[{"taxonomy":"product_brand","embeddable":true,"href":"https:\/\/tecsecmty.com\/index.php\/wp-json\/wp\/v2\/product_brand?post=8270"},{"taxonomy":"product_cat","embeddable":true,"href":"https:\/\/tecsecmty.com\/index.php\/wp-json\/wp\/v2\/product_cat?post=8270"},{"taxonomy":"product_tag","embeddable":true,"href":"https:\/\/tecsecmty.com\/index.php\/wp-json\/wp\/v2\/product_tag?post=8270"}],"curies":[{"name":"wp","href":"https:\/\/api.w.org\/{rel}","templated":true}]}}