{"id":8272,"date":"2023-02-23T22:20:29","date_gmt":"2023-02-24T04:20:29","guid":{"rendered":"https:\/\/tecsecmty.com\/index.php\/producto\/saxxon-mvsa1-puerta-de-cortesia-altura-completa-2-2-metros-boton-liberador-sobre-pedido\/"},"modified":"2023-03-22T23:23:58","modified_gmt":"2023-03-23T05:23:58","slug":"saxxon-mvsa1-puerta-de-cortesia-altura-completa-2-2-metros-boton-liberador-sobre-pedido","status":"publish","type":"product","link":"https:\/\/tecsecmty.com\/index.php\/producto\/saxxon-mvsa1-puerta-de-cortesia-altura-completa-2-2-metros-boton-liberador-sobre-pedido\/","title":{"rendered":"SAXXON MVSA1 &#8211; Puerta de cortesia \/ Altura completa 2.2 metros \/ Boton liberador \/ Sobre pedido"},"content":{"rendered":"<div class=\"row aling-items-center padding-bottom-2x\">\n<div class=\"col-lg-12\">\n<h5 class=\"card-title text-center\">Informaci\u00f3n General<\/h5>\n<h1><strong>Descripci\u00f3n<\/strong><\/h1>\n<p><strong>Puerta de cortesia \/ Altura completa 2.2 metros \/ Boton liberador \/ Sobre pedido<\/strong><\/p>\n<p>Para acceso de terceros por personal autorizado responsable<\/p>\n<p>Visitantes, personas con capacidades diferentes, etc.<\/p>\n<p><img decoding=\"async\" class=\"overview-center-img-web\" src=\"https:\/\/tvc.mx\/media\/68436\/vanner-SAXXON-MVSA1.jpg\" alt=\"\" \/><\/div>\n<\/div>\n<div class=\"row align-items-center padding-bottom-2x\">\n<div class=\"col-md-5 order-md-2\"><img decoding=\"async\" class=\"d-block m-auto img-thumbnail\" src=\"https:\/\/tvc.mx\/media\/68451\/Caracter%C3%ADsticas.jpg\" alt=\" \" \/><\/div>\n<div class=\"col-md-7 order-md-1 text-md-left text-center\">\n<h2>Caracter\u00edsticas<\/h2>\n<p class=\"text-muted\">\n<p>1.- Puerta de Acero Inoxidable<\/p>\n<p>2.- Marco de Puerta de Acero Inoxidable<\/p>\n<p>3.- Electro-Im\u00e1n<\/p>\n<p>4.- Contra Electro-Im\u00e1n<\/p>\n<p>5.- Cierrapuertas<\/p>\n<p>6- Bisagras de Acero Inoxidable<\/p>\n<p>7.- Anclaje a Piso (Variable)<\/p>\n<p>&nbsp;<\/p>\n<\/div>\n<\/div>\n<hr class=\"padding-bottom-2x\" \/>\n<div class=\"row align-items-center padding-bottom-2x\">\n<div class=\"col-md-5\"><img decoding=\"async\" class=\"d-block m-auto img-thumbnail\" src=\"https:\/\/tvc.mx\/media\/68463\/Especificaciones.jpg\" alt=\" \" \/><\/div>\n<div class=\"col-md-7 text-md-left text-center\">\n<h2>Especificaciones<\/h2>\n<p class=\"text-muted\">\n<p>Dimensi\u00f3n 1150 x 0051 x 2200mm (L*W*H)<\/p>\n<p>Ancho de paso\u2264 1048mm<\/p>\n<p>Altura de paso 2149mm<\/p>\n<p>Angulo de apertura\u00a090\u00b0<\/p>\n<p>Material Acero inoxidable Tipo T304<\/p>\n<p>Acabado de la superficie\u00a0Gris<\/p>\n<p>Peso 40 Kg<\/p>\n<p>Alimentaci\u00f3n externa 110 Vca 50 HZ<\/p>\n<p>Voltaje de trabajo interno\u00a012V cd<\/p>\n<p>Se\u00f1al de control Se\u00f1al de contacto seco, se\u00f1al TTL, con pulso &gt;100ms<\/p>\n<p>M\u00e9todo de control Tarjeta de proximidad, control remoto, control, manual, etc<\/p>\n<p>Direcci\u00f3n de paso Entrada y salida (bidireccional)<\/p>\n<p>Funci\u00f3n en caso de emergencia Paso libre<\/p>\n<p>Temperatura de operaci\u00f3n-20\u00b0C~+50\u00b0C<\/p>\n<p>Medio de ambiente de trabajo Interior\/Exterior<\/p>\n<\/div>\n<\/div>\n","protected":false},"excerpt":{"rendered":"<p>Informaci\u00f3n General Descripci\u00f3n Puerta de cortesia \/ Altura completa 2.2 metros \/ Boton liberador \/ Sobre pedido Para acceso de terceros por personal autorizado responsable Visitantes, personas con capacidades diferentes, etc. Caracter\u00edsticas 1.- Puerta de Acero Inoxidable 2.- Marco de Puerta de Acero Inoxidable 3.-&hellip;<\/p>\n","protected":false},"featured_media":8271,"comment_status":"open","ping_status":"closed","template":"","meta":{"om_disable_all_campaigns":false,"_monsterinsights_skip_tracking":false,"_monsterinsights_sitenote_active":false,"_monsterinsights_sitenote_note":"","_monsterinsights_sitenote_category":0},"product_brand":[],"product_cat":[769],"product_tag":[81,727,730,66,731,728,729],"class_list":{"0":"post-8272","1":"product","2":"type-product","3":"status-publish","4":"has-post-thumbnail","6":"product_cat-swing-barriers","7":"product_tag-acceso-y-asistencia","8":"product_tag-cerraduras","9":"product_tag-commax-wulian","10":"product_tag-dahua","11":"product_tag-wejoin","12":"product_tag-yli","13":"product_tag-zkteco","15":"first","16":"instock","17":"sale","18":"taxable","19":"shipping-taxable","20":"purchasable","21":"product-type-simple"},"aioseo_notices":[],"_links":{"self":[{"href":"https:\/\/tecsecmty.com\/index.php\/wp-json\/wp\/v2\/product\/8272","targetHints":{"allow":["GET"]}}],"collection":[{"href":"https:\/\/tecsecmty.com\/index.php\/wp-json\/wp\/v2\/product"}],"about":[{"href":"https:\/\/tecsecmty.com\/index.php\/wp-json\/wp\/v2\/types\/product"}],"replies":[{"embeddable":true,"href":"https:\/\/tecsecmty.com\/index.php\/wp-json\/wp\/v2\/comments?post=8272"}],"version-history":[{"count":0,"href":"https:\/\/tecsecmty.com\/index.php\/wp-json\/wp\/v2\/product\/8272\/revisions"}],"wp:featuredmedia":[{"embeddable":true,"href":"https:\/\/tecsecmty.com\/index.php\/wp-json\/wp\/v2\/media\/8271"}],"wp:attachment":[{"href":"https:\/\/tecsecmty.com\/index.php\/wp-json\/wp\/v2\/media?parent=8272"}],"wp:term":[{"taxonomy":"product_brand","embeddable":true,"href":"https:\/\/tecsecmty.com\/index.php\/wp-json\/wp\/v2\/product_brand?post=8272"},{"taxonomy":"product_cat","embeddable":true,"href":"https:\/\/tecsecmty.com\/index.php\/wp-json\/wp\/v2\/product_cat?post=8272"},{"taxonomy":"product_tag","embeddable":true,"href":"https:\/\/tecsecmty.com\/index.php\/wp-json\/wp\/v2\/product_tag?post=8272"}],"curies":[{"name":"wp","href":"https:\/\/api.w.org\/{rel}","templated":true}]}}