{"id":8274,"date":"2023-02-23T22:20:31","date_gmt":"2023-02-24T04:20:31","guid":{"rendered":"https:\/\/tecsecmty.com\/index.php\/producto\/saxxon-mvsplus-puerta-de-cortesia-de-acero-inoxidable-y-acrilico-incluye-boton-de-apertura-y-cerradura-magnetica-carril-de-90-cm-sobre-pedido\/"},"modified":"2023-03-22T23:23:58","modified_gmt":"2023-03-23T05:23:58","slug":"saxxon-mvsplus-puerta-de-cortesia-de-acero-inoxidable-y-acrilico-incluye-boton-de-apertura-y-cerradura-magnetica-carril-de-90-cm-sobre-pedido","status":"publish","type":"product","link":"https:\/\/tecsecmty.com\/index.php\/producto\/saxxon-mvsplus-puerta-de-cortesia-de-acero-inoxidable-y-acrilico-incluye-boton-de-apertura-y-cerradura-magnetica-carril-de-90-cm-sobre-pedido\/","title":{"rendered":"SAXXON MVSPLUS &#8211; Puerta de Cortes\u00eda de Acero Inoxidable y Acr\u00edlico \/ Incluye bot\u00f3n de Apertura y Cerradura Magn\u00e9tica \/ Carril de 90 cm \/ Sobre Pedido"},"content":{"rendered":"<div class=\"row aling-items-center padding-bottom-2x\">\n<div class=\"col-lg-12\">\n<h5 class=\"card-title text-center\">Informaci\u00f3n General<\/h5>\n<h4><strong>Puerta de Cortes\u00eda de Acero Inoxidable y Acr\u00edlico \/ Incluye bot\u00f3n de Apertura y Cerradura Magn\u00e9tica<\/strong><\/h4>\n<p>Torniquete de media altura\u00a0especialmente para personas con capacidades diferentes,\u00a0est\u00e1\u00a0hecha de acero inoxidable T304.<\/p>\n<p><strong><em><u>Nota: Tiempo de entrega de 2 a 3 semanas, consulta con tu vendedor.<\/u><\/em><\/strong><\/p>\n<p><img decoding=\"async\" class=\"overview-center-img-web\" src=\"https:\/\/tvc.mx\/media\/407763\/Puerta-de-Cortes%C3%ADa-Acero-Acr%C3%ADlico-Incluye-Bot%C3%B3n-Cerradura-Magn%C3%A9tica-MVSPLUS-SAXXON.png\" alt=\"\" \/><\/div>\n<\/div>\n<div class=\"row align-items-center padding-bottom-2x\">\n<div class=\"col-md-5 order-md-2\"><img decoding=\"async\" class=\"d-block m-auto img-thumbnail\" src=\"https:\/\/tvc.mx\/media\/407771\/Puerta-de-Cortes%C3%ADa-Acero-Acr%C3%ADlico-Incluye-Bot%C3%B3n-Cerradura-Magn%C3%A9tica-Caracter%C3%ADsticas-MVSPLUS-SAXXON.png\" alt=\" \" \/><\/div>\n<div class=\"col-md-7 order-md-1 text-md-left text-center\">\n<h2>Caracter\u00edsticas<\/h2>\n<p class=\"text-muted\">\n<ul data-checked=\"false\">\n<li>Altura Media. (0.96 mts altura total de la puerta)<\/li>\n<li>Dimensiones de la puerta 1.17 x 0.10 mts (ancho x profundidad),<\/li>\n<li>Ancho libre de puerta 0.90 mts<\/li>\n<li>Fabricado en Acero Inoxidable calidad AISI\/SAE T304 certificado.<\/li>\n<li>Angulo de Rotaci\u00f3n de 90\u00b0.<\/li>\n<li>Control de contacto seco de 100 ms.<\/li>\n<\/ul>\n<p>&nbsp;<\/p>\n<\/div>\n<\/div>\n<hr class=\"padding-bottom-2x\" \/>\n<div class=\"row align-items-center padding-bottom-2x\">\n<div class=\"col-md-5\"><img decoding=\"async\" class=\"d-block m-auto img-thumbnail\" src=\"https:\/\/tvc.mx\/media\/408091\/Puerta-de-Cortes%C3%ADa-Acero-Acr%C3%ADlico-Incluye-Bot%C3%B3n-Cerradura-Magn%C3%A9tica-Ventajas-MVSPLUS-SAXXON.png\" alt=\" \" \/><\/div>\n<div class=\"col-md-7 text-md-left text-center\">\n<h2>Ventajas<\/h2>\n<p class=\"text-muted\">\n<ul data-checked=\"false\">\n<li>Dise\u00f1ado para ambientes Interiores.<\/li>\n<li>Configuraci\u00f3n para ingreso y salida<\/li>\n<li>Fabricado bajo los controles de Calidad ISO<\/li>\n<li>Producto 100% mexicano.<\/li>\n<\/ul>\n<\/div>\n<\/div>\n","protected":false},"excerpt":{"rendered":"<p>Informaci\u00f3n General Puerta de Cortes\u00eda de Acero Inoxidable y Acr\u00edlico \/ Incluye bot\u00f3n de Apertura y Cerradura Magn\u00e9tica Torniquete de media altura\u00a0especialmente para personas con capacidades diferentes,\u00a0est\u00e1\u00a0hecha de acero inoxidable T304. Nota: Tiempo de entrega de 2 a 3 semanas, consulta con tu vendedor. Caracter\u00edsticas&hellip;<\/p>\n","protected":false},"featured_media":8273,"comment_status":"open","ping_status":"closed","template":"","meta":{"om_disable_all_campaigns":false,"_monsterinsights_skip_tracking":false,"_monsterinsights_sitenote_active":false,"_monsterinsights_sitenote_note":"","_monsterinsights_sitenote_category":0},"product_brand":[],"product_cat":[769],"product_tag":[81,727,730,66,731,728,729],"class_list":{"0":"post-8274","1":"product","2":"type-product","3":"status-publish","4":"has-post-thumbnail","6":"product_cat-swing-barriers","7":"product_tag-acceso-y-asistencia","8":"product_tag-cerraduras","9":"product_tag-commax-wulian","10":"product_tag-dahua","11":"product_tag-wejoin","12":"product_tag-yli","13":"product_tag-zkteco","15":"first","16":"instock","17":"sale","18":"taxable","19":"shipping-taxable","20":"purchasable","21":"product-type-simple"},"aioseo_notices":[],"_links":{"self":[{"href":"https:\/\/tecsecmty.com\/index.php\/wp-json\/wp\/v2\/product\/8274","targetHints":{"allow":["GET"]}}],"collection":[{"href":"https:\/\/tecsecmty.com\/index.php\/wp-json\/wp\/v2\/product"}],"about":[{"href":"https:\/\/tecsecmty.com\/index.php\/wp-json\/wp\/v2\/types\/product"}],"replies":[{"embeddable":true,"href":"https:\/\/tecsecmty.com\/index.php\/wp-json\/wp\/v2\/comments?post=8274"}],"version-history":[{"count":0,"href":"https:\/\/tecsecmty.com\/index.php\/wp-json\/wp\/v2\/product\/8274\/revisions"}],"wp:featuredmedia":[{"embeddable":true,"href":"https:\/\/tecsecmty.com\/index.php\/wp-json\/wp\/v2\/media\/8273"}],"wp:attachment":[{"href":"https:\/\/tecsecmty.com\/index.php\/wp-json\/wp\/v2\/media?parent=8274"}],"wp:term":[{"taxonomy":"product_brand","embeddable":true,"href":"https:\/\/tecsecmty.com\/index.php\/wp-json\/wp\/v2\/product_brand?post=8274"},{"taxonomy":"product_cat","embeddable":true,"href":"https:\/\/tecsecmty.com\/index.php\/wp-json\/wp\/v2\/product_cat?post=8274"},{"taxonomy":"product_tag","embeddable":true,"href":"https:\/\/tecsecmty.com\/index.php\/wp-json\/wp\/v2\/product_tag?post=8274"}],"curies":[{"name":"wp","href":"https:\/\/api.w.org\/{rel}","templated":true}]}}