{"id":8278,"date":"2023-02-23T22:20:35","date_gmt":"2023-02-24T04:20:35","guid":{"rendered":"https:\/\/tecsecmty.com\/index.php\/producto\/zkteco-mars-b1200-barrera-peatonal-tipo-swing-bidireccional-acero-inoxidable-sus304-proteccion-ip34-110v-25-x-min-65-cm-x-carril-exterior-protegido-5-millones-de-ciclos-aleta-de-acri\/"},"modified":"2023-03-22T23:25:26","modified_gmt":"2023-03-23T05:25:26","slug":"zkteco-mars-b1200-barrera-peatonal-tipo-swing-bidireccional-acero-inoxidable-sus304-proteccion-ip34-110v-25-x-min-65-cm-x-carril-exterior-protegido-5-millones-de-ciclos-aleta-de-acri","status":"publish","type":"product","link":"https:\/\/tecsecmty.com\/index.php\/producto\/zkteco-mars-b1200-barrera-peatonal-tipo-swing-bidireccional-acero-inoxidable-sus304-proteccion-ip34-110v-25-x-min-65-cm-x-carril-exterior-protegido-5-millones-de-ciclos-aleta-de-acri\/","title":{"rendered":"ZKTECO MARS-B1200 &#8211; Barrera Peatonal Tipo Swing Bidireccional \/ Acero inoxidable SUS304 \/ Protecci\u00f3n IP34 \/ 110V \/ 25 x min \/ 65 cm x carril \/ Exterior Protegido \/ 5 millones de ciclos \/ Aleta de Acr\u00edlico \/ No cuenta con Lectores y Panel"},"content":{"rendered":"<div class=\"row aling-items-center padding-bottom-2x\">\n<div class=\"col-lg-12\">\n<h5 class=\"card-title text-center\">Informaci\u00f3n General<\/h5>\n<h4><strong>Descripci\u00f3n<\/strong><\/h4>\n<p>La serie\u00a0<strong>Mars\u00a0<\/strong>es la \u00faltima y mejor creaci\u00f3n de ZKTeco, que se dise\u00f1\u00f3 para brindar una experiencia de usuario, un nivel de seguridad y una facilidad de integraci\u00f3n inigualables. 6 sensores infrarrojos para una mejor detecci\u00f3n. Creativo dise\u00f1o modularizado, sin tornillos y de encaje a presi\u00f3n, que hace que el trabajo de instalaci\u00f3n y mantenimiento sea m\u00e1s f\u00e1cil que nunca y ahorra hasta un 30 % del tiempo de producci\u00f3n.<\/p>\n<h5>Personaliza la Soluci\u00f3n de Control de Acceso Peatonal con Equipos de Verificaci\u00f3n Facial, Palma, C\u00f3digo QR y\/o Tarjetas de Proximidad, Soluciones Sin Contacto.<\/h5>\n<p><img decoding=\"async\" class=\"overview-center-img-web\" src=\"https:\/\/tvc.mx\/media\/701367\/Barrera-Peatonal-Tipo-Swing-Bidireccional-Descripci%C3%B3n-MARSB1200-ZKTECO.png\" alt=\"\" \/><\/div>\n<\/div>\n<div class=\"row aling-items-center padding-bottom-2x\">\n<div class=\"col-lg-12\">\n<h5 class=\"card-title text-center\">Caracter\u00edsticas principales<\/h5>\n<h5>Caja de montaje integrada con m\u00faltiples opciones\u00a0(\u00a0no incluye lectores de verificaci\u00f3n)<\/h5>\n<h5><\/h5>\n<ul>\n<li>Elija la tecnolog\u00eda de identificaci\u00f3n que mejor se adapte a sus necesidades<\/li>\n<li>Reducci\u00f3n del tiempo y los gastos de instalaci\u00f3n<\/li>\n<li>6 paneles disponibles con distintas tecnolog\u00edas de identificaci\u00f3n:<\/li>\n<\/ul>\n<p><img decoding=\"async\" class=\"overview-center-img-web\" src=\"https:\/\/tvc.mx\/media\/701042\/Barrera-Peatonal-Tipo-Swing-Bidireccional-Caja-de-Montaje-MARSB1200-ZKTECO.png\" alt=\"\" \/><\/div>\n<\/div>\n<div class=\"row aling-items-center padding-bottom-2x\">\n<div class=\"col-lg-12\">\n<h5 class=\"card-title text-center\">Caracter\u00edsticas<\/h5>\n<h5><strong>Indicador LED<\/strong><\/h5>\n<ul>\n<li>Se\u00f1ales visuales para indicar la direcci\u00f3n correcta al caminar.<\/li>\n<li>Orientaci\u00f3n clara con LEDS verdes y rojos<\/li>\n<\/ul>\n<p><img decoding=\"async\" class=\"overview-center-img-web\" src=\"https:\/\/tvc.mx\/media\/701107\/Barrera-Peatonal-Tipo-Swing-Bidireccional-Indicador-LED-MARSB1200-ZKTECO.png\" alt=\"\" \/><\/div>\n<\/div>\n<div class=\"row aling-items-center padding-bottom-2x\">\n<div class=\"col-lg-12\">\n<h5 class=\"card-title text-center\">Caracter\u00edsticas<\/h5>\n<h5><strong>Costos de mantenimientos muy bajos y duraderos<\/strong><\/h5>\n<ul>\n<li>Dise\u00f1o y estructura modular<\/li>\n<li>Orificios de montaje expuestos para f\u00e1cil instalaci\u00f3n<\/li>\n<li>Hecho principalmente de acero inoxidable SUS304<\/li>\n<\/ul>\n<p><img decoding=\"async\" class=\"overview-center-img-web\" src=\"https:\/\/tvc.mx\/media\/701137\/Barrera-Peatonal-Tipo-Swing-Bidireccional-Alta-Durabilidad-MARSB1200-ZKTECO.png\" alt=\"\" \/><\/div>\n<\/div>\n<div class=\"row aling-items-center padding-bottom-2x\">\n<div class=\"col-lg-12\">\n<h5 class=\"card-title text-center\">Caracter\u00edsticas<\/h5>\n<h5><strong>Preparado para la instalaci\u00f3n de terminales A&amp;C de reconocimiento facial<\/strong><\/h5>\n<ul>\n<li>Diametro: 34mm<\/li>\n<li>Integraci\u00f3n con terminales de reconocimiento facial con detecci\u00f3n de temperatura y tapabocas.<\/li>\n<\/ul>\n<p><img decoding=\"async\" class=\"overview-center-img-web\" src=\"https:\/\/tvc.mx\/media\/701232\/Barrera-Peatonal-Tipo-Swing-Bidireccional-Preparaci%C3%B3n-Auxiliares-MARSB1200-ZKTECO.png\" alt=\"\" \/><\/div>\n<\/div>\n<div class=\"row aling-items-center padding-bottom-2x\">\n<div class=\"col-lg-12\">\n<h5 class=\"card-title text-center\">Caracter\u00edsticas<\/h5>\n<h5><strong>Sensores IR<\/strong><\/h5>\n<ul>\n<li>6 pares de sensores infrarrojos para una mejor detecci\u00f3n de personas y objetos.<\/li>\n<li>Adecuado para altos requerimientos de seguridad, evitando el acceso simult\u00e1neo de m\u00e1s de una persona y las entradas en direcci\u00f3n falsa.<\/li>\n<\/ul>\n<p><img decoding=\"async\" class=\"overview-center-img-web\" src=\"https:\/\/tvc.mx\/media\/701242\/Barrera-Peatonal-Tipo-Swing-Bidireccional-Sensores-IR-MARSB1200-ZKTECO.png\" alt=\"\" \/><\/div>\n<\/div>\n<div class=\"row align-items-center padding-bottom-2x\">\n<div class=\"col-md-5 order-md-2\"><img decoding=\"async\" class=\"d-block m-auto img-thumbnail\" src=\"https:\/\/tvc.mx\/media\/701267\/Barrera-Peatonal-Tipo-Swing-Bidireccional-Especificaciones-MARSB1200-ZKTECO.png\" alt=\" \" \/><\/div>\n<div class=\"col-md-7 order-md-1 text-md-left text-center\">\n<h2>Especificaciones T\u00e9cnicas<\/h2>\n<p class=\"text-muted\">\n<ul>\n<li><strong>Alimentaci\u00f3n:<\/strong>\u00a0AC100V a 120V a 60Hz<\/li>\n<li><strong>Potencia de trabajo:<\/strong>\u00a055W; 22W (en reposo)<\/li>\n<li><strong>Unidad de accionamiento<\/strong>:\u00a0Motor Brushless<\/li>\n<li><strong>Vida \u00fatil:<\/strong>\u00a05 millones<\/li>\n<li><strong>Frecuencia de paso:<\/strong>\u00a025 personas por minuto<\/li>\n<li><strong>Movimiento de la barrera:<\/strong>\u00a0Abatible<\/li>\n<li><strong>Ruido:<\/strong>\u00a0&lt;60dB<\/li>\n<li><strong>Sensor de infrarrojos:<\/strong>\u00a06 pares<\/li>\n<li><strong>Indicador LED:<\/strong>\u00a0Incorporado<\/li>\n<li><strong>Temperatura de funcionamiento:<\/strong>\u00a0-25\u00b0C a 65\u00b0C<\/li>\n<li><strong>Humedad (funcionamiento)<\/strong>:\u00a020% a 95% (sin condensaci\u00f3n)<\/li>\n<li><strong>Entorno de trabajo:<\/strong>\u00a0Interior \/ Exterior (si est\u00e1 protegido)<\/li>\n<li><strong>Ancho de paso:<\/strong>\u00a0650mm (opcional: 900mm)<\/li>\n<li><strong>Dimensiones:<\/strong>\u00a0(L*A*A) 1360 * 180 * 1010 (mm) (\u00b15mm)<\/li>\n<li><strong>Dimensiones con embalaje:<\/strong>\u00a0(L*A*A) 1510 * 365 * 1216 (mm)<\/li>\n<li><strong>Material de Gabinete:<\/strong>\u00a0acero inoxidable SUS304 (opci\u00f3n: acero inoxidable SUS316)<\/li>\n<li><strong>Material de la tapa:<\/strong>\u00a0Acero inoxidable SUS304<\/li>\n<li><strong>Material de la barrera:<\/strong>\u00a0Acr\u00edlico (opcional: cristal)<\/li>\n<li><strong>Material de embalaje:<\/strong>\u00a0Caja de madera<\/li>\n<li><strong>Nivel de protecci\u00f3n:<\/strong>\u00a0IP34<\/li>\n<\/ul>\n<\/div>\n<\/div>\n","protected":false},"excerpt":{"rendered":"<p>Informaci\u00f3n General Descripci\u00f3n La serie\u00a0Mars\u00a0es la \u00faltima y mejor creaci\u00f3n de ZKTeco, que se dise\u00f1\u00f3 para brindar una experiencia de usuario, un nivel de seguridad y una facilidad de integraci\u00f3n inigualables. 6 sensores infrarrojos para una mejor detecci\u00f3n. Creativo dise\u00f1o modularizado, sin tornillos y de&hellip;<\/p>\n","protected":false},"featured_media":8277,"comment_status":"open","ping_status":"closed","template":"","meta":{"om_disable_all_campaigns":false,"_monsterinsights_skip_tracking":false,"_monsterinsights_sitenote_active":false,"_monsterinsights_sitenote_note":"","_monsterinsights_sitenote_category":0},"product_brand":[],"product_cat":[770],"product_tag":[81,727,730,66,731,728,729],"class_list":{"0":"post-8278","1":"product","2":"type-product","3":"status-publish","4":"has-post-thumbnail","6":"product_cat-swing-barriers-control-acceso-peatonal-zkteco-acceso-asistencia","7":"product_tag-acceso-y-asistencia","8":"product_tag-cerraduras","9":"product_tag-commax-wulian","10":"product_tag-dahua","11":"product_tag-wejoin","12":"product_tag-yli","13":"product_tag-zkteco","15":"first","16":"instock","17":"sale","18":"taxable","19":"shipping-taxable","20":"purchasable","21":"product-type-simple"},"aioseo_notices":[],"_links":{"self":[{"href":"https:\/\/tecsecmty.com\/index.php\/wp-json\/wp\/v2\/product\/8278","targetHints":{"allow":["GET"]}}],"collection":[{"href":"https:\/\/tecsecmty.com\/index.php\/wp-json\/wp\/v2\/product"}],"about":[{"href":"https:\/\/tecsecmty.com\/index.php\/wp-json\/wp\/v2\/types\/product"}],"replies":[{"embeddable":true,"href":"https:\/\/tecsecmty.com\/index.php\/wp-json\/wp\/v2\/comments?post=8278"}],"version-history":[{"count":0,"href":"https:\/\/tecsecmty.com\/index.php\/wp-json\/wp\/v2\/product\/8278\/revisions"}],"wp:featuredmedia":[{"embeddable":true,"href":"https:\/\/tecsecmty.com\/index.php\/wp-json\/wp\/v2\/media\/8277"}],"wp:attachment":[{"href":"https:\/\/tecsecmty.com\/index.php\/wp-json\/wp\/v2\/media?parent=8278"}],"wp:term":[{"taxonomy":"product_brand","embeddable":true,"href":"https:\/\/tecsecmty.com\/index.php\/wp-json\/wp\/v2\/product_brand?post=8278"},{"taxonomy":"product_cat","embeddable":true,"href":"https:\/\/tecsecmty.com\/index.php\/wp-json\/wp\/v2\/product_cat?post=8278"},{"taxonomy":"product_tag","embeddable":true,"href":"https:\/\/tecsecmty.com\/index.php\/wp-json\/wp\/v2\/product_tag?post=8278"}],"curies":[{"name":"wp","href":"https:\/\/api.w.org\/{rel}","templated":true}]}}