{"id":8280,"date":"2023-02-23T22:20:36","date_gmt":"2023-02-24T04:20:36","guid":{"rendered":"https:\/\/tecsecmty.com\/index.php\/producto\/zkteco-proentrance-sb02fp-barrera-peatonal-central-bidireccional-de-acero-inoxidable-alto-flujo-30-personas-por-min-compatible-con-zkt0920005-incluye-con-2-lectores-de-huella-fr1500-y-un-pa\/"},"modified":"2023-03-22T23:25:29","modified_gmt":"2023-03-23T05:25:29","slug":"zkteco-proentrance-sb02fp-barrera-peatonal-central-bidireccional-de-acero-inoxidable-alto-flujo-30-personas-por-min-compatible-con-zkt0920005-incluye-con-2-lectores-de-huella-fr1500-y-un-pa","status":"publish","type":"product","link":"https:\/\/tecsecmty.com\/index.php\/producto\/zkteco-proentrance-sb02fp-barrera-peatonal-central-bidireccional-de-acero-inoxidable-alto-flujo-30-personas-por-min-compatible-con-zkt0920005-incluye-con-2-lectores-de-huella-fr1500-y-un-pa\/","title":{"rendered":"ZKTECO PROENTRANCE SB02FP &#8211; Barrera Peatonal Central Bidireccional de Acero Inoxidable \/ Alto Flujo \/ 30 personas por Min. \/ Compatible con ZKT0920005 \/ Incluye con 2 lectores de Huella FR1500 y un panel inBio206Pro \/ Requiere Licencia"},"content":{"rendered":"<div class=\"row aling-items-center padding-bottom-2x\">\n<div class=\"col-lg-12\">\n<h5 class=\"card-title text-center\">Informaci\u00f3n General<\/h5>\n<h1><strong>Descripci\u00f3n<\/strong><\/h1>\n<p><strong>ZKTECO PROENTRANCE SB02FP &#8211; Swing Barrier de Acero Inoxidable Doble barrera\/30 personas por minuto \/RFID + FP \/Viene con 2 lectores de Huella FR1500 y un panel inBio206 Pro<\/strong><\/p>\n<p>El m\u00f3dulo central del torniquete oscilante ProEntrance ZKTeco SB 02 FP con controlador inBIO260 Pro y 2 lectores RFID.<\/p>\n<p>El m\u00f3dulo central SB 02 FP funciona con el rango SB 01 para crear m\u00faltiples carriles.<\/p>\n<p>El torniquete giratorio es una soluci\u00f3n de entrada compacta y econ\u00f3mica. El dise\u00f1o implica un funcionamiento suave y consume muy poca energ\u00eda, desgaste. Es adecuado para zonas de alto tr\u00e1fico. Est\u00e1 hecho de acero inoxidable, lo que hace que el SB 02 FP sea muy duradero.<\/p>\n<p>SB 02 FP ofrece una alta fiabilidad operativa, ideal para lugares donde necesita ahorrar espacio. Al recibir una se\u00f1al de un sistema de control de acceso o con solo presionar un bot\u00f3n desde un panel de control de seguridad, pasa a una persona a la vez. El control electr\u00f3nico se lleva a cabo en diferentes direcciones. El modo predeterminado es bloquear ambos lados del mecanismo hasta que se reciba una se\u00f1al de paso. Desea establecer un lado constantemente libre para pasar, siempre puede configurar el mecanismo. En caso de emergencia, la hoja se abre autom\u00e1ticamente.<\/p>\n<p><img decoding=\"async\" class=\"overview-center-img-web\" src=\"https:\/\/tvc.mx\/media\/121670\/ZKTECO-PROENTRANCE-SB02FP-Swing-Barrier-Descripci%C3%B3n.png\" alt=\"\" \/><\/div>\n<\/div>\n<div class=\"row align-items-center padding-bottom-2x\">\n<div class=\"col-md-5 order-md-2\"><img decoding=\"async\" class=\"d-block m-auto img-thumbnail\" src=\"https:\/\/tvc.mx\/media\/121674\/ZKTECO-PROENTRANCE-SB02FP-especificaciones.png\" alt=\" \" \/><\/div>\n<div class=\"col-md-7 order-md-1 text-md-left text-center\">\n<h2>Especificaciones<\/h2>\n<p class=\"text-muted\">\n<p>Ficha de datos:<\/p>\n<p>\u2022 Fuente de alimentaci\u00f3n: CA 100 ~ 120V \/ 200 ~ 240V, 50 \/ 60Hz<\/p>\n<p>\u2022 Temperatura de funcionamiento: -28 \u00b0 C ~ 60 \u00b0 C<\/p>\n<p>\u2022 Humedad de trabajo: 5% ~ 80%<\/p>\n<p>\u2022 Ambiente de trabajo: interior \/ exterior (debajo de un dosel)<\/p>\n<p>\u2022 Banda ancha:<\/p>\n<p>&#8211; RFID m\u00e1x. 30 personas \/ min.<\/p>\n<p>&#8211; huella digital m\u00e1x. 25 personas \/ min<\/p>\n<p>\u2022 Ancho de paso: 1045 mm.<\/p>\n<p>\u2022 Material de la caja: acero inoxidable SUS304<\/p>\n<p>\u2022 Material de la carcasa: acero inoxidable SUS304<\/p>\n<p>\u2022 Indicaci\u00f3n LED: s\u00ed<\/p>\n<p>\u2022 Modo de emergencia: s\u00ed<\/p>\n<p>\u2022 Nivel de seguridad: medio<\/p>\n<p>\u2022 MTBF: 2 millones de ciclos.<\/p>\n<p>\u2022 Dimensiones: 1150 * 1245 * 1000 (L * W * H)<\/p>\n<p>\u2022 Opciones: contador de pases, carcasa y cubierta SUS316, control remoto<\/p>\n<\/div>\n<\/div>\n","protected":false},"excerpt":{"rendered":"<p>Informaci\u00f3n General Descripci\u00f3n ZKTECO PROENTRANCE SB02FP &#8211; Swing Barrier de Acero Inoxidable Doble barrera\/30 personas por minuto \/RFID + FP \/Viene con 2 lectores de Huella FR1500 y un panel inBio206 Pro El m\u00f3dulo central del torniquete oscilante ProEntrance ZKTeco SB 02 FP con controlador&hellip;<\/p>\n","protected":false},"featured_media":8279,"comment_status":"open","ping_status":"closed","template":"","meta":{"om_disable_all_campaigns":false,"_monsterinsights_skip_tracking":false,"_monsterinsights_sitenote_active":false,"_monsterinsights_sitenote_note":"","_monsterinsights_sitenote_category":0},"product_brand":[],"product_cat":[770],"product_tag":[81,727,730,66,731,728,729],"class_list":{"0":"post-8280","1":"product","2":"type-product","3":"status-publish","4":"has-post-thumbnail","6":"product_cat-swing-barriers-control-acceso-peatonal-zkteco-acceso-asistencia","7":"product_tag-acceso-y-asistencia","8":"product_tag-cerraduras","9":"product_tag-commax-wulian","10":"product_tag-dahua","11":"product_tag-wejoin","12":"product_tag-yli","13":"product_tag-zkteco","15":"first","16":"instock","17":"sale","18":"taxable","19":"shipping-taxable","20":"purchasable","21":"product-type-simple"},"aioseo_notices":[],"_links":{"self":[{"href":"https:\/\/tecsecmty.com\/index.php\/wp-json\/wp\/v2\/product\/8280","targetHints":{"allow":["GET"]}}],"collection":[{"href":"https:\/\/tecsecmty.com\/index.php\/wp-json\/wp\/v2\/product"}],"about":[{"href":"https:\/\/tecsecmty.com\/index.php\/wp-json\/wp\/v2\/types\/product"}],"replies":[{"embeddable":true,"href":"https:\/\/tecsecmty.com\/index.php\/wp-json\/wp\/v2\/comments?post=8280"}],"version-history":[{"count":0,"href":"https:\/\/tecsecmty.com\/index.php\/wp-json\/wp\/v2\/product\/8280\/revisions"}],"wp:featuredmedia":[{"embeddable":true,"href":"https:\/\/tecsecmty.com\/index.php\/wp-json\/wp\/v2\/media\/8279"}],"wp:attachment":[{"href":"https:\/\/tecsecmty.com\/index.php\/wp-json\/wp\/v2\/media?parent=8280"}],"wp:term":[{"taxonomy":"product_brand","embeddable":true,"href":"https:\/\/tecsecmty.com\/index.php\/wp-json\/wp\/v2\/product_brand?post=8280"},{"taxonomy":"product_cat","embeddable":true,"href":"https:\/\/tecsecmty.com\/index.php\/wp-json\/wp\/v2\/product_cat?post=8280"},{"taxonomy":"product_tag","embeddable":true,"href":"https:\/\/tecsecmty.com\/index.php\/wp-json\/wp\/v2\/product_tag?post=8280"}],"curies":[{"name":"wp","href":"https:\/\/api.w.org\/{rel}","templated":true}]}}