{"id":8282,"date":"2023-02-23T22:20:38","date_gmt":"2023-02-24T04:20:38","guid":{"rendered":"https:\/\/tecsecmty.com\/index.php\/producto\/zkteco-proentrance-sb03fpack-barrera-peatonal-de-acero-inoxidable-3-carriles-de-alto-flujo-ancho-de-carril-104-5-cm-incluye-lectores-de-huella-tarjeta-fr1500-y-panel-de-control-de-acceso-inbio\/"},"modified":"2023-03-22T23:25:29","modified_gmt":"2023-03-23T05:25:29","slug":"zkteco-proentrance-sb03fpack-barrera-peatonal-de-acero-inoxidable-3-carriles-de-alto-flujo-ancho-de-carril-104-5-cm-incluye-lectores-de-huella-tarjeta-fr1500-y-panel-de-control-de-acceso-inbio","status":"publish","type":"product","link":"https:\/\/tecsecmty.com\/index.php\/producto\/zkteco-proentrance-sb03fpack-barrera-peatonal-de-acero-inoxidable-3-carriles-de-alto-flujo-ancho-de-carril-104-5-cm-incluye-lectores-de-huella-tarjeta-fr1500-y-panel-de-control-de-acceso-inbio\/","title":{"rendered":"ZKTECO PROENTRANCE SB03FPack &#8211; Barrera Peatonal de Acero Inoxidable \/ 3 Carriles de Alto Flujo \/ Ancho de Carril 104.5 cm \/ Incluye Lectores de Huella\/Tarjeta FR1500 y Panel de Control de Acceso inBio260Pro \/ Requiere Licencia ZKT068008 o ZKT0680031"},"content":{"rendered":"<div class=\"row aling-items-center padding-bottom-2x\">\n<div class=\"col-lg-12\">\n<h5 class=\"card-title text-center\">Informaci\u00f3n General<\/h5>\n<p><strong>ZKTECO PROENTRANCE SB03FPack &#8211; Es un paquete de Swing Barrier de Acero Inoxidable para 3 Carriles de acceso \/ Alto Flujo \/ Incluye Lectores de Huella\/Tarjeta Modelo FR1500 y un Panel de Control de Acceso Profesional inBio260Pro\/<\/strong><\/p>\n<p><strong>Requiere Licencia ZKT068008 o ZKT0680031<\/strong><\/p>\n<p>El torniquete abatible de la Serie ProEntrance es una soluci\u00f3n de Control de Acceso Peatonal m\u00e1s econ\u00f3mica. El dise\u00f1o implica un funcionamiento suave y consume muy poca energ\u00eda. Es adecuado para zonas de alto tr\u00e1fico. Est\u00e1 hecho de acero inoxidable, lo que hace que el SB 01 FP y el SB 02 FP sean muy duraderos.<\/p>\n<p>SB03FPPack ofrece una alta fiabilidad operativa, ideal para lugares donde necesita ahorrar espacio. Al recibir una se\u00f1al de un sistema de Control de Acceso o con solo presionar un bot\u00f3n desde un panel de control de seguridad, pasa a una persona a la vez. El control electr\u00f3nico se lleva a cabo en diferentes direcciones. El modo predeterminado es bloquear ambos lados del mecanismo hasta que se reciba una se\u00f1al de paso. Desea establecer un lado constantemente libre para pasar, siempre puede configurar el mecanismo. En caso de emergencia, la hoja se abre autom\u00e1ticamente.<\/p>\n<p><img decoding=\"async\" class=\"overview-center-img-web\" src=\"https:\/\/tvc.mx\/media\/201099\/ZKTECO-PROENTRANCE-SB03FPack-Swing-Barrier-DESCRIPCI%C3%93N.png\" alt=\"\" \/><\/div>\n<\/div>\n<div class=\"row align-items-center padding-bottom-2x\">\n<div class=\"col-md-5 order-md-2\"><img decoding=\"async\" class=\"d-block m-auto img-thumbnail\" src=\"https:\/\/tvc.mx\/media\/201055\/ZKTECO-PROENTRANCE-SB01FP-Swing-Barrier-Caracter%C3%ADsticas.png\" alt=\" \" \/><\/div>\n<div class=\"col-md-7 order-md-1 text-md-left text-center\">\n<h2>Caracter\u00edsticas<\/h2>\n<p class=\"text-muted\">\n<p>La serie ProEntrance ofrece soluciones de alta gama que incluyen torniquetes tr\u00edpode, barreras de aleta y barreras abatibles. Esta serie fue dise\u00f1ada bajo un moderno y elegante estilo que a su vez proporciona una soluci\u00f3n ideal para el Control de Acceso por medio de sistema biom\u00e9trico o de proximidad en sitios con altos requisitos est\u00e9ticos y de confort.<\/p>\n<p>La gama de barreras abatibles provee un pasaje controlado por sensores con elementos de puertas autom\u00e1ticas en varias versiones. Estas barreras pueden proporcionar un conveniente canal de paso incluso con bolsas o equipaje en lugares como f\u00e1bricas, bodegas, escuelas, etc<\/p>\n<h4><strong>Est\u00e9tica, Seguridad y Durabilidad en los Equipos<\/strong><\/h4>\n<p>Incluye sistema biom\u00e9trico de huella y de proximidad, aunque puede personalizar los dispositivos para adaptarse a pr\u00e1cticamente cualquier situaci\u00f3n.<\/p>\n<p>&nbsp;<\/p>\n<\/div>\n<\/div>\n<hr class=\"padding-bottom-2x\" \/>\n<div class=\"row aling-items-center padding-bottom-2x\">\n<div class=\"col-lg-12\">\n<h5 class=\"card-title text-center\">Especificaciones<\/h5>\n<p>\u2022 Fuente de alimentaci\u00f3n: CA 100 ~ 120V 60Hz<\/p>\n<p>\u2022 Temperatura de funcionamiento: -28 \u00b0 C ~ 60 \u00b0 C<\/p>\n<p>\u2022 Humedad de trabajo: 5% ~ 80%<\/p>\n<p>\u2022 Ambiente de trabajo: interior \/ exterior (Protegido)<\/p>\n<p>Flujo de Personas<\/p>\n<p>&#8211; RFID m\u00e1x. 30 personas \/ min.<\/p>\n<p>&#8211; Huella d\u00edgital m\u00e1x. 25 personas \/ min<\/p>\n<p>\u2022 Ancho de carril: 1045 mm.<\/p>\n<p>\u2022 Material de la carcasa: acero inoxidable SUS304<\/p>\n<p>\u2022 Indicaci\u00f3n LED<\/p>\n<p>\u2022 Modo de emergencia en caso de Fallo de Energ\u00eda<\/p>\n<p>\u2022 MTBF: 2 millones de ciclos.<\/p>\n<p><img decoding=\"async\" class=\"overview-center-img-web\" src=\"https:\/\/tvc.mx\/media\/201059\/ZKTECO-PROENTRANCE-SB03FPack-ESPECIFICACIONES.png\" alt=\"\" \/><\/div>\n<\/div>\n","protected":false},"excerpt":{"rendered":"<p>Informaci\u00f3n General ZKTECO PROENTRANCE SB03FPack &#8211; Es un paquete de Swing Barrier de Acero Inoxidable para 3 Carriles de acceso \/ Alto Flujo \/ Incluye Lectores de Huella\/Tarjeta Modelo FR1500 y un Panel de Control de Acceso Profesional inBio260Pro\/ Requiere Licencia ZKT068008 o ZKT0680031 El&hellip;<\/p>\n","protected":false},"featured_media":8281,"comment_status":"open","ping_status":"closed","template":"","meta":{"om_disable_all_campaigns":false,"_monsterinsights_skip_tracking":false,"_monsterinsights_sitenote_active":false,"_monsterinsights_sitenote_note":"","_monsterinsights_sitenote_category":0},"product_brand":[],"product_cat":[770],"product_tag":[81,727,730,66,731,728,729],"class_list":{"0":"post-8282","1":"product","2":"type-product","3":"status-publish","4":"has-post-thumbnail","6":"product_cat-swing-barriers-control-acceso-peatonal-zkteco-acceso-asistencia","7":"product_tag-acceso-y-asistencia","8":"product_tag-cerraduras","9":"product_tag-commax-wulian","10":"product_tag-dahua","11":"product_tag-wejoin","12":"product_tag-yli","13":"product_tag-zkteco","15":"first","16":"instock","17":"sale","18":"taxable","19":"shipping-taxable","20":"purchasable","21":"product-type-simple"},"aioseo_notices":[],"_links":{"self":[{"href":"https:\/\/tecsecmty.com\/index.php\/wp-json\/wp\/v2\/product\/8282","targetHints":{"allow":["GET"]}}],"collection":[{"href":"https:\/\/tecsecmty.com\/index.php\/wp-json\/wp\/v2\/product"}],"about":[{"href":"https:\/\/tecsecmty.com\/index.php\/wp-json\/wp\/v2\/types\/product"}],"replies":[{"embeddable":true,"href":"https:\/\/tecsecmty.com\/index.php\/wp-json\/wp\/v2\/comments?post=8282"}],"version-history":[{"count":0,"href":"https:\/\/tecsecmty.com\/index.php\/wp-json\/wp\/v2\/product\/8282\/revisions"}],"wp:featuredmedia":[{"embeddable":true,"href":"https:\/\/tecsecmty.com\/index.php\/wp-json\/wp\/v2\/media\/8281"}],"wp:attachment":[{"href":"https:\/\/tecsecmty.com\/index.php\/wp-json\/wp\/v2\/media?parent=8282"}],"wp:term":[{"taxonomy":"product_brand","embeddable":true,"href":"https:\/\/tecsecmty.com\/index.php\/wp-json\/wp\/v2\/product_brand?post=8282"},{"taxonomy":"product_cat","embeddable":true,"href":"https:\/\/tecsecmty.com\/index.php\/wp-json\/wp\/v2\/product_cat?post=8282"},{"taxonomy":"product_tag","embeddable":true,"href":"https:\/\/tecsecmty.com\/index.php\/wp-json\/wp\/v2\/product_tag?post=8282"}],"curies":[{"name":"wp","href":"https:\/\/api.w.org\/{rel}","templated":true}]}}