{"id":8284,"date":"2023-02-23T22:20:39","date_gmt":"2023-02-24T04:20:39","guid":{"rendered":"https:\/\/tecsecmty.com\/index.php\/producto\/zkteco-sbt1000s-puerta-de-cortesia-bidireccional-carril-90-cm-110v-acero-inoxidable-sus304-aleta-de-vidrio-templado-exterior-con-proteccion-10-personas-x-min-no-cuenta-con-lectores-y-p\/"},"modified":"2023-03-22T23:25:31","modified_gmt":"2023-03-23T05:25:31","slug":"zkteco-sbt1000s-puerta-de-cortesia-bidireccional-carril-90-cm-110v-acero-inoxidable-sus304-aleta-de-vidrio-templado-exterior-con-proteccion-10-personas-x-min-no-cuenta-con-lectores-y-p","status":"publish","type":"product","link":"https:\/\/tecsecmty.com\/index.php\/producto\/zkteco-sbt1000s-puerta-de-cortesia-bidireccional-carril-90-cm-110v-acero-inoxidable-sus304-aleta-de-vidrio-templado-exterior-con-proteccion-10-personas-x-min-no-cuenta-con-lectores-y-p\/","title":{"rendered":"ZKTECO SBT1000S &#8211; Puerta de Cortes\u00eda Bidireccional \/ Carril 90 cm \/ 110V \/ Acero Inoxidable SUS304 \/ Aleta de Vidrio Templado \/ Exterior con protecci\u00f3n \/ 10 Personas x Min \/ No cuenta con Lectores y Panel \/ #promoacceso"},"content":{"rendered":"<div class=\"row aling-items-center padding-bottom-2x\">\n<div class=\"col-lg-12\">\n<h5 class=\"card-title text-center\">Informaci\u00f3n General<\/h5>\n<p>El modelo SBT1000S es una barrera abatible de \u00fanico carril, dise\u00f1ado para un funcionamiento suave y silencioso con bajo consumo energ\u00e9tico. Est\u00e1 fabricada en acero inoxidable lo que hace a la barrera SBT1000S altamente durable.<\/p>\n<p>La barrera de cristal templado, permanece cerrada para evitar accesos no autorizados.<\/p>\n<p>Utiliza lector (RFID y\/o biom\u00e9trico) reconoce la tarjeta, la huella, rostro o palma para que de esta forma permita el acceso del usuario, una vez \u00e9ste haya sido autenticado.<\/p>\n<p>Cuando hay cortes de energ\u00eda o emergencias, la barrera se abre de manera autom\u00e1tica, de este modo asegura que los usuarios salgan sin inconvenientes.<\/p>\n<p>Esta funci\u00f3n est\u00e1 disponible cuando existen cortes de energ\u00eda si se instala una alarma de incendios y una bater\u00eda.<\/p>\n<p>El modelo SBT1000S provee seguridad y conveniencia todo en un compacto, elegante y durable dise\u00f1o<\/p>\n<h5><strong>Personaliza la Soluci\u00f3n de Control de Acceso Peatonal con Equipos de Verificaci\u00f3n Facial, Palma, C\u00f3digo QR y\/o Tarjetas de Proximidad, Soluciones Sin Contacto.<\/strong><\/h5>\n<p>&nbsp;<\/p>\n<p><img decoding=\"async\" class=\"overview-center-img-web\" src=\"https:\/\/tvc.mx\/media\/485026\/ZKTECO-SBT1000S-Swing-Barrier-Descripci%C3%B3n.png\" alt=\"\" \/><\/div>\n<\/div>\n<div class=\"row align-items-center padding-bottom-2x\">\n<div class=\"col-md-5 order-md-2\"><img decoding=\"async\" class=\"d-block m-auto img-thumbnail\" src=\"https:\/\/tvc.mx\/media\/485054\/Puerta-de-Cortes%C3%ADa-Bidireccional-Caracter%C3%ADsticas-SBT1000S-ZKTECO-SBT1000S.png\" alt=\" \" \/><\/div>\n<div class=\"col-md-7 order-md-1 text-md-left text-center\">\n<h2>Caracter\u00edsticas<\/h2>\n<p class=\"text-muted\">\n<h2><strong>Confiabilidad<\/strong><\/h2>\n<ul data-checked=\"false\">\n<li>Carcasa de acero inoxidable SUS304 que asegura una larga durabilidad.<\/li>\n<li>Componentes electr\u00f3nicos de alta calidad.<\/li>\n<\/ul>\n<h2><strong>Caracter\u00edsticas de Seguridad<\/strong><\/h2>\n<ul data-checked=\"false\">\n<li>La barrera se coloca en una posici\u00f3n que permita el libre paso cuando se corta la energ\u00eda.<\/li>\n<li>Acabado liso, sin tornillos expuestos.<\/li>\n<li>Dise\u00f1o ergon\u00f3mico que hacen que la autenticaci\u00f3n por huella, tarjeta sean r\u00e1pidos y simples para los usuarios<\/li>\n<li>Utiliza equipo de Reconocimiento Facial o de Palma para autenticaci\u00f3n de los Usuarios evitando Contacto con el equipo.<\/li>\n<li>La serie SBT1000S es compatible con lector de tarjeta o huella dependiendo de las preferencias del cliente.<\/li>\n<li>La Serie SBT1000S han pasado por la prueba de f\u00e1brica antes del env\u00edo.<\/li>\n<li>ZKTeco provee dispositivos plug&amp;play con el precio m\u00e1s bajo en toda la industria.<\/li>\n<\/ul>\n<p>&nbsp;<\/p>\n<\/div>\n<\/div>\n<hr class=\"padding-bottom-2x\" \/>\n<div class=\"row aling-items-center padding-bottom-2x\">\n<div class=\"col-lg-12\">\n<h5 class=\"card-title text-center\">Especificaciones<\/h5>\n<ul>\n<li><strong>Capacidad de Accesos:<\/strong>\u00a010\/minuto<\/li>\n<li><strong>Tiempo de Apertura y Cierre:\u00a0<\/strong>1 segundo<\/li>\n<li><strong>Fuente de Alimentaci\u00f3n:<\/strong>\u00a0110-240v +-10<\/li>\n<li><strong>Consumo de Energ\u00eda:<\/strong>\u00a0(En Funcionamiento) 20w<\/li>\n<li><strong>Consumo de Energ\u00eda:<\/strong>\u00a0(En Reposo) 5w<\/li>\n<li><strong>Temperatura de Operaci\u00f3n:<\/strong>\u00a0-10\u00b0c a 60\u00b0c<\/li>\n<li><strong>Paso en Ambos Sentidos:<\/strong>\u00a0S\u00ed<\/li>\n<li><strong>Funcionamiento Autom\u00e1tico:<\/strong>\u00a0S\u00ed<\/li>\n<li><strong>Avanzado Sistema de Sensores:<\/strong>\u00a0S\u00ed<\/li>\n<li><strong>Iluminaci\u00f3n:<\/strong>\u00a0LED<\/li>\n<li><strong>Material del Gabinete:\u00a0<\/strong>SUS304 Acero Inoxidable<\/li>\n<li><strong>Material de la Tapa:<\/strong>\u00a0SUS304 Acero Inoxidable<\/li>\n<li><strong>Material de la Barrera:\u00a0<\/strong>Vidrio Templado<\/li>\n<li><strong>Material de la Barrera Opcional:\u00a0<\/strong>SUS304 Acero Inoxidable<\/li>\n<li><strong>Movimiento de la Barrera:\u00a0<\/strong>Abatible<\/li>\n<li><strong>Modo de Emergencia:<\/strong>\u00a0S\u00ed<\/li>\n<\/ul>\n<p><img decoding=\"async\" class=\"overview-center-img-web\" src=\"https:\/\/tvc.mx\/media\/485050\/Puerta-de-Cortes%C3%ADa-Bidireccional-Especificaciones-SBT1000S-ZKTECO-SBT1000S.png\" alt=\"\" \/><\/div>\n<\/div>\n<div class=\"row align-items-center padding-bottom-2x\">\n<div class=\"col-md-5 order-md-2\"><img decoding=\"async\" class=\"d-block m-auto img-thumbnail\" src=\"https:\/\/tvc.mx\/media\/485040\/Puerta-de-Cortes%C3%ADa-Bidireccional-Funci%C3%B3n-SBT1000S-ZKTECO-SBT1000S.png\" alt=\" \" \/><\/div>\n<div class=\"col-md-7 order-md-1 text-md-left text-center\">\n<h2>Funci\u00f3n<\/h2>\n<p class=\"text-muted\">\n<ol>\n<li>Equipado con un sistema de auto chequeo al encenderse, la puerta se cerrar\u00e1 de manera autom\u00e1tica.<\/li>\n<li>El lector transfiere la informaci\u00f3n del usuario a la tarjeta controladora, y acepta la informaci\u00f3n del usuario.<\/li>\n<li>La tarjeta controladora recibe y compara la informaci\u00f3n con la informaci\u00f3n almacenada en la base de datos. De acuerdo al resultado, la tarjeta controladora env\u00eda el comando al motor.<\/li>\n<li>El sensor infrarrojo continuamente detecta hasta que un peat\u00f3n pasa a trav\u00e9s de la barrera.<\/li>\n<li>La alarma podr\u00e1 ser escuchada cuando exista alg\u00fan tipo de intrusi\u00f3n.<\/li>\n<\/ol>\n<h3><strong><em>RECOMENDACI\u00d3N DE INSTALACI\u00d3N Y CALIBRACI\u00d3N; NO ENCIENDA EL EQUIPO SIN ANTES COLOCAR ALETA DE VIDRIO.<\/em><\/strong><\/h3>\n<p>&nbsp;<\/p>\n<\/div>\n<\/div>\n<hr class=\"padding-bottom-2x\" \/>\n<div class=\"row align-items-center padding-bottom-2x\">\n<div class=\"col-md-5 order-md-2\"><img decoding=\"async\" class=\"d-block m-auto img-thumbnail\" src=\"https:\/\/tvc.mx\/media\/485038\/Puerta-de-Cortes%C3%ADa-Bidireccional-Contenido-SBT1000S-ZKTECO-SBT1000S.png\" alt=\" \" \/><\/div>\n<div class=\"col-md-7 order-md-1 text-md-left text-center\">\n<h2>Contenido<\/h2>\n<p class=\"text-muted\">\n<ul data-checked=\"false\">\n<li>1 Aleta de cristal<\/li>\n<li>4 Barras de anclaje<\/li>\n<li>4 Tornillos expansores<\/li>\n<li>1 Cable de alimentaci\u00f3n 110v<\/li>\n<\/ul>\n<\/div>\n<\/div>\n","protected":false},"excerpt":{"rendered":"<p>Informaci\u00f3n General El modelo SBT1000S es una barrera abatible de \u00fanico carril, dise\u00f1ado para un funcionamiento suave y silencioso con bajo consumo energ\u00e9tico. Est\u00e1 fabricada en acero inoxidable lo que hace a la barrera SBT1000S altamente durable. La barrera de cristal templado, permanece cerrada para&hellip;<\/p>\n","protected":false},"featured_media":8283,"comment_status":"open","ping_status":"closed","template":"","meta":{"om_disable_all_campaigns":false,"_monsterinsights_skip_tracking":false,"_monsterinsights_sitenote_active":false,"_monsterinsights_sitenote_note":"","_monsterinsights_sitenote_category":0},"product_brand":[],"product_cat":[770],"product_tag":[81,727,730,66,731,728,729],"class_list":{"0":"post-8284","1":"product","2":"type-product","3":"status-publish","4":"has-post-thumbnail","6":"product_cat-swing-barriers-control-acceso-peatonal-zkteco-acceso-asistencia","7":"product_tag-acceso-y-asistencia","8":"product_tag-cerraduras","9":"product_tag-commax-wulian","10":"product_tag-dahua","11":"product_tag-wejoin","12":"product_tag-yli","13":"product_tag-zkteco","15":"first","16":"instock","17":"sale","18":"taxable","19":"shipping-taxable","20":"purchasable","21":"product-type-simple"},"aioseo_notices":[],"_links":{"self":[{"href":"https:\/\/tecsecmty.com\/index.php\/wp-json\/wp\/v2\/product\/8284","targetHints":{"allow":["GET"]}}],"collection":[{"href":"https:\/\/tecsecmty.com\/index.php\/wp-json\/wp\/v2\/product"}],"about":[{"href":"https:\/\/tecsecmty.com\/index.php\/wp-json\/wp\/v2\/types\/product"}],"replies":[{"embeddable":true,"href":"https:\/\/tecsecmty.com\/index.php\/wp-json\/wp\/v2\/comments?post=8284"}],"version-history":[{"count":0,"href":"https:\/\/tecsecmty.com\/index.php\/wp-json\/wp\/v2\/product\/8284\/revisions"}],"wp:featuredmedia":[{"embeddable":true,"href":"https:\/\/tecsecmty.com\/index.php\/wp-json\/wp\/v2\/media\/8283"}],"wp:attachment":[{"href":"https:\/\/tecsecmty.com\/index.php\/wp-json\/wp\/v2\/media?parent=8284"}],"wp:term":[{"taxonomy":"product_brand","embeddable":true,"href":"https:\/\/tecsecmty.com\/index.php\/wp-json\/wp\/v2\/product_brand?post=8284"},{"taxonomy":"product_cat","embeddable":true,"href":"https:\/\/tecsecmty.com\/index.php\/wp-json\/wp\/v2\/product_cat?post=8284"},{"taxonomy":"product_tag","embeddable":true,"href":"https:\/\/tecsecmty.com\/index.php\/wp-json\/wp\/v2\/product_tag?post=8284"}],"curies":[{"name":"wp","href":"https:\/\/api.w.org\/{rel}","templated":true}]}}