{"id":8286,"date":"2023-02-23T22:20:41","date_gmt":"2023-02-24T04:20:41","guid":{"rendered":"https:\/\/tecsecmty.com\/index.php\/producto\/zkteco-sbt2000s-puerta-de-cortesia-bidireccional-de-alto-flujo-carril-de-90-cm-alimentacion-ac-110v-acero-inoxidable-facil-integracion-con-controles-de-acceso-facial-palma-lector-de-qr-pr\/"},"modified":"2023-03-22T23:25:31","modified_gmt":"2023-03-23T05:25:31","slug":"zkteco-sbt2000s-puerta-de-cortesia-bidireccional-de-alto-flujo-carril-de-90-cm-alimentacion-ac-110v-acero-inoxidable-facil-integracion-con-controles-de-acceso-facial-palma-lector-de-qr-pr","status":"publish","type":"product","link":"https:\/\/tecsecmty.com\/index.php\/producto\/zkteco-sbt2000s-puerta-de-cortesia-bidireccional-de-alto-flujo-carril-de-90-cm-alimentacion-ac-110v-acero-inoxidable-facil-integracion-con-controles-de-acceso-facial-palma-lector-de-qr-pr\/","title":{"rendered":"ZKTECO SBT2000S &#8211; Puerta de Cortes\u00eda Bidireccional de Alto Flujo \/ Carril de 90 cm \/ Alimentaci\u00f3n AC 110V \/ Acero Inoxidable \/ F\u00e1cil Integraci\u00f3n con Controles de Acceso Facial, Palma, Lector de QR, Proximidad y botones."},"content":{"rendered":"<div class=\"row aling-items-center padding-bottom-2x\">\n<div class=\"col-lg-12\">\n<h5 class=\"card-title text-center\">Informaci\u00f3n General<\/h5>\n<h4><strong>Descripci\u00f3n<\/strong><\/h4>\n<p>El torniquete de barrera giratoria de un solo carril ZKTeco SBT2000S es un elegante y rentable sistema de control de entrada dise\u00f1ado para un volumen de tr\u00e1fico elevado.<\/p>\n<p>La SBT2000S es una serie de torniquetes de barrera giratoria de un solo carril, dise\u00f1ada para un funcionamiento suave y silencioso.<\/p>\n<p>La barrera SBT2000S normalmente se mantiene en una posici\u00f3n bloqueada, lo que impide el acceso al lado asegurado. Sobre SBT2000S lector (RFID y \/ o huella dactilar) que reconoce positivamente la tarjeta de acceso v\u00e1lida o la huella dactilar de un usuario, sus barreras oscilan autom\u00e1ticamente, permitiendo as\u00ed a los usuarios pasar al lado asegurado.<\/p>\n<p>Durante las emergencias, las barreras se abren autom\u00e1ticamente, lo que garantiza a los usuarios una salida r\u00e1pida y sin obst\u00e1culos a un lugar seguro. La SBT2000S proporciona seguridad y espacio conveniente, todo en un dise\u00f1o compacto muy duradero y elegante.<\/p>\n<p><img decoding=\"async\" class=\"overview-center-img-web\" src=\"https:\/\/tvc.mx\/media\/514123\/Barrera-Peatonal-Swing-Barrier-Puerta-Cortes%C3%ADa-Bidireccional-Descripci%C3%B3n-SBT2000S-ZKTECO.png\" alt=\"\" \/><\/div>\n<\/div>\n<div class=\"row align-items-center padding-bottom-2x\">\n<div class=\"col-md-5 order-md-2\"><img decoding=\"async\" class=\"d-block m-auto img-thumbnail\" src=\"https:\/\/tvc.mx\/media\/482186\/Barrera-Peatonal-Swing-Barrier-Puerta-Cortes%C3%ADa-Bidireccional-Caracter%C3%ADsticas-SBT2000S-ZKTECO.png\" alt=\" \" \/><\/div>\n<div class=\"col-md-7 order-md-1 text-md-left text-center\">\n<h2>Caracter\u00edsticas<\/h2>\n<p class=\"text-muted\">\n<h4>Seguridad<\/h4>\n<ul data-checked=\"false\">\n<li>Las barreras se balancean autom\u00e1ticamente durante las emergencias.<\/li>\n<li>El dise\u00f1o ergon\u00f3mico hace que la tarjeta y la huella digital autenticaci\u00f3n r\u00e1pida y sencilla para los usuarios.<\/li>\n<\/ul>\n<h4>Simplificaci\u00f3n<\/h4>\n<ul data-checked=\"false\">\n<li>Simplifique la estructura y la conexi\u00f3n, f\u00e1cil mantener<\/li>\n<\/ul>\n<h3>Integraci\u00f3n de lector incorporada(opcional sobre pedido)<\/h3>\n<ul data-checked=\"false\">\n<li>La serie SBT2000S se env\u00eda ya integrada con la de nuestros clientes. Preferencia por lector de control de acceso de tarjetas o huellas dactilares. Esto reduce en gran medida el tiempo y los gastos de instalaci\u00f3n.<\/li>\n<\/ul>\n<p>&nbsp;<\/p>\n<\/div>\n<\/div>\n<hr class=\"padding-bottom-2x\" \/>\n<div class=\"row aling-items-center padding-bottom-2x\">\n<div class=\"col-lg-12\">\n<h5 class=\"card-title text-center\">Especificaciones<\/h5>\n<ul>\n<li>Requerimientos de Energ\u00eda &#8230;&#8230;&#8230;&#8230;&#8230;&#8230;&#8230;&#8230;&#8230;&#8230;&#8230;&#8230;&#8230;&#8230;&#8230;&#8230;&#8230;&#8230;&#8230;&#8230;&#8230;.AC 110 60Hz<\/li>\n<li>Temperatura de trabajo &#8230;&#8230;&#8230;&#8230;&#8230;&#8230;&#8230;&#8230;&#8230;&#8230;&#8230;&#8230;&#8230;&#8230;&#8230;&#8230;&#8230;&#8230;&#8230;&#8230;&#8230;&#8230;&#8230;.-15\u00b0C ~ 60\u00b0C<\/li>\n<li>Humedad de trabajo &#8230;&#8230;&#8230;&#8230;&#8230;&#8230;&#8230;&#8230;&#8230;&#8230;&#8230;&#8230;&#8230;&#8230;&#8230;&#8230;&#8230;&#8230;&#8230;&#8230;&#8230;&#8230;&#8230;&#8230;&#8230;.20% ~ 93%<\/li>\n<li>Ambiente de trabajo &#8230;&#8230;&#8230;&#8230;&#8230;&#8230;&#8230;&#8230;&#8230;&#8230;&#8230;&#8230;&#8230;&#8230;&#8230;&#8230;&#8230;&#8230;&#8230;&#8230;&#8230;&#8230;&#8230;&#8230;&#8230;..Interior \/ Exterior (bajo techo)<\/li>\n<li>Ancho de carril (mm) &#8230;&#8230;&#8230;&#8230;&#8230;&#8230;&#8230;&#8230;&#8230;&#8230;&#8230;&#8230;&#8230;&#8230;&#8230;&#8230;&#8230;&#8230;&#8230;&#8230;&#8230;&#8230;&#8230;&#8230;&#8230;.800<\/li>\n<li>Sensor infrarrojo &#8230;&#8230;&#8230;&#8230;&#8230;&#8230;&#8230;&#8230;&#8230;&#8230;&#8230;&#8230;&#8230;&#8230;&#8230;&#8230;&#8230;&#8230;&#8230;&#8230;&#8230;&#8230;&#8230;&#8230;&#8230;&#8230;&#8230;..A sensor<\/li>\n<li>Dimensiones (L * W * H) &#8230;&#8230;&#8230;&#8230;&#8230;&#8230;&#8230;&#8230;&#8230;&#8230;&#8230;&#8230;&#8230;&#8230;&#8230;&#8230;&#8230;&#8230;&#8230;&#8230;&#8230;&#8230;&#8230;.202 * 187 * 1109 (mm)<\/li>\n<li>Dimensi\u00f3n con embalaje (L * W * H) &#8230;&#8230;&#8230;&#8230;&#8230;&#8230;&#8230;&#8230;&#8230;&#8230;&#8230;&#8230;&#8230;&#8230;&#8230;&#8230;&#8230;.280 * 280 * 1160 (mm)<\/li>\n<li>Peso con embalaje (kg) &#8230;&#8230;&#8230;&#8230;&#8230;&#8230;&#8230;&#8230;&#8230;&#8230;&#8230;&#8230;&#8230;&#8230;&#8230;&#8230;&#8230;&#8230;&#8230;&#8230;&#8230;&#8230;&#8230;&#8230;50<\/li>\n<li>Indicador LED &#8230;&#8230;&#8230;&#8230;&#8230;&#8230;&#8230;&#8230;&#8230;&#8230;&#8230;&#8230;&#8230;&#8230;&#8230;&#8230;&#8230;&#8230;&#8230;&#8230;&#8230;&#8230;&#8230;&#8230;&#8230;&#8230;&#8230;&#8230;&#8230;\u00a0Si<\/li>\n<li>Material del gabinete &#8230;&#8230;&#8230;&#8230;&#8230;&#8230;&#8230;&#8230;&#8230;&#8230;&#8230;&#8230;&#8230;&#8230;&#8230;&#8230;&#8230;&#8230;&#8230;&#8230;&#8230;&#8230;&#8230;&#8230;&#8230;..Chapa laminada en fr\u00edo (opcional: acero inoxidable SUS304)<\/li>\n<li>Material de la tapa &#8230;&#8230;&#8230;&#8230;&#8230;&#8230;&#8230;&#8230;&#8230;&#8230;&#8230;&#8230;&#8230;&#8230;&#8230;&#8230;&#8230;&#8230;&#8230;&#8230;&#8230;&#8230;&#8230;&#8230;&#8230;&#8230;..Acr\u00edlico<\/li>\n<li>Material barrera &#8230;&#8230;&#8230;&#8230;&#8230;&#8230;&#8230;&#8230;&#8230;&#8230;&#8230;&#8230;&#8230;&#8230;&#8230;&#8230;&#8230;&#8230;&#8230;&#8230;&#8230;&#8230;&#8230;&#8230;&#8230;&#8230;&#8230;&#8230;Vidrio templado (opcional: acero inoxidable o acr\u00edlico)<\/li>\n<\/ul>\n<p>****PARA ALETA EN ACERO INOXIDABLE, CONSULTAR CON SU EJECUTIVO PARA SOLICITARLA DESDE F\u00c1BRICA \/ SI SE REQUIERE LA ALETA MET\u00c1LICA ADICIONAL, CONLLEVA COSTO EXTRA****<\/p>\n<ul>\n<li>Movimiento de barrera &#8230;&#8230;&#8230;&#8230;&#8230;&#8230;&#8230;&#8230;&#8230;&#8230;&#8230;&#8230;&#8230;&#8230;&#8230;&#8230;&#8230;&#8230;&#8230;&#8230;&#8230;&#8230;&#8230;&#8230;..abatible<\/li>\n<li>Modo de emergencia &#8230;&#8230;&#8230;&#8230;&#8230;&#8230;&#8230;&#8230;&#8230;&#8230;&#8230;&#8230;&#8230;&#8230;&#8230;&#8230;&#8230;&#8230;&#8230;&#8230;&#8230;&#8230;&#8230;&#8230;&#8230;.Si<\/li>\n<\/ul>\n<p><img decoding=\"async\" class=\"overview-center-img-web\" src=\"https:\/\/tvc.mx\/media\/433327\/Barrera-Peatonal-Swing-Barrier-Puerta-Cortes%C3%ADa-Bidireccional-Especificaciones-SBT2000S-ZKTECO.png\" alt=\"\" \/><\/div>\n<\/div>\n<div class=\"row align-items-center padding-bottom-2x\">\n<div class=\"col-md-5 order-md-2\"><img decoding=\"async\" class=\"d-block m-auto img-thumbnail\" src=\"https:\/\/tvc.mx\/media\/482194\/Barrera-Peatonal-Swing-Barrier-Puerta-Cortes%C3%ADa-Bidireccional-Funci%C3%B3n-SBT2000S-ZKTECO.png\" alt=\" \" \/><\/div>\n<div class=\"col-md-7 order-md-1 text-md-left text-center\">\n<h2>Funci\u00f3n<\/h2>\n<p class=\"text-muted\">\n<ol>\n<li>Equipado con un sistema de auto chequeo al encenderse, la puerta se cerrar\u00e1 de manera autom\u00e1tica.<\/li>\n<li>El lector transfiere la informaci\u00f3n del usuario a la tarjeta controladora, y acepta la informaci\u00f3n del usuario.<\/li>\n<li>La tarjeta controladora recibe y compara la informaci\u00f3n con la informaci\u00f3n almacenada en la base de datos. De acuerdo al resultado, la tarjeta controladora env\u00eda el comando al motor.<\/li>\n<li>El sensor infrarrojo continuamente detecta hasta que un peat\u00f3n pasa a trav\u00e9s de la barrera.<\/li>\n<li>La alarma podr\u00e1 ser escuchada cuando exista alg\u00fan tipo de intrusi\u00f3n.<\/li>\n<\/ol>\n<h3><em>RECOMENDACI\u00d3N DE INSTALACI\u00d3N Y CALIBRACI\u00d3N; NO ENCIENDA EL EQUIPO SIN ANTES COLOCAR ALETA DE VIDRIO.<\/em><\/h3>\n<p>&nbsp;<\/p>\n<\/div>\n<\/div>\n<hr class=\"padding-bottom-2x\" \/>\n<div class=\"row align-items-center padding-bottom-2x\">\n<div class=\"col-md-5\"><img decoding=\"async\" class=\"d-block m-auto img-thumbnail\" src=\"https:\/\/tvc.mx\/media\/482272\/Barrera-Peatonal-Swing-Barrier-Puerta-Cortes%C3%ADa-Bidireccional-Contenido-SBT2000S-ZKTECO.png\" alt=\" \" \/><\/div>\n<div class=\"col-md-7 text-md-left text-center\">\n<h2>Incluye<\/h2>\n<p class=\"text-muted\">\n<ul data-checked=\"false\">\n<li>1 Aleta de cristal<\/li>\n<li>4 Barras de anclaje<\/li>\n<li>4 Tornillos expansores<\/li>\n<li>1 Cable de alimentaci\u00f3n 110v<\/li>\n<\/ul>\n<\/div>\n<\/div>\n","protected":false},"excerpt":{"rendered":"<p>Informaci\u00f3n General Descripci\u00f3n El torniquete de barrera giratoria de un solo carril ZKTeco SBT2000S es un elegante y rentable sistema de control de entrada dise\u00f1ado para un volumen de tr\u00e1fico elevado. La SBT2000S es una serie de torniquetes de barrera giratoria de un solo carril,&hellip;<\/p>\n","protected":false},"featured_media":8285,"comment_status":"open","ping_status":"closed","template":"","meta":{"om_disable_all_campaigns":false,"_monsterinsights_skip_tracking":false,"_monsterinsights_sitenote_active":false,"_monsterinsights_sitenote_note":"","_monsterinsights_sitenote_category":0},"product_brand":[],"product_cat":[770],"product_tag":[81,727,730,66,731,728,729],"class_list":{"0":"post-8286","1":"product","2":"type-product","3":"status-publish","4":"has-post-thumbnail","6":"product_cat-swing-barriers-control-acceso-peatonal-zkteco-acceso-asistencia","7":"product_tag-acceso-y-asistencia","8":"product_tag-cerraduras","9":"product_tag-commax-wulian","10":"product_tag-dahua","11":"product_tag-wejoin","12":"product_tag-yli","13":"product_tag-zkteco","15":"first","16":"instock","17":"sale","18":"taxable","19":"shipping-taxable","20":"purchasable","21":"product-type-simple"},"aioseo_notices":[],"_links":{"self":[{"href":"https:\/\/tecsecmty.com\/index.php\/wp-json\/wp\/v2\/product\/8286","targetHints":{"allow":["GET"]}}],"collection":[{"href":"https:\/\/tecsecmty.com\/index.php\/wp-json\/wp\/v2\/product"}],"about":[{"href":"https:\/\/tecsecmty.com\/index.php\/wp-json\/wp\/v2\/types\/product"}],"replies":[{"embeddable":true,"href":"https:\/\/tecsecmty.com\/index.php\/wp-json\/wp\/v2\/comments?post=8286"}],"version-history":[{"count":0,"href":"https:\/\/tecsecmty.com\/index.php\/wp-json\/wp\/v2\/product\/8286\/revisions"}],"wp:featuredmedia":[{"embeddable":true,"href":"https:\/\/tecsecmty.com\/index.php\/wp-json\/wp\/v2\/media\/8285"}],"wp:attachment":[{"href":"https:\/\/tecsecmty.com\/index.php\/wp-json\/wp\/v2\/media?parent=8286"}],"wp:term":[{"taxonomy":"product_brand","embeddable":true,"href":"https:\/\/tecsecmty.com\/index.php\/wp-json\/wp\/v2\/product_brand?post=8286"},{"taxonomy":"product_cat","embeddable":true,"href":"https:\/\/tecsecmty.com\/index.php\/wp-json\/wp\/v2\/product_cat?post=8286"},{"taxonomy":"product_tag","embeddable":true,"href":"https:\/\/tecsecmty.com\/index.php\/wp-json\/wp\/v2\/product_tag?post=8286"}],"curies":[{"name":"wp","href":"https:\/\/api.w.org\/{rel}","templated":true}]}}