{"id":829,"date":"2023-02-15T23:19:13","date_gmt":"2023-02-15T23:19:13","guid":{"rendered":"https:\/\/tecsecmty.com\/index.php\/producto\/domo-turbohd-2-megapixel-1080p-ultra-baja-iluminaciun-wdr-130-db-lente-mot-2-7-13-5-mm-ip67-ik10-60-mts-ir-exir-metal\/"},"modified":"2023-03-22T23:20:42","modified_gmt":"2023-03-23T05:20:42","slug":"domo-turbohd-2-megapixel-1080p-ultra-baja-iluminacion-wdr-130-db-lente-mot-2-7-13-5-mm-ip67-ik10-60-mts-ir-exir-metal","status":"publish","type":"product","link":"https:\/\/tecsecmty.com\/index.php\/producto\/domo-turbohd-2-megapixel-1080p-ultra-baja-iluminacion-wdr-130-db-lente-mot-2-7-13-5-mm-ip67-ik10-60-mts-ir-exir-metal\/","title":{"rendered":"Domo TURBOHD 2 Megapixel (1080p) \/ Ultra Baja Iluminacion \/ WDR 130 dB \/ Lente Mot. 2.7 &#8211; 13.5 mm \/ IP67 \/ IK10 \/ 60 mts IR EXIR \/ Metal"},"content":{"rendered":"<div class=\"container\">\n<div class=\"row\">\n<div class=\"col-md-12\">\n<div class=\"row\">\n<div class=\"row\">\n<div class=\"col-md-12\">\n<h4 class=\"text-primary center info-text\" style=\"text-align: center\">Informaci\u00f3n de Producto<\/h4>\n<\/div>\n<\/div>\n<div class=\"row\" style=\"text-align: center\">\n<div class=\"col-md-12\">\n<h3>Domo TURBOHD 2 Megapixel (1080p) \/ Ultra Baja Iluminaci\u00f3n \/ WDR 130 dB \/ Lente Mot. 2.7 &#8211; 13.5 mm \/ IP67 \/ IK10 \/ 60 mts IR EXIR \/ Metal<\/h3>\n<\/div>\n<\/div>\n<div id=\"producto_container\" class=\"row\" style=\"text-align: center\">\n<div class=\"col-md-4\"><img decoding=\"async\" class=\"img-responsive center-block\" src=\"https:\/\/ftp3.syscom.mx\/usuarios\/fotos\/BancoFotografiasSyscom\/HIKVISION\/DS2CE56D8TVPIT3ZF\/DS2CE56D8TVPIT3ZF-p.PNG\" alt=\"DS-2CE56D8T-VPIT3ZF\" \/><\/p>\n<div class=\"row\">\n<div id=\"galerias\" class=\"col-sm-12\"><\/div>\n<\/div>\n<\/div>\n<div class=\"col-md-4\">\n<div><img decoding=\"async\" class=\"img-responsive img-thumbnail\" src=\"https:\/\/ftp3.syscom.mx\/usuarios\/fotos\/logotipos\/hikvision.png\" \/><\/div>\n<div><img decoding=\"async\" class=\"icono_info_product\" src=\"https:\/\/ftp3.syscom.mx\/usuarios\/ftp\/downloads\/METALICAS.jpg\" \/><img decoding=\"async\" class=\"icono_info_product\" src=\"https:\/\/ftp3.syscom.mx\/usuarios\/fotos\/antivandalicohk.png\" \/><img decoding=\"async\" class=\"icono_info_product\" src=\"https:\/\/ftp3.syscom.mx\/usuarios\/ftp\/syscom_mx\/LENTE-MOTORIZADO.png\" \/><\/div>\n<div>\n<p>Modelo:\u00a0<span class=\"modelo-marca\">DS-2CE56D8T-VPIT3ZF<\/span><\/p>\n<p>Marca:\u00a0<span class=\"modelo-marca\">HIKVISION<\/span><\/p>\n<\/div>\n<\/div>\n<\/div>\n<\/div>\n<div class=\"row \" style=\"text-align: center\">\n<div class=\"col-md-12\">\n<div class=\"row\">\n<h3 class=\"text-primary\">Especificaciones:<\/h3>\n<\/div>\n<div class=\"row well\">\n<p><img decoding=\"async\" class=\"fr-fic fr-dii\" src=\"https:\/\/ftp3.syscom.mx\/usuarios\/jsosa\/HIKVISION\/imagenes\/logo\/hikvision%20see%20far.png\" \/><\/p>\n<p>&nbsp;<\/p>\n<div class=\"row\">\n<div class=\"col-sm-6\">\n<div><strong>Caracter\u00edsticas principales:<\/strong><\/p>\n<ul>\n<li>Resoluci\u00f3n M\u00e1xima: 2 Megapixel (1920 x 1080).<\/li>\n<li>Formato NTSC \/ PAL seleccionable.<\/li>\n<li>Lente motorizado de 2.7 a 13.5mm (103\u00b0 a 32.1\u00b0).<\/li>\n<li>Iluminaci\u00f3n m\u00ednima: 0.003\u00a0Lux@\u00a0(F1.2, AGC ON), 0 Lux IR ON.<\/li>\n<li>D\u00eda \/ Noche Real con filtro ICR.<\/li>\n<li>IR EXIR para iluminar hasta 60m en total oscuridad con Tecnolog\u00eda Smart IR.<\/li>\n<li>Salida de video: Conector BNC.<\/li>\n<li>Programaci\u00f3n OSD a trav\u00e9s de cable Coaxial \/ UTP, SIN cables adicionales de datos.<\/li>\n<li>Funciones: WDR 120dB, 3D DNR, Mirror, SMART IR, ATW, BLC.<\/li>\n<\/ul>\n<p><strong>Accesorios:<\/strong><\/p>\n<ul>\n<li><strong>Montaje de pared, modelo:\u00a0<\/strong><a href=\"https:\/\/www.syscom.mx\/producto\/DS-1273ZJ-140-HIKVISION-169203.html\">DS-1273ZJ-140\u00a0<\/a><\/li>\n<li><strong>Montaje de pared, modelo:\u00a0<\/strong><a href=\"https:\/\/ftp3.syscom.mx\/usuarios\/ftp\/2019\/10\/16\/ef77c\/Datasheet%20DS-2CE56D8T-%20(A)%20VPIT3ZF%2020190603.pdf\">DS-1273ZJ-140B<\/a><\/li>\n<li><strong>Montaje de poste vertical, modelo:<a href=\"https:\/\/www.syscom.mx\/producto\/DS-1275ZJ-SUS-HIKVISION-156172.html\">\u00a0<\/a><\/strong><a href=\"https:\/\/www.syscom.mx\/producto\/DS-1275ZJ-SUS-HIKVISION-156172.html\">DS-1275ZJ-SUS\u00a0<\/a><\/li>\n<li><strong>Montaje de esquina, modelo:\u00a0<\/strong><a href=\"https:\/\/www.syscom.mx\/producto\/DS-1276ZJ-SUS-HIKVISION-156173.html\">DS-1276ZJ-SUS<\/a><\/li>\n<li><strong>Montaje en el techo, modelo:\u00a0<\/strong><a href=\"https:\/\/ftp3.syscom.mx\/usuarios\/ftp\/2019\/10\/16\/ef77c\/Datasheet%20DS-2CE56D8T-%20(A)%20VPIT3ZF%2020190603.pdf\">DS-1241ZJ\u00a0<\/a><\/li>\n<li><strong>Soporte de techo inclinado, modelo:\u00a0<\/strong><a href=\"https:\/\/ftp3.syscom.mx\/usuarios\/ftp\/2019\/10\/16\/ef77c\/Datasheet%20DS-2CE56D8T-%20(A)%20VPIT3ZF%2020190603.pdf\">DS-1240ZJ<\/a><\/li>\n<li><strong>sombra de lluvia, modelo:\u00a0<\/strong><a href=\"https:\/\/ftp3.syscom.mx\/usuarios\/ftp\/2019\/10\/16\/ef77c\/Datasheet%20DS-2CE56D8T-%20(A)%20VPIT3ZF%2020190603.pdf\">DS-1253ZJ-L<\/a><\/li>\n<\/ul>\n<\/div>\n<\/div>\n<div class=\"col-sm-6\">\n<div><strong>Caracter\u00edsticas F\u00edsicas y El\u00e9ctricas:<\/strong><\/p>\n<ul>\n<li>Aplicaciones: Interior\/Exterior IP67.<\/li>\n<li>Protecci\u00f3n: IK10.<\/li>\n<li>Temperatura de Operaci\u00f3n: -40~60\u00baC.<\/li>\n<li>Alimentaci\u00f3n: 12Vcc.<\/li>\n<li>Consumo el\u00e9ctrico: 5.8 W (IR encendido).<\/li>\n<li>Dimensiones: 145.2 m x 124.1mm.<\/li>\n<li>Material: Metal.<\/li>\n<li>Peso: 610 gr.<\/li>\n<li>Garant\u00eda: 2 A\u00f1os.<\/li>\n<\/ul>\n<\/div>\n<\/div>\n<\/div>\n<div class=\"row\">\n<div class=\"col-sm-12\">\n<div><\/div>\n<\/div>\n<\/div>\n<p>&nbsp;<\/p>\n<h1><strong>Recursos<\/strong><\/h1>\n<p>&nbsp;<\/p>\n<div class=\"row default_margin_bottom\">\n<div class=\"col-sm-4\"><a href=\"https:\/\/www.hikvision.com\/es-la\/support\/download\/software\/ivms4200-series\/?q=serie%20ivms4200&amp;position=1\" target=\"_blank\" rel=\"noopener\"><img decoding=\"async\" class=\"img-responsive\" src=\"https:\/\/ftp3.syscom.mx\/usuarios\/gmagos\/HIK\/IP\/IPC\/Imagenes%20pagina\/Descargas%20IVMS4200.jpg\" \/><\/a><\/div>\n<div class=\"col-sm-4\"><a href=\"https:\/\/appstore.hikvision.com\/\" target=\"_blank\" rel=\"noopener\"><img decoding=\"async\" class=\"img-responsive\" src=\"https:\/\/ftp3.syscom.mx\/usuarios\/gmagos\/HIK\/IP\/IPC\/Imagenes%20pagina\/Descargas%20de%20app.jpg\" \/><\/a><\/div>\n<div class=\"col-sm-4\"><a href=\"https:\/\/ftp3.syscom.mx\/usuarios\/ftp\/2019\/10\/16\/ef77c\/Datasheet%20DS-2CE56D8T-%20(A)%20VPIT3ZF%2020190603.pdf\" target=\"_blank\" rel=\"noopener\"><img decoding=\"async\" class=\"img-responsive\" src=\"https:\/\/ftp3.syscom.mx\/usuarios\/gmagos\/HIK\/IP\/IPC\/Imagenes%20pagina\/Descarga%20de%20PDF.jpg\" \/><\/a><\/div>\n<\/div>\n<p>&nbsp;<\/p>\n<p>&nbsp;<\/p>\n<p><img decoding=\"async\" class=\"fr-fic fr-dii\" src=\"http:\/\/ftp3.syscom.mx\/usuarios\/jdelafuente\/HIKVISION\/hikvision-solution%20banner.jpg\" \/><\/p>\n<p>&nbsp;<\/p>\n<\/div>\n<\/div>\n<\/div>\n<\/div>\n<\/div>\n<\/div>\n<p><img decoding=\"async\" class=\"aligncenter\" src=\"https:\/\/tracker.metricool.com\/c3po.jpg?hash=95c94f37730bb8f54dd4308f1f878f9\" \/><\/p>\n","protected":false},"excerpt":{"rendered":"<p>Informaci\u00f3n de Producto Domo TURBOHD 2 Megapixel (1080p) \/ Ultra Baja Iluminaci\u00f3n \/ WDR 130 dB \/ Lente Mot. 2.7 &#8211; 13.5 mm \/ IP67 \/ IK10 \/ 60 mts IR EXIR \/ Metal Modelo:\u00a0DS-2CE56D8T-VPIT3ZF Marca:\u00a0HIKVISION Especificaciones: &nbsp; Caracter\u00edsticas principales: Resoluci\u00f3n M\u00e1xima: 2 Megapixel (1920&hellip;<\/p>\n","protected":false},"featured_media":1668,"comment_status":"open","ping_status":"closed","template":"","meta":{"om_disable_all_campaigns":false,"_monsterinsights_skip_tracking":false,"_monsterinsights_sitenote_active":false,"_monsterinsights_sitenote_note":"","_monsterinsights_sitenote_category":0},"product_brand":[],"product_cat":[45],"product_tag":[42,38,46,37],"class_list":{"0":"post-829","1":"product","2":"type-product","3":"status-publish","4":"has-post-thumbnail","6":"product_cat-domo","7":"product_tag-camaras","8":"product_tag-camaras-de-seguridad","9":"product_tag-camaras-domo","10":"product_tag-hikvision","12":"first","13":"instock","14":"taxable","15":"shipping-taxable","16":"product-type-simple"},"aioseo_notices":[],"_links":{"self":[{"href":"https:\/\/tecsecmty.com\/index.php\/wp-json\/wp\/v2\/product\/829","targetHints":{"allow":["GET"]}}],"collection":[{"href":"https:\/\/tecsecmty.com\/index.php\/wp-json\/wp\/v2\/product"}],"about":[{"href":"https:\/\/tecsecmty.com\/index.php\/wp-json\/wp\/v2\/types\/product"}],"replies":[{"embeddable":true,"href":"https:\/\/tecsecmty.com\/index.php\/wp-json\/wp\/v2\/comments?post=829"}],"version-history":[{"count":2,"href":"https:\/\/tecsecmty.com\/index.php\/wp-json\/wp\/v2\/product\/829\/revisions"}],"predecessor-version":[{"id":1669,"href":"https:\/\/tecsecmty.com\/index.php\/wp-json\/wp\/v2\/product\/829\/revisions\/1669"}],"wp:featuredmedia":[{"embeddable":true,"href":"https:\/\/tecsecmty.com\/index.php\/wp-json\/wp\/v2\/media\/1668"}],"wp:attachment":[{"href":"https:\/\/tecsecmty.com\/index.php\/wp-json\/wp\/v2\/media?parent=829"}],"wp:term":[{"taxonomy":"product_brand","embeddable":true,"href":"https:\/\/tecsecmty.com\/index.php\/wp-json\/wp\/v2\/product_brand?post=829"},{"taxonomy":"product_cat","embeddable":true,"href":"https:\/\/tecsecmty.com\/index.php\/wp-json\/wp\/v2\/product_cat?post=829"},{"taxonomy":"product_tag","embeddable":true,"href":"https:\/\/tecsecmty.com\/index.php\/wp-json\/wp\/v2\/product_tag?post=829"}],"curies":[{"name":"wp","href":"https:\/\/api.w.org\/{rel}","templated":true}]}}