{"id":8290,"date":"2023-02-23T22:20:45","date_gmt":"2023-02-24T04:20:45","guid":{"rendered":"https:\/\/tecsecmty.com\/index.php\/producto\/zkteco-sbtl320-barrera-peatonal-central-abatible-acero-sus304-aletas-de-acrilico-110v-exterior-protegido-30-personas-x-min-2-millones-de-ciclos-carril-75-cm-infrarrojos-sistema-de\/"},"modified":"2023-03-22T23:25:31","modified_gmt":"2023-03-23T05:25:31","slug":"zkteco-sbtl320-barrera-peatonal-central-abatible-acero-sus304-aletas-de-acrilico-110v-exterior-protegido-30-personas-x-min-2-millones-de-ciclos-carril-75-cm-infrarrojos-sistema-de","status":"publish","type":"product","link":"https:\/\/tecsecmty.com\/index.php\/producto\/zkteco-sbtl320-barrera-peatonal-central-abatible-acero-sus304-aletas-de-acrilico-110v-exterior-protegido-30-personas-x-min-2-millones-de-ciclos-carril-75-cm-infrarrojos-sistema-de\/","title":{"rendered":"ZKTECO SBTL320 &#8211; Barrera Peatonal Central Abatible \/ Acero SUS304 \/ Aletas de Acr\u00edlico \/ 110V \/ Exterior Protegido \/ 30 Personas x Min. \/ 2 millones de Ciclos \/ Carril 75 cm \/ Infrarrojos \/ Sistema de Seguridad \/ No cuenta con Lectores y Panel"},"content":{"rendered":"<div class=\"row aling-items-center padding-bottom-2x\">\n<div class=\"col-lg-12\">\n<h5 class=\"card-title text-center\">Informaci\u00f3n General<\/h5>\n<h3><strong>Descripci\u00f3n<\/strong><\/h3>\n<p>El SBTL320 es un torniquete de barrera abatible para series de carriles adicionales dise\u00f1ado para un funcionamiento suave y silencioso y consume muy poca energ\u00eda. Est\u00e1 hecho de acero inoxidable, lo que hace que SBTL320 sea muy duradero. Las barreras SBTL320 normalmente se mantienen en una posici\u00f3n bloqueada, lo que impide el acceso al lado asegurado. Cuando el lector SBTL320 (RFID y \/ o huella dactilar) reconoce positivamente la tarjeta de acceso o huella dactilar v\u00e1lida de un usuario, sus barreras se abren autom\u00e1ticamente, permitiendo as\u00ed a los usuarios pasar al lado seguro.<\/p>\n<p>Durante un corte de energ\u00eda, el usuario puede atravesar la barrera f\u00e1cilmente para salir a un lugar seguro. SBTL320 proporciona seguridad y espacio conveniente, todo en un dise\u00f1o compacto muy duradero y elegante.<\/p>\n<p><img decoding=\"async\" class=\"overview-center-img-web\" src=\"https:\/\/tvc.mx\/media\/157078\/SBTL-320-TORNIQUETE-DE-BARRERA-ABATIBLE-CARRIL-ADICIONAL-DESCRIPCI%C3%93N.png\" alt=\"\" \/><\/div>\n<\/div>\n<div class=\"row align-items-center padding-bottom-2x\">\n<div class=\"col-md-5 order-md-2\"><img decoding=\"async\" class=\"d-block m-auto img-thumbnail\" src=\"https:\/\/tvc.mx\/media\/157082\/SBTL-320-TORNIQUETE-DE-BARRERA-ABATIBLE-CARRIL-ADICIONAL-CARACTER%C3%8DSTICAS.png\" alt=\" \" \/><\/div>\n<div class=\"col-md-7 order-md-1 text-md-left text-center\">\n<h2 style=\"text-align: left\">Caracter\u00edsticas<\/h2>\n<p class=\"text-muted\" style=\"text-align: left\">\n<p style=\"text-align: left\"><strong>Fiabilidad<\/strong><\/p>\n<p style=\"text-align: left\">\u2022 La carcasa de acero inoxidable SUS304 garantiza una durabilidad duradera.<\/p>\n<p style=\"text-align: left\">\u2022 Componentes el\u00e9ctricos de alta calidad.<\/p>\n<p style=\"text-align: left\"><strong>Caracter\u00edsticas de seguridad<\/strong><\/p>\n<p style=\"text-align: left\">\u2022 Las barreras se desbloquean autom\u00e1ticamente durante un corte de energ\u00eda.<\/p>\n<p style=\"text-align: left\">\u2022 Todo acabado liso. Sin tornillos expuestos.<\/p>\n<p style=\"text-align: left\">\u2022 El dise\u00f1o ergon\u00f3mico hace que la autenticaci\u00f3n de tarjetas y huellas digitales sea r\u00e1pida y sencilla para los usuarios.<\/p>\n<p style=\"text-align: left\"><strong>Simplificaci\u00f3n<\/strong><\/p>\n<p style=\"text-align: left\">\u2022 Simplifica la estructura y la conexi\u00f3n, f\u00e1cil de mantener.<\/p>\n<p style=\"text-align: left\">\u2022 La pantalla LCD muestra el estado de funcionamiento actual, f\u00e1cil operaci\u00f3n.<\/p>\n<p style=\"text-align: left\">\u2022 La serie SBTL320 se prueban en f\u00e1brica antes de su env\u00edo.<\/p>\n<p style=\"text-align: left\">\u2022 ZKTeco proporciona verdaderos torniquetes plug &amp; play con el costo total de propiedad m\u00e1s bajo posible en la industria<\/p>\n<p style=\"text-align: left\">\n<\/div>\n<\/div>\n<hr class=\"padding-bottom-2x\" \/>\n<div class=\"row align-items-center padding-bottom-2x\">\n<div class=\"col-md-5\"><img decoding=\"async\" class=\"d-block m-auto img-thumbnail\" src=\"https:\/\/tvc.mx\/media\/157090\/ZKTECO-SBTL320-TORNIQUETE-DE-BARRERA-ABATIBLE--ESPECIFICACIONES.png\" alt=\" \" \/><\/div>\n<div class=\"col-md-7 text-md-left text-center\">\n<h2 style=\"text-align: left\">Especificaciones<\/h2>\n<p class=\"text-muted\" style=\"text-align: left\">\n<p style=\"text-align: left\"><strong>Requisitos de Energ\u00eda<\/strong>\u00a0&#8212;&#8212;&#8212;&#8212;&#8212;&#8212;&#8212;&#8212;&#8212;&#8212;&#8212;&#8212;&#8212;&#8212;&#8212;&#8212;&#8212;&#8212;&#8212;&#8212;&#8212; AC110V \/ 220V, 50 \/ 60HZ<\/p>\n<p style=\"text-align: left\"><strong>Temperatura de Trabajo<\/strong>\u00a0&#8212;&#8212;&#8212;&#8212;&#8212;&#8212;&#8212;&#8212;&#8212;&#8212;&#8212;&#8212;&#8212;&#8212;&#8212;&#8212;&#8212;&#8212;&#8212;&#8212;- -20 \u00b0 C ~ 70 \u00b0 C<\/p>\n<p style=\"text-align: left\"><strong>Humedad de Trabajo<\/strong>\u00a0&#8212;&#8212;&#8212;&#8212;&#8212;&#8212;&#8212;&#8212;&#8212;&#8212;&#8212;&#8212;&#8212;&#8212;&#8212;&#8212;&#8212;&#8212;&#8212;&#8212;&#8212;&#8212; 5% ~ 95%<\/p>\n<p style=\"text-align: left\"><strong>Sensor de Infrarrojos<\/strong>\u00a0&#8212;&#8212;&#8212;&#8212;&#8212;&#8212;&#8212;&#8212;&#8212;&#8212;&#8212;&#8212;&#8212;&#8212;&#8212;&#8212;&#8212;&#8212;&#8212;&#8212;&#8212;&#8211; 4 pares<\/p>\n<p style=\"text-align: left\"><strong>Entorno de Trabajo\u00a0<\/strong>&#8212;&#8212;&#8212;&#8212;&#8212;&#8212;&#8212;&#8212;&#8212;&#8212;&#8212;&#8212;&#8212;&#8212;&#8212;&#8212;&#8212;&#8212;&#8212;&#8212;&#8212;&#8212;- Interior \/ exterior (si es protegido)<\/p>\n<p style=\"text-align: left\"><strong>Max. Velocidad de Rendimiento<\/strong>\u00a0&#8212;&#8212;&#8212;&#8212;&#8212;&#8212;&#8212;&#8212;&#8212;&#8212;&#8212;&#8212;&#8212;&#8212;&#8212;&#8212;- 30 personas por minuto<\/p>\n<p style=\"text-align: left\"><strong>Ancho de Carril (mm)<\/strong>\u00a0&#8212;&#8212;&#8212;&#8212;&#8212;&#8212;&#8212;&#8212;&#8212;&#8212;&#8212;&#8212;&#8212;&#8212;&#8212;&#8212;&#8212;&#8212;&#8212;&#8212;&#8212;- 750<\/p>\n<p style=\"text-align: left\"><strong>Dimensiones (L * W * H<\/strong>) &#8212;&#8212;&#8212;&#8212;&#8212;&#8212;&#8212;&#8212;&#8212;&#8212;&#8212;&#8212;&#8212;&#8212;&#8212;&#8212;&#8212;&#8212;&#8212;&#8212; 1200 * 200 * 980 (mm)<\/p>\n<p style=\"text-align: left\"><strong>LED Indicador<\/strong>\u00a0&#8212;&#8212;&#8212;&#8212;&#8212;&#8212;&#8212;&#8212;&#8212;&#8212;&#8212;&#8212;&#8212;&#8212;&#8212;&#8212;&#8212;&#8212;&#8212;&#8212;&#8212;&#8212;&#8212;&#8212;&#8211; De Apoyo<\/p>\n<p style=\"text-align: left\"><strong>Material del Gabinete<\/strong>\u00a0&#8212;&#8212;&#8212;&#8212;&#8212;&#8212;&#8212;&#8212;&#8212;&#8212;&#8212;&#8212;&#8212;&#8212;&#8212;&#8212;&#8212;&#8212;&#8212;&#8212;&#8212;- Acero inoxidable SUS304<\/p>\n<p style=\"text-align: left\"><strong>Material de la Tapa\u00a0<\/strong>&#8212;&#8212;&#8212;&#8212;&#8212;&#8212;&#8212;&#8212;&#8212;&#8212;&#8212;&#8212;&#8212;&#8212;&#8212;&#8212;&#8212;&#8212;&#8212;&#8212;&#8212;&#8212;- SUS304 Acero inoxidable + Acr\u00edlico<\/p>\n<p style=\"text-align: left\"><strong>Material de Barrera<\/strong>\u00a0&#8212;&#8212;&#8212;&#8212;&#8212;&#8212;&#8212;&#8212;&#8212;&#8212;&#8212;&#8212;&#8212;&#8212;&#8212;&#8212;&#8212;&#8212;&#8212;&#8212;&#8212;&#8212;- Acr\u00edlico<\/p>\n<p style=\"text-align: left\"><strong>Movimiento de Barrera<\/strong>\u00a0&#8212;&#8212;&#8212;&#8212;&#8212;&#8212;&#8212;&#8212;&#8212;&#8212;&#8212;&#8212;&#8212;&#8212;&#8212;&#8212;&#8212;&#8212;&#8212;&#8212;&#8211; Abatible<\/p>\n<p style=\"text-align: left\"><strong>Modo de Emergencia<\/strong>\u00a0&#8212;&#8212;&#8212;&#8212;&#8212;&#8212;&#8212;&#8212;&#8212;&#8212;&#8212;&#8212;&#8212;&#8212;&#8212;&#8212;&#8212;&#8212;&#8212;&#8212;&#8212;- De Apoyo<\/p>\n<p style=\"text-align: left\"><strong>Nivel de Seguridad<\/strong>\u00a0&#8212;&#8212;&#8212;&#8212;&#8212;&#8212;&#8212;&#8212;&#8212;&#8212;&#8212;&#8212;&#8212;&#8212;&#8212;&#8212;&#8212;&#8212;&#8212;&#8212;&#8212;&#8212;- Medio<\/p>\n<p style=\"text-align: left\"><strong>MCBF<\/strong>\u00a0&#8212;&#8212;&#8212;&#8212;&#8212;&#8212;&#8212;&#8212;&#8212;&#8212;&#8212;&#8212;&#8212;&#8212;&#8212;&#8212;&#8212;&#8212;&#8212;&#8212;&#8212;&#8212;&#8212;&#8212;&#8212;&#8212;&#8212;&#8212;- 2 millones<\/p>\n<p style=\"text-align: left\"><strong>Tiempo de Apertura<\/strong>\u00a0&#8212;&#8212;&#8212;&#8212;&#8212;&#8212;&#8212;&#8212;&#8212;&#8212;&#8212;&#8212;&#8212;&#8212;&#8212;&#8212;&#8212;&#8212;&#8212;&#8212;&#8212;&#8211; 0.8s<\/p>\n<p style=\"text-align: left\"><strong>Ruido de Apertura<\/strong>\u00a0&#8212;&#8212;&#8212;&#8212;&#8212;&#8212;&#8212;&#8212;&#8212;&#8212;&#8212;&#8212;&#8212;&#8212;&#8212;&#8212;&#8212;&#8212;&#8212;&#8212;&#8212;&#8212;- \u226430dB<\/p>\n<\/div>\n<\/div>\n","protected":false},"excerpt":{"rendered":"<p>Informaci\u00f3n General Descripci\u00f3n El SBTL320 es un torniquete de barrera abatible para series de carriles adicionales dise\u00f1ado para un funcionamiento suave y silencioso y consume muy poca energ\u00eda. Est\u00e1 hecho de acero inoxidable, lo que hace que SBTL320 sea muy duradero. Las barreras SBTL320 normalmente&hellip;<\/p>\n","protected":false},"featured_media":8289,"comment_status":"open","ping_status":"closed","template":"","meta":{"om_disable_all_campaigns":false,"_monsterinsights_skip_tracking":false,"_monsterinsights_sitenote_active":false,"_monsterinsights_sitenote_note":"","_monsterinsights_sitenote_category":0},"product_brand":[],"product_cat":[770],"product_tag":[81,727,730,66,731,728,729],"class_list":{"0":"post-8290","1":"product","2":"type-product","3":"status-publish","4":"has-post-thumbnail","6":"product_cat-swing-barriers-control-acceso-peatonal-zkteco-acceso-asistencia","7":"product_tag-acceso-y-asistencia","8":"product_tag-cerraduras","9":"product_tag-commax-wulian","10":"product_tag-dahua","11":"product_tag-wejoin","12":"product_tag-yli","13":"product_tag-zkteco","15":"first","16":"instock","17":"sale","18":"taxable","19":"shipping-taxable","20":"purchasable","21":"product-type-simple"},"aioseo_notices":[],"_links":{"self":[{"href":"https:\/\/tecsecmty.com\/index.php\/wp-json\/wp\/v2\/product\/8290","targetHints":{"allow":["GET"]}}],"collection":[{"href":"https:\/\/tecsecmty.com\/index.php\/wp-json\/wp\/v2\/product"}],"about":[{"href":"https:\/\/tecsecmty.com\/index.php\/wp-json\/wp\/v2\/types\/product"}],"replies":[{"embeddable":true,"href":"https:\/\/tecsecmty.com\/index.php\/wp-json\/wp\/v2\/comments?post=8290"}],"version-history":[{"count":0,"href":"https:\/\/tecsecmty.com\/index.php\/wp-json\/wp\/v2\/product\/8290\/revisions"}],"wp:featuredmedia":[{"embeddable":true,"href":"https:\/\/tecsecmty.com\/index.php\/wp-json\/wp\/v2\/media\/8289"}],"wp:attachment":[{"href":"https:\/\/tecsecmty.com\/index.php\/wp-json\/wp\/v2\/media?parent=8290"}],"wp:term":[{"taxonomy":"product_brand","embeddable":true,"href":"https:\/\/tecsecmty.com\/index.php\/wp-json\/wp\/v2\/product_brand?post=8290"},{"taxonomy":"product_cat","embeddable":true,"href":"https:\/\/tecsecmty.com\/index.php\/wp-json\/wp\/v2\/product_cat?post=8290"},{"taxonomy":"product_tag","embeddable":true,"href":"https:\/\/tecsecmty.com\/index.php\/wp-json\/wp\/v2\/product_tag?post=8290"}],"curies":[{"name":"wp","href":"https:\/\/api.w.org\/{rel}","templated":true}]}}