{"id":8292,"date":"2023-02-23T22:20:49","date_gmt":"2023-02-24T04:20:49","guid":{"rendered":"https:\/\/tecsecmty.com\/index.php\/producto\/zkteco-sbtl5000-barrera-abatible-un-carril-bidireccional-acero-sus304-aletas-de-cristal-templado-25-a-30-personas-x-min-110v-carril-65-cm-2-millones-de-ciclos-interior-no-cuenta-con\/"},"modified":"2023-03-22T23:25:31","modified_gmt":"2023-03-23T05:25:31","slug":"zkteco-sbtl5000-barrera-abatible-un-carril-bidireccional-acero-sus304-aletas-de-cristal-templado-25-a-30-personas-x-min-110v-carril-65-cm-2-millones-de-ciclos-interior-no-cuenta-con","status":"publish","type":"product","link":"https:\/\/tecsecmty.com\/index.php\/producto\/zkteco-sbtl5000-barrera-abatible-un-carril-bidireccional-acero-sus304-aletas-de-cristal-templado-25-a-30-personas-x-min-110v-carril-65-cm-2-millones-de-ciclos-interior-no-cuenta-con\/","title":{"rendered":"ZKTECO SBTL5000 &#8211; Barrera Abatible un Carril Bidireccional \/ Acero SUS304 \/ Aletas de Cristal Templado \/ 25 a 30 Personas x Min. \/ 110V \/ Carril 65 cm \/ 2 millones de Ciclos \/ Interior \/ No cuenta con Lectores y Panel"},"content":{"rendered":"<div class=\"row aling-items-center padding-bottom-2x\">\n<div class=\"col-lg-12\">\n<h5 class=\"card-title text-center\">Informaci\u00f3n General<\/h5>\n<p class=\"ql-align-justify\">SBTL5000 es una barrera abatible de s\u00f3lo un carril de acceso con un atractivo dise\u00f1o el cual cuenta con un sistema de control de ingresos dise\u00f1ado para un alto \ufb02ujo de personas. La barrera SBTL5000 en conjunto con la SBTL5200 nos ofrece una solici\u00f3n para varios carriles.<\/p>\n<p class=\"ql-align-justify\">El SBTL5000 es una barrera abatible para un carril dise\u00f1ado para una operaci\u00f3n silenciosa y discreta de bajo consumo el\u00e9ctrico. Est\u00e1 fabricada en acero inoxidable lo que la hace altamente durable.<\/p>\n<p class=\"ql-align-justify\">Las barreras del SBTL5000 se mantienen normalmente en una posici\u00f3n cerrada, evitando el ingreso de personas no autorizadas. Los lectores de la barrera (RFID y biom\u00e9trico) permiten la veri\ufb01caci\u00f3n de las tarjetas y\/o huellas digitales para v\u00e1lidar a los usuarios, lo que condiciona a las barreras para que se abran autom\u00e1ticamente, permitiendo el libre paso de las personas.<\/p>\n<p class=\"ql-align-justify\">La serie SBTL5000 proporciona seguridad y espacio conveniente, todo en un compacto, elegante y durable dise\u00f1o.<\/p>\n<h5><strong>Personaliza la Soluci\u00f3n de Control de Acceso Peatonal con Equipos de Verificaci\u00f3n Facial, Palma, C\u00f3digo QR y\/o Tarjetas de Proximidad, Soluciones Sin Contacto.<\/strong><\/h5>\n<p><img decoding=\"async\" class=\"overview-center-img-web\" src=\"https:\/\/tvc.mx\/media\/121702\/ZKTECO-SBTL5000-Barrera-Abatible-Descripci%C3%B3n.png\" alt=\"\" \/><\/div>\n<\/div>\n<div class=\"row aling-items-center padding-bottom-2x\">\n<div class=\"col-lg-12\">\n<h5 class=\"card-title text-center\">Caracter\u00edsticas<\/h5>\n<h2><strong>Confabilidad<\/strong><\/h2>\n<ul>\n<li>Fabricada con acero inoxidable SUS304 para una mayor duraci\u00f3n.<\/li>\n<li>Componentes el\u00e9ctricos de alta calidad.<\/li>\n<li>Todo el acabado liso. No hay tornillos expuestos.<\/li>\n<li>El dise\u00f1o ergon\u00f3mico hace que la autentificaci\u00f3n de tarjetas y huellas digitales sea r\u00e1pida y sencilla para los usuarios.<\/li>\n<li>La serie SBTL5000 han pasado la prueba de f\u00e1brica antes del env\u00edo.<\/li>\n<li>ZKTeco proporciona dispositivos listos para instalarse con el precio m\u00e1s bajo en toda la industria.<\/li>\n<\/ul>\n<h2><strong>Simplificaci\u00f3n<\/strong><\/h2>\n<ul>\n<li>Estructura y conexi\u00f3n simple, f\u00e1cil de mantener.<\/li>\n<li>Tablero de control con pantalla LCD, f\u00e1cil de operar y configurar.<\/li>\n<\/ul>\n<p><img decoding=\"async\" class=\"overview-center-img-web\" src=\"https:\/\/tvc.mx\/media\/121706\/ZKTECO-SBTL5000-Barrera-Abatible-Caracter%C3%ADticas.png\" alt=\"\" \/><\/div>\n<\/div>\n<div class=\"row aling-items-center padding-bottom-2x\">\n<div class=\"col-lg-12\">\n<h5 class=\"card-title text-center\">Especificaciones<\/h5>\n<p><strong>Modelo<\/strong><\/p>\n<p>SBTL5000<\/p>\n<p><strong>Fuente de Alimentaci\u00f3n<\/strong><\/p>\n<p>AC 100 ~ 120V\/ 200 ~ 240V, 50\/60Hz<\/p>\n<p><strong>Temperatura de Operaci\u00f3n<\/strong><\/p>\n<p>-28 \u00b0C hasta<\/p>\n<p><strong>Humedad de Operaci\u00f3n<\/strong><\/p>\n<p>20%-95% (sin condensaci\u00f3n)<\/p>\n<p><strong>Ambiente de Operaci\u00f3n<\/strong><\/p>\n<p>Interior<\/p>\n<p><strong>Velocidad de Verificaci\u00f3n<\/strong><\/p>\n<p>RFID M\u00e1ximo 30 \/ minuto<\/p>\n<p>Huella Digital 25 \/ minuto<\/p>\n<p>Ancho del Carril 650 mm<\/p>\n<p><strong>Espacio Necesario de Instalaci\u00f3n<\/strong><\/p>\n<p>1400 x 1010 mm<\/p>\n<p><strong>Dimensiones<\/strong><\/p>\n<p>1400 x180 x 1000 mm<\/p>\n<p><strong>Dimensiones con Empaque<\/strong><\/p>\n<p>1500 x 260 x 1100 mm<\/p>\n<p><strong>Peso Neto<\/strong><\/p>\n<p>120 Kg<\/p>\n<p><strong>Peso con Empaque<\/strong><\/p>\n<p>150 Kg<\/p>\n<p><strong>Material del Gabinete<\/strong><\/p>\n<p>Acero inoxidable SUS304<\/p>\n<p><strong>Material de la Cubierta<\/strong><\/p>\n<p>Vidrio Templado<\/p>\n<p><strong>Material de la Barrera<\/strong><\/p>\n<p>Vidrio Templado<\/p>\n<p><strong>Movimiento de la Barrera<\/strong><\/p>\n<p>Abatible<\/p>\n<p><strong>Modo de Emergencia<\/strong><\/p>\n<p>S\u00ed<\/p>\n<p><strong>Nivel de Seguridad<\/strong><\/p>\n<p>Medio<\/p>\n<p><strong>N\u00famero de Ciclos antes de Falla<\/strong><\/p>\n<p>2 Millones<\/p>\n<p><img decoding=\"async\" class=\"overview-center-img-web\" src=\"https:\/\/tvc.mx\/media\/121714\/ZKTECO-SBTL5000-Barrera-Abatible-Dimensiones.png\" alt=\"\" \/><\/div>\n<\/div>\n","protected":false},"excerpt":{"rendered":"<p>Informaci\u00f3n General SBTL5000 es una barrera abatible de s\u00f3lo un carril de acceso con un atractivo dise\u00f1o el cual cuenta con un sistema de control de ingresos dise\u00f1ado para un alto \ufb02ujo de personas. La barrera SBTL5000 en conjunto con la SBTL5200 nos ofrece una&hellip;<\/p>\n","protected":false},"featured_media":8291,"comment_status":"open","ping_status":"closed","template":"","meta":{"om_disable_all_campaigns":false,"_monsterinsights_skip_tracking":false,"_monsterinsights_sitenote_active":false,"_monsterinsights_sitenote_note":"","_monsterinsights_sitenote_category":0},"product_brand":[],"product_cat":[770],"product_tag":[81,727,730,66,731,728,729],"class_list":{"0":"post-8292","1":"product","2":"type-product","3":"status-publish","4":"has-post-thumbnail","6":"product_cat-swing-barriers-control-acceso-peatonal-zkteco-acceso-asistencia","7":"product_tag-acceso-y-asistencia","8":"product_tag-cerraduras","9":"product_tag-commax-wulian","10":"product_tag-dahua","11":"product_tag-wejoin","12":"product_tag-yli","13":"product_tag-zkteco","15":"first","16":"instock","17":"sale","18":"taxable","19":"shipping-taxable","20":"purchasable","21":"product-type-simple"},"aioseo_notices":[],"_links":{"self":[{"href":"https:\/\/tecsecmty.com\/index.php\/wp-json\/wp\/v2\/product\/8292","targetHints":{"allow":["GET"]}}],"collection":[{"href":"https:\/\/tecsecmty.com\/index.php\/wp-json\/wp\/v2\/product"}],"about":[{"href":"https:\/\/tecsecmty.com\/index.php\/wp-json\/wp\/v2\/types\/product"}],"replies":[{"embeddable":true,"href":"https:\/\/tecsecmty.com\/index.php\/wp-json\/wp\/v2\/comments?post=8292"}],"version-history":[{"count":0,"href":"https:\/\/tecsecmty.com\/index.php\/wp-json\/wp\/v2\/product\/8292\/revisions"}],"wp:featuredmedia":[{"embeddable":true,"href":"https:\/\/tecsecmty.com\/index.php\/wp-json\/wp\/v2\/media\/8291"}],"wp:attachment":[{"href":"https:\/\/tecsecmty.com\/index.php\/wp-json\/wp\/v2\/media?parent=8292"}],"wp:term":[{"taxonomy":"product_brand","embeddable":true,"href":"https:\/\/tecsecmty.com\/index.php\/wp-json\/wp\/v2\/product_brand?post=8292"},{"taxonomy":"product_cat","embeddable":true,"href":"https:\/\/tecsecmty.com\/index.php\/wp-json\/wp\/v2\/product_cat?post=8292"},{"taxonomy":"product_tag","embeddable":true,"href":"https:\/\/tecsecmty.com\/index.php\/wp-json\/wp\/v2\/product_tag?post=8292"}],"curies":[{"name":"wp","href":"https:\/\/api.w.org\/{rel}","templated":true}]}}