{"id":8294,"date":"2023-02-23T22:20:51","date_gmt":"2023-02-24T04:20:51","guid":{"rendered":"https:\/\/tecsecmty.com\/index.php\/producto\/zkteco-sbtl6000-barrera-peatonal-bidireccional-acero-sus304-aletas-de-vidrio-110v-exterior-protegido-carril-63-5-cm-infrarrojos-de-seguridad-indicador-led-2-millones-de-ciclos-no-c\/"},"modified":"2023-03-22T23:25:32","modified_gmt":"2023-03-23T05:25:32","slug":"zkteco-sbtl6000-barrera-peatonal-bidireccional-acero-sus304-aletas-de-vidrio-110v-exterior-protegido-carril-63-5-cm-infrarrojos-de-seguridad-indicador-led-2-millones-de-ciclos-no-c","status":"publish","type":"product","link":"https:\/\/tecsecmty.com\/index.php\/producto\/zkteco-sbtl6000-barrera-peatonal-bidireccional-acero-sus304-aletas-de-vidrio-110v-exterior-protegido-carril-63-5-cm-infrarrojos-de-seguridad-indicador-led-2-millones-de-ciclos-no-c\/","title":{"rendered":"ZKTECO SBTL6000 &#8211; Barrera Peatonal Bidireccional \/ Acero SUS304 \/ Aletas de Vidrio \/ 110V \/ Exterior Protegido \/ Carril 63.5 Cm \/ Infrarrojos de Seguridad \/ Indicador Led \/ 2 millones de Ciclos \/ No cuenta con Lectores y Panel"},"content":{"rendered":"<div class=\"row aling-items-center padding-bottom-2x\">\n<div class=\"col-lg-12\">\n<h5 class=\"card-title text-center\">Informaci\u00f3n General<\/h5>\n<h2><strong>Descripci\u00f3n<\/strong><\/h2>\n<p><strong>Barrera Abatible Tipo Swing un carril de Acceso Peatonal \/ Acero Inoxidable \/ Aletas de Acr\u00edlico \/ No incluye biometricos ni panel de control.<\/strong><\/p>\n<p class=\"ql-align-justify\">El torniquete de barrera Swing de un solo carril ZKTeco SBTL6000 es un elegante sistema de control de acceso de alto rendimiento, dise\u00f1ado para un gran volumen de tr\u00e1fico. Con el dise\u00f1o especial de modularizaci\u00f3n del panel, puede soportar m\u00faltiples modos de autenticaci\u00f3n.<\/p>\n<p class=\"ql-align-justify\">El SBTL6000 es una serie de torniquetes de barrera oscilante de un solo carril, dise\u00f1ado para un funcionamiento estable, libre de ruido y ahorro de energ\u00eda para la protecci\u00f3n del medio ambiente. La unidad es de acero inoxidable internacional que hace que el SBTL6000 sea altamente duradero.<\/p>\n<p class=\"ql-align-justify\">Las barreras SBTL6000 trabajan en un esquema \u00abnormalmente cerrado\u00bb. Una vez que el lector del SBTL6000 (Lector RFID, huella digital y reconociendo facial) reconoce la tarjeta de acceso, huella digital y rostro, las barreras se retraen autom\u00e1ticamente para permitir el paso del peaton.<\/p>\n<p>El dise\u00f1o del indicador LED personalizado, puede guiar a las personas directamente.<\/p>\n<h5><strong>Personaliza la Soluci\u00f3n de Control de Acceso Peatonal con Equipos de Verificaci\u00f3n Facial, Palma, C\u00f3digo QR y\/o Tarjetas de Proximidad, Soluciones Sin Contacto.<\/strong><\/h5>\n<p><img decoding=\"async\" class=\"overview-center-img-web\" src=\"https:\/\/tvc.mx\/media\/94245\/vanner-ZKTECO-SBTL6000.tvc\" alt=\"\" \/><\/div>\n<\/div>\n<div class=\"row align-items-center padding-bottom-2x\">\n<div class=\"col-md-5 order-md-2\"><img decoding=\"async\" class=\"d-block m-auto img-thumbnail\" src=\"https:\/\/tvc.mx\/media\/94309\/Caracter%C3%ADsticas-SBTL6000.tvc\" alt=\" \" \/><\/div>\n<div class=\"col-md-7 order-md-1 text-md-left text-center\">\n<h2>Caracter\u00edsticas<\/h2>\n<p class=\"text-muted\">\n<h3>Confiabilidad<\/h3>\n<ul>\n<li>Gabinete de acero inoxidable SUS304 para asegurar la m\u00e1xima durabilidad.<\/li>\n<li>Componentes el\u00e9ctricos de alta calidad.<\/li>\n<li>Dise\u00f1o ergon\u00f3mico, hace que la verificaci\u00f3n con tarjeta, huella o facial sea r\u00e1pida y simple para los usuarios.<\/li>\n<li>La serie SBTL6000 han pasado la prueba de f\u00e1brica antes del env\u00edo.<\/li>\n<\/ul>\n<h3>Simplificaci\u00f3n<\/h3>\n<ul>\n<li>Estructura simple y sencilla para una f\u00e1cil instalaci\u00f3n con el m\u00ednimo de mantenimiento.<\/li>\n<li>Tablero de control con pantalla LCD, f\u00e1cil de operar.<\/li>\n<li>Dise\u00f1o modular especial para el panel para soportar un cambio m\u00e1s r\u00e1pido entre lector y torniquete. La instalaci\u00f3n del lector se puede completar con un simple retiro y extracci\u00f3n.<\/li>\n<\/ul>\n<p>&nbsp;<\/p>\n<\/div>\n<\/div>\n<hr class=\"padding-bottom-2x\" \/>\n<div class=\"row aling-items-center padding-bottom-2x\">\n<div class=\"col-lg-12\">\n<h5 class=\"card-title text-center\">Especificaciones<\/h5>\n<ul>\n<li><strong>Energ\u00eda<\/strong>&#8230;&#8230;&#8230;&#8230;&#8230;&#8230;&#8230;&#8230;&#8230;&#8230;&#8230;&#8230;&#8230;&#8230;&#8230;&#8230;&#8230;&#8230;AC 110 ~ 240V, 250\/60Hz<\/li>\n<li><strong>Temperatura de operaci\u00f3n<\/strong>\u00a0&#8230;&#8230;&#8230;&#8230;&#8230;&#8230;&#8230;..-28\u00b0C~ 60\u00b0C<\/li>\n<li><strong>Humedad relativa..<\/strong>&#8230;&#8230;&#8230;&#8230;&#8230;&#8230;&#8230;&#8230;&#8230;&#8230;&#8230;&#8230;5%-80%<\/li>\n<li><strong>Especificaci\u00f3n de trabajo<\/strong>\u00a0&#8230;&#8230;&#8230;&#8230;&#8230;&#8230;&#8230;&#8230;..Interior \/ exterior (si est\u00e1 protegido<\/li>\n<li><strong>Velocidad de paso.<\/strong>&#8230;&#8230;&#8230;&#8230;&#8230;&#8230;&#8230;&#8230;&#8230;&#8230;&#8230;&#8230;30 personas por minuto<\/li>\n<li><strong>Ancho del carril (mm)<\/strong>&#8230;&#8230;&#8230;&#8230;&#8230;&#8230;&#8230;&#8230;&#8230;&#8230;..600<\/li>\n<li><strong>Huella digital (mm*mm)\u00a0<\/strong>&#8230;&#8230;&#8230;&#8230;&#8230;&#8230;&#8230;&#8230;&#8230;.1400*763<\/li>\n<li><strong>Dimensiones (mm).<\/strong>&#8230;&#8230;&#8230;&#8230;&#8230;&#8230;&#8230;&#8230;&#8230;&#8230;&#8230;&#8230;L=1400, W=180, H=1000<\/li>\n<li><strong>Dimensiones del paquete (mm)<\/strong>&#8230;&#8230;&#8230;&#8230;&#8230;&#8230;L=1484, W=394, H=1104<\/li>\n<li><strong>Peso neto (kg)\u00a0.<\/strong>&#8230;&#8230;&#8230;&#8230;&#8230;&#8230;&#8230;&#8230;&#8230;&#8230;&#8230;&#8230;&#8230;&#8230;81 kg<\/li>\n<li><strong>Peso del paquete (kg<\/strong>)&#8230;&#8230;&#8230;&#8230;&#8230;&#8230;&#8230;&#8230;&#8230;&#8230;&#8230;116 kg<\/li>\n<li><strong>Material del gabinete<\/strong>\u00a0&#8230;&#8230;&#8230;&#8230;&#8230;&#8230;&#8230;&#8230;&#8230;&#8230;&#8230;.Acero inoxidable SUS304<\/li>\n<li><strong>Material de las paredes de la barrera<\/strong>&#8230;&#8230;&#8230;.Acero inoxidable SUS304 + Acr\u00edlico<\/li>\n<li><strong>Material de la puerta\u00a0<\/strong>&#8230;&#8230;&#8230;&#8230;&#8230;&#8230;&#8230;&#8230;&#8230;&#8230;&#8230;&#8230;Vidrio templado<\/li>\n<li><strong>Tipo de apertura<\/strong>\u00a0&#8230;&#8230;&#8230;&#8230;&#8230;&#8230;&#8230;&#8230;&#8230;&#8230;&#8230;&#8230;&#8230;.. Abatible<\/li>\n<li><strong>Modo de emergencia<\/strong>&#8230;&#8230;&#8230;&#8230;&#8230;&#8230;&#8230;&#8230;&#8230;&#8230;&#8230;..Y<\/li>\n<li><strong>Nivel de seguridad.<\/strong>&#8230;&#8230;&#8230;&#8230;&#8230;&#8230;&#8230;&#8230;&#8230;&#8230;&#8230;&#8230;&#8230; Medio<\/li>\n<\/ul>\n<p><img decoding=\"async\" class=\"overview-center-img-web\" src=\"https:\/\/tvc.mx\/media\/94313\/especificaciones.jpg\" alt=\"\" \/><\/div>\n<\/div>\n","protected":false},"excerpt":{"rendered":"<p>Informaci\u00f3n General Descripci\u00f3n Barrera Abatible Tipo Swing un carril de Acceso Peatonal \/ Acero Inoxidable \/ Aletas de Acr\u00edlico \/ No incluye biometricos ni panel de control. El torniquete de barrera Swing de un solo carril ZKTeco SBTL6000 es un elegante sistema de control de&hellip;<\/p>\n","protected":false},"featured_media":8293,"comment_status":"open","ping_status":"closed","template":"","meta":{"om_disable_all_campaigns":false,"_monsterinsights_skip_tracking":false,"_monsterinsights_sitenote_active":false,"_monsterinsights_sitenote_note":"","_monsterinsights_sitenote_category":0},"product_brand":[],"product_cat":[770],"product_tag":[81,727,730,66,731,728,729],"class_list":{"0":"post-8294","1":"product","2":"type-product","3":"status-publish","4":"has-post-thumbnail","6":"product_cat-swing-barriers-control-acceso-peatonal-zkteco-acceso-asistencia","7":"product_tag-acceso-y-asistencia","8":"product_tag-cerraduras","9":"product_tag-commax-wulian","10":"product_tag-dahua","11":"product_tag-wejoin","12":"product_tag-yli","13":"product_tag-zkteco","15":"first","16":"instock","17":"sale","18":"taxable","19":"shipping-taxable","20":"purchasable","21":"product-type-simple"},"aioseo_notices":[],"_links":{"self":[{"href":"https:\/\/tecsecmty.com\/index.php\/wp-json\/wp\/v2\/product\/8294","targetHints":{"allow":["GET"]}}],"collection":[{"href":"https:\/\/tecsecmty.com\/index.php\/wp-json\/wp\/v2\/product"}],"about":[{"href":"https:\/\/tecsecmty.com\/index.php\/wp-json\/wp\/v2\/types\/product"}],"replies":[{"embeddable":true,"href":"https:\/\/tecsecmty.com\/index.php\/wp-json\/wp\/v2\/comments?post=8294"}],"version-history":[{"count":0,"href":"https:\/\/tecsecmty.com\/index.php\/wp-json\/wp\/v2\/product\/8294\/revisions"}],"wp:featuredmedia":[{"embeddable":true,"href":"https:\/\/tecsecmty.com\/index.php\/wp-json\/wp\/v2\/media\/8293"}],"wp:attachment":[{"href":"https:\/\/tecsecmty.com\/index.php\/wp-json\/wp\/v2\/media?parent=8294"}],"wp:term":[{"taxonomy":"product_brand","embeddable":true,"href":"https:\/\/tecsecmty.com\/index.php\/wp-json\/wp\/v2\/product_brand?post=8294"},{"taxonomy":"product_cat","embeddable":true,"href":"https:\/\/tecsecmty.com\/index.php\/wp-json\/wp\/v2\/product_cat?post=8294"},{"taxonomy":"product_tag","embeddable":true,"href":"https:\/\/tecsecmty.com\/index.php\/wp-json\/wp\/v2\/product_tag?post=8294"}],"curies":[{"name":"wp","href":"https:\/\/api.w.org\/{rel}","templated":true}]}}