{"id":8298,"date":"2023-02-23T22:20:56","date_gmt":"2023-02-24T04:20:56","guid":{"rendered":"https:\/\/tecsecmty.com\/index.php\/producto\/zkteco-sbtl8200-barrera-peatonal-central-bidireccional-30-personas-x-min-acero-sus304-aletas-de-acrilico-personalizables-ancho-de-carril-66-cm-infrarrojos-de-seguridad-110v-interior\/"},"modified":"2023-03-22T23:25:32","modified_gmt":"2023-03-23T05:25:32","slug":"zkteco-sbtl8200-barrera-peatonal-central-bidireccional-30-personas-x-min-acero-sus304-aletas-de-acrilico-personalizables-ancho-de-carril-66-cm-infrarrojos-de-seguridad-110v-interior","status":"publish","type":"product","link":"https:\/\/tecsecmty.com\/index.php\/producto\/zkteco-sbtl8200-barrera-peatonal-central-bidireccional-30-personas-x-min-acero-sus304-aletas-de-acrilico-personalizables-ancho-de-carril-66-cm-infrarrojos-de-seguridad-110v-interior\/","title":{"rendered":"ZKTECO SBTL8200 &#8211; Barrera Peatonal Central Bidireccional \/ 30 Personas x Min. \/ Acero SUS304 \/ Aletas de Acr\u00edlico Personalizables \/ Ancho de Carril 66 cm \/ Infrarrojos de Seguridad \/ 110V \/ Interior \/ No cuenta con Lectores y Panel"},"content":{"rendered":"<div class=\"row aling-items-center padding-bottom-2x\">\n<div class=\"col-lg-12\">\n<h5 class=\"card-title text-center\">Informaci\u00f3n General<\/h5>\n<p>Descripci\u00f3n<\/p>\n<p>SBTL8200 est\u00e1 dise\u00f1ado para trabajar con la serie SBTL8000 para formar m\u00faltiples carriles.<\/p>\n<p>La serie SBTL8200 deber\u00e1 funcionar junto con la misma serie para construir m\u00faltiples carriles. La serie SBTL est\u00e1 dise\u00f1ada para un funcionamiento suave y silencioso.<\/p>\n<p>Las barreras SBTL8200 normalmente se mantienen en una posici\u00f3n bloqueada, lo que impide el acceso al lado asegurado. Cuando el lector del SBTL8200 (RFID y\/o huella digital) reconoce positivamente la tarjeta de acceso v\u00e1lida o la huella digital de un usuario, sus barreras se retraen hacia arriba autom\u00e1ticamente, lo que permite a los usuarios pasar al lado seguro.<\/p>\n<p>Durante las emergencias, las barreras se retraen autom\u00e1ticamente hacia arriba, lo que garantiza a los usuarios una salida R\u00c4PIDA y sin obst\u00e1culos hacia la seguridad, Se puede instalar una bater\u00eda para seguridad ante cortes de energ\u00eda para retraer la barrera autom\u00e1ticamente.<\/p>\n<p><img decoding=\"async\" class=\"overview-center-img-web\" src=\"https:\/\/tvc.mx\/media\/156499\/ZKTECO-SBTL8200-BARRERA-PEATONAL-TIPO-SWING-CENTRAL-DESCRIPCI%C3%93N.png\" alt=\"\" \/><\/div>\n<\/div>\n<div class=\"row aling-items-center padding-bottom-2x\">\n<div class=\"col-lg-12\">\n<h5 class=\"card-title text-center\">Caracter\u00edsticas<\/h5>\n<p>\u2022 Panel lector modular: responda al mercado m\u00e1s r\u00e1pido<\/p>\n<p>\u2022 Servomotor Ser &#8211; apertura m\u00e1s r\u00e1pida<\/p>\n<p>\u2022 Detecci\u00f3n de puerta trasera: 10 pares de sensores infrarrojos<\/p>\n<p>\u2022 Cubiertas y panel lateral exterior de acero inoxidable SUS304<\/p>\n<p>\u2022 Ciclo de vida prolongado y bajo costo de mantenimiento<\/p>\n<p>\u2022 F\u00e1cilmente integrado: RFID, huella digital, rostro, etc.<\/p>\n<p>\u2022 Control operacional bidireccional<\/p>\n<p>\u2022 Indicador de paso LED en ambas direcciones<\/p>\n<p>\u2022 Instalaci\u00f3n y mantenimiento convenientes<\/p>\n<p>\u2022 Varios paneles opcionales<\/p>\n<p>\u2022\u2022 Modo de emergencia: permite el acceso libre cuando hay cortes de energ\u00eda o emergencias.<\/p>\n<p><img decoding=\"async\" class=\"overview-center-img-web\" src=\"https:\/\/tvc.mx\/media\/156508\/ZKTECO-SBTL8200-BARRERA-PEATONAL-TIPO-SWING-CENTRAL-CARACTER%C3%8DSTICAS.png\" alt=\"\" \/><\/div>\n<\/div>\n<div class=\"row align-items-center padding-bottom-2x\">\n<div class=\"col-md-5 order-md-2\"><img decoding=\"async\" class=\"d-block m-auto img-thumbnail\" src=\"https:\/\/tvc.mx\/media\/156511\/ZKTECO-SBTL8200-BARRERA-PEATONAL-TIPO-SWING-DISE%C3%91O.png\" alt=\" \" \/><\/div>\n<div class=\"col-md-7 order-md-1 text-md-left text-center\">\n<h2>Dise\u00f1o<\/h2>\n<p class=\"text-muted\">\n<p>El dispositivo general debe tener agujeros en la cubierta superior antes de instalar el cabezal del lector. En la mayor\u00eda de los casos, para responder r\u00e1pidamente al mercado, se requieren varios tipos de torniquetes de barrera en el almac\u00e9n. Para resolver este problema, se utiliza un dise\u00f1o de estructura modular en el dispositivo. Integramos el lector, la placa de conversi\u00f3n y la cubierta superior en un panel lector modular. Para el desmontaje e instalaci\u00f3n del cabezal del lector solo es necesario tirar del enchufe, sin taladrar agujeros en la tapa superior y comprar una nueva placa de conversi\u00f3n. Simplemente prepare un modelo de SBTL8200 y un panel lector de varios modelos en el almac\u00e9n, para que pueda satisfacer las diversas demandas del mercado.<\/p>\n<p>&nbsp;<\/p>\n<\/div>\n<\/div>\n<hr class=\"padding-bottom-2x\" \/>\n<div class=\"row align-items-center padding-bottom-2x\">\n<div class=\"col-md-5\"><img decoding=\"async\" class=\"d-block m-auto img-thumbnail\" src=\"https:\/\/tvc.mx\/media\/156538\/ZKTECO-SBTL8200-BARRERA-PEATONAL-TIPO-SWING-RENDIMIENTO.png\" alt=\" \" \/><\/div>\n<div class=\"col-md-7 text-md-left text-center\">\n<h2>Rendimiento<\/h2>\n<p class=\"text-muted\">\n<p>Para mejorar la eficiencia de la gesti\u00f3n del acceso peatonal y la experiencia del usuario, utilizamos un nuevo tipo de servomotor. Hace que las puertas r\u00e1pidas tengan una velocidad de apertura m\u00e1s r\u00e1pida y menos ruido. Los resultados de la prueba muestran que la velocidad de apertura puede ser &lt;1,2 segundos cuando se ensamblan los paneles de barrera est\u00e1ndar, si se ensamblan los paneles de barrera de altura media, la velocidad de apertura puede ser &lt;0,8 segundos. Nuestro infrarrojo ha aumentado a 10 pares, que es el 160% del dispositivo general que puede proporcionar un juicio l\u00f3gico m\u00e1s preciso.<\/p>\n<p>&nbsp;<\/p>\n<\/div>\n<\/div>\n<hr class=\"padding-bottom-2x\" \/>\n<div class=\"row align-items-center padding-bottom-2x\">\n<div class=\"col-md-5 order-md-2\"><img decoding=\"async\" class=\"d-block m-auto img-thumbnail\" src=\"https:\/\/tvc.mx\/media\/156535\/ZKTECO-SBTL8200-BARRERA-PEATONAL-TIPO-SWING-CALIDAD.png\" alt=\" \" \/><\/div>\n<div class=\"col-md-7 order-md-1 text-md-left text-center\">\n<h2>Calidad<\/h2>\n<p class=\"text-muted\">\n<p>Las cubiertas y los paneles laterales exteriores est\u00e1n hechos de acero inoxidable de calidad superior para una durabilidad excepcional. Los paneles de barrera hechos de acr\u00edlico tienen mejor resistencia al envejecimiento y resistencia al impacto. Desde la obtenci\u00f3n de la materia prima hasta la producci\u00f3n, la inspecci\u00f3n de calidad tiene un sistema de gesti\u00f3n perfecto.<\/p>\n<p>&nbsp;<\/p>\n<\/div>\n<\/div>\n<hr class=\"padding-bottom-2x\" \/>\n<div class=\"row aling-items-center padding-bottom-2x\">\n<div class=\"col-lg-12\">\n<h5 class=\"card-title text-center\">Especificaciones<\/h5>\n<p>Voltaje de operaci\u00f3n\u00a0&#8212;&#8212;&#8212;&#8212;&#8212;&#8212;&#8212;&#8212;&#8212;&#8212;&#8212;&#8212;&#8212;&#8212;&#8212;&#8212; AC 100 ~ 120V\/200 ~ 240V, 50\/60Hz<\/p>\n<p>Temperatura de operaci\u00f3n\u00a0&#8212;&#8212;&#8212;&#8212;&#8212;&#8212;&#8212;&#8212;&#8212;&#8212;&#8212;&#8212;&#8212;- -28\u00b0C~ 60\u00b0C<\/p>\n<p>Humedad relativa\u00a0&#8212;&#8212;&#8212;&#8212;&#8212;&#8212;&#8212;&#8212;&#8212;&#8212;&#8212;&#8212;&#8212;&#8212;&#8212;&#8212;&#8212; 20%-95% (Sin condensaci\u00f3n)<\/p>\n<p>Entorno de operaci\u00f3n\u00a0&#8212;&#8212;&#8212;&#8212;&#8212;&#8212;&#8212;&#8212;&#8212;&#8212;&#8212;&#8212;&#8212;&#8212;&#8212; Interior<\/p>\n<p>Velocidad de paso\u00a0&#8212;&#8212;&#8212;&#8212;&#8212;&#8212;&#8212;&#8212;&#8212;&#8212;&#8212;&#8212;&#8212;&#8212;&#8212;&#8212;&#8211; M\u00e1ximo 40\/ minutos<\/p>\n<p>Ancho de carril (mm)\u00a0&#8212;&#8212;&#8212;&#8212;&#8212;&#8212;&#8212;&#8212;&#8212;&#8212;&#8212;&#8212;&#8212;&#8212;&#8212;- 660<\/p>\n<p>\u00c1rea de instalaci\u00f3n (mm*mm)\u00a0&#8212;&#8212;&#8212;&#8212;&#8212;&#8212;&#8212;&#8212;&#8212;&#8212;&#8212;- 1600*870<\/p>\n<p>Dimensiones (mm)\u00a0&#8212;&#8212;&#8212;&#8212;&#8212;&#8212;&#8212;&#8212;&#8212;&#8212;&#8212;&#8212;&#8212;&#8212;&#8212;&#8212;- L=1600, W=120, H=1200<\/p>\n<p>Dimensiones de la caja (mm)\u00a0&#8212;&#8212;&#8212;&#8212;&#8212;&#8212;&#8212;&#8212;&#8212;&#8212;&#8212;&#8211; L=1700, W=300, H=1130<\/p>\n<p>Peso neto (Kg)\u00a0&#8212;&#8212;&#8212;&#8212;&#8212;&#8212;&#8212;&#8212;&#8212;&#8212;&#8212;&#8212;&#8212;&#8212;&#8212;&#8212;&#8212;&#8212;- 86kg<\/p>\n<p>Peso de embalaje (Kg)\u00a0&#8212;&#8212;&#8212;&#8212;&#8212;&#8212;&#8212;&#8212;&#8212;&#8212;&#8212;&#8212;&#8212;&#8212;&#8211; 100kg<\/p>\n<p>Material del gabinete\u00a0&#8212;&#8212;&#8212;&#8212;&#8212;&#8212;&#8212;&#8212;&#8212;&#8212;&#8212;&#8212;&#8212;&#8212;&#8212;- Acero inoxidable SUS304<\/p>\n<p>Material de las paredes de la barrera\u00a0&#8212;&#8212;&#8212;&#8212;&#8212;&#8212;&#8212;&#8212; Acero inoxidable SUS304 + Acr\u00edlico<\/p>\n<p>Material de la puerta\u00a0&#8212;&#8212;&#8212;&#8212;&#8212;&#8212;&#8212;&#8212;&#8212;&#8212;&#8212;&#8212;&#8212;&#8212;&#8212;&#8212;Acr\u00edlico<\/p>\n<p>Tipo de apertura\u00a0&#8212;&#8212;&#8212;&#8212;&#8212;&#8212;&#8212;&#8212;&#8212;&#8212;&#8212;&#8212;&#8212;&#8212;&#8212;&#8212;&#8212;&#8211;Swing<\/p>\n<p>Modo de emergencia\u00a0&#8212;&#8212;&#8212;&#8212;&#8212;&#8212;&#8212;&#8212;&#8212;&#8212;&#8212;&#8212;&#8212;&#8212;&#8212;&#8211; si<\/p>\n<p>Nivel de seguridad\u00a0&#8212;&#8212;&#8212;&#8212;&#8212;&#8212;&#8212;&#8212;&#8212;&#8212;&#8212;&#8212;&#8212;&#8212;&#8212;&#8212;&#8211;Medio<\/p>\n<p><img decoding=\"async\" class=\"overview-center-img-web\" src=\"https:\/\/tvc.mx\/media\/156541\/ZKTECO-SBTL8200-BARRERA-PEATONAL-TIPO-SWING-ESPECIFICACIONES.png\" alt=\"\" \/><\/div>\n<\/div>\n","protected":false},"excerpt":{"rendered":"<p>Informaci\u00f3n General Descripci\u00f3n SBTL8200 est\u00e1 dise\u00f1ado para trabajar con la serie SBTL8000 para formar m\u00faltiples carriles. La serie SBTL8200 deber\u00e1 funcionar junto con la misma serie para construir m\u00faltiples carriles. La serie SBTL est\u00e1 dise\u00f1ada para un funcionamiento suave y silencioso. Las barreras SBTL8200 normalmente&hellip;<\/p>\n","protected":false},"featured_media":8297,"comment_status":"open","ping_status":"closed","template":"","meta":{"om_disable_all_campaigns":false,"_monsterinsights_skip_tracking":false,"_monsterinsights_sitenote_active":false,"_monsterinsights_sitenote_note":"","_monsterinsights_sitenote_category":0},"product_brand":[],"product_cat":[770],"product_tag":[81,727,730,66,731,728,729],"class_list":{"0":"post-8298","1":"product","2":"type-product","3":"status-publish","4":"has-post-thumbnail","6":"product_cat-swing-barriers-control-acceso-peatonal-zkteco-acceso-asistencia","7":"product_tag-acceso-y-asistencia","8":"product_tag-cerraduras","9":"product_tag-commax-wulian","10":"product_tag-dahua","11":"product_tag-wejoin","12":"product_tag-yli","13":"product_tag-zkteco","15":"first","16":"instock","17":"sale","18":"taxable","19":"shipping-taxable","20":"purchasable","21":"product-type-simple"},"aioseo_notices":[],"_links":{"self":[{"href":"https:\/\/tecsecmty.com\/index.php\/wp-json\/wp\/v2\/product\/8298","targetHints":{"allow":["GET"]}}],"collection":[{"href":"https:\/\/tecsecmty.com\/index.php\/wp-json\/wp\/v2\/product"}],"about":[{"href":"https:\/\/tecsecmty.com\/index.php\/wp-json\/wp\/v2\/types\/product"}],"replies":[{"embeddable":true,"href":"https:\/\/tecsecmty.com\/index.php\/wp-json\/wp\/v2\/comments?post=8298"}],"version-history":[{"count":0,"href":"https:\/\/tecsecmty.com\/index.php\/wp-json\/wp\/v2\/product\/8298\/revisions"}],"wp:featuredmedia":[{"embeddable":true,"href":"https:\/\/tecsecmty.com\/index.php\/wp-json\/wp\/v2\/media\/8297"}],"wp:attachment":[{"href":"https:\/\/tecsecmty.com\/index.php\/wp-json\/wp\/v2\/media?parent=8298"}],"wp:term":[{"taxonomy":"product_brand","embeddable":true,"href":"https:\/\/tecsecmty.com\/index.php\/wp-json\/wp\/v2\/product_brand?post=8298"},{"taxonomy":"product_cat","embeddable":true,"href":"https:\/\/tecsecmty.com\/index.php\/wp-json\/wp\/v2\/product_cat?post=8298"},{"taxonomy":"product_tag","embeddable":true,"href":"https:\/\/tecsecmty.com\/index.php\/wp-json\/wp\/v2\/product_tag?post=8298"}],"curies":[{"name":"wp","href":"https:\/\/api.w.org\/{rel}","templated":true}]}}