{"id":8300,"date":"2023-02-23T22:20:57","date_gmt":"2023-02-24T04:20:57","guid":{"rendered":"https:\/\/tecsecmty.com\/index.php\/producto\/zkteco-ts2200-torniquete-tripode-doble-carril-bidireccional-semiautomatico-acero-sus304-indicadores-led-110v-exterior-protegido-25-a-48-personas-x-min-carril-50-cm-no-cuenta-con-lec\/"},"modified":"2023-03-22T23:25:34","modified_gmt":"2023-03-23T05:25:34","slug":"zkteco-ts2200-torniquete-tripode-doble-carril-bidireccional-semiautomatico-acero-sus304-indicadores-led-110v-exterior-protegido-25-a-48-personas-x-min-carril-50-cm-no-cuenta-con-lec","status":"publish","type":"product","link":"https:\/\/tecsecmty.com\/index.php\/producto\/zkteco-ts2200-torniquete-tripode-doble-carril-bidireccional-semiautomatico-acero-sus304-indicadores-led-110v-exterior-protegido-25-a-48-personas-x-min-carril-50-cm-no-cuenta-con-lec\/","title":{"rendered":"ZKTECO TS2200 &#8211; Torniquete Tr\u00edpode Doble Carril Bidireccional \/ Semiautom\u00e1tico \/ Acero SUS304 \/ Indicadores LED \/ 110V \/ Exterior Protegido \/ 25 a 48 Personas x Min. \/ Carril 50 cm \/ No cuenta con Lectores y Panel"},"content":{"rendered":"<div class=\"row aling-items-center padding-bottom-2x\">\n<div class=\"col-lg-12\">\n<h5 class=\"card-title text-center\">Informaci\u00f3n General<\/h5>\n<h1 class=\"ql-align-justify\"><strong>Descripci\u00f3n<\/strong><\/h1>\n<p class=\"ql-align-justify\">Los Torniquetes ZKTeco incorporan la m\u00e1s alta tecnolog\u00eda dentro de un dise\u00f1o compacto y elegante ofreciendo un funcionamiento estable y silencioso. Su mecanismo bidireccional de precisi\u00f3n reduce el desgaste y el consumo de energ\u00eda siendo ideal para \u00e1reas con alto flujo de personas.<\/p>\n<p class=\"ql-align-justify\"><strong>La serie TS2200, es un Torniquete de Dos Carriles BIDIRECCIONALES \/ Semiautom\u00e1tico, no incluye lectores ni panel de control de acceso<\/strong>, fabricada en acero inoxidable, opera al reducir la se\u00f1al desde el controlador de acceso a un bot\u00f3n permitiendo el acceso de una persona a la vez o puede permitir el acceso libre en alguan direcci\u00f3n ajustando el mecanismo.<\/p>\n<p class=\"ql-align-justify\">Cuenta con se\u00f1alizaci\u00f3n visual para indicar el acceso autorizado y la direcci\u00f3n del movimiento y terminales para la ca\u00edda de las brazos en caso de emergencia permitiendo el paso libre.<\/p>\n<p><img decoding=\"async\" class=\"overview-center-img-web\" src=\"https:\/\/tvc.mx\/media\/47196\/vaner-TS2200.jpg\" alt=\"\" \/><\/div>\n<\/div>\n<div class=\"row align-items-center padding-bottom-2x\">\n<div class=\"col-md-5 order-md-2\"><img decoding=\"async\" class=\"d-block m-auto img-thumbnail\" src=\"https:\/\/tvc.mx\/media\/47199\/Especificaciones.jpg\" alt=\" \" \/><\/div>\n<div class=\"col-md-7 order-md-1 text-md-left text-center\">\n<h2>Especificaciones<\/h2>\n<p class=\"text-muted\">\n<p class=\"ql-align-justify\"><strong>Fuente de alimentaci\u00f3n<\/strong>\u00a0AC 110V\/220 V, 60\/50Hz<\/p>\n<p class=\"ql-align-justify\"><strong>Temperatura de Operaci\u00f3n<\/strong>\u00a0-28\u00b0c a 60\u00b0C<\/p>\n<p class=\"ql-align-justify\"><strong>Humedad de Operaci\u00f3n<\/strong>\u00a05% a 85%<\/p>\n<p class=\"ql-align-justify\"><strong>Ambiente de Trabajo<\/strong>\u00a0Interior\/Exterior(Protegido)<\/p>\n<p class=\"ql-align-justify\"><strong>Potencia Nominal<\/strong>\u00a060W<\/p>\n<p class=\"ql-align-justify\"><strong>Flujo de Personas<\/strong>\u00a024 a 48 Acceso\/Minuto<\/p>\n<p class=\"ql-align-justify\"><strong>\u00cdndice de Protecci\u00f3n<\/strong>\u00a0IP54<\/p>\n<p class=\"ql-align-justify\"><strong>Material<\/strong>\u00a0Acero Inoxidable SUS304<\/p>\n<p class=\"ql-align-justify\"><strong>Se\u00f1alizaci\u00f3n\u00a0<\/strong>S\u00ed<\/p>\n<p class=\"ql-align-justify\"><strong>Control de Sistema Entrada<\/strong>\u00a0Controlada por Contacto Seco<\/p>\n<p class=\"ql-align-justify\"><strong>Entrada para Bot\u00f3n de Emergencia\u00a0<\/strong>Si<\/p>\n<p class=\"ql-align-justify\"><strong>Dimensiones<\/strong>\u00a011 x 98 x 32(cm) + Largo de Brazo 50cm<\/p>\n<p class=\"ql-align-justify\"><strong>Dimensiones del Paquete<\/strong>\u00a0120 x 108 x 44 cm<\/p>\n<p class=\"ql-align-justify\"><strong>Peso Neto<\/strong>\u00a065Kg<\/p>\n<p class=\"ql-align-justify\"><strong>Peso Bruto con el Paquete<\/strong>\u00a075Kg<\/p>\n<p class=\"ql-align-justify\"><strong>Funci\u00f3n Opcional<\/strong>\u00a0Material o forma alternativo. Integraci\u00f3n con control de acceso de terceros.<\/p>\n<p class=\"ql-align-justify\">Integraci\u00f3n con sistemas de tickets. Contador de accesos<\/p>\n<p>&nbsp;<\/p>\n<\/div>\n<\/div>\n<hr class=\"padding-bottom-2x\" \/>\n<div class=\"row align-items-center padding-bottom-2x\">\n<div class=\"col-md-5\"><img decoding=\"async\" class=\"d-block m-auto img-thumbnail\" src=\"https:\/\/tvc.mx\/media\/47202\/Sin-t%C3%ADtulo-3.jpg\" alt=\" \" \/><\/div>\n<div class=\"col-md-7 text-md-left text-center\">\n<h2>Funciones<\/h2>\n<p class=\"text-muted\">\n<ul>\n<li class=\"ql-align-justify\">Delimitar el acceso al personal.<\/li>\n<li class=\"ql-align-justify\">Controlar las entradas o salidas de una instalaci\u00f3n.<\/li>\n<li class=\"ql-align-justify\">Capacidad para colocar lectoras, no incluidas.<\/li>\n<\/ul>\n<ul data-checked=\"false\">\n<li class=\"ql-align-justify\"><strong>Conexiones de Apertura:<\/strong>\u00a0Para recibir la se\u00f1al del relevador y abrir el torniquete.<\/li>\n<li class=\"ql-align-justify\"><strong>Switch de Emergencia:<\/strong>\u00a0Mantendr\u00e1 el torniquete abierto en caso de emergencia o una se\u00f1al de incendio.<\/li>\n<li class=\"ql-align-justify\"><strong>Indicador de Direcci\u00f3n:<\/strong>\u00a0Para conectarlo a pantalla LED e indicar si es permitido el acceso.<\/li>\n<li class=\"ql-align-justify\"><strong>Indicador de Paso:<\/strong>\u00a0Para conectarlo a pantalla LED e indicar si la verificaci\u00f3n fue correcta y es permitido el acceso.<\/li>\n<li class=\"ql-align-justify\"><strong>Salida de Contador:<\/strong>\u00a0Para conectarlo a pantalla LED y mostrar el n\u00famero de personas que han accesado generado por el empuje de los brazos del torniquete. Cada vuelta o ciclo completo del mismo significa un acceso completado.<\/li>\n<li class=\"ql-align-justify\"><strong>Salida de Solenoide de Ca\u00edda deBrazo:<\/strong>\u00a0Para controlar los brazos manualmente levant\u00e1ndolos despu\u00e9s de caer autom\u00e1ticamente<\/li>\n<li class=\"ql-align-justify\">Placa de instalaci\u00f3n de lector flexible, es posible integrar lectores de terceros f\u00e1cilmente.<\/li>\n<li class=\"ql-align-justify\">Interfaz el\u00e9ctrica est\u00e1ndar para dispositivos de terceros.<\/li>\n<li class=\"ql-align-justify\">Mecanismo compacto que permite m\u00e1s espacio para integraci\u00f3n de otros dispositivos.<\/li>\n<li class=\"ql-align-justify\">Componentes electr\u00f3nicos de alta calidad.<\/li>\n<li class=\"ql-align-justify\">ZKTeco provee la integraci\u00f3n en f\u00e1brica con el panel de acceso y lectores asegurando el funcionamiento del sistema, de esta manera cuando el torniquete es entregado se puede utilizar inmediatamente ahorrando tiempo y costo de instalaci\u00f3n<\/li>\n<\/ul>\n<\/div>\n<\/div>\n","protected":false},"excerpt":{"rendered":"<p>Informaci\u00f3n General Descripci\u00f3n Los Torniquetes ZKTeco incorporan la m\u00e1s alta tecnolog\u00eda dentro de un dise\u00f1o compacto y elegante ofreciendo un funcionamiento estable y silencioso. Su mecanismo bidireccional de precisi\u00f3n reduce el desgaste y el consumo de energ\u00eda siendo ideal para \u00e1reas con alto flujo de&hellip;<\/p>\n","protected":false},"featured_media":8299,"comment_status":"open","ping_status":"closed","template":"","meta":{"om_disable_all_campaigns":false,"_monsterinsights_skip_tracking":false,"_monsterinsights_sitenote_active":false,"_monsterinsights_sitenote_note":"","_monsterinsights_sitenote_category":0},"product_brand":[],"product_cat":[771],"product_tag":[81,727,730,66,731,728,729],"class_list":{"0":"post-8300","1":"product","2":"type-product","3":"status-publish","4":"has-post-thumbnail","6":"product_cat-torniquetes-control-acceso-peatonal-zkteco-acceso-asistencia","7":"product_tag-acceso-y-asistencia","8":"product_tag-cerraduras","9":"product_tag-commax-wulian","10":"product_tag-dahua","11":"product_tag-wejoin","12":"product_tag-yli","13":"product_tag-zkteco","15":"first","16":"instock","17":"sale","18":"taxable","19":"shipping-taxable","20":"purchasable","21":"product-type-simple"},"aioseo_notices":[],"_links":{"self":[{"href":"https:\/\/tecsecmty.com\/index.php\/wp-json\/wp\/v2\/product\/8300","targetHints":{"allow":["GET"]}}],"collection":[{"href":"https:\/\/tecsecmty.com\/index.php\/wp-json\/wp\/v2\/product"}],"about":[{"href":"https:\/\/tecsecmty.com\/index.php\/wp-json\/wp\/v2\/types\/product"}],"replies":[{"embeddable":true,"href":"https:\/\/tecsecmty.com\/index.php\/wp-json\/wp\/v2\/comments?post=8300"}],"version-history":[{"count":0,"href":"https:\/\/tecsecmty.com\/index.php\/wp-json\/wp\/v2\/product\/8300\/revisions"}],"wp:featuredmedia":[{"embeddable":true,"href":"https:\/\/tecsecmty.com\/index.php\/wp-json\/wp\/v2\/media\/8299"}],"wp:attachment":[{"href":"https:\/\/tecsecmty.com\/index.php\/wp-json\/wp\/v2\/media?parent=8300"}],"wp:term":[{"taxonomy":"product_brand","embeddable":true,"href":"https:\/\/tecsecmty.com\/index.php\/wp-json\/wp\/v2\/product_brand?post=8300"},{"taxonomy":"product_cat","embeddable":true,"href":"https:\/\/tecsecmty.com\/index.php\/wp-json\/wp\/v2\/product_cat?post=8300"},{"taxonomy":"product_tag","embeddable":true,"href":"https:\/\/tecsecmty.com\/index.php\/wp-json\/wp\/v2\/product_tag?post=8300"}],"curies":[{"name":"wp","href":"https:\/\/api.w.org\/{rel}","templated":true}]}}