{"id":8301,"date":"2023-02-23T22:20:58","date_gmt":"2023-02-24T04:20:58","guid":{"rendered":"https:\/\/tecsecmty.com\/index.php\/producto\/dahua-dhi-asg2900c-torniquete-de-acceso-peatonal-fabricado-en-acero-inoxidable-sus304-funcion-anticolision-antiarrastre-indicadores-led-para-uso-interior-y-exterior-exitosdahua-nueval\/"},"modified":"2023-03-22T23:22:31","modified_gmt":"2023-03-23T05:22:31","slug":"dahua-dhi-asg2900c-torniquete-de-acceso-peatonal-fabricado-en-acero-inoxidable-sus304-funcion-anticolision-antiarrastre-indicadores-led-para-uso-interior-y-exterior-exitosdahua-nueval","status":"publish","type":"product","link":"https:\/\/tecsecmty.com\/index.php\/producto\/dahua-dhi-asg2900c-torniquete-de-acceso-peatonal-fabricado-en-acero-inoxidable-sus304-funcion-anticolision-antiarrastre-indicadores-led-para-uso-interior-y-exterior-exitosdahua-nueval\/","title":{"rendered":"DAHUA DHI-ASG2900C &#8211; Torniquete de Acceso Peatonal\/ Fabricado en Acero Inoxidable SUS304\/ Funci\u00f3n Anticolisi\u00f3n\/ Antiarrastre\/ Indicadores Led\/ Para Uso interior y Exterior\/ #\u00c9xitosDahua #NuevaL"},"content":{"rendered":"<div class=\"row aling-items-center padding-bottom-2x\">\n<div class=\"col-lg-12\">\n<h5 class=\"card-title text-center\">Informaci\u00f3n General<\/h5>\n<p>El torniquete tr\u00edpode DHI-ASG2900C es un equipo de control de acceso equipado con una placa de control y otros m\u00f3dulos. Que puede formar un sistema de control de acceso completo si se ampl\u00eda con otros dispositivos, como lectores de tarjetas, un controlador de acceso y un m\u00f3dulo de reconocimiento facial.<\/p>\n<p><img decoding=\"async\" class=\"overview-center-img-web\" src=\"https:\/\/tvc.mx\/media\/501442\/Torniquete_Control_Acceso_Peatonal_Acero_Inoxidable_Anticolisi%C3%B3n_Antiarrastre_Indicadores_Led_Interior_Exterior_Dahua_DHI-ASG2900C_Over_Ppal.png\" alt=\"\" \/><\/div>\n<\/div>\n<div class=\"row align-items-center padding-bottom-2x\">\n<div class=\"col-md-5\"><img decoding=\"async\" class=\"d-block m-auto img-thumbnail\" src=\"https:\/\/tvc.mx\/media\/501458\/Torniquete_Control_Acceso_Peatonal_Acero_Inoxidable_Anticolisi%C3%B3n_Antiarrastre_Indicadores_Led_Interior_Exterior_Dahua_DHI-ASG2900C_Over_M.png\" alt=\" \" \/><\/div>\n<div class=\"col-md-7 text-md-left text-center\">\n<h2>Especificaciones<\/h2>\n<p class=\"text-muted\">\n<ul>\n<li>Dimensiones\u00a01200 mm \u00d7 260 mm \u00d7 980 mm (47,24&#8243; \u00d7 10,24&#8243; \u00d7\u00a0v&gt;\u00a038,58&#8243;)<\/li>\n<li>Anti-arrastre\u00a0S\u00ed<\/li>\n<li>Anti choques\u00a0S\u00ed<\/li>\n<li>Duraci\u00f3n de desbloqueo\u00a05 Seg<\/li>\n<li>Frecuencia de paso\u00a020\u201330 personas\/minuto<\/li>\n<li>Ancho de paso\u00a0550 mm (21,65&#8243;)<\/li>\n<li>Peso neto\u00a030,0 kg (66,14 libras)<\/li>\n<li>Grado de protecci\u00f3n\u00a0IPX4<\/li>\n<li>MCBF Ciclos Medios entre Fallos\u00a0\u2265 1,000,000<\/li>\n<li>El consumo de energ\u00eda\u00a0En espera \u2264 10 W; trabajando: \u2264 40 W<\/li>\n<li>Alimentaci\u00f3n\u00a0220V AC<\/li>\n<\/ul>\n<\/div>\n<\/div>\n","protected":false},"excerpt":{"rendered":"<p>Informaci\u00f3n General El torniquete tr\u00edpode DHI-ASG2900C es un equipo de control de acceso equipado con una placa de control y otros m\u00f3dulos. Que puede formar un sistema de control de acceso completo si se ampl\u00eda con otros dispositivos, como lectores de tarjetas, un controlador de&hellip;<\/p>\n","protected":false},"featured_media":1204,"comment_status":"open","ping_status":"closed","template":"","meta":{"om_disable_all_campaigns":false,"_monsterinsights_skip_tracking":false,"_monsterinsights_sitenote_active":false,"_monsterinsights_sitenote_note":"","_monsterinsights_sitenote_category":0},"product_brand":[],"product_cat":[773],"product_tag":[81,727,730,66,731,728,729],"class_list":{"0":"post-8301","1":"product","2":"type-product","3":"status-publish","4":"has-post-thumbnail","6":"product_cat-torniquetes-control-acceso-peatonal-dahua-acceso-asistencia","7":"product_tag-acceso-y-asistencia","8":"product_tag-cerraduras","9":"product_tag-commax-wulian","10":"product_tag-dahua","11":"product_tag-wejoin","12":"product_tag-yli","13":"product_tag-zkteco","15":"first","16":"instock","17":"sale","18":"taxable","19":"shipping-taxable","20":"purchasable","21":"product-type-simple"},"aioseo_notices":[],"_links":{"self":[{"href":"https:\/\/tecsecmty.com\/index.php\/wp-json\/wp\/v2\/product\/8301","targetHints":{"allow":["GET"]}}],"collection":[{"href":"https:\/\/tecsecmty.com\/index.php\/wp-json\/wp\/v2\/product"}],"about":[{"href":"https:\/\/tecsecmty.com\/index.php\/wp-json\/wp\/v2\/types\/product"}],"replies":[{"embeddable":true,"href":"https:\/\/tecsecmty.com\/index.php\/wp-json\/wp\/v2\/comments?post=8301"}],"version-history":[{"count":0,"href":"https:\/\/tecsecmty.com\/index.php\/wp-json\/wp\/v2\/product\/8301\/revisions"}],"wp:featuredmedia":[{"embeddable":true,"href":"https:\/\/tecsecmty.com\/index.php\/wp-json\/wp\/v2\/media\/1204"}],"wp:attachment":[{"href":"https:\/\/tecsecmty.com\/index.php\/wp-json\/wp\/v2\/media?parent=8301"}],"wp:term":[{"taxonomy":"product_brand","embeddable":true,"href":"https:\/\/tecsecmty.com\/index.php\/wp-json\/wp\/v2\/product_brand?post=8301"},{"taxonomy":"product_cat","embeddable":true,"href":"https:\/\/tecsecmty.com\/index.php\/wp-json\/wp\/v2\/product_cat?post=8301"},{"taxonomy":"product_tag","embeddable":true,"href":"https:\/\/tecsecmty.com\/index.php\/wp-json\/wp\/v2\/product_tag?post=8301"}],"curies":[{"name":"wp","href":"https:\/\/api.w.org\/{rel}","templated":true}]}}