{"id":8302,"date":"2023-02-23T22:20:58","date_gmt":"2023-02-24T04:20:58","guid":{"rendered":"https:\/\/tecsecmty.com\/index.php\/producto\/dahua-dhi-asgg520t-torniquete-de-acceso-peatonal-fabricado-en-acero-inoxidable-ajuste-de-tiempo-de-desbloqueo-indicadores-de-luz-y-sonido-ajustables-admite-desbloqueo-de-brazos-sin-energia-camb\/"},"modified":"2023-03-22T23:22:31","modified_gmt":"2023-03-23T05:22:31","slug":"dahua-dhi-asgg520t-torniquete-de-acceso-peatonal-fabricado-en-acero-inoxidable-ajuste-de-tiempo-de-desbloqueo-indicadores-de-luz-y-sonido-ajustables-admite-desbloqueo-de-brazos-sin-energia-camb","status":"publish","type":"product","link":"https:\/\/tecsecmty.com\/index.php\/producto\/dahua-dhi-asgg520t-torniquete-de-acceso-peatonal-fabricado-en-acero-inoxidable-ajuste-de-tiempo-de-desbloqueo-indicadores-de-luz-y-sonido-ajustables-admite-desbloqueo-de-brazos-sin-energia-camb\/","title":{"rendered":"DAHUA DHI-ASGG520T &#8211; Torniquete de Acceso Peatonal\/ Fabricado en Acero Inoxidable\/ Ajuste de Tiempo de Desbloqueo\/ Indicadores de Luz y Sonido Ajustables\/ Admite desbloqueo de Brazos sin Energ\u00eda\/ Cambia a Funci\u00f3n de Abierto en caso de Incendio\/ #NuevaL"},"content":{"rendered":"<div class=\"row aling-items-center padding-bottom-2x\">\n<div class=\"col-lg-12\">\n<h5 class=\"card-title text-center\">Informaci\u00f3n General<\/h5>\n<p>El Torniquete de Acceso Peatonal DAHUA DHI-ASGG520T Fabricado en Acero Inoxidable con ajuste de tiempo de desbloqueo e Indicadores de Luz y Sonido, permite\u00a0el desbloqueo de los brazos cuando est\u00e1 apagado y\u00a0cambia al estado siempre abierto cuando recibe\u00a0alerta por caso de Incendio. Cuenta con 9 Modos de Paso adem\u00e1s de Integrarse con\u00a0m\u00f3dulos de reconocimiento facial, huella digital y c\u00f3digo QR para varios m\u00e9todos de desbloqueo.<\/p>\n<p><img decoding=\"async\" class=\"overview-center-img-web\" src=\"https:\/\/tvc.mx\/media\/501650\/Torniquete_Control_Acceso_Peatonal_Acero_Inoxidable_Desbloqueo_Brazos_sin_Energ%C3%ADa_9_Modos_de_paso_Dahua_DHI-ASGG520T_Over_Ppal.png\" alt=\"\" \/><\/div>\n<\/div>\n<div class=\"row align-items-center padding-bottom-2x\">\n<div class=\"col-md-5\"><img decoding=\"async\" class=\"d-block m-auto img-thumbnail\" src=\"https:\/\/tvc.mx\/media\/501670\/Torniquete_Control_Acceso_Peatonal_Acero_Inoxidable_Desbloqueo_Brazos_sin_Energ%C3%ADa_9_Modos_de_paso_Dahua_DHI-ASGG520T_Over_M.png\" alt=\" \" \/><\/div>\n<div class=\"col-md-7 text-md-left text-center\">\n<h2>Especificaciones<\/h2>\n<p class=\"text-muted\">\n<ul>\n<li>Dimensiones\u00a01200 mm \u00d7 200 mm \u00d7 980 mm (47,24&#8243; \u00d7 7,87&#8243; \u00d7 38,58&#8243;)<\/li>\n<li>Anti-arrastre\u00a0S\u00ed<\/li>\n<li>Anti choques\u00a0S\u00ed<\/li>\n<li>Duraci\u00f3n de desbloqueo\u00a02\u201360 s (5 s por defecto)<\/li>\n<li>Frecuencia de paso\u00a020\u201340 personas\/minuto<\/li>\n<li>Ancho de paso\u00a0600 mm (23,62&#8243;)<\/li>\n<li>Peso neto\u00a037kg (81,57 libras)<\/li>\n<li>Grado de protecci\u00f3n\u00a0IPX4<\/li>\n<li>MCBF Ciclos Medios entre Fallos\u00a0&gt; 3.000.000<\/li>\n<li>El consumo de energ\u00eda\u00a0En espera \u2264 10 W; trabajando: \u2264 40 W<\/li>\n<\/ul>\n<\/div>\n<\/div>\n","protected":false},"excerpt":{"rendered":"<p>Informaci\u00f3n General El Torniquete de Acceso Peatonal DAHUA DHI-ASGG520T Fabricado en Acero Inoxidable con ajuste de tiempo de desbloqueo e Indicadores de Luz y Sonido, permite\u00a0el desbloqueo de los brazos cuando est\u00e1 apagado y\u00a0cambia al estado siempre abierto cuando recibe\u00a0alerta por caso de Incendio. Cuenta&hellip;<\/p>\n","protected":false},"featured_media":1206,"comment_status":"open","ping_status":"closed","template":"","meta":{"om_disable_all_campaigns":false,"_monsterinsights_skip_tracking":false,"_monsterinsights_sitenote_active":false,"_monsterinsights_sitenote_note":"","_monsterinsights_sitenote_category":0},"product_brand":[],"product_cat":[773],"product_tag":[81,727,730,66,731,728,729],"class_list":{"0":"post-8302","1":"product","2":"type-product","3":"status-publish","4":"has-post-thumbnail","6":"product_cat-torniquetes-control-acceso-peatonal-dahua-acceso-asistencia","7":"product_tag-acceso-y-asistencia","8":"product_tag-cerraduras","9":"product_tag-commax-wulian","10":"product_tag-dahua","11":"product_tag-wejoin","12":"product_tag-yli","13":"product_tag-zkteco","15":"first","16":"instock","17":"sale","18":"taxable","19":"shipping-taxable","20":"purchasable","21":"product-type-simple"},"aioseo_notices":[],"_links":{"self":[{"href":"https:\/\/tecsecmty.com\/index.php\/wp-json\/wp\/v2\/product\/8302","targetHints":{"allow":["GET"]}}],"collection":[{"href":"https:\/\/tecsecmty.com\/index.php\/wp-json\/wp\/v2\/product"}],"about":[{"href":"https:\/\/tecsecmty.com\/index.php\/wp-json\/wp\/v2\/types\/product"}],"replies":[{"embeddable":true,"href":"https:\/\/tecsecmty.com\/index.php\/wp-json\/wp\/v2\/comments?post=8302"}],"version-history":[{"count":0,"href":"https:\/\/tecsecmty.com\/index.php\/wp-json\/wp\/v2\/product\/8302\/revisions"}],"wp:featuredmedia":[{"embeddable":true,"href":"https:\/\/tecsecmty.com\/index.php\/wp-json\/wp\/v2\/media\/1206"}],"wp:attachment":[{"href":"https:\/\/tecsecmty.com\/index.php\/wp-json\/wp\/v2\/media?parent=8302"}],"wp:term":[{"taxonomy":"product_brand","embeddable":true,"href":"https:\/\/tecsecmty.com\/index.php\/wp-json\/wp\/v2\/product_brand?post=8302"},{"taxonomy":"product_cat","embeddable":true,"href":"https:\/\/tecsecmty.com\/index.php\/wp-json\/wp\/v2\/product_cat?post=8302"},{"taxonomy":"product_tag","embeddable":true,"href":"https:\/\/tecsecmty.com\/index.php\/wp-json\/wp\/v2\/product_tag?post=8302"}],"curies":[{"name":"wp","href":"https:\/\/api.w.org\/{rel}","templated":true}]}}