{"id":8306,"date":"2023-02-23T22:21:03","date_gmt":"2023-02-24T04:21:03","guid":{"rendered":"https:\/\/tecsecmty.com\/index.php\/producto\/saxxon-d3-torniquete-doble-carril-alto-trafico-cuerpo-completo-bidireccional-acero-inoxidable-ip66-uso-exterior-e-interior-compatible-con-controles-de-acceso-sobre-pedido\/"},"modified":"2023-03-22T23:23:53","modified_gmt":"2023-03-23T05:23:53","slug":"saxxon-d3-torniquete-doble-carril-alto-trafico-cuerpo-completo-bidireccional-acero-inoxidable-ip66-uso-exterior-e-interior-compatible-con-controles-de-acceso-sobre-pedido","status":"publish","type":"product","link":"https:\/\/tecsecmty.com\/index.php\/producto\/saxxon-d3-torniquete-doble-carril-alto-trafico-cuerpo-completo-bidireccional-acero-inoxidable-ip66-uso-exterior-e-interior-compatible-con-controles-de-acceso-sobre-pedido\/","title":{"rendered":"SAXXON D3 &#8211; Torniquete Doble Carril \/ Alto Tr\u00e1fico \/ Cuerpo Completo \/ Bidireccional \/ Acero Inoxidable IP66 \/ Uso Exterior e Interior \/ Compatible con Controles de Acceso \/ Sobre Pedido"},"content":{"rendered":"<div class=\"row aling-items-center padding-bottom-2x\">\n<div class=\"col-lg-12\">\n<h5 class=\"card-title text-center\">Informaci\u00f3n General<\/h5>\n<h1 class=\"ql-align-justify\"><strong>Descripci\u00f3n<\/strong><\/h1>\n<p class=\"ql-align-justify\"><strong>Torniquete de Altura Completa Doble carril<\/strong><\/p>\n<p class=\"ql-align-justify\">Dise\u00f1ado para proveer un control de acceso eficiente, su instalaci\u00f3n elimina cualquier acceso no autorizado. De uso intensivo\u00a0ya que cuenta con alta resistencia al vandalismo y es apto tanto para la intemperie as\u00ed como para interior, est\u00e1 dise\u00f1ado para la entrada y salida de gente al mismo tiempo. Puede regular el flujo de tr\u00e1fico.<\/p>\n<p class=\"ql-align-justify\">Cuenta con presentaci\u00f3n y acabados que hacen que este producto sea indicado para ambientes en donde se requiera alta seguridad aunada a una est\u00e9tica refinada.<\/p>\n<h2 class=\"ql-align-justify\"><strong>Funcionamiento<\/strong><\/h2>\n<p class=\"ql-align-justify\">El torniquete permite el tr\u00e1fico, persona por persona y uno cada vez, el mecanismo permitir\u00e1 el giro de paso al ser\u00a0desbloqueado por un puso seco del cualquier dispositivo de control (tarjetas, biom\u00e9trico etc.) el cual es compatible con todas las marcas.<\/p>\n<p><img decoding=\"async\" class=\"overview-center-img-web\" src=\"https:\/\/tvc.mx\/media\/365263\/Torniquete-Cuerpo-Completo-Control-de-Acceso-Peatonal-Doble-Carril-SaX-D3-SAXXON.png\" alt=\"\" \/><\/div>\n<\/div>\n<div class=\"row align-items-center padding-bottom-2x\">\n<div class=\"col-md-5 order-md-2\"><img decoding=\"async\" class=\"d-block m-auto img-thumbnail\" src=\"https:\/\/tvc.mx\/media\/214983\/Torniquete-Cuerpo-Completo-Control-de-Acceso-Peatonal-Doble-Carril-Caracter%C3%ADsticas-D3-SAXXON.png\" alt=\" \" \/><\/div>\n<div class=\"col-md-7 order-md-1 text-md-left text-center\">\n<h2>Caracter\u00edsticas<\/h2>\n<p class=\"text-muted\">\n<ul data-checked=\"false\">\n<li>Altura Completa. (2.05 mts altura libre, 2.20 mts altura completa)<\/li>\n<li>Dimensiones del torniquete 2.30 x 1.35 mts (ancho x profundidad)<\/li>\n<li>Fabricado en Acero Inoxidable calidad AISI\/SAE T304 certificado.<\/li>\n<li>3 brazos de control de seguridad de 55 cm de longitud (paso de 60cm)<\/li>\n<li>Angulo de Rotaci\u00f3n de 120\u00b0.<\/li>\n<li>Control de contacto seco de 100 ms.<\/li>\n<li>Velocidad de tr\u00e1nsito: 25 personas\/minuto<\/li>\n<li><strong><u>Tiempo de Entrega 2 semanas.<\/u><\/strong><\/li>\n<\/ul>\n<p>&nbsp;<\/p>\n<\/div>\n<\/div>\n<hr class=\"padding-bottom-2x\" \/>\n<div class=\"row align-items-center padding-bottom-2x\">\n<div class=\"col-md-5\"><img decoding=\"async\" class=\"d-block m-auto img-thumbnail\" src=\"https:\/\/tvc.mx\/media\/214987\/Torniquete-Cuerpo-Completo-Control-de-Acceso-Peatonal-Doble-Carril-Ventajas-D3-SAXXON.png\" alt=\" \" \/><\/div>\n<div class=\"col-md-7 text-md-left text-center\">\n<h2>Ventajas<\/h2>\n<p class=\"text-muted\">\n<ul data-checked=\"false\">\n<li>Dise\u00f1ado para ambientes Exteriores e Interiores.<\/li>\n<li>Configuraci\u00f3n de un carril para ingreso y otro carril para salida, o bien, ambos para ingreso por el frente y salida por lado posterior.<\/li>\n<li>Fabricado bajo los controles de Calidad ISO<\/li>\n<li>Producto 100% mexicano.<\/li>\n<li>3 A\u00f1os de Garant\u00eda<\/li>\n<\/ul>\n<\/div>\n<\/div>\n","protected":false},"excerpt":{"rendered":"<p>Informaci\u00f3n General Descripci\u00f3n Torniquete de Altura Completa Doble carril Dise\u00f1ado para proveer un control de acceso eficiente, su instalaci\u00f3n elimina cualquier acceso no autorizado. De uso intensivo\u00a0ya que cuenta con alta resistencia al vandalismo y es apto tanto para la intemperie as\u00ed como para interior,&hellip;<\/p>\n","protected":false},"featured_media":8305,"comment_status":"open","ping_status":"closed","template":"","meta":{"om_disable_all_campaigns":false,"_monsterinsights_skip_tracking":false,"_monsterinsights_sitenote_active":false,"_monsterinsights_sitenote_note":"","_monsterinsights_sitenote_category":0},"product_brand":[],"product_cat":[774],"product_tag":[81,727,730,66,731,728,729],"class_list":{"0":"post-8306","1":"product","2":"type-product","3":"status-publish","4":"has-post-thumbnail","6":"product_cat-torniquetes-control-acceso-peatonal-saxxon-acceso-asistencia","7":"product_tag-acceso-y-asistencia","8":"product_tag-cerraduras","9":"product_tag-commax-wulian","10":"product_tag-dahua","11":"product_tag-wejoin","12":"product_tag-yli","13":"product_tag-zkteco","15":"first","16":"instock","17":"sale","18":"taxable","19":"shipping-taxable","20":"purchasable","21":"product-type-simple"},"aioseo_notices":[],"_links":{"self":[{"href":"https:\/\/tecsecmty.com\/index.php\/wp-json\/wp\/v2\/product\/8306","targetHints":{"allow":["GET"]}}],"collection":[{"href":"https:\/\/tecsecmty.com\/index.php\/wp-json\/wp\/v2\/product"}],"about":[{"href":"https:\/\/tecsecmty.com\/index.php\/wp-json\/wp\/v2\/types\/product"}],"replies":[{"embeddable":true,"href":"https:\/\/tecsecmty.com\/index.php\/wp-json\/wp\/v2\/comments?post=8306"}],"version-history":[{"count":0,"href":"https:\/\/tecsecmty.com\/index.php\/wp-json\/wp\/v2\/product\/8306\/revisions"}],"wp:featuredmedia":[{"embeddable":true,"href":"https:\/\/tecsecmty.com\/index.php\/wp-json\/wp\/v2\/media\/8305"}],"wp:attachment":[{"href":"https:\/\/tecsecmty.com\/index.php\/wp-json\/wp\/v2\/media?parent=8306"}],"wp:term":[{"taxonomy":"product_brand","embeddable":true,"href":"https:\/\/tecsecmty.com\/index.php\/wp-json\/wp\/v2\/product_brand?post=8306"},{"taxonomy":"product_cat","embeddable":true,"href":"https:\/\/tecsecmty.com\/index.php\/wp-json\/wp\/v2\/product_cat?post=8306"},{"taxonomy":"product_tag","embeddable":true,"href":"https:\/\/tecsecmty.com\/index.php\/wp-json\/wp\/v2\/product_tag?post=8306"}],"curies":[{"name":"wp","href":"https:\/\/api.w.org\/{rel}","templated":true}]}}