{"id":8312,"date":"2023-02-23T22:21:11","date_gmt":"2023-02-24T04:21:11","guid":{"rendered":"https:\/\/tecsecmty.com\/index.php\/producto\/saxxon-ts-gp-torniquete-mecanico-de-giro-manual-un-idireccional-acero-inoxidable-sobre-pedido\/"},"modified":"2023-03-22T23:24:09","modified_gmt":"2023-03-23T05:24:09","slug":"saxxon-ts-gp-torniquete-mecanico-de-giro-manual-un-idireccional-acero-inoxidable-sobre-pedido","status":"publish","type":"product","link":"https:\/\/tecsecmty.com\/index.php\/producto\/saxxon-ts-gp-torniquete-mecanico-de-giro-manual-un-idireccional-acero-inoxidable-sobre-pedido\/","title":{"rendered":"SAXXON TS GP &#8211; Torniquete mec\u00e1nico de giro manual \/ UN IDIRECCIONAL \/ Acero inoxidable \/ Sobre pedido"},"content":{"rendered":"<div class=\"row aling-items-center padding-bottom-2x\">\n<div class=\"col-lg-12\">\n<h5 class=\"card-title text-center\">Informaci\u00f3n General<\/h5>\n<h3>Descripci\u00f3n<\/h3>\n<p>Es un torniquete mec\u00e1nico de giro manual, el cual est\u00e1 fabricado en acero inoxidable con 8 brazos, las cuales permiten el acceso de una persona a la vez, esta anclado a un poste central y es de acceso unidireccional.<\/p>\n<p><img decoding=\"async\" class=\"overview-center-img-web\" src=\"https:\/\/tvc.mx\/media\/166066\/SAXXON-TS-GP-TORNIQUETE-MEC%C3%81NICO-DESCRIPCI%C3%93N.png\" alt=\"\" \/><\/div>\n<\/div>\n<div class=\"row align-items-center padding-bottom-2x\">\n<div class=\"col-md-5 order-md-2\"><img decoding=\"async\" class=\"d-block m-auto img-thumbnail\" src=\"https:\/\/tvc.mx\/media\/166070\/SAXXON-TS-GP-TORNIQUETE-MEC%C3%81NICO-CARACTER%C3%8DSTICAS.png\" alt=\" \" \/><\/div>\n<div class=\"col-md-7 order-md-1 text-md-left text-center\">\n<h2>Caracter\u00edsticas<\/h2>\n<p class=\"text-muted\">\n<ul data-checked=\"false\">\n<li>Altura Media. (1.05 mts altura total del rehilete).<\/li>\n<li>Dimensiones del torniquete 1.08 x 0.91 mts (ancho x profundidad).<\/li>\n<li>Fabricado en acero inoxidable calidad AISI\/SAE T304 certificado.<\/li>\n<li>4 brazos de control de seguridad de 38 cm de longitud.<\/li>\n<li>\u00c1ngulo de rotaci\u00f3n de 360\u00b0.<\/li>\n<li>Control de rotaci\u00f3n libre en un solo sentido.<\/li>\n<li><strong><u>Tiempo de Entrega 2 semanas.<\/u><\/strong><\/li>\n<\/ul>\n<p>&nbsp;<\/p>\n<\/div>\n<\/div>\n<hr class=\"padding-bottom-2x\" \/>\n<div class=\"row align-items-center padding-bottom-2x\">\n<div class=\"col-md-5\"><img decoding=\"async\" class=\"d-block m-auto img-thumbnail\" src=\"https:\/\/tvc.mx\/media\/166074\/SAXXON-TS-GP-TORNIQUETE-MEC%C3%81NICO-VENTAJAS.png\" alt=\" \" \/><\/div>\n<div class=\"col-md-7 text-md-left text-center\">\n<h2>Ventajas<\/h2>\n<p class=\"text-muted\">\n<ul data-checked=\"false\">\n<li>Dise\u00f1ado para ambientes interiores y exteriores.<\/li>\n<li>Giro anti regreso.<\/li>\n<li>Fabricado bajo los controles de calidad ISO<\/li>\n<li>Producto 100% mexicano.<\/li>\n<li>Opci\u00f3n a colocar contador de personas.<\/li>\n<\/ul>\n<\/div>\n<\/div>\n","protected":false},"excerpt":{"rendered":"<p>Informaci\u00f3n General Descripci\u00f3n Es un torniquete mec\u00e1nico de giro manual, el cual est\u00e1 fabricado en acero inoxidable con 8 brazos, las cuales permiten el acceso de una persona a la vez, esta anclado a un poste central y es de acceso unidireccional. Caracter\u00edsticas Altura Media.&hellip;<\/p>\n","protected":false},"featured_media":8311,"comment_status":"open","ping_status":"closed","template":"","meta":{"om_disable_all_campaigns":false,"_monsterinsights_skip_tracking":false,"_monsterinsights_sitenote_active":false,"_monsterinsights_sitenote_note":"","_monsterinsights_sitenote_category":0},"product_brand":[],"product_cat":[774],"product_tag":[81,727,730,66,731,728,729],"class_list":{"0":"post-8312","1":"product","2":"type-product","3":"status-publish","4":"has-post-thumbnail","6":"product_cat-torniquetes-control-acceso-peatonal-saxxon-acceso-asistencia","7":"product_tag-acceso-y-asistencia","8":"product_tag-cerraduras","9":"product_tag-commax-wulian","10":"product_tag-dahua","11":"product_tag-wejoin","12":"product_tag-yli","13":"product_tag-zkteco","15":"first","16":"instock","17":"sale","18":"taxable","19":"shipping-taxable","20":"purchasable","21":"product-type-simple"},"aioseo_notices":[],"_links":{"self":[{"href":"https:\/\/tecsecmty.com\/index.php\/wp-json\/wp\/v2\/product\/8312","targetHints":{"allow":["GET"]}}],"collection":[{"href":"https:\/\/tecsecmty.com\/index.php\/wp-json\/wp\/v2\/product"}],"about":[{"href":"https:\/\/tecsecmty.com\/index.php\/wp-json\/wp\/v2\/types\/product"}],"replies":[{"embeddable":true,"href":"https:\/\/tecsecmty.com\/index.php\/wp-json\/wp\/v2\/comments?post=8312"}],"version-history":[{"count":0,"href":"https:\/\/tecsecmty.com\/index.php\/wp-json\/wp\/v2\/product\/8312\/revisions"}],"wp:featuredmedia":[{"embeddable":true,"href":"https:\/\/tecsecmty.com\/index.php\/wp-json\/wp\/v2\/media\/8311"}],"wp:attachment":[{"href":"https:\/\/tecsecmty.com\/index.php\/wp-json\/wp\/v2\/media?parent=8312"}],"wp:term":[{"taxonomy":"product_brand","embeddable":true,"href":"https:\/\/tecsecmty.com\/index.php\/wp-json\/wp\/v2\/product_brand?post=8312"},{"taxonomy":"product_cat","embeddable":true,"href":"https:\/\/tecsecmty.com\/index.php\/wp-json\/wp\/v2\/product_cat?post=8312"},{"taxonomy":"product_tag","embeddable":true,"href":"https:\/\/tecsecmty.com\/index.php\/wp-json\/wp\/v2\/product_tag?post=8312"}],"curies":[{"name":"wp","href":"https:\/\/api.w.org\/{rel}","templated":true}]}}