{"id":832,"date":"2023-02-15T23:19:14","date_gmt":"2023-02-15T23:19:14","guid":{"rendered":"https:\/\/tecsecmty.com\/index.php\/producto\/domo-turbohd-4k-8-megapixel-gran-angular-102%e2%88%ab-lente-2-8-mm-exterior-ip67-ik10-ir-exir-30-metros-tvi-ahd-cvi-cvbs-dwdr-2\/"},"modified":"2023-03-22T23:20:42","modified_gmt":"2023-03-23T05:20:42","slug":"domo-turbohd-4k-8-megapixel-gran-angular-102-lente-2-8-mm-exterior-ip67-ik10-ir-exir-30-metros-tvi-ahd-cvi-cvbs-dwdr-2","status":"publish","type":"product","link":"https:\/\/tecsecmty.com\/index.php\/producto\/domo-turbohd-4k-8-megapixel-gran-angular-102-lente-2-8-mm-exterior-ip67-ik10-ir-exir-30-metros-tvi-ahd-cvi-cvbs-dwdr-2\/","title":{"rendered":"Domo TURBOHD 4K (8 Megapixel) \/ Gran Angular 102 \/ Lente 2.8 mm \/ Exterior IP67 \/ IK10 \/ IR EXIR 30 metros \/ TVI-AHD-CVI-CVBS \/ dWDR"},"content":{"rendered":"<div class=\"container\">\n<div class=\"row\">\n<div class=\"col-md-12\">\n<div class=\"row\">\n<div class=\"row\">\n<div class=\"col-md-12\">\n<h4 class=\"text-primary center info-text\" style=\"text-align: center\">Informaci\u00f3n de Producto<\/h4>\n<\/div>\n<\/div>\n<div class=\"row\" style=\"text-align: center\">\n<div class=\"col-md-12\">\n<h3>Domo TURBOHD 4K (8 Megapixel) \/ Gran Angular 102\u00ba \/ Lente 2.8 mm \/ Exterior IP67 \/ IK10 \/ IR EXIR 30 metros \/ TVI-AHD-CVI-CVBS \/ dWDR<\/h3>\n<\/div>\n<\/div>\n<div id=\"producto_container\" class=\"row\" style=\"text-align: center\">\n<div class=\"col-md-4\"><img decoding=\"async\" class=\"img-responsive center-block\" src=\"https:\/\/ftp3.syscom.mx\/usuarios\/fotos\/noimg\/no_imagen_gal.jpg\" alt=\"DS-2CE57U0T-VPITF\" \/><\/p>\n<div class=\"row\">\n<div id=\"galerias\" class=\"col-sm-12\"><\/div>\n<\/div>\n<\/div>\n<div class=\"col-md-4\">\n<div><img decoding=\"async\" class=\"img-responsive img-thumbnail\" src=\"https:\/\/ftp3.syscom.mx\/usuarios\/fotos\/logotipos\/hikvision.png\" \/><\/div>\n<div><img decoding=\"async\" class=\"icono_info_product\" src=\"https:\/\/ftp3.syscom.mx\/usuarios\/fotos\/t_4.png?v=1543017237?v=1543542402?v=1.04\" \/><img decoding=\"async\" class=\"icono_info_product\" src=\"https:\/\/ftp3.syscom.mx\/usuarios\/fotos\/4k1.png?v=1534268246?v=1.04\" \/><img decoding=\"async\" class=\"icono_info_product\" src=\"https:\/\/ftp3.syscom.mx\/usuarios\/fotos\/ultraexir.png?v=1542822132?v=1542916966?v=1631060479\" \/><\/div>\n<div>\n<p>Modelo:\u00a0<span class=\"modelo-marca\">DS-2CE57U0T-VPITF<\/span><\/p>\n<p>Marca:\u00a0<span class=\"modelo-marca\">HIKVISION<\/span><\/p>\n<\/div>\n<\/div>\n<div class=\"col-md-4\">\n<div class=\"row\">\n<div class=\"col-md-12 default_padding_bottom\"><\/div>\n<\/div>\n<\/div>\n<\/div>\n<\/div>\n<div class=\"row \" style=\"text-align: center\">\n<div class=\"col-md-12\">\n<div class=\"row\">\n<h3 class=\"text-primary\">Especificaciones:<\/h3>\n<\/div>\n<div class=\"row well\">\n<p><img decoding=\"async\" class=\"fr-fic fr-dii\" src=\"https:\/\/ftp3.syscom.mx\/usuarios\/jsosa\/HIKVISION\/imagenes\/logo\/hikvision%20see%20far.png\" \/><\/p>\n<p>&nbsp;<\/p>\n<div class=\"row\">\n<div class=\"col-sm-4\">\n<div><strong>Caracter\u00edsticas principales:<\/strong><\/p>\n<ul>\n<li>Resoluci\u00f3n m\u00e1xima: 8.29 Megap\u00edxel (3840 x 2160).<\/li>\n<li>Sensor CMOS scan progresivo.<\/li>\n<li>Lente fijo: 2.8 mm (\u00e1ngulo de visi\u00f3n 102.9\u00ba).<\/li>\n<li>30 mts IR EXIR.<\/li>\n<li>Soporta 4 tecnolog\u00edas (TVI \/ AHD \/ CVI \/ CVBS).<\/li>\n<li>Permite seleccionar la resoluci\u00f3n\n<ul>\n<li>TVI:\u00a0<a href=\"mailto:8MP@12.5fps,\">8MP@12.5fps,<\/a>\u00a0<a href=\"mailto:4MP@30fps,\">4MP@30fps,\u00a0<\/a><a href=\"mailto:2MP@30fps,\">2MP@30fps.<\/a><\/li>\n<li>CVI:\u00a0<a href=\"mailto:8MP@12.5fps,\">8MP@12.5fps.<\/a><\/li>\n<li>AHD:\u00a0<a href=\"mailto:8MP@12fps,\">8MP@12fps.<\/a><\/li>\n<li>CVBS: PAL\/NTSC.<\/li>\n<\/ul>\n<\/li>\n<\/ul>\n<ul>\n<li>Funciones: dWDR \/ BLC \/ DNR \/ Mirror.<\/li>\n<li>El cambio de tecnolog\u00eda (TVI-AHD-CVBS-CVI) se puede realizar \u00fanicamente cuando la c\u00e1mara est\u00e1 en su resoluci\u00f3n m\u00e1xima (8MP) , no se puede cambiar la tecnolog\u00eda si la c\u00e1mara no esta en su resoluci\u00f3n m\u00e1xima.<\/li>\n<\/ul>\n<\/div>\n<\/div>\n<div class=\"col-sm-4\">\n<div><strong>Caracter\u00edsticas F\u00edsicas y El\u00e9ctricas:<\/strong><\/p>\n<ul>\n<li>Temperatura de operaci\u00f3n: -40\u00baC a 60\u00baC.<\/li>\n<li>Alimentaci\u00f3n: 12 Vcc \/ 2.9 Watts.<\/li>\n<li>Protecci\u00f3n: IP67 e IK10.<\/li>\n<li>Fabricado en metal.<\/li>\n<li>Dimensiones: 110.8 x 84.7mm.<\/li>\n<li>Peso: 365 gramos.<\/li>\n<li>Garant\u00eda: 2 a\u00f1os.<\/li>\n<\/ul>\n<\/div>\n<\/div>\n<div class=\"col-sm-4\">\n<div><strong>M\u00e1xima compatibilidad:<\/strong><img decoding=\"async\" src=\"http:\/\/ftp3.syscom.mx\/usuarios\/anavarrete\/Noe\/imagen1.png\" width=\"85%\" \/><\/p>\n<\/div>\n<\/div>\n<\/div>\n<div class=\"row\">\n<div class=\"col-sm-12\">\n<div><strong>Consideraciones:<\/strong><\/p>\n<ul>\n<li>Se recomienda colocar una fuente con filtro de ruido.<\/li>\n<li>La distancia m\u00e1xima de instalaci\u00f3n es de 100 metros para la se\u00f1al de video<\/li>\n<\/ul>\n<\/div>\n<\/div>\n<\/div>\n<p>&nbsp;<\/p>\n<h1><strong>Recursos<\/strong><\/h1>\n<p>&nbsp;<\/p>\n<div class=\"row default_margin_bottom\">\n<div class=\"col-sm-4\"><a href=\"https:\/\/www.hikvision.com\/es-la\/support\/download\/software\/ivms4200-series\/?q=serie%20ivms4200&amp;position=1\" target=\"_blank\" rel=\"noopener\"><img decoding=\"async\" class=\"img-responsive\" src=\"https:\/\/ftp3.syscom.mx\/usuarios\/gmagos\/HIK\/IP\/IPC\/Imagenes%20pagina\/Descargas%20IVMS4200.jpg\" \/><\/a><\/div>\n<div class=\"col-sm-4\"><a href=\"https:\/\/appstore.hikvision.com\/\" target=\"_blank\" rel=\"noopener\"><img decoding=\"async\" class=\"img-responsive\" src=\"https:\/\/ftp3.syscom.mx\/usuarios\/gmagos\/HIK\/IP\/IPC\/Imagenes%20pagina\/Descargas%20de%20app.jpg\" \/><\/a><\/div>\n<div class=\"col-sm-4\"><a href=\"https:\/\/ftp3.syscom.mx\/usuarios\/emendoza\/elesbanmch\/HIKVISON\/SPECS\/Especificaciones%20DS-2CE57U1T-VPITF.pdf\" target=\"_blank\" rel=\"noopener\"><img decoding=\"async\" class=\"img-responsive\" src=\"https:\/\/ftp3.syscom.mx\/usuarios\/gmagos\/HIK\/IP\/IPC\/Imagenes%20pagina\/Descarga%20de%20PDF.jpg\" \/><\/a><\/div>\n<\/div>\n<p>&nbsp;<\/p>\n<p>&nbsp;<\/p>\n<div class=\"container\">\n<div class=\"col-sm-6 col-md-4\">\n<div class=\"embed-responsive embed-responsive-16by9\"><\/div>\n<\/div>\n<\/div>\n<p>&nbsp;<\/p>\n<p><img decoding=\"async\" class=\"img-responsive fr-fil fr-dib\" src=\"https:\/\/ftp3.syscom.mx\/usuarios\/jsosa\/GIF\/4Ka.jpg\" \/><\/p>\n<div class=\"container\">\n<div class=\"row default_margin_top\"><\/div>\n<\/div>\n<\/div>\n<\/div>\n<\/div>\n<\/div>\n<\/div>\n<\/div>\n<p><img decoding=\"async\" class=\"aligncenter\" src=\"https:\/\/tracker.metricool.com\/c3po.jpg?hash=95c94f37730bb8f54dd4308f1f878f9\" \/><\/p>\n","protected":false},"excerpt":{"rendered":"<p>Informaci\u00f3n de Producto Domo TURBOHD 4K (8 Megapixel) \/ Gran Angular 102\u00ba \/ Lente 2.8 mm \/ Exterior IP67 \/ IK10 \/ IR EXIR 30 metros \/ TVI-AHD-CVI-CVBS \/ dWDR Modelo:\u00a0DS-2CE57U0T-VPITF Marca:\u00a0HIKVISION Especificaciones: &nbsp; Caracter\u00edsticas principales: Resoluci\u00f3n m\u00e1xima: 8.29 Megap\u00edxel (3840 x 2160). Sensor CMOS&hellip;<\/p>\n","protected":false},"featured_media":1677,"comment_status":"open","ping_status":"closed","template":"","meta":{"om_disable_all_campaigns":false,"_monsterinsights_skip_tracking":false,"_monsterinsights_sitenote_active":false,"_monsterinsights_sitenote_note":"","_monsterinsights_sitenote_category":0},"product_brand":[],"product_cat":[45],"product_tag":[42,38,46,37],"class_list":{"0":"post-832","1":"product","2":"type-product","3":"status-publish","4":"has-post-thumbnail","6":"product_cat-domo","7":"product_tag-camaras","8":"product_tag-camaras-de-seguridad","9":"product_tag-camaras-domo","10":"product_tag-hikvision","12":"first","13":"instock","14":"taxable","15":"shipping-taxable","16":"product-type-simple"},"aioseo_notices":[],"_links":{"self":[{"href":"https:\/\/tecsecmty.com\/index.php\/wp-json\/wp\/v2\/product\/832","targetHints":{"allow":["GET"]}}],"collection":[{"href":"https:\/\/tecsecmty.com\/index.php\/wp-json\/wp\/v2\/product"}],"about":[{"href":"https:\/\/tecsecmty.com\/index.php\/wp-json\/wp\/v2\/types\/product"}],"replies":[{"embeddable":true,"href":"https:\/\/tecsecmty.com\/index.php\/wp-json\/wp\/v2\/comments?post=832"}],"version-history":[{"count":2,"href":"https:\/\/tecsecmty.com\/index.php\/wp-json\/wp\/v2\/product\/832\/revisions"}],"predecessor-version":[{"id":1678,"href":"https:\/\/tecsecmty.com\/index.php\/wp-json\/wp\/v2\/product\/832\/revisions\/1678"}],"wp:featuredmedia":[{"embeddable":true,"href":"https:\/\/tecsecmty.com\/index.php\/wp-json\/wp\/v2\/media\/1677"}],"wp:attachment":[{"href":"https:\/\/tecsecmty.com\/index.php\/wp-json\/wp\/v2\/media?parent=832"}],"wp:term":[{"taxonomy":"product_brand","embeddable":true,"href":"https:\/\/tecsecmty.com\/index.php\/wp-json\/wp\/v2\/product_brand?post=832"},{"taxonomy":"product_cat","embeddable":true,"href":"https:\/\/tecsecmty.com\/index.php\/wp-json\/wp\/v2\/product_cat?post=832"},{"taxonomy":"product_tag","embeddable":true,"href":"https:\/\/tecsecmty.com\/index.php\/wp-json\/wp\/v2\/product_tag?post=832"}],"curies":[{"name":"wp","href":"https:\/\/api.w.org\/{rel}","templated":true}]}}