{"id":8320,"date":"2023-02-23T22:21:20","date_gmt":"2023-02-24T04:21:20","guid":{"rendered":"https:\/\/tecsecmty.com\/index.php\/producto\/zkteco-fht2322d-torniquete-de-cuerpo-completo-doble-carril-con-3-brazos-a-120-grados-acero-inoxidable-incluye-4-lectores-fr1200-y-panel-inbio-pull\/"},"modified":"2023-03-22T23:25:19","modified_gmt":"2023-03-23T05:25:19","slug":"zkteco-fht2322d-torniquete-de-cuerpo-completo-doble-carril-con-3-brazos-a-120-grados-acero-inoxidable-incluye-4-lectores-fr1200-y-panel-inbio-pull","status":"publish","type":"product","link":"https:\/\/tecsecmty.com\/index.php\/producto\/zkteco-fht2322d-torniquete-de-cuerpo-completo-doble-carril-con-3-brazos-a-120-grados-acero-inoxidable-incluye-4-lectores-fr1200-y-panel-inbio-pull\/","title":{"rendered":"ZKTECO FHT2322D &#8211; Torniquete de Cuerpo Completo \/ Doble Carril con 3 Brazos a 120 Grados \/ Acero Inoxidable \/ Incluye 4 Lectores FR1200 y Panel INBIO PULL"},"content":{"rendered":"<div class=\"row aling-items-center padding-bottom-2x\">\n<div class=\"col-lg-12\">\n<h5 class=\"card-title text-center\">Informaci\u00f3n General<\/h5>\n<p>Descripci\u00f3n<\/p>\n<p><strong>FHT2322D\u00a0<\/strong><strong>Torniquete de Cuerpo Completo Doble carril con 3 brazos, incluye Panel de Acceso, Lectores de Huella y RFID integrados.<\/strong><\/p>\n<p>Torniquete doble carril ideal para la soluci\u00f3n de acceso peatonal y tener una mayor seguridad para el acceso , el equipo cuenta con panel de control de Acceso de ZK con sus lectoras FR1200, con un indice de protecci\u00f3n de IP54 contra polvo y agua<\/p>\n<p><img decoding=\"async\" class=\"overview-center-img-web\" src=\"https:\/\/tvc.mx\/media\/590307\/Torniquete-Cuerpo-Completo-Doble-Canal-Descripci%C3%B3n-FHT2322D-ZKTECO.png\" alt=\"\" \/><\/div>\n<\/div>\n<div class=\"row align-items-center padding-bottom-2x\">\n<div class=\"col-md-5\"><img decoding=\"async\" class=\"d-block m-auto img-thumbnail\" src=\"https:\/\/tvc.mx\/media\/50448\/Caracteristicas.jpg\" alt=\" \" \/><\/div>\n<div class=\"col-md-7 text-md-left text-center\">\n<h2>Caracter\u00edsticas<\/h2>\n<p class=\"text-muted\">\n<p class=\"ql-align-justify\">&#8211; Mecanismo semi-autom\u00e1tico.<\/p>\n<p class=\"ql-align-justify\">&#8211; Indicador visible.<\/p>\n<p class=\"ql-align-justify\">&#8211; Carcasa de acero inoxidable SUS304.<\/p>\n<p class=\"ql-align-justify\">&#8211; Dise\u00f1o modular.<\/p>\n<p>&nbsp;<\/p>\n<\/div>\n<\/div>\n<hr class=\"padding-bottom-2x\" \/>\n<div class=\"row aling-items-center padding-bottom-2x\">\n<div class=\"col-lg-12\">\n<h5 class=\"card-title text-center\">Especificaciones<\/h5>\n<p><strong>Fuente de Alimentaci\u00f3n<\/strong>\u00a0AC 110V\/220V, 50\/60Hz<\/p>\n<p><strong>Temperatura de Operaci\u00f3n<\/strong>\u00a0-28\u2103 hasta 60\u2103<\/p>\n<p><strong>Humedad de Operaci\u00f3n<\/strong>\u00a00% hasta 95%<\/p>\n<p><strong>Ambiente de Operaci\u00f3n<\/strong>\u00a0Interior \/ Exterior<\/p>\n<p><strong>Velocidad de Veri\ufb01caci\u00f3n<\/strong>\u00a0RFID M\u00e1ximo 30 \/ minuto Huella Digital M\u00e1ximo 25 \/ minuto<\/p>\n<p><strong>Ancho del Carril\u00a0<\/strong>580 mm<\/p>\n<p><strong>Espacio Necesario de Instalaci\u00f3n<\/strong>\u00a02018 x 1397 mm<\/p>\n<p><strong>Dimensiones<\/strong>\u00a02018 x 1397 x 2220 mm<\/p>\n<p><strong>Indicador LED<\/strong>\u00a0S\u00ed<\/p>\n<p><strong>Material del Gabinete<\/strong>\u00a0Acero Inoxidable SUS304<\/p>\n<p><strong>Material de la Barrera<\/strong>\u00a0Acero Inoxidable SUS304<\/p>\n<p><strong>Movimiento de la Barrera<\/strong>\u00a0Giratorio<\/p>\n<p><strong>Modo de Emergencia<\/strong>\u00a0S\u00ed<\/p>\n<p><strong>Nivel de Seguridad<\/strong>\u00a0Alto<\/p>\n<p><strong>N\u00famero de Ciclos Antes de Falla<\/strong>\u00a02 millones<\/p>\n<p><strong>\u00cdndice de Protecci\u00f3n<\/strong>\u00a0IP54<\/p>\n<p><img decoding=\"async\" class=\"overview-center-img-web\" src=\"https:\/\/tvc.mx\/media\/50451\/Especificaciones.jpg\" alt=\"\" \/><\/div>\n<\/div>\n<div class=\"row align-items-center padding-bottom-2x\">\n<div class=\"col-md-5 order-md-2\"><img decoding=\"async\" class=\"d-block m-auto img-thumbnail\" src=\"https:\/\/tvc.mx\/media\/50475\/funcion.jpg\" alt=\" \" \/><span style=\"color: inherit;font-family: inherit;font-size: 30px;font-weight: bold;letter-spacing: -0.02em\">Funci\u00f3n<\/span><\/div>\n<div><\/div>\n<div class=\"col-md-7 order-md-1 text-md-left text-center\">\n<ul style=\"text-align: left\">\n<li class=\"ql-align-justify\">Controlar las entradas o salidas de una instalaci\u00f3n.<\/li>\n<li class=\"ql-align-justify\">Capacidad para colocar lectoras, no incluidas.<\/li>\n<\/ul>\n<p class=\"ql-align-justify\" style=\"text-align: left\">Cuando el lector detecta una se\u00f1al v\u00e1lida, la sirena emitir\u00e1 un sonido indicando al peat\u00f3n que la se\u00f1al fue recibida exitosamente. Luego, el lector env\u00eda una se\u00f1al al panel de acceso solicitando permiso de pasar. El panel de acceso le enviar\u00e1 la se\u00f1al al panel de control.<\/p>\n<p class=\"ql-align-justify\" style=\"text-align: left\">Despu\u00e9s de recibir la se\u00f1al del panel de acceso, el panel de control env\u00eda una se\u00f1al al Indicador de Direcci\u00f3n y al electroim\u00e1n. Cuando la flecha de direcci\u00f3n se torne verde, el electroim\u00e1n se liberar\u00e1 y el peat\u00f3n podr\u00e1 empujar las barras para pasar por el canal.<\/p>\n<\/div>\n<\/div>\n","protected":false},"excerpt":{"rendered":"<p>Informaci\u00f3n General Descripci\u00f3n FHT2322D\u00a0Torniquete de Cuerpo Completo Doble carril con 3 brazos, incluye Panel de Acceso, Lectores de Huella y RFID integrados. Torniquete doble carril ideal para la soluci\u00f3n de acceso peatonal y tener una mayor seguridad para el acceso , el equipo cuenta con&hellip;<\/p>\n","protected":false},"featured_media":8319,"comment_status":"open","ping_status":"closed","template":"","meta":{"om_disable_all_campaigns":false,"_monsterinsights_skip_tracking":false,"_monsterinsights_sitenote_active":false,"_monsterinsights_sitenote_note":"","_monsterinsights_sitenote_category":0},"product_brand":[],"product_cat":[771],"product_tag":[81,727,730,66,731,728,729],"class_list":{"0":"post-8320","1":"product","2":"type-product","3":"status-publish","4":"has-post-thumbnail","6":"product_cat-torniquetes-control-acceso-peatonal-zkteco-acceso-asistencia","7":"product_tag-acceso-y-asistencia","8":"product_tag-cerraduras","9":"product_tag-commax-wulian","10":"product_tag-dahua","11":"product_tag-wejoin","12":"product_tag-yli","13":"product_tag-zkteco","15":"first","16":"instock","17":"sale","18":"taxable","19":"shipping-taxable","20":"purchasable","21":"product-type-simple"},"aioseo_notices":[],"_links":{"self":[{"href":"https:\/\/tecsecmty.com\/index.php\/wp-json\/wp\/v2\/product\/8320","targetHints":{"allow":["GET"]}}],"collection":[{"href":"https:\/\/tecsecmty.com\/index.php\/wp-json\/wp\/v2\/product"}],"about":[{"href":"https:\/\/tecsecmty.com\/index.php\/wp-json\/wp\/v2\/types\/product"}],"replies":[{"embeddable":true,"href":"https:\/\/tecsecmty.com\/index.php\/wp-json\/wp\/v2\/comments?post=8320"}],"version-history":[{"count":0,"href":"https:\/\/tecsecmty.com\/index.php\/wp-json\/wp\/v2\/product\/8320\/revisions"}],"wp:featuredmedia":[{"embeddable":true,"href":"https:\/\/tecsecmty.com\/index.php\/wp-json\/wp\/v2\/media\/8319"}],"wp:attachment":[{"href":"https:\/\/tecsecmty.com\/index.php\/wp-json\/wp\/v2\/media?parent=8320"}],"wp:term":[{"taxonomy":"product_brand","embeddable":true,"href":"https:\/\/tecsecmty.com\/index.php\/wp-json\/wp\/v2\/product_brand?post=8320"},{"taxonomy":"product_cat","embeddable":true,"href":"https:\/\/tecsecmty.com\/index.php\/wp-json\/wp\/v2\/product_cat?post=8320"},{"taxonomy":"product_tag","embeddable":true,"href":"https:\/\/tecsecmty.com\/index.php\/wp-json\/wp\/v2\/product_tag?post=8320"}],"curies":[{"name":"wp","href":"https:\/\/api.w.org\/{rel}","templated":true}]}}